{"id":247,"date":"2016-03-26T23:07:43","date_gmt":"2016-03-26T22:07:43","guid":{"rendered":"http:\/\/agora.xtec.cat\/ceipsarroca\/?page_id=247"},"modified":"2024-07-22T19:12:24","modified_gmt":"2024-07-22T17:12:24","slug":"consell-escolar","status":"publish","type":"page","link":"https:\/\/agora.xtec.cat\/ceipsarroca\/consell-escolar\/","title":{"rendered":"Consell Escolar"},"content":{"rendered":"<p>MEMBRES DEL CONSELL ESCOLAR- ESCOLA LA ROCA: Isabel Vidal (directora), Merc\u00e9 Farr\u00fas (representant mestres), Isabel Vila\u00a0 (representant Ajuntament), Villi Fern\u00e1ndez (representant AFA)<\/p>\n<table style=\"border-collapse: collapse; width: 100%;\">\n<tbody>\n<tr>\n<td style=\"width: 24.2567%;\">ACORDS 1r CONSELL ESCOLAR (24\/11\/2023)<\/td>\n<td style=\"width: 75.7433%;\">\n<ol>\n<li>S\u2019aprova l\u2019acta de la sessi\u00f3 anterior per unanimitat de tots els assistents.<\/li>\n<li>S\u2019aprova la renovaci\u00f3 dels membres del consell entrant a formar part la Villi Fern\u00e1ndez<\/li>\n<li>S\u2019aprova el Pla Anual (PEZ) elaborat amb la ZER<\/li>\n<li>S\u2019aproven totes les activitats d&#8217;escola i la sortida d&#8217;escola a Lleida per Nadal<\/li>\n<li>S&#8217;aprova el canvi de mat\u00ed a tarda del festival de Nadal<\/li>\n<\/ol>\n<\/td>\n<\/tr>\n<tr>\n<td style=\"width: 24.2567%;\">ACORDS 2n CONSELL ESCOLAR (23\/02\/2024)<\/td>\n<td style=\"width: 75.7433%;\">\n<ol>\n<li>\u00a0S\u2019aprova l\u2019acta de la sessi\u00f3 anterior per unanimitat de totes les assistents.<\/li>\n<li>S\u2019aprova l\u2019exercici econ\u00f2mic 2023<\/li>\n<li>S\u2019aprova el pressupost per a l\u2019any 2024<\/li>\n<li>S&#8217;aproven els comptes dels diners de l&#8217;alumnat<\/li>\n<li>S&#8217;informa que l&#8217;actual directora presenta projecte de direcci\u00f3 per 4 cursos i es crear\u00e0 una comissi\u00f3 avaluadora.<\/li>\n<li>S\u2019aproven les activitats programades pel que queda de curs.<\/li>\n<li>S\u2019aprova l\u2019activitat de la venda de flors de primavera.<\/li>\n<li>S&#8217;informa de l&#8217;arribada de tot el material de rob\u00f2tica, en cas necessari, s&#8217;aprova comunicar-ho a l&#8217;AFA per adquirir algun dispositiu (tauleta) m\u00e9s.<\/li>\n<\/ol>\n<\/td>\n<\/tr>\n<tr>\n<td style=\"width: 24.2567%;\">ACORDS 3r CONSELL ESCOLAR (27\/06\/ 2024)<\/td>\n<td style=\"width: 75.7433%;\">\n<ol>\n<li>S\u2019aprova l&#8217;acta anterior per unanimitat de totes les assistents.<\/li>\n<li>S&#8217;aproven els festius de poble del curs vinent 17 de gener i 15 de maig<\/li>\n<li>S&#8217;informa que hem estat els guanyadors del concurs APILO, es passen propostes per tirar endavant el projecte de la &#8220;Pinyolera&#8221;<\/li>\n<li>S&#8217;informa del programa FLORENCE i s&#8217;aprova pel 100% dels membres la seva participaci\u00f3 (projecte d&#8217;innovaci\u00f3 matem\u00e0tic)<\/li>\n<li>Es proposa que les fam\u00edlies de prim\u00e0ria puguin cedir el val de 60\u20ac a l&#8217;escola d&#8217;aquesta manera no caldr\u00e0 que abonin res en concepte de material.<\/li>\n<li>Al torn obert de paraula es comenta que la ZER proposa un canvi d&#8217;horari de 5 o 10 minuts per poder lliurar un dimecres quinzenalment per fer reunions, l&#8217;horari actual \u00e9s for\u00e7a just.<\/li>\n<li>Es demana l&#8217;opci\u00f3 de socialitzar els llibres i de cara el proper curs es tindr\u00e0 en compte per poder socialitzar els llibres de lectura de castell\u00e0 i catal\u00e0. Els itineraris de medi serviran per 2 cursos, s&#8217;agafar\u00e0 el m\u00e9s alt del cicle.<\/li>\n<\/ol>\n<\/td>\n<\/tr>\n<\/tbody>\n<\/table>\n","protected":false},"excerpt":{"rendered":"<p>MEMBRES DEL CONSELL ESCOLAR- ESCOLA LA ROCA: Isabel Vidal (directora), Merc\u00e9 Farr\u00fas (representant mestres), Isabel Vila\u00a0 (representant Ajuntament), Villi Fern\u00e1ndez (representant AFA) ACORDS 1r CONSELL ESCOLAR (24\/11\/2023) S\u2019aprova l\u2019acta de la sessi\u00f3 anterior per unanimitat de tots els assistents. S\u2019aprova la renovaci\u00f3 dels membres del consell entrant a formar part la Villi Fern\u00e1ndez S\u2019aprova el [&hellip;]<\/p>\n","protected":false},"author":1,"featured_media":0,"parent":0,"menu_order":40,"comment_status":"closed","ping_status":"closed","template":"page-templates\/side-menu.php","meta":{"_bbp_topic_count":0,"_bbp_reply_count":0,"_bbp_total_topic_count":0,"_bbp_total_reply_count":0,"_bbp_voice_count":0,"_bbp_anonymous_reply_count":0,"_bbp_topic_count_hidden":0,"_bbp_reply_count_hidden":0,"_bbp_forum_subforum_count":0,"site-sidebar-layout":"default","site-content-layout":"","ast-site-content-layout":"","site-content-style":"default","site-sidebar-style":"default","ast-global-header-display":"","ast-banner-title-visibility":"","ast-main-header-display":"","ast-hfb-above-header-display":"","ast-hfb-below-header-display":"","ast-hfb-mobile-header-display":"","site-post-title":"","ast-breadcrumbs-content":"","ast-featured-img":"","footer-sml-layout":"","theme-transparent-header-meta":"","adv-header-id-meta":"","stick-header-meta":"","header-above-stick-meta":"","header-main-stick-meta":"","header-below-stick-meta":"","astra-migrate-meta-layouts":"default","ast-page-background-enabled":"default","ast-page-background-meta":{"desktop":{"background-color":"var(--ast-global-color-4)","background-image":"","background-repeat":"repeat","background-position":"center center","background-size":"auto","background-attachment":"scroll","background-type":"","background-media":"","overlay-type":"","overlay-color":"","overlay-opacity":"","overlay-gradient":""},"tablet":{"background-color":"","background-image":"","background-repeat":"repeat","background-position":"center center","background-size":"auto","background-attachment":"scroll","background-type":"","background-media":"","overlay-type":"","overlay-color":"","overlay-opacity":"","overlay-gradient":""},"mobile":{"background-color":"","background-image":"","background-repeat":"repeat","background-position":"center center","background-size":"auto","background-attachment":"scroll","background-type":"","background-media":"","overlay-type":"","overlay-color":"","overlay-opacity":"","overlay-gradient":""}},"ast-content-background-meta":{"desktop":{"background-color":"var(--ast-global-color-5)","background-image":"","background-repeat":"repeat","background-position":"center center","background-size":"auto","background-attachment":"scroll","background-type":"","background-media":"","overlay-type":"","overlay-color":"","overlay-opacity":"","overlay-gradient":""},"tablet":{"background-color":"var(--ast-global-color-5)","background-image":"","background-repeat":"repeat","background-position":"center center","background-size":"auto","background-attachment":"scroll","background-type":"","background-media":"","overlay-type":"","overlay-color":"","overlay-opacity":"","overlay-gradient":""},"mobile":{"background-color":"var(--ast-global-color-5)","background-image":"","background-repeat":"repeat","background-position":"center center","background-size":"auto","background-attachment":"scroll","background-type":"","background-media":"","overlay-type":"","overlay-color":"","overlay-opacity":"","overlay-gradient":""}},"footnotes":""},"class_list":["post-247","page","type-page","status-publish","hentry"],"post_mailing_queue_ids":[],"_links":{"self":[{"href":"https:\/\/agora.xtec.cat\/ceipsarroca\/wp-json\/wp\/v2\/pages\/247","targetHints":{"allow":["GET"]}}],"collection":[{"href":"https:\/\/agora.xtec.cat\/ceipsarroca\/wp-json\/wp\/v2\/pages"}],"about":[{"href":"https:\/\/agora.xtec.cat\/ceipsarroca\/wp-json\/wp\/v2\/types\/page"}],"author":[{"embeddable":true,"href":"https:\/\/agora.xtec.cat\/ceipsarroca\/wp-json\/wp\/v2\/users\/1"}],"replies":[{"embeddable":true,"href":"https:\/\/agora.xtec.cat\/ceipsarroca\/wp-json\/wp\/v2\/comments?post=247"}],"version-history":[{"count":6,"href":"https:\/\/agora.xtec.cat\/ceipsarroca\/wp-json\/wp\/v2\/pages\/247\/revisions"}],"predecessor-version":[{"id":2746,"href":"https:\/\/agora.xtec.cat\/ceipsarroca\/wp-json\/wp\/v2\/pages\/247\/revisions\/2746"}],"wp:attachment":[{"href":"https:\/\/agora.xtec.cat\/ceipsarroca\/wp-json\/wp\/v2\/media?parent=247"}],"curies":[{"name":"wp","href":"https:\/\/api.w.org\/{rel}","templated":true}]}}