{"id":77,"date":"2014-09-18T14:05:08","date_gmt":"2014-09-18T14:05:08","guid":{"rendered":"http:\/\/agora.xtec.cat\/ceipsantsebastia\/?page_id=77"},"modified":"2023-10-14T22:30:08","modified_gmt":"2023-10-14T20:30:08","slug":"acollida","status":"publish","type":"page","link":"https:\/\/agora.xtec.cat\/ceipsantsebastia\/serveis\/acollida\/","title":{"rendered":"Acollida"},"content":{"rendered":"<p><strong>Horari:<\/strong><\/p>\n<ul style=\"list-style-type: disc;\">\n<li>Mat\u00ed: de 8h a 9h<\/li>\n<li>Migdia (infantil): de 12h a 13h<\/li>\n<\/ul>\n<p><strong>Monitora:<\/strong><\/p>\n<p>La responsable de l&#8217;acollida de l&#8217;escola \u00e9s l&#8217;Anna Canals, aix\u00ed com tamb\u00e9 ho \u00e9s del servei de menjador. Amb ella els nens i nenes fan manualitats, temps de joc o lectura de forma lliure, estones al pati de l&#8217;escola, etc.<\/p>\n<p>&nbsp;<\/p>\n","protected":false},"excerpt":{"rendered":"<p>Horari:<\/p>\n<ul style=\"list-style-type: disc;\">\n<li>Mat\u00ed: de 8h a 9h<\/li>\n<li>Migdia (infantil): de 12h a 13h<\/li>\n<\/ul>\n<p>Monitora:<br \/>\nLa responsable de l&#8217;acollida de l&#8217;escola \u00e9s l&#8217;Anna Canals, aix\u00ed com tamb\u00e9 ho \u00e9s del servei de menjador. Amb ella els nens i nenes fan manualitats, temps de joc o lectura de forma lliure,&hellip;  <a href=\"https:\/\/agora.xtec.cat\/ceipsantsebastia\/serveis\/acollida\/\" title=\"Read Acollida\">Llegeix m\u00e9s\u00bb<\/a><\/p>\n","protected":false},"author":2,"featured_media":0,"parent":66,"menu_order":20,"comment_status":"closed","ping_status":"closed","template":"page-templates\/side-menu.php","meta":{"_bbp_topic_count":0,"_bbp_reply_count":0,"_bbp_total_topic_count":0,"_bbp_total_reply_count":0,"_bbp_voice_count":0,"_bbp_anonymous_reply_count":0,"_bbp_topic_count_hidden":0,"_bbp_reply_count_hidden":0,"_bbp_forum_subforum_count":0,"footnotes":""},"class_list":["post-77","page","type-page","status-publish","hentry"],"post_mailing_queue_ids":[],"_links":{"self":[{"href":"https:\/\/agora.xtec.cat\/ceipsantsebastia\/wp-json\/wp\/v2\/pages\/77","targetHints":{"allow":["GET"]}}],"collection":[{"href":"https:\/\/agora.xtec.cat\/ceipsantsebastia\/wp-json\/wp\/v2\/pages"}],"about":[{"href":"https:\/\/agora.xtec.cat\/ceipsantsebastia\/wp-json\/wp\/v2\/types\/page"}],"author":[{"embeddable":true,"href":"https:\/\/agora.xtec.cat\/ceipsantsebastia\/wp-json\/wp\/v2\/users\/2"}],"replies":[{"embeddable":true,"href":"https:\/\/agora.xtec.cat\/ceipsantsebastia\/wp-json\/wp\/v2\/comments?post=77"}],"version-history":[{"count":4,"href":"https:\/\/agora.xtec.cat\/ceipsantsebastia\/wp-json\/wp\/v2\/pages\/77\/revisions"}],"predecessor-version":[{"id":2396,"href":"https:\/\/agora.xtec.cat\/ceipsantsebastia\/wp-json\/wp\/v2\/pages\/77\/revisions\/2396"}],"up":[{"embeddable":true,"href":"https:\/\/agora.xtec.cat\/ceipsantsebastia\/wp-json\/wp\/v2\/pages\/66"}],"wp:attachment":[{"href":"https:\/\/agora.xtec.cat\/ceipsantsebastia\/wp-json\/wp\/v2\/media?parent=77"}],"curies":[{"name":"wp","href":"https:\/\/api.w.org\/{rel}","templated":true}]}}