{"id":73,"date":"2014-09-18T14:01:51","date_gmt":"2014-09-18T14:01:51","guid":{"rendered":"http:\/\/agora.xtec.cat\/ceipsantsebastia\/?page_id=73"},"modified":"2019-10-10T12:31:45","modified_gmt":"2019-10-10T10:31:45","slug":"menjador-escolar","status":"publish","type":"page","link":"https:\/\/agora.xtec.cat\/ceipsantsebastia\/serveis\/menjador-escolar\/","title":{"rendered":"Menjador escolar"},"content":{"rendered":"<p><strong>L&#8217;empresa:<\/strong><\/p>\n<p>El menjador escolar funciona a trav\u00e9s de l&#8217;empresa especialitzada:<\/p>\n<p><img loading=\"lazy\" decoding=\"async\" class=\" wp-image-195 aligncenter\" src=\"https:\/\/agora.xtec.cat\/ceipsantsebastia\/wp-content\/uploads\/usu449\/2018\/11\/image001.png\" alt=\"\" width=\"124\" height=\"61\" \/><\/p>\n<p><strong>Les monitores:<\/strong><\/p>\n<p>Les monitores responsables del menjador s\u00f3n l&#8217;Anna i l&#8217;Alba. Elles s\u00f3n les encarregades de fer del menjador un espai c\u00f2mode per tots i totes, on es treballen di\u00e0riament h\u00e0bits d&#8217;autonomia i higiene personal.<\/p>\n<p><strong>L&#8217;horari:\u00a0<\/strong><\/p>\n<ul style=\"list-style-type: square;\">\n<li>Educaci\u00f3 Infantil: de 12:00h a 15:00h<\/li>\n<li>Educaci\u00f3 Prim\u00e0ria: de 13:00h a 15:00h<\/li>\n<\/ul>\n<p><strong>El funcionament:<\/strong><\/p>\n<p>En aquest espai de temps, els principis metodol\u00f2gics segueixen la mateixa l\u00ednia que l&#8217;escola, ja que considerem que tots els espais i moments de la vida escolar s\u00f3n educatius, i per aix\u00f2 la comunicaci\u00f3 entre l&#8217;equip directiu de l&#8217;escola, els docents, i el servei de PAS, com s\u00f3n les monitores del menjador, estan en constant comunicaci\u00f3 i presa de decisions en com\u00fa. Una bona part d&#8217;aquest temps del migdia es dedica al joc lliure, manualitats, lectura lliure&#8230; A les 13:00h tots els alumnes de l&#8217;escola dinen junts, i es treballa per crear un espai d&#8217;harmonia entre tots els alumnes de diferents nivells de l&#8217;escola, ajudant-se mutuament i sent cada vegada m\u00e9s aut\u00f2noms.<\/p>\n<p><strong>Contacte:<\/strong><\/p>\n<p>Tel\u00e8fon de contacte: 600076141<\/p>\n<p>&nbsp;<\/p>\n<p style=\"text-align: center;\"><strong>ENS AGRADA EL\u00a0<\/strong><a href=\"https:\/\/agora.xtec.cat\/ceipsantsebastia\/wp-content\/uploads\/usu449\/2018\/11\/cap-menjador.png\"><br \/>\n<img loading=\"lazy\" decoding=\"async\" class=\"size-full wp-image-194 aligncenter\" src=\"https:\/\/agora.xtec.cat\/ceipsantsebastia\/wp-content\/uploads\/usu449\/2018\/11\/cap-menjador.png\" alt=\"\" width=\"660\" height=\"160\" srcset=\"https:\/\/agora.xtec.cat\/ceipsantsebastia\/wp-content\/uploads\/usu449\/2018\/11\/cap-menjador.png 660w, https:\/\/agora.xtec.cat\/ceipsantsebastia\/wp-content\/uploads\/usu449\/2018\/11\/cap-menjador-300x73.png 300w\" sizes=\"auto, (max-width: 660px) 100vw, 660px\" \/><\/a><\/p>\n<p style=\"text-align: center;\"><strong>ESCOLAR!!<\/strong><\/p>\n","protected":false},"excerpt":{"rendered":"<p>L&#8217;empresa:<br \/>\nEl menjador escolar funciona a trav\u00e9s de l&#8217;empresa especialitzada:<\/p>\n<p>Les monitores:<br \/>\nLes monitores responsables del menjador s\u00f3n l&#8217;Anna i l&#8217;Alba. Elles s\u00f3n les encarregades de fer del menjador un espai c\u00f2mode per tots i totes, on es treballen di\u00e0riament h\u00e0bits d&#8217;autonomia i higiene personal.<br \/>\nL&#8217;horari:\u00a0<\/p>\n<ul style=\"list-style-type: square;\">\n<li>Educaci\u00f3 Infantil:&hellip;  <a href=\"https:\/\/agora.xtec.cat\/ceipsantsebastia\/serveis\/menjador-escolar\/\" title=\"Read Menjador escolar\">Llegeix m\u00e9s\u00bb<\/a><br \/>\n","protected":false},"author":2,"featured_media":0,"parent":66,"menu_order":30,"comment_status":"closed","ping_status":"closed","template":"page-templates\/front-page.php","meta":{"_bbp_topic_count":0,"_bbp_reply_count":0,"_bbp_total_topic_count":0,"_bbp_total_reply_count":0,"_bbp_voice_count":0,"_bbp_anonymous_reply_count":0,"_bbp_topic_count_hidden":0,"_bbp_reply_count_hidden":0,"_bbp_forum_subforum_count":0,"footnotes":""},"class_list":["post-73","page","type-page","status-publish","hentry"],"post_mailing_queue_ids":[],"_links":{"self":[{"href":"https:\/\/agora.xtec.cat\/ceipsantsebastia\/wp-json\/wp\/v2\/pages\/73","targetHints":{"allow":["GET"]}}],"collection":[{"href":"https:\/\/agora.xtec.cat\/ceipsantsebastia\/wp-json\/wp\/v2\/pages"}],"about":[{"href":"https:\/\/agora.xtec.cat\/ceipsantsebastia\/wp-json\/wp\/v2\/types\/page"}],"author":[{"embeddable":true,"href":"https:\/\/agora.xtec.cat\/ceipsantsebastia\/wp-json\/wp\/v2\/users\/2"}],"replies":[{"embeddable":true,"href":"https:\/\/agora.xtec.cat\/ceipsantsebastia\/wp-json\/wp\/v2\/comments?post=73"}],"version-history":[{"count":3,"href":"https:\/\/agora.xtec.cat\/ceipsantsebastia\/wp-json\/wp\/v2\/pages\/73\/revisions"}],"predecessor-version":[{"id":332,"href":"https:\/\/agora.xtec.cat\/ceipsantsebastia\/wp-json\/wp\/v2\/pages\/73\/revisions\/332"}],"up":[{"embeddable":true,"href":"https:\/\/agora.xtec.cat\/ceipsantsebastia\/wp-json\/wp\/v2\/pages\/66"}],"wp:attachment":[{"href":"https:\/\/agora.xtec.cat\/ceipsantsebastia\/wp-json\/wp\/v2\/media?parent=73"}],"curies":[{"name":"wp","href":"https:\/\/api.w.org\/{rel}","templated":true}]}}