{"id":66,"date":"2014-09-18T12:40:47","date_gmt":"2014-09-18T12:40:47","guid":{"rendered":"http:\/\/agora.xtec.cat\/ceipsantsebastia\/?page_id=66"},"modified":"2019-11-19T16:53:41","modified_gmt":"2019-11-19T15:53:41","slug":"serveis","status":"publish","type":"page","link":"https:\/\/agora.xtec.cat\/ceipsantsebastia\/serveis\/","title":{"rendered":"Serveis"},"content":{"rendered":"<p>Tenint en compte que la missi\u00f3 educativa no es limita a l&#8217;eix curricular, l&#8217;escola t\u00e9 en compte tots els moments educatius del dia. En aquest sentit, els <span style=\"font-family: inherit; font-size: 1em;\">serveis que se&#8217;n desprenen s\u00f3n els seg\u00fcents: <\/span><\/p>\n<ul>\n<li>el menjador escolar<\/li>\n<li>l&#8217;acollida del mat\u00ed (de 8h a 8:45h i de 12h a 13h)<\/li>\n<li>les activitats extraescolars<\/li>\n<li>properament&#8230; arriba a l&#8217;aula del grans el G-SUITE<\/li>\n<\/ul>\n","protected":false},"excerpt":{"rendered":"<p>Tenint en compte que la missi\u00f3 educativa no es limita a l&#8217;eix curricular, l&#8217;escola t\u00e9 en compte tots els moments educatius del dia. En aquest sentit, els serveis que se&#8217;n desprenen s\u00f3n els seg\u00fcents: <\/p>\n<ul>\n<li>el menjador escolar<\/li>\n<li>l&#8217;acollida del mat\u00ed (de 8h a 8:45h i de&hellip;  <a href=\"https:\/\/agora.xtec.cat\/ceipsantsebastia\/serveis\/\" title=\"Read Serveis\">Llegeix m\u00e9s\u00bb<\/a><br \/>\n","protected":false},"author":2,"featured_media":0,"parent":0,"menu_order":0,"comment_status":"closed","ping_status":"closed","template":"page-templates\/side-menu.php","meta":{"_bbp_topic_count":0,"_bbp_reply_count":0,"_bbp_total_topic_count":0,"_bbp_total_reply_count":0,"_bbp_voice_count":0,"_bbp_anonymous_reply_count":0,"_bbp_topic_count_hidden":0,"_bbp_reply_count_hidden":0,"_bbp_forum_subforum_count":0,"footnotes":""},"class_list":["post-66","page","type-page","status-publish","hentry"],"post_mailing_queue_ids":[],"_links":{"self":[{"href":"https:\/\/agora.xtec.cat\/ceipsantsebastia\/wp-json\/wp\/v2\/pages\/66","targetHints":{"allow":["GET"]}}],"collection":[{"href":"https:\/\/agora.xtec.cat\/ceipsantsebastia\/wp-json\/wp\/v2\/pages"}],"about":[{"href":"https:\/\/agora.xtec.cat\/ceipsantsebastia\/wp-json\/wp\/v2\/types\/page"}],"author":[{"embeddable":true,"href":"https:\/\/agora.xtec.cat\/ceipsantsebastia\/wp-json\/wp\/v2\/users\/2"}],"replies":[{"embeddable":true,"href":"https:\/\/agora.xtec.cat\/ceipsantsebastia\/wp-json\/wp\/v2\/comments?post=66"}],"version-history":[{"count":3,"href":"https:\/\/agora.xtec.cat\/ceipsantsebastia\/wp-json\/wp\/v2\/pages\/66\/revisions"}],"predecessor-version":[{"id":743,"href":"https:\/\/agora.xtec.cat\/ceipsantsebastia\/wp-json\/wp\/v2\/pages\/66\/revisions\/743"}],"wp:attachment":[{"href":"https:\/\/agora.xtec.cat\/ceipsantsebastia\/wp-json\/wp\/v2\/media?parent=66"}],"curies":[{"name":"wp","href":"https:\/\/api.w.org\/{rel}","templated":true}]}}