{"id":38,"date":"2014-09-18T12:34:08","date_gmt":"2014-09-18T12:34:08","guid":{"rendered":"http:\/\/agora.xtec.cat\/ceipsantsebastia\/?page_id=38"},"modified":"2019-02-21T09:42:41","modified_gmt":"2019-02-21T08:42:41","slug":"salut","status":"publish","type":"page","link":"https:\/\/agora.xtec.cat\/ceipsantsebastia\/lescola\/salut\/","title":{"rendered":"Salut"},"content":{"rendered":"<h4><span style=\"color: #008080;\"><strong>Medicaments<\/strong><\/span><\/h4>\n<p>Cal tenir present que l&#8217;escola no pot administrar cap medicament (iodes, amon\u00edac per les picades, pomades&#8230;). En cas que un nen\/a hagi de prendre un medicament haur\u00e0 de portar el paper del metge especificant el medicament, la dosis i l&#8217;horari de les tomes.<\/p>\n<p><a href=\"https:\/\/drive.google.com\/file\/d\/1jtKW3xucSbfdvkMh_cAG-_9MIP-KOMny\/view?usp=sharing\">Autoritzaci\u00f3<\/a> per administrar medicaments.<\/p>\n<h4><span style=\"color: #008080;\"><strong>Al\u00b7l\u00e8rgies<\/strong> <\/span><\/h4>\n<p>Les fam\u00edlies tenen l&#8217;obligaci\u00f3 de comunicar a l&#8217;escola les al\u00b7l\u00e8rgies o intoler\u00e0ncies alimentaries diagnosticades als seus fills\/es.<\/p>\n<h4><span style=\"color: #008080;\"><strong>Par\u00e0sits<\/strong><\/span><\/h4>\n<p>En el cas de pediculosi cal que la fam\u00edlia ho comuniqui al tutor\/a i \u00e9s convenient que es quedi a casa realitzant el tractament espec\u00edfic mentre durin els s\u00edmptomes. \u00c9s bo i convenient que la fam\u00edlia realitzi revisions peri\u00f2diques.<\/p>\n<p>&nbsp;<\/p>\n<p>&nbsp;<\/p>\n<p>&nbsp;<\/p>\n<p>&nbsp;<\/p>\n","protected":false},"excerpt":{"rendered":"<p>Medicaments<br \/>\nCal tenir present que l&#8217;escola no pot administrar cap medicament (iodes, amon\u00edac per les picades, pomades&#8230;). En cas que un nen\/a hagi de prendre un medicament haur\u00e0 de portar el paper del metge especificant el medicament, la dosis i l&#8217;horari de les tomes.<br \/>\n<a href=\"https:\/\/drive.google.com\/file\/d\/1jtKW3xucSbfdvkMh_cAG-_9MIP-KOMny\/view?usp=sharing\">Autoritzaci\u00f3<\/a> per&hellip;  <a href=\"https:\/\/agora.xtec.cat\/ceipsantsebastia\/lescola\/salut\/\" title=\"Read Salut\">Llegeix m\u00e9s\u00bb<\/a><\/p>\n","protected":false},"author":2,"featured_media":0,"parent":22,"menu_order":80,"comment_status":"closed","ping_status":"closed","template":"page-templates\/side-menu.php","meta":{"_bbp_topic_count":0,"_bbp_reply_count":0,"_bbp_total_topic_count":0,"_bbp_total_reply_count":0,"_bbp_voice_count":0,"_bbp_anonymous_reply_count":0,"_bbp_topic_count_hidden":0,"_bbp_reply_count_hidden":0,"_bbp_forum_subforum_count":0,"footnotes":""},"class_list":["post-38","page","type-page","status-publish","hentry"],"post_mailing_queue_ids":[],"_links":{"self":[{"href":"https:\/\/agora.xtec.cat\/ceipsantsebastia\/wp-json\/wp\/v2\/pages\/38","targetHints":{"allow":["GET"]}}],"collection":[{"href":"https:\/\/agora.xtec.cat\/ceipsantsebastia\/wp-json\/wp\/v2\/pages"}],"about":[{"href":"https:\/\/agora.xtec.cat\/ceipsantsebastia\/wp-json\/wp\/v2\/types\/page"}],"author":[{"embeddable":true,"href":"https:\/\/agora.xtec.cat\/ceipsantsebastia\/wp-json\/wp\/v2\/users\/2"}],"replies":[{"embeddable":true,"href":"https:\/\/agora.xtec.cat\/ceipsantsebastia\/wp-json\/wp\/v2\/comments?post=38"}],"version-history":[{"count":3,"href":"https:\/\/agora.xtec.cat\/ceipsantsebastia\/wp-json\/wp\/v2\/pages\/38\/revisions"}],"predecessor-version":[{"id":342,"href":"https:\/\/agora.xtec.cat\/ceipsantsebastia\/wp-json\/wp\/v2\/pages\/38\/revisions\/342"}],"up":[{"embeddable":true,"href":"https:\/\/agora.xtec.cat\/ceipsantsebastia\/wp-json\/wp\/v2\/pages\/22"}],"wp:attachment":[{"href":"https:\/\/agora.xtec.cat\/ceipsantsebastia\/wp-json\/wp\/v2\/media?parent=38"}],"curies":[{"name":"wp","href":"https:\/\/api.w.org\/{rel}","templated":true}]}}