{"id":34,"date":"2014-09-18T12:32:18","date_gmt":"2014-09-18T12:32:18","guid":{"rendered":"http:\/\/agora.xtec.cat\/ceipsantsebastia\/?page_id=34"},"modified":"2026-02-02T16:55:51","modified_gmt":"2026-02-02T15:55:51","slug":"oferta-educativa","status":"publish","type":"page","link":"https:\/\/agora.xtec.cat\/ceipsantsebastia\/lescola\/oferta-educativa\/","title":{"rendered":"Oferta educativa i agrupaments"},"content":{"rendered":"<p style=\"text-align: justify;\"><strong>Oferta educativa<\/strong><\/p>\n<p style=\"text-align: justify;\">L&#8217;escola ofereix els ensenyaments del 1r cicle d&#8217;Educaci\u00f3 Infantil (I1 i I2), que anomenem L&#8217;ESCOLETA, el 2n cicle d&#8217;Educaci\u00f3 Infantil (I3, I4 i I5) i l&#8217;Educaci\u00f3 Prim\u00e0ria (de 1r a 6\u00e8).<\/p>\n<p><strong>Tipologia d&#8217;escola<\/strong><\/p>\n<p>Escola unit\u00e0ria (5 unitats)<\/p>\n<p><strong>Agrupaments i nombre d&#8217;alumnat<\/strong><\/p>\n<table style=\"border-collapse: collapse; width: 41.7356%;\">\n<tbody>\n<tr>\n<td style=\"width: 24.9555%;\">Escoleta (I1 i I2)<\/td>\n<td style=\"width: 18.1132%;\">6<\/td>\n<\/tr>\n<tr>\n<td style=\"width: 24.9555%;\">Infantil (I3, I4 i i5)<\/td>\n<td style=\"width: 18.1132%;\">10<\/td>\n<\/tr>\n<tr>\n<td style=\"width: 24.9555%;\">Primer Cicle (1r i 2n)<\/td>\n<td style=\"width: 18.1132%;\">12<\/td>\n<\/tr>\n<tr>\n<td style=\"width: 24.9555%;\">Segon Cicle (3r i 4t)<\/td>\n<td style=\"width: 18.1132%;\">17<\/td>\n<\/tr>\n<tr>\n<td style=\"width: 24.9555%;\">Tercer Cicle (5\u00e8 i 6\u00e8)<\/td>\n<td style=\"width: 18.1132%;\">15<\/td>\n<\/tr>\n<tr>\n<td style=\"width: 24.9555%;\">TOTAL D&#8217;ALUMNES<\/td>\n<td style=\"width: 18.1132%;\">60<\/td>\n<\/tr>\n<\/tbody>\n<\/table>\n<p>Les nostres r\u00e0tios i el plantejament de centre de fer codoc\u00e8ncia (2 mestres dins l&#8217;aula) i flexibilatzi\u00f3 dels agrupaments permet una individualitzaci\u00f3 dels aprenentatges.<\/p>\n","protected":false},"excerpt":{"rendered":"<p>Oferta educativa<br \/>\nL&#8217;escola ofereix els ensenyaments del 1r cicle d&#8217;Educaci\u00f3 Infantil (I1 i I2), que anomenem L&#8217;ESCOLETA, el 2n cicle d&#8217;Educaci\u00f3 Infantil (I3, I4 i I5) i l&#8217;Educaci\u00f3 Prim\u00e0ria (de 1r a 6\u00e8).<br \/>\nTipologia d&#8217;escola<br \/>\nEscola unit\u00e0ria (5 unitats)<br \/>\nAgrupaments i nombre d&#8217;alumnat<\/p>\n<p>Escoleta (I1 i I2)<br \/>\n6<\/p>\n<p>Infantil (I3, I4 i&hellip;  <a href=\"https:\/\/agora.xtec.cat\/ceipsantsebastia\/lescola\/oferta-educativa\/\" title=\"Read Oferta educativa i agrupaments\">Llegeix m\u00e9s\u00bb<\/a><\/p>\n","protected":false},"author":2,"featured_media":0,"parent":22,"menu_order":60,"comment_status":"closed","ping_status":"closed","template":"page-templates\/side-menu.php","meta":{"_bbp_topic_count":0,"_bbp_reply_count":0,"_bbp_total_topic_count":0,"_bbp_total_reply_count":0,"_bbp_voice_count":0,"_bbp_anonymous_reply_count":0,"_bbp_topic_count_hidden":0,"_bbp_reply_count_hidden":0,"_bbp_forum_subforum_count":0,"footnotes":""},"class_list":["post-34","page","type-page","status-publish","hentry"],"post_mailing_queue_ids":[],"_links":{"self":[{"href":"https:\/\/agora.xtec.cat\/ceipsantsebastia\/wp-json\/wp\/v2\/pages\/34","targetHints":{"allow":["GET"]}}],"collection":[{"href":"https:\/\/agora.xtec.cat\/ceipsantsebastia\/wp-json\/wp\/v2\/pages"}],"about":[{"href":"https:\/\/agora.xtec.cat\/ceipsantsebastia\/wp-json\/wp\/v2\/types\/page"}],"author":[{"embeddable":true,"href":"https:\/\/agora.xtec.cat\/ceipsantsebastia\/wp-json\/wp\/v2\/users\/2"}],"replies":[{"embeddable":true,"href":"https:\/\/agora.xtec.cat\/ceipsantsebastia\/wp-json\/wp\/v2\/comments?post=34"}],"version-history":[{"count":5,"href":"https:\/\/agora.xtec.cat\/ceipsantsebastia\/wp-json\/wp\/v2\/pages\/34\/revisions"}],"predecessor-version":[{"id":2758,"href":"https:\/\/agora.xtec.cat\/ceipsantsebastia\/wp-json\/wp\/v2\/pages\/34\/revisions\/2758"}],"up":[{"embeddable":true,"href":"https:\/\/agora.xtec.cat\/ceipsantsebastia\/wp-json\/wp\/v2\/pages\/22"}],"wp:attachment":[{"href":"https:\/\/agora.xtec.cat\/ceipsantsebastia\/wp-json\/wp\/v2\/media?parent=34"}],"curies":[{"name":"wp","href":"https:\/\/api.w.org\/{rel}","templated":true}]}}