{"id":30,"date":"2014-09-18T12:30:23","date_gmt":"2014-09-18T12:30:23","guid":{"rendered":"http:\/\/agora.xtec.cat\/ceipsantsebastia\/?page_id=30"},"modified":"2024-03-01T11:44:22","modified_gmt":"2024-03-01T10:44:22","slug":"instal%c2%b7lacions","status":"publish","type":"page","link":"https:\/\/agora.xtec.cat\/ceipsantsebastia\/lescola\/instal%c2%b7lacions\/","title":{"rendered":"Instal\u00b7lacions"},"content":{"rendered":"<p>Benvinguts a l&#8217;escola Sant Sebasti\u00e0 de Nulles, aquests s\u00f3n els espais de la nostra escola. Considerem l&#8217;espai com un medi d&#8217;aprenentatge, i \u00e9s per aix\u00f2 pel que treballem per uns espais nets i ordenats, que invitin als alumnes a descobrir i ser curiosos.<\/p>\n<p><a href=\"https:\/\/agora.xtec.cat\/ceipsantsebastia\/wp-content\/uploads\/usu449\/2024\/03\/IMG_6658-scaled.jpg\"><img loading=\"lazy\" decoding=\"async\" class=\"alignnone size-large wp-image-2489\" src=\"https:\/\/agora.xtec.cat\/ceipsantsebastia\/wp-content\/uploads\/usu449\/2024\/03\/IMG_6658-1024x768.jpg\" alt=\"\" width=\"1024\" height=\"768\" srcset=\"https:\/\/agora.xtec.cat\/ceipsantsebastia\/wp-content\/uploads\/usu449\/2024\/03\/IMG_6658-1024x768.jpg 1024w, https:\/\/agora.xtec.cat\/ceipsantsebastia\/wp-content\/uploads\/usu449\/2024\/03\/IMG_6658-300x225.jpg 300w, https:\/\/agora.xtec.cat\/ceipsantsebastia\/wp-content\/uploads\/usu449\/2024\/03\/IMG_6658-768x576.jpg 768w, https:\/\/agora.xtec.cat\/ceipsantsebastia\/wp-content\/uploads\/usu449\/2024\/03\/IMG_6658-1536x1152.jpg 1536w, https:\/\/agora.xtec.cat\/ceipsantsebastia\/wp-content\/uploads\/usu449\/2024\/03\/IMG_6658-2048x1536.jpg 2048w, https:\/\/agora.xtec.cat\/ceipsantsebastia\/wp-content\/uploads\/usu449\/2024\/03\/IMG_6658-200x150.jpg 200w\" sizes=\"auto, (max-width: 1024px) 100vw, 1024px\" \/><\/a><\/p>\n<p>&nbsp;<\/p>\n<p>&nbsp;<\/p>\n<p>&nbsp;<\/p>\n","protected":false},"excerpt":{"rendered":"<p>Benvinguts a l&#8217;escola Sant Sebasti\u00e0 de Nulles, aquests s\u00f3n els espais de la nostra escola. Considerem l&#8217;espai com un medi d&#8217;aprenentatge, i \u00e9s per aix\u00f2 pel que treballem per uns espais nets i ordenats, que invitin als alumnes a descobrir i ser curiosos.<br \/>\n<a href=\"https:\/\/agora.xtec.cat\/ceipsantsebastia\/wp-content\/uploads\/usu449\/2024\/03\/IMG_6658-scaled.jpg\"><\/a><br \/>\n&nbsp;<br \/>\n&nbsp;<br \/>\n&nbsp;<\/p>\n","protected":false},"author":2,"featured_media":0,"parent":22,"menu_order":40,"comment_status":"closed","ping_status":"closed","template":"page-templates\/side-menu.php","meta":{"_bbp_topic_count":0,"_bbp_reply_count":0,"_bbp_total_topic_count":0,"_bbp_total_reply_count":0,"_bbp_voice_count":0,"_bbp_anonymous_reply_count":0,"_bbp_topic_count_hidden":0,"_bbp_reply_count_hidden":0,"_bbp_forum_subforum_count":0,"footnotes":""},"class_list":["post-30","page","type-page","status-publish","hentry"],"post_mailing_queue_ids":[],"_links":{"self":[{"href":"https:\/\/agora.xtec.cat\/ceipsantsebastia\/wp-json\/wp\/v2\/pages\/30","targetHints":{"allow":["GET"]}}],"collection":[{"href":"https:\/\/agora.xtec.cat\/ceipsantsebastia\/wp-json\/wp\/v2\/pages"}],"about":[{"href":"https:\/\/agora.xtec.cat\/ceipsantsebastia\/wp-json\/wp\/v2\/types\/page"}],"author":[{"embeddable":true,"href":"https:\/\/agora.xtec.cat\/ceipsantsebastia\/wp-json\/wp\/v2\/users\/2"}],"replies":[{"embeddable":true,"href":"https:\/\/agora.xtec.cat\/ceipsantsebastia\/wp-json\/wp\/v2\/comments?post=30"}],"version-history":[{"count":5,"href":"https:\/\/agora.xtec.cat\/ceipsantsebastia\/wp-json\/wp\/v2\/pages\/30\/revisions"}],"predecessor-version":[{"id":2491,"href":"https:\/\/agora.xtec.cat\/ceipsantsebastia\/wp-json\/wp\/v2\/pages\/30\/revisions\/2491"}],"up":[{"embeddable":true,"href":"https:\/\/agora.xtec.cat\/ceipsantsebastia\/wp-json\/wp\/v2\/pages\/22"}],"wp:attachment":[{"href":"https:\/\/agora.xtec.cat\/ceipsantsebastia\/wp-json\/wp\/v2\/media?parent=30"}],"curies":[{"name":"wp","href":"https:\/\/api.w.org\/{rel}","templated":true}]}}