{"id":28,"date":"2014-09-18T12:29:35","date_gmt":"2014-09-18T12:29:35","guid":{"rendered":"http:\/\/agora.xtec.cat\/ceipsantsebastia\/?page_id=28"},"modified":"2026-02-02T16:46:25","modified_gmt":"2026-02-02T15:46:25","slug":"consell-escolar","status":"publish","type":"page","link":"https:\/\/agora.xtec.cat\/ceipsantsebastia\/lescola\/consell-escolar\/","title":{"rendered":"Consell escolar"},"content":{"rendered":"<ul style=\"list-style-type: circle;\">\n<li><span style=\"color: #800000;\"><strong>Qui s\u00f3n els membres del Consell Escolar?<\/strong><\/span><\/li>\n<\/ul>\n<p style=\"box-sizing: border-box; margin: 0px 0px 1.25em; padding: 0px; direction: ltr; font-family: 'Helvetica Neue', Helvetica, Helvetica, Arial, sans-serif; font-weight: 400; font-size: 16px; line-height: 1.6; text-rendering: optimizelegibility; color: #222222; font-style: normal; font-variant-ligatures: normal; font-variant-caps: normal; letter-spacing: normal; orphans: 2; text-align: start; text-indent: 0px; text-transform: none; white-space: normal; widows: 2; word-spacing: 0px; -webkit-text-stroke-width: 0px; text-decoration-style: initial; text-decoration-color: initial;\">Els actuals membres del Consell Escolar de l&#8217;escola Sant Sebasti\u00e0 s\u00f3n:<\/p>\n<table style=\"border-collapse: collapse; width: 98.8303%; height: 203px;\" border=\"1\">\n<tbody>\n<tr style=\"height: 30px;\">\n<td style=\"width: 42.4796%; height: 30px;\">Presidenta<\/td>\n<td style=\"width: 64.7726%; height: 30px;\">Meritxell Diaz<\/td>\n<\/tr>\n<tr style=\"height: 30px;\">\n<td style=\"width: 42.4796%; height: 30px;\">Secret\u00e0ria<\/td>\n<td style=\"width: 64.7726%; height: 30px;\">Elisabet Cabr\u00e9<\/td>\n<\/tr>\n<tr style=\"height: 30px;\">\n<td style=\"width: 42.4796%; height: 23px;\">Representant del Claustre de mestres<\/td>\n<td style=\"width: 64.7726%; height: 23px;\">Elizabeth Segura, M\u00f2nica Mart\u00ednez, Anna Llu\u00eds i Laura Barber\u00e0<\/td>\n<\/tr>\n<tr style=\"height: 30px;\">\n<td style=\"width: 42.4796%; height: 30px;\">Representant de mares i pares de l\u2019escola<\/td>\n<td style=\"width: 64.7726%; height: 30px;\">Aitor Salgado, Gerard Betrian i Leandro Ortiz<\/td>\n<\/tr>\n<tr style=\"height: 30px;\">\n<td style=\"width: 42.4796%; height: 30px;\">Representant de l\u2019AMPA<\/td>\n<td style=\"width: 64.7726%; height: 30px;\">M\u00f2nica Pallar\u00e8s<\/td>\n<\/tr>\n<tr style=\"height: 30px;\">\n<td style=\"width: 42.4796%; height: 30px;\">Representant de l\u2019ajuntament de Nulles<\/td>\n<td style=\"width: 64.7726%; height: 30px;\">Gemma Jorquera<\/td>\n<\/tr>\n<\/tbody>\n<\/table>\n<ul>\n<li><span style=\"color: #800000;\"><strong>Quines s\u00f3n les funcions del Consell Escolar?<\/strong><\/span><\/li>\n<\/ul>\n<p>Corresponen al consell escolar les funcions seg\u00fcents:<\/p>\n<ul>\n<li>Participar en l&#8217;aprovaci\u00f3 del projecte educatiu i les seves modificacions. El consell escolar ha de ser consultat pel director de manera preceptiva per valorar la proposta del projecte educatiu i manifestar el seu suport amb una majoria de les tres cinquenes parts dels membres.<\/li>\n<li>Participar en l&#8217;aprovaci\u00f3 de la programaci\u00f3 general anual, de les normes de funcionament i de la gesti\u00f3 econ\u00f2mica del centre. El consell escolar ha de ser consultat de manera preceptiva per valorar cada una de les propostes i manifestar el seu suport per majoria simple dels membres.<\/li>\n<li>Avaluar l&#8217;aplicaci\u00f3 del projecte educatiu i de les seves modificacions aix\u00ed com de la resta de documents de gesti\u00f3 del centre.<\/li>\n<li>Aprovar les propostes d&#8217;acords de coresponsabilitat, convenis i altres acords de col\u00b7laboraci\u00f3 del centre amb entitats i institucions.<\/li>\n<li>Intervenir en el procediment d&#8217;admissi\u00f3 d&#8217;alumnes.<\/li>\n<li>Participar en el procediment de selecci\u00f3 i en la proposta de cessament del director o directora.<\/li>\n<li>Intervenir en la resoluci\u00f3 dels conflictes i, si escau, revisar les sancions als alumnes.<\/li>\n<li>Aprovar les directrius per a la programaci\u00f3 d&#8217;activitats escolars complement\u00e0ries i d&#8217;activitats extraescolars, i avaluar-ne el desenvolupament.<\/li>\n<li>Participar en les an\u00e0lisis i les avaluacions del funcionament general del centre i con\u00e8ixer l&#8217;evoluci\u00f3 del rendiment escolar.<\/li>\n<li>Aprovar els criteris de col\u00b7laboraci\u00f3 amb altres centres i amb l&#8217;entorn.<\/li>\n<li>Qualsevol altre que li sigui atribu\u00efda per les normes legals o reglament\u00e0ries.<\/li>\n<\/ul>\n<ul>\n<li><span style=\"color: #800000;\"><strong>Com funciona el Consell Escolar?<\/strong><\/span><\/li>\n<\/ul>\n<p>El consell escolar ha d&#8217;aprovar les seves normes de funcionament. En all\u00f2 que no estigui previst s&#8217;han d&#8217;aplicar les normes reguladores dels \u00f2rgans col\u00b7legiats de l&#8217;Administraci\u00f3 de la Generalitat. El consell escolar del centre es reuneix preceptivament <strong>una vegada al trimestre<\/strong> i sempre que el convoca el director o directora del centre o ho sol\u00b7licita al menys un ter\u00e7 de les seves persones membres. A m\u00e9s, s&#8217;ha de fer una reuni\u00f3 a principi de curs i una altra a la seva finalitzaci\u00f3.<\/p>\n<p>Els acords presos en el Consell Escolar es publiquen a continuaci\u00f3:<\/p>\n<ul>\n<li><span style=\"color: #800000;\"><strong>Acords presos pel Consell Escolar curs 2025-26:<\/strong><\/span><\/li>\n<\/ul>\n<p>14\/10\/2025: Aprovaci\u00f3 de la PGA del curs 2025-26 i Aprovaci\u00f3 de la comissi\u00f3 de participaci\u00f3 del programa PMOE PROA i del document PEM (Pla Estrat\u00e8gic de Millora 24-28).<\/p>\n<p>05\/12\/2025: Es constitueix el nou consell escolar i es dona la benvinguda als nous representants de fam\u00edlies i de mestres. Aprovaci\u00f3 de la sortida de SC el dia 26 d\u2019abril pel pla pilot del Programa Educatiu d\u2019Art i Cultura de Valls.<\/p>\n<p><span style=\"color: #008000;\">26\/01\/2026: Aprovaci\u00f3 de la liquidaci\u00f3 del pressupost del 2025, aprovaci\u00f3 del nou pressupost pel 2026, aprovaci\u00f3 de la representant de coeducaci\u00f3 del Consell Escolar (Elizabeth S).\u00a0<\/span><\/p>\n<p>&nbsp;<\/p>\n<ul>\n<li><span style=\"color: #800000;\"><strong>Acords presos pel Consell Escolar curs 2024-25:<\/strong><\/span><\/li>\n<\/ul>\n<p>18\/09\/2024: Aprovaci\u00f3 de la Mem\u00f2ria Anual 23-24 i Aprovaci\u00f3 sortides escolars pel curs 24-25<\/p>\n<p>09\/10\/2024: Aprovaci\u00f3 de la PGA del curs 24-25<\/p>\n<p>27\/11\/2024: Aprovaci\u00f3 projecte de conviv\u00e8ncia<\/p>\n<p>29\/01\/2025: Aprovaci\u00f3 del pressupost econ\u00f2mic 2025<\/p>\n<p>12\/02\/2025: Aprovaci\u00f3 de la liquidaci\u00f3 del pressupost econ\u00f2mic 2024<\/p>\n<p>12\/02\/2025 EXTRAORDINARI: aprovaci\u00f3 del trasp\u00e0s del servei de menjador de l&#8217;AFA cap a l&#8217;Ajuntament<\/p>\n<p>20\/03\/2025 EXTRAORDINARI: aprovaci\u00f3 de la incorporaci\u00f3 del primer cicle d&#8217;educaci\u00f3 infantil a l&#8217;escola.<\/p>\n<p>26\/06\/2025: Aprovaci\u00f3 del calendari escolar 25-26, aprovaci\u00f3 de la mem\u00f2ria curs 24-25, aprovaci\u00f3 del projecte ling\u00fc\u00edstic i aprovaci\u00f3 de la carta de comprom\u00eds educatiu.<\/p>\n<p>&nbsp;<\/p>\n<p>&nbsp;<\/p>\n","protected":false},"excerpt":{"rendered":"<ul style=\"list-style-type: circle;\">\n<li>Qui s\u00f3n els membres del Consell Escolar?<\/li>\n<\/ul>\n<p>Els actuals membres del Consell Escolar de l&#8217;escola Sant Sebasti\u00e0 s\u00f3n:<\/p>\n<p>Presidenta<br \/>\nMeritxell Diaz<\/p>\n<p>Secret\u00e0ria<br \/>\nElisabet Cabr\u00e9<\/p>\n<p>Representant del Claustre de mestres<br \/>\nElizabeth Segura, M\u00f2nica Mart\u00ednez, Anna Llu\u00eds i Laura Barber\u00e0<\/p>\n<p>Representant de mares i pares de l\u2019escola<br \/>\nAitor Salgado, Gerard Betrian i Leandro Ortiz<\/p>\n<p>Representant&hellip;  <a href=\"https:\/\/agora.xtec.cat\/ceipsantsebastia\/lescola\/consell-escolar\/\" title=\"Read Consell escolar\">Llegeix m\u00e9s\u00bb<\/a><\/p>\n","protected":false},"author":2,"featured_media":0,"parent":22,"menu_order":30,"comment_status":"closed","ping_status":"closed","template":"page-templates\/side-menu.php","meta":{"_bbp_topic_count":0,"_bbp_reply_count":0,"_bbp_total_topic_count":0,"_bbp_total_reply_count":0,"_bbp_voice_count":0,"_bbp_anonymous_reply_count":0,"_bbp_topic_count_hidden":0,"_bbp_reply_count_hidden":0,"_bbp_forum_subforum_count":0,"footnotes":""},"class_list":["post-28","page","type-page","status-publish","hentry"],"post_mailing_queue_ids":[],"_links":{"self":[{"href":"https:\/\/agora.xtec.cat\/ceipsantsebastia\/wp-json\/wp\/v2\/pages\/28","targetHints":{"allow":["GET"]}}],"collection":[{"href":"https:\/\/agora.xtec.cat\/ceipsantsebastia\/wp-json\/wp\/v2\/pages"}],"about":[{"href":"https:\/\/agora.xtec.cat\/ceipsantsebastia\/wp-json\/wp\/v2\/types\/page"}],"author":[{"embeddable":true,"href":"https:\/\/agora.xtec.cat\/ceipsantsebastia\/wp-json\/wp\/v2\/users\/2"}],"replies":[{"embeddable":true,"href":"https:\/\/agora.xtec.cat\/ceipsantsebastia\/wp-json\/wp\/v2\/comments?post=28"}],"version-history":[{"count":6,"href":"https:\/\/agora.xtec.cat\/ceipsantsebastia\/wp-json\/wp\/v2\/pages\/28\/revisions"}],"predecessor-version":[{"id":2757,"href":"https:\/\/agora.xtec.cat\/ceipsantsebastia\/wp-json\/wp\/v2\/pages\/28\/revisions\/2757"}],"up":[{"embeddable":true,"href":"https:\/\/agora.xtec.cat\/ceipsantsebastia\/wp-json\/wp\/v2\/pages\/22"}],"wp:attachment":[{"href":"https:\/\/agora.xtec.cat\/ceipsantsebastia\/wp-json\/wp\/v2\/media?parent=28"}],"curies":[{"name":"wp","href":"https:\/\/api.w.org\/{rel}","templated":true}]}}