{"id":2683,"date":"2025-02-27T10:48:06","date_gmt":"2025-02-27T09:48:06","guid":{"rendered":"https:\/\/agora.xtec.cat\/ceipsantsebastia\/?page_id=2683"},"modified":"2026-04-23T12:11:21","modified_gmt":"2026-04-23T10:11:21","slug":"preinscripcio-2025-26-2","status":"publish","type":"page","link":"https:\/\/agora.xtec.cat\/ceipsantsebastia\/preinscripcio-2025-26-2\/","title":{"rendered":"Preinscripci\u00f3 2025-26"},"content":{"rendered":"<p>Les fam\u00edlies haureu de fer el proc\u00e9s de preinscripci\u00f3\u00a0<strong>de manera telem\u00e0tica\u00a0<\/strong>al web de preinscripci\u00f3 i el centre d\u2019ajuda per a les fam\u00edlies<strong><a href=\"https:\/\/espai.educacio.gencat.cat\/Alumnes\/PreinscripcioMatricula\/Recursos-Preinscripcio\/Pagines\/Informacio-Preinscripcio-Families.aspx\" target=\"_blank\" rel=\"noopener\">\u00a0preinscripcio.gencat.cat.<\/a><a href=\"https:\/\/agora.xtec.cat\/ceip-joanplana\/wp-content\/uploads\/usu1704\/2024\/02\/dedo.png\"><img loading=\"lazy\" decoding=\"async\" class=\"alignnone wp-image-2003\" src=\"https:\/\/agora.xtec.cat\/ceip-joanplana\/wp-content\/uploads\/usu1704\/2024\/02\/dedo.png\" sizes=\"auto, (max-width: 30px) 100vw, 30px\" srcset=\"https:\/\/agora.xtec.cat\/ceip-joanplana\/wp-content\/uploads\/usu1704\/2024\/02\/dedo.png 512w, https:\/\/agora.xtec.cat\/ceip-joanplana\/wp-content\/uploads\/usu1704\/2024\/02\/dedo-300x300.png 300w, https:\/\/agora.xtec.cat\/ceip-joanplana\/wp-content\/uploads\/usu1704\/2024\/02\/dedo-150x150.png 150w\" alt=\"\" width=\"30\" height=\"30\" \/><\/a><\/strong><\/p>\n<p><strong>Com has de fer la preinscripci\u00f3 escolar en l\u00ednia curs 2025-2026?\u00a0<\/strong>\u00a0Properament podreu consultar la guia per a la preinscripci\u00f3 i un\u00a0v\u00eddeo tutorial amb les indicacions per presentar la sol\u00b7licitud.<\/p>\n<p>&nbsp;<\/p>\n<table>\n<tbody>\n<tr>\n<td colspan=\"2\">\n<h5><strong>Calendari preinscripci\u00f3 i matr\u00edcula pel curs 2025-26<\/strong><\/h5>\n<\/td>\n<\/tr>\n<tr>\n<td>\n<h6><strong>Tr\u00e0mit<\/strong><\/h6>\n<\/td>\n<td>\n<h6><strong>Dates<\/strong><\/h6>\n<\/td>\n<\/tr>\n<tr>\n<td>Publicaci\u00f3 oferta inicial de places<\/td>\n<td><a href=\"https:\/\/drive.google.com\/file\/d\/1ssC5dRkH77aEDNQEYAjJAFElbBrcURID\/view?usp=drive_link\">11 de mar\u00e7 ENLLA\u00c7 AQU\u00cd<\/a><\/td>\n<\/tr>\n<tr>\n<td>Presentaci\u00f3 sol\u00b7licituds Educaci\u00f3 Infantil i Prim\u00e0ria<\/td>\n<td>Del 12 al 26 de mar\u00e7<\/td>\n<\/tr>\n<tr>\n<td>Presentaci\u00f3 documentaci\u00f3 acreditativa<\/td>\n<td>Fins al 28 de mar\u00e7<\/td>\n<\/tr>\n<tr>\n<td>Publicaci\u00f3 llistat de sol\u00b7licituds amb puntuaci\u00f3 provisional<\/td>\n<td><a href=\"https:\/\/drive.google.com\/file\/d\/1KzAr5mL-YBHCaSRIbt3FXWrrAHyroMLl\/view?usp=drive_link\">15 d\u2019abril ENLLA\u00c7 AQU\u00cd<\/a><\/td>\n<\/tr>\n<tr>\n<td>Presentaci\u00f3 de reclamacions<\/td>\n<td><\/td>\n<\/tr>\n<tr>\n<td>Publicaci\u00f3 llista amb la puntuaci\u00f3, resoltes les reclamacions<\/td>\n<td><a href=\"https:\/\/drive.google.com\/file\/d\/16mh9dZI35pIGIXDPBCUJNtPwRgxsQ8K4\/view?usp=drive_link\">23 d&#8217;abril ENLLA\u00c7 AQU\u00cd<\/a><\/td>\n<\/tr>\n<tr>\n<td>Sorteig per resoldre sol\u00b7licituds empatades<\/td>\n<td>8 de maig<\/td>\n<\/tr>\n<tr>\n<td>Publicaci\u00f3 de la llista ordenada<\/td>\n<td>9 de maig<\/td>\n<\/tr>\n<tr>\n<td>Publicaci\u00f3 oferta final de places escolars<\/td>\n<td>16 de juny<\/td>\n<\/tr>\n<tr>\n<td><strong>Llistat d\u2019alumnes admesos i llista d\u2019espera<\/strong><\/td>\n<td>16 de juny<\/td>\n<\/tr>\n<tr>\n<td><b>Matriculaci\u00f3 alumnat adm\u00e8s a Prim\u00e0ria i 1r d\u2019ESO<\/b><\/td>\n<td>Del 25 de juny\u00a0 al 3 de juliol<\/td>\n<\/tr>\n<\/tbody>\n<\/table>\n<p>Documentaci\u00f3 per poder realitzar el\u00a0<strong>tr\u00e0mit de la<\/strong>\u00a0<strong>preinscripci\u00f3.\u00a0<\/strong><a href=\"https:\/\/preinscripcio.gencat.cat\/ca\/estudis\/infantil-3-6\/informat\/prepara-documentacio\/\" target=\"_blank\" rel=\"noopener noreferrer\">Prement aqu\u00ed<\/a>\u00a0podeu consultar la web del Departament sobre la documentaci\u00f3.<\/p>\n<ul>\n<li><strong>Documentaci\u00f3 gen\u00e8rica:<\/strong>\n<ul>\n<li>Formulari de sol\u00b7licitud.<\/li>\n<li>Llibre de Fam\u00edlia o altres documents relatius de filiaci\u00f3.<\/li>\n<li>DNI del pare, mare o tutor\/a legal de l\u2019alumne.<\/li>\n<li>DNI de l\u2019alumne major de 14 anys, o si t\u00e9 DNI encara que sigui menor de 14 anys.<\/li>\n<\/ul>\n<\/li>\n<\/ul>\n<ul>\n<li><strong>Documentaci\u00f3 espec\u00edfica<\/strong>\u00a0(en cas que es vulguin acreditar m\u00e9s\u00a0<em>punts\u00a0<\/em>pels criteris generals d\u2019admissi\u00f3):\n<ul>\n<li>C\u00f2pia del contracte laboral o del certificat em\u00e8s per l\u2019empresa, en cas d\u2019al\u00b7legar l\u2019adre\u00e7a del lloc de treball d\u2019un dels tutors.<\/li>\n<li>Original i fotoc\u00f2pia del certificat de disminuci\u00f3\/discapacitat d\u2019algun membre de la fam\u00edlia.<\/li>\n<li>Resoluci\u00f3 de la renda garantida de ciutadania.<\/li>\n<li>Fam\u00edlia nombrosa o monoparental i fotoc\u00f2pia del carnet de fam\u00edlia nombrosa o monoparental.<\/li>\n<\/ul>\n<\/li>\n<\/ul>\n","protected":false},"excerpt":{"rendered":"<p>Les fam\u00edlies haureu de fer el proc\u00e9s de preinscripci\u00f3\u00a0de manera telem\u00e0tica\u00a0al web de preinscripci\u00f3 i el centre d\u2019ajuda per a les fam\u00edlies<a href=\"https:\/\/espai.educacio.gencat.cat\/Alumnes\/PreinscripcioMatricula\/Recursos-Preinscripcio\/Pagines\/Informacio-Preinscripcio-Families.aspx\" target=\"_blank\" rel=\"noopener\">\u00a0preinscripcio.gencat.cat.<\/a><a href=\"https:\/\/agora.xtec.cat\/ceip-joanplana\/wp-content\/uploads\/usu1704\/2024\/02\/dedo.png\"><\/a><br \/>\nCom has de fer la preinscripci\u00f3 escolar en l\u00ednia curs 2025-2026?\u00a0\u00a0Properament podreu consultar la guia per a la preinscripci\u00f3 i&hellip;  <a href=\"https:\/\/agora.xtec.cat\/ceipsantsebastia\/preinscripcio-2025-26-2\/\" title=\"Read Preinscripci\u00f3 2025-26\">Llegeix m\u00e9s\u00bb<\/a><\/p>\n","protected":false},"author":1,"featured_media":0,"parent":0,"menu_order":0,"comment_status":"closed","ping_status":"closed","template":"","meta":{"_bbp_topic_count":0,"_bbp_reply_count":0,"_bbp_total_topic_count":0,"_bbp_total_reply_count":0,"_bbp_voice_count":0,"_bbp_anonymous_reply_count":0,"_bbp_topic_count_hidden":0,"_bbp_reply_count_hidden":0,"_bbp_forum_subforum_count":0,"footnotes":""},"class_list":["post-2683","page","type-page","status-publish","hentry"],"post_mailing_queue_ids":[],"_links":{"self":[{"href":"https:\/\/agora.xtec.cat\/ceipsantsebastia\/wp-json\/wp\/v2\/pages\/2683","targetHints":{"allow":["GET"]}}],"collection":[{"href":"https:\/\/agora.xtec.cat\/ceipsantsebastia\/wp-json\/wp\/v2\/pages"}],"about":[{"href":"https:\/\/agora.xtec.cat\/ceipsantsebastia\/wp-json\/wp\/v2\/types\/page"}],"author":[{"embeddable":true,"href":"https:\/\/agora.xtec.cat\/ceipsantsebastia\/wp-json\/wp\/v2\/users\/1"}],"replies":[{"embeddable":true,"href":"https:\/\/agora.xtec.cat\/ceipsantsebastia\/wp-json\/wp\/v2\/comments?post=2683"}],"version-history":[{"count":5,"href":"https:\/\/agora.xtec.cat\/ceipsantsebastia\/wp-json\/wp\/v2\/pages\/2683\/revisions"}],"predecessor-version":[{"id":2787,"href":"https:\/\/agora.xtec.cat\/ceipsantsebastia\/wp-json\/wp\/v2\/pages\/2683\/revisions\/2787"}],"wp:attachment":[{"href":"https:\/\/agora.xtec.cat\/ceipsantsebastia\/wp-json\/wp\/v2\/media?parent=2683"}],"curies":[{"name":"wp","href":"https:\/\/api.w.org\/{rel}","templated":true}]}}