{"id":264,"date":"2019-01-31T10:49:51","date_gmt":"2019-01-31T09:49:51","guid":{"rendered":"http:\/\/agora.xtec.cat\/ceipsantsebastia\/?page_id=264"},"modified":"2026-04-11T17:19:01","modified_gmt":"2026-04-11T15:19:01","slug":"aula-de-p4-i-p5","status":"publish","type":"page","link":"https:\/\/agora.xtec.cat\/ceipsantsebastia\/lescola\/instal%c2%b7lacions\/aula-de-p4-i-p5\/","title":{"rendered":"Aula d&#8217;infantil"},"content":{"rendered":"<p>L&#8217;aula del segon cicle d&#8217;infantil compr\u00e8n els nivells I3, I4 i I5. En aquesta aula\u00a0hem creat un espai acollidor, organitzat en diferents ambients perqu\u00e8 els infants puguin explorar, crear i aprendre de manera aut\u00f2noma.<\/p>\n<p>Comptem amb una zona de joc simb\u00f2lic amb cuineta, nines i materials no estereotipats que conviden a imaginar i representar situacions quotidianes, en la que tamb\u00e9 s&#8217;hi afegeix una zona de metges; una zona de construccions amb peces de fusta, materials naturals i blocs de diverses mides; un rac\u00f3 de calma amb butaques, llibres i un espai m\u00e9s recollit perqu\u00e8 els infants puguin relaxar-se quan ho necessitin; diverses zones de taules amb diverses propostes de llengua, l\u00f2gica-matem\u00e0tica i motricitat fina.<\/p>\n<p>A l&#8217;exterior tamb\u00e9 hi ha una extensi\u00f3 de l&#8217;aula, delimitada per una tanca de fusta amb el pati, en la que hi sortim a fer diverses propostes d&#8217;experimentaci\u00f3 i art.<\/p>\n<p><a href=\"https:\/\/agora.xtec.cat\/ceipsantsebastia\/wp-content\/uploads\/usu449\/2026\/04\/WhatsApp-Image-2026-04-07-at-12.55.09-1.jpeg\"><img loading=\"lazy\" decoding=\"async\" class=\"alignnone wp-image-2775\" src=\"https:\/\/agora.xtec.cat\/ceipsantsebastia\/wp-content\/uploads\/usu449\/2026\/04\/WhatsApp-Image-2026-04-07-at-12.55.09-1-768x1024.jpeg\" alt=\"\" width=\"548\" height=\"731\" srcset=\"https:\/\/agora.xtec.cat\/ceipsantsebastia\/wp-content\/uploads\/usu449\/2026\/04\/WhatsApp-Image-2026-04-07-at-12.55.09-1-768x1024.jpeg 768w, https:\/\/agora.xtec.cat\/ceipsantsebastia\/wp-content\/uploads\/usu449\/2026\/04\/WhatsApp-Image-2026-04-07-at-12.55.09-1-225x300.jpeg 225w, https:\/\/agora.xtec.cat\/ceipsantsebastia\/wp-content\/uploads\/usu449\/2026\/04\/WhatsApp-Image-2026-04-07-at-12.55.09-1-1152x1536.jpeg 1152w, https:\/\/agora.xtec.cat\/ceipsantsebastia\/wp-content\/uploads\/usu449\/2026\/04\/WhatsApp-Image-2026-04-07-at-12.55.09-1.jpeg 1536w\" sizes=\"auto, (max-width: 548px) 100vw, 548px\" \/><\/a><\/p>\n<p><a href=\"https:\/\/agora.xtec.cat\/ceipsantsebastia\/wp-content\/uploads\/usu449\/2026\/04\/WhatsApp-Image-2026-04-07-at-12.55.09.jpeg\"><img loading=\"lazy\" decoding=\"async\" class=\"alignnone wp-image-2776\" src=\"https:\/\/agora.xtec.cat\/ceipsantsebastia\/wp-content\/uploads\/usu449\/2026\/04\/WhatsApp-Image-2026-04-07-at-12.55.09-768x1024.jpeg\" alt=\"\" width=\"547\" height=\"729\" srcset=\"https:\/\/agora.xtec.cat\/ceipsantsebastia\/wp-content\/uploads\/usu449\/2026\/04\/WhatsApp-Image-2026-04-07-at-12.55.09-768x1024.jpeg 768w, https:\/\/agora.xtec.cat\/ceipsantsebastia\/wp-content\/uploads\/usu449\/2026\/04\/WhatsApp-Image-2026-04-07-at-12.55.09-225x300.jpeg 225w, https:\/\/agora.xtec.cat\/ceipsantsebastia\/wp-content\/uploads\/usu449\/2026\/04\/WhatsApp-Image-2026-04-07-at-12.55.09-1152x1536.jpeg 1152w, https:\/\/agora.xtec.cat\/ceipsantsebastia\/wp-content\/uploads\/usu449\/2026\/04\/WhatsApp-Image-2026-04-07-at-12.55.09.jpeg 1536w\" sizes=\"auto, (max-width: 547px) 100vw, 547px\" \/><\/a><\/p>\n<p><a href=\"https:\/\/agora.xtec.cat\/ceipsantsebastia\/wp-content\/uploads\/usu449\/2026\/04\/WhatsApp-Image-2026-04-07-at-12.41.25-2.jpeg\"><img loading=\"lazy\" decoding=\"async\" class=\"alignnone wp-image-2777\" src=\"https:\/\/agora.xtec.cat\/ceipsantsebastia\/wp-content\/uploads\/usu449\/2026\/04\/WhatsApp-Image-2026-04-07-at-12.41.25-2-768x1024.jpeg\" alt=\"\" width=\"546\" height=\"728\" srcset=\"https:\/\/agora.xtec.cat\/ceipsantsebastia\/wp-content\/uploads\/usu449\/2026\/04\/WhatsApp-Image-2026-04-07-at-12.41.25-2-768x1024.jpeg 768w, https:\/\/agora.xtec.cat\/ceipsantsebastia\/wp-content\/uploads\/usu449\/2026\/04\/WhatsApp-Image-2026-04-07-at-12.41.25-2-225x300.jpeg 225w, https:\/\/agora.xtec.cat\/ceipsantsebastia\/wp-content\/uploads\/usu449\/2026\/04\/WhatsApp-Image-2026-04-07-at-12.41.25-2-1152x1536.jpeg 1152w, https:\/\/agora.xtec.cat\/ceipsantsebastia\/wp-content\/uploads\/usu449\/2026\/04\/WhatsApp-Image-2026-04-07-at-12.41.25-2.jpeg 1536w\" sizes=\"auto, (max-width: 546px) 100vw, 546px\" \/><\/a><\/p>\n<p><a href=\"https:\/\/agora.xtec.cat\/ceipsantsebastia\/wp-content\/uploads\/usu449\/2026\/04\/WhatsApp-Image-2026-04-07-at-12.41.26-2.jpeg\"><img loading=\"lazy\" decoding=\"async\" class=\"alignnone wp-image-2778\" src=\"https:\/\/agora.xtec.cat\/ceipsantsebastia\/wp-content\/uploads\/usu449\/2026\/04\/WhatsApp-Image-2026-04-07-at-12.41.26-2-1024x768.jpeg\" alt=\"\" width=\"550\" height=\"412\" srcset=\"https:\/\/agora.xtec.cat\/ceipsantsebastia\/wp-content\/uploads\/usu449\/2026\/04\/WhatsApp-Image-2026-04-07-at-12.41.26-2-1024x768.jpeg 1024w, https:\/\/agora.xtec.cat\/ceipsantsebastia\/wp-content\/uploads\/usu449\/2026\/04\/WhatsApp-Image-2026-04-07-at-12.41.26-2-300x225.jpeg 300w, https:\/\/agora.xtec.cat\/ceipsantsebastia\/wp-content\/uploads\/usu449\/2026\/04\/WhatsApp-Image-2026-04-07-at-12.41.26-2-768x576.jpeg 768w, https:\/\/agora.xtec.cat\/ceipsantsebastia\/wp-content\/uploads\/usu449\/2026\/04\/WhatsApp-Image-2026-04-07-at-12.41.26-2-1536x1152.jpeg 1536w, https:\/\/agora.xtec.cat\/ceipsantsebastia\/wp-content\/uploads\/usu449\/2026\/04\/WhatsApp-Image-2026-04-07-at-12.41.26-2-200x150.jpeg 200w, https:\/\/agora.xtec.cat\/ceipsantsebastia\/wp-content\/uploads\/usu449\/2026\/04\/WhatsApp-Image-2026-04-07-at-12.41.26-2.jpeg 2048w\" sizes=\"auto, (max-width: 550px) 100vw, 550px\" \/><\/a><\/p>\n<p><a href=\"https:\/\/agora.xtec.cat\/ceipsantsebastia\/wp-content\/uploads\/usu449\/2026\/04\/WhatsApp-Image-2026-04-07-at-12.41.26-1.jpeg\"><img loading=\"lazy\" decoding=\"async\" class=\"alignnone wp-image-2779\" src=\"https:\/\/agora.xtec.cat\/ceipsantsebastia\/wp-content\/uploads\/usu449\/2026\/04\/WhatsApp-Image-2026-04-07-at-12.41.26-1-768x1024.jpeg\" alt=\"\" width=\"549\" height=\"732\" srcset=\"https:\/\/agora.xtec.cat\/ceipsantsebastia\/wp-content\/uploads\/usu449\/2026\/04\/WhatsApp-Image-2026-04-07-at-12.41.26-1-768x1024.jpeg 768w, https:\/\/agora.xtec.cat\/ceipsantsebastia\/wp-content\/uploads\/usu449\/2026\/04\/WhatsApp-Image-2026-04-07-at-12.41.26-1-225x300.jpeg 225w, https:\/\/agora.xtec.cat\/ceipsantsebastia\/wp-content\/uploads\/usu449\/2026\/04\/WhatsApp-Image-2026-04-07-at-12.41.26-1-1152x1536.jpeg 1152w, https:\/\/agora.xtec.cat\/ceipsantsebastia\/wp-content\/uploads\/usu449\/2026\/04\/WhatsApp-Image-2026-04-07-at-12.41.26-1.jpeg 1536w\" sizes=\"auto, (max-width: 549px) 100vw, 549px\" \/><\/a><\/p>\n<p>&nbsp;<\/p>\n<p>&nbsp;<\/p>\n","protected":false},"excerpt":{"rendered":"<p>L&#8217;aula del segon cicle d&#8217;infantil compr\u00e8n els nivells I3, I4 i I5. En aquesta aula\u00a0hem creat un espai acollidor, organitzat en diferents ambients perqu\u00e8 els infants puguin explorar, crear i aprendre de manera aut\u00f2noma.<br \/>\nComptem amb una zona de joc simb\u00f2lic amb cuineta, nines i materials&hellip;  <a href=\"https:\/\/agora.xtec.cat\/ceipsantsebastia\/lescola\/instal%c2%b7lacions\/aula-de-p4-i-p5\/\" title=\"Read Aula d&#8217;infantil\">Llegeix m\u00e9s\u00bb<\/a><\/p>\n","protected":false},"author":1,"featured_media":0,"parent":30,"menu_order":2,"comment_status":"closed","ping_status":"closed","template":"page-templates\/side-menu.php","meta":{"_bbp_topic_count":0,"_bbp_reply_count":0,"_bbp_total_topic_count":0,"_bbp_total_reply_count":0,"_bbp_voice_count":0,"_bbp_anonymous_reply_count":0,"_bbp_topic_count_hidden":0,"_bbp_reply_count_hidden":0,"_bbp_forum_subforum_count":0,"footnotes":""},"class_list":["post-264","page","type-page","status-publish","hentry"],"post_mailing_queue_ids":[],"_links":{"self":[{"href":"https:\/\/agora.xtec.cat\/ceipsantsebastia\/wp-json\/wp\/v2\/pages\/264","targetHints":{"allow":["GET"]}}],"collection":[{"href":"https:\/\/agora.xtec.cat\/ceipsantsebastia\/wp-json\/wp\/v2\/pages"}],"about":[{"href":"https:\/\/agora.xtec.cat\/ceipsantsebastia\/wp-json\/wp\/v2\/types\/page"}],"author":[{"embeddable":true,"href":"https:\/\/agora.xtec.cat\/ceipsantsebastia\/wp-json\/wp\/v2\/users\/1"}],"replies":[{"embeddable":true,"href":"https:\/\/agora.xtec.cat\/ceipsantsebastia\/wp-json\/wp\/v2\/comments?post=264"}],"version-history":[{"count":6,"href":"https:\/\/agora.xtec.cat\/ceipsantsebastia\/wp-json\/wp\/v2\/pages\/264\/revisions"}],"predecessor-version":[{"id":2782,"href":"https:\/\/agora.xtec.cat\/ceipsantsebastia\/wp-json\/wp\/v2\/pages\/264\/revisions\/2782"}],"up":[{"embeddable":true,"href":"https:\/\/agora.xtec.cat\/ceipsantsebastia\/wp-json\/wp\/v2\/pages\/30"}],"wp:attachment":[{"href":"https:\/\/agora.xtec.cat\/ceipsantsebastia\/wp-json\/wp\/v2\/media?parent=264"}],"curies":[{"name":"wp","href":"https:\/\/api.w.org\/{rel}","templated":true}]}}