{"id":26,"date":"2014-09-18T12:24:32","date_gmt":"2014-09-18T12:24:32","guid":{"rendered":"http:\/\/agora.xtec.cat\/ceipsantsebastia\/?page_id=26"},"modified":"2024-03-01T14:42:20","modified_gmt":"2024-03-01T13:42:20","slug":"historia","status":"publish","type":"page","link":"https:\/\/agora.xtec.cat\/ceipsantsebastia\/lescola\/historia\/","title":{"rendered":"Hist\u00f2ria"},"content":{"rendered":"<p style=\"text-align: left;\">L&#8217;escola Sant Sebasti\u00e0 de Nulles va ser construida l&#8217;any X i al lalrg dels anys ha passat per molts canvis, tan f\u00edsics com pedag\u00f2gics.<\/p>\n<p style=\"text-align: left;\">Actualment podem dir que l&#8217;escola ha sofert la que, fins ara, ha estat la major modificaci\u00f3 i renovaci\u00f3 de totes. Gaudim d&#8217;unes aules que, tot i no ser significativament grans, s\u00f3n noves i modernes, amb molta m\u00e9s llum, creant un ambient acollidor i agradable pel nostre alumnat.<\/p>\n<p>Si us interessa veure com ha quedat, aneu a la pestanya del men\u00fa de les instal\u00b7lacions.<\/p>\n<p>&nbsp;<\/p>\n","protected":false},"excerpt":{"rendered":"<p>L&#8217;escola Sant Sebasti\u00e0 de Nulles va ser construida l&#8217;any X i al lalrg dels anys ha passat per molts canvis, tan f\u00edsics com pedag\u00f2gics.<br \/>\nActualment podem dir que l&#8217;escola ha sofert la que, fins ara, ha estat la major modificaci\u00f3 i renovaci\u00f3 de totes. Gaudim d&#8217;unes&hellip;  <a href=\"https:\/\/agora.xtec.cat\/ceipsantsebastia\/lescola\/historia\/\" title=\"Read Hist\u00f2ria\">Llegeix m\u00e9s\u00bb<\/a><\/p>\n","protected":false},"author":2,"featured_media":0,"parent":22,"menu_order":20,"comment_status":"closed","ping_status":"closed","template":"page-templates\/side-menu.php","meta":{"_bbp_topic_count":0,"_bbp_reply_count":0,"_bbp_total_topic_count":0,"_bbp_total_reply_count":0,"_bbp_voice_count":0,"_bbp_anonymous_reply_count":0,"_bbp_topic_count_hidden":0,"_bbp_reply_count_hidden":0,"_bbp_forum_subforum_count":0,"footnotes":""},"class_list":["post-26","page","type-page","status-publish","hentry"],"post_mailing_queue_ids":[],"_links":{"self":[{"href":"https:\/\/agora.xtec.cat\/ceipsantsebastia\/wp-json\/wp\/v2\/pages\/26","targetHints":{"allow":["GET"]}}],"collection":[{"href":"https:\/\/agora.xtec.cat\/ceipsantsebastia\/wp-json\/wp\/v2\/pages"}],"about":[{"href":"https:\/\/agora.xtec.cat\/ceipsantsebastia\/wp-json\/wp\/v2\/types\/page"}],"author":[{"embeddable":true,"href":"https:\/\/agora.xtec.cat\/ceipsantsebastia\/wp-json\/wp\/v2\/users\/2"}],"replies":[{"embeddable":true,"href":"https:\/\/agora.xtec.cat\/ceipsantsebastia\/wp-json\/wp\/v2\/comments?post=26"}],"version-history":[{"count":7,"href":"https:\/\/agora.xtec.cat\/ceipsantsebastia\/wp-json\/wp\/v2\/pages\/26\/revisions"}],"predecessor-version":[{"id":2503,"href":"https:\/\/agora.xtec.cat\/ceipsantsebastia\/wp-json\/wp\/v2\/pages\/26\/revisions\/2503"}],"up":[{"embeddable":true,"href":"https:\/\/agora.xtec.cat\/ceipsantsebastia\/wp-json\/wp\/v2\/pages\/22"}],"wp:attachment":[{"href":"https:\/\/agora.xtec.cat\/ceipsantsebastia\/wp-json\/wp\/v2\/media?parent=26"}],"curies":[{"name":"wp","href":"https:\/\/api.w.org\/{rel}","templated":true}]}}