{"id":2511,"date":"2024-03-01T15:01:06","date_gmt":"2024-03-01T14:01:06","guid":{"rendered":"https:\/\/agora.xtec.cat\/ceipsantsebastia\/?page_id=2511"},"modified":"2025-12-01T15:55:48","modified_gmt":"2025-12-01T14:55:48","slug":"el-hall","status":"publish","type":"page","link":"https:\/\/agora.xtec.cat\/ceipsantsebastia\/lescola\/instal%c2%b7lacions\/el-hall\/","title":{"rendered":"El hall"},"content":{"rendered":"<p>El hall, o entrada a l&#8217;escola, \u00e9s un espai ampli i llumin\u00f3s que en els \u00faltims dos cursos s&#8217;ha transformat en un ESPAI DE CONVIV\u00c8NCIA. <span style=\"font-family: inherit; font-size: 1em;\">A trav\u00e9s del consell de delegat de l&#8217;escola, aquest espai disposa d&#8217;unes normes i uns usos, que s\u00f3n els seg\u00fcents:<\/span><\/p>\n<p><a href=\"https:\/\/agora.xtec.cat\/ceipsantsebastia\/wp-content\/uploads\/usu449\/2025\/12\/WhatsApp-Image-2025-10-21-at-12.10.48-2.jpeg\"><img loading=\"lazy\" decoding=\"async\" class=\"alignnone size-large wp-image-2746\" src=\"https:\/\/agora.xtec.cat\/ceipsantsebastia\/wp-content\/uploads\/usu449\/2025\/12\/WhatsApp-Image-2025-10-21-at-12.10.48-2-1024x768.jpeg\" alt=\"\" width=\"1024\" height=\"768\" srcset=\"https:\/\/agora.xtec.cat\/ceipsantsebastia\/wp-content\/uploads\/usu449\/2025\/12\/WhatsApp-Image-2025-10-21-at-12.10.48-2-1024x768.jpeg 1024w, https:\/\/agora.xtec.cat\/ceipsantsebastia\/wp-content\/uploads\/usu449\/2025\/12\/WhatsApp-Image-2025-10-21-at-12.10.48-2-300x225.jpeg 300w, https:\/\/agora.xtec.cat\/ceipsantsebastia\/wp-content\/uploads\/usu449\/2025\/12\/WhatsApp-Image-2025-10-21-at-12.10.48-2-768x576.jpeg 768w, https:\/\/agora.xtec.cat\/ceipsantsebastia\/wp-content\/uploads\/usu449\/2025\/12\/WhatsApp-Image-2025-10-21-at-12.10.48-2-1536x1152.jpeg 1536w, https:\/\/agora.xtec.cat\/ceipsantsebastia\/wp-content\/uploads\/usu449\/2025\/12\/WhatsApp-Image-2025-10-21-at-12.10.48-2-200x150.jpeg 200w, https:\/\/agora.xtec.cat\/ceipsantsebastia\/wp-content\/uploads\/usu449\/2025\/12\/WhatsApp-Image-2025-10-21-at-12.10.48-2.jpeg 1600w\" sizes=\"auto, (max-width: 1024px) 100vw, 1024px\" \/><\/a><a href=\"https:\/\/agora.xtec.cat\/ceipsantsebastia\/wp-content\/uploads\/usu449\/2025\/12\/WhatsApp-Image-2025-10-21-at-12.31.40.jpeg\"><img loading=\"lazy\" decoding=\"async\" class=\"alignnone size-large wp-image-2745\" src=\"https:\/\/agora.xtec.cat\/ceipsantsebastia\/wp-content\/uploads\/usu449\/2025\/12\/WhatsApp-Image-2025-10-21-at-12.31.40-768x1024.jpeg\" alt=\"\" width=\"768\" height=\"1024\" srcset=\"https:\/\/agora.xtec.cat\/ceipsantsebastia\/wp-content\/uploads\/usu449\/2025\/12\/WhatsApp-Image-2025-10-21-at-12.31.40-768x1024.jpeg 768w, https:\/\/agora.xtec.cat\/ceipsantsebastia\/wp-content\/uploads\/usu449\/2025\/12\/WhatsApp-Image-2025-10-21-at-12.31.40-225x300.jpeg 225w, https:\/\/agora.xtec.cat\/ceipsantsebastia\/wp-content\/uploads\/usu449\/2025\/12\/WhatsApp-Image-2025-10-21-at-12.31.40-1152x1536.jpeg 1152w, https:\/\/agora.xtec.cat\/ceipsantsebastia\/wp-content\/uploads\/usu449\/2025\/12\/WhatsApp-Image-2025-10-21-at-12.31.40.jpeg 1200w\" sizes=\"auto, (max-width: 768px) 100vw, 768px\" \/><\/a><\/p>\n<p>&nbsp;<\/p>\n","protected":false},"excerpt":{"rendered":"<p>El hall, o entrada a l&#8217;escola, \u00e9s un espai ampli i llumin\u00f3s que en els \u00faltims dos cursos s&#8217;ha transformat en un ESPAI DE CONVIV\u00c8NCIA. A trav\u00e9s del consell de delegat de l&#8217;escola, aquest espai disposa d&#8217;unes normes i uns usos, que s\u00f3n els seg\u00fcents:<br \/>\n<a&hellip;  <a href=\"https:\/\/agora.xtec.cat\/ceipsantsebastia\/lescola\/instal%c2%b7lacions\/el-hall\/\" title=\"Read El hall\">Llegeix m\u00e9s\u00bb<\/a><\/p>\n","protected":false},"author":1,"featured_media":0,"parent":30,"menu_order":1,"comment_status":"closed","ping_status":"closed","template":"","meta":{"_bbp_topic_count":0,"_bbp_reply_count":0,"_bbp_total_topic_count":0,"_bbp_total_reply_count":0,"_bbp_voice_count":0,"_bbp_anonymous_reply_count":0,"_bbp_topic_count_hidden":0,"_bbp_reply_count_hidden":0,"_bbp_forum_subforum_count":0,"footnotes":""},"class_list":["post-2511","page","type-page","status-publish","hentry"],"post_mailing_queue_ids":[],"_links":{"self":[{"href":"https:\/\/agora.xtec.cat\/ceipsantsebastia\/wp-json\/wp\/v2\/pages\/2511","targetHints":{"allow":["GET"]}}],"collection":[{"href":"https:\/\/agora.xtec.cat\/ceipsantsebastia\/wp-json\/wp\/v2\/pages"}],"about":[{"href":"https:\/\/agora.xtec.cat\/ceipsantsebastia\/wp-json\/wp\/v2\/types\/page"}],"author":[{"embeddable":true,"href":"https:\/\/agora.xtec.cat\/ceipsantsebastia\/wp-json\/wp\/v2\/users\/1"}],"replies":[{"embeddable":true,"href":"https:\/\/agora.xtec.cat\/ceipsantsebastia\/wp-json\/wp\/v2\/comments?post=2511"}],"version-history":[{"count":3,"href":"https:\/\/agora.xtec.cat\/ceipsantsebastia\/wp-json\/wp\/v2\/pages\/2511\/revisions"}],"predecessor-version":[{"id":2747,"href":"https:\/\/agora.xtec.cat\/ceipsantsebastia\/wp-json\/wp\/v2\/pages\/2511\/revisions\/2747"}],"up":[{"embeddable":true,"href":"https:\/\/agora.xtec.cat\/ceipsantsebastia\/wp-json\/wp\/v2\/pages\/30"}],"wp:attachment":[{"href":"https:\/\/agora.xtec.cat\/ceipsantsebastia\/wp-json\/wp\/v2\/media?parent=2511"}],"curies":[{"name":"wp","href":"https:\/\/api.w.org\/{rel}","templated":true}]}}