{"id":2506,"date":"2024-03-01T14:55:35","date_gmt":"2024-03-01T13:55:35","guid":{"rendered":"https:\/\/agora.xtec.cat\/ceipsantsebastia\/?page_id=2506"},"modified":"2024-03-01T15:03:33","modified_gmt":"2024-03-01T14:03:33","slug":"biblioteca","status":"publish","type":"page","link":"https:\/\/agora.xtec.cat\/ceipsantsebastia\/lescola\/instal%c2%b7lacions\/biblioteca\/","title":{"rendered":"Biblioteca"},"content":{"rendered":"<p>A la biblioteca hi anem a les estones dels 30 minuts de lectura, a fer pr\u00e9stec de llibres, els padrins lectors, etc.<\/p>\n<p>Tamb\u00e9 \u00e9s on hi ha tots els instruments i s&#8217;hi fan alguns desdoblaments dels grups de SC i TC.<\/p>\n<p>A m\u00e9s, a les estones de pati est\u00e0 oberta amb un acc\u00e9s directa al pati per poder-hi llegir tranquil\u00b7lament o jugar a jocs de taula, segons el dia.<\/p>\n<p><a href=\"https:\/\/agora.xtec.cat\/ceipsantsebastia\/wp-content\/uploads\/usu449\/2024\/03\/6A0E1F8E-4F1B-4ED8-97C6-D9DDFD22A3F0.jpg\"><img loading=\"lazy\" decoding=\"async\" class=\"alignnone size-large wp-image-2485\" src=\"https:\/\/agora.xtec.cat\/ceipsantsebastia\/wp-content\/uploads\/usu449\/2024\/03\/6A0E1F8E-4F1B-4ED8-97C6-D9DDFD22A3F0-1024x1024.jpg\" alt=\"\" width=\"1024\" height=\"1024\" srcset=\"https:\/\/agora.xtec.cat\/ceipsantsebastia\/wp-content\/uploads\/usu449\/2024\/03\/6A0E1F8E-4F1B-4ED8-97C6-D9DDFD22A3F0-1024x1024.jpg 1024w, https:\/\/agora.xtec.cat\/ceipsantsebastia\/wp-content\/uploads\/usu449\/2024\/03\/6A0E1F8E-4F1B-4ED8-97C6-D9DDFD22A3F0-300x300.jpg 300w, https:\/\/agora.xtec.cat\/ceipsantsebastia\/wp-content\/uploads\/usu449\/2024\/03\/6A0E1F8E-4F1B-4ED8-97C6-D9DDFD22A3F0-150x150.jpg 150w, https:\/\/agora.xtec.cat\/ceipsantsebastia\/wp-content\/uploads\/usu449\/2024\/03\/6A0E1F8E-4F1B-4ED8-97C6-D9DDFD22A3F0-768x768.jpg 768w, https:\/\/agora.xtec.cat\/ceipsantsebastia\/wp-content\/uploads\/usu449\/2024\/03\/6A0E1F8E-4F1B-4ED8-97C6-D9DDFD22A3F0.jpg 1440w\" sizes=\"auto, (max-width: 1024px) 100vw, 1024px\" \/><\/a><\/p>\n","protected":false},"excerpt":{"rendered":"<p>A la biblioteca hi anem a les estones dels 30 minuts de lectura, a fer pr\u00e9stec de llibres, els padrins lectors, etc.<br \/>\nTamb\u00e9 \u00e9s on hi ha tots els instruments i s&#8217;hi fan alguns desdoblaments dels grups de SC i TC.<br \/>\nA m\u00e9s, a les estones de&hellip;  <a href=\"https:\/\/agora.xtec.cat\/ceipsantsebastia\/lescola\/instal%c2%b7lacions\/biblioteca\/\" title=\"Read Biblioteca\">Llegeix m\u00e9s\u00bb<\/a><\/p>\n","protected":false},"author":1,"featured_media":0,"parent":30,"menu_order":0,"comment_status":"closed","ping_status":"closed","template":"","meta":{"_bbp_topic_count":0,"_bbp_reply_count":0,"_bbp_total_topic_count":0,"_bbp_total_reply_count":0,"_bbp_voice_count":0,"_bbp_anonymous_reply_count":0,"_bbp_topic_count_hidden":0,"_bbp_reply_count_hidden":0,"_bbp_forum_subforum_count":0,"footnotes":""},"class_list":["post-2506","page","type-page","status-publish","hentry"],"post_mailing_queue_ids":[],"_links":{"self":[{"href":"https:\/\/agora.xtec.cat\/ceipsantsebastia\/wp-json\/wp\/v2\/pages\/2506","targetHints":{"allow":["GET"]}}],"collection":[{"href":"https:\/\/agora.xtec.cat\/ceipsantsebastia\/wp-json\/wp\/v2\/pages"}],"about":[{"href":"https:\/\/agora.xtec.cat\/ceipsantsebastia\/wp-json\/wp\/v2\/types\/page"}],"author":[{"embeddable":true,"href":"https:\/\/agora.xtec.cat\/ceipsantsebastia\/wp-json\/wp\/v2\/users\/1"}],"replies":[{"embeddable":true,"href":"https:\/\/agora.xtec.cat\/ceipsantsebastia\/wp-json\/wp\/v2\/comments?post=2506"}],"version-history":[{"count":2,"href":"https:\/\/agora.xtec.cat\/ceipsantsebastia\/wp-json\/wp\/v2\/pages\/2506\/revisions"}],"predecessor-version":[{"id":2508,"href":"https:\/\/agora.xtec.cat\/ceipsantsebastia\/wp-json\/wp\/v2\/pages\/2506\/revisions\/2508"}],"up":[{"embeddable":true,"href":"https:\/\/agora.xtec.cat\/ceipsantsebastia\/wp-json\/wp\/v2\/pages\/30"}],"wp:attachment":[{"href":"https:\/\/agora.xtec.cat\/ceipsantsebastia\/wp-json\/wp\/v2\/media?parent=2506"}],"curies":[{"name":"wp","href":"https:\/\/api.w.org\/{rel}","templated":true}]}}