{"id":2465,"date":"2024-03-01T11:05:23","date_gmt":"2024-03-01T10:05:23","guid":{"rendered":"https:\/\/agora.xtec.cat\/ceipsantsebastia\/?page_id=2465"},"modified":"2024-03-01T11:05:23","modified_gmt":"2024-03-01T10:05:23","slug":"fem-sisena-hora","status":"publish","type":"page","link":"https:\/\/agora.xtec.cat\/ceipsantsebastia\/fem-sisena-hora\/","title":{"rendered":"Fem sisena hora"},"content":{"rendered":"<p>Aix\u00f2 vol dir que el nostre alumnat de prim\u00e0ria est\u00e0 un total de sis hores a l&#8217;escola. Aquesta sisena hora es destina a:<\/p>\n<ul>\n<li>Rob\u00f2tica<\/li>\n<li>Confer\u00e8ncies<\/li>\n<li>Projectes eTwinning<\/li>\n<li>Art (2h en total)<\/li>\n<li>Tallers \/ assemblea de grup<\/li>\n<\/ul>\n","protected":false},"excerpt":{"rendered":"<p>Aix\u00f2 vol dir que el nostre alumnat de prim\u00e0ria est\u00e0 un total de sis hores a l&#8217;escola. Aquesta sisena hora es destina a:<\/p>\n<ul>\n<li>Rob\u00f2tica<\/li>\n<li>Confer\u00e8ncies<\/li>\n<li>Projectes eTwinning<\/li>\n<li>Art (2h en total)<\/li>\n<li>Tallers \/ assemblea de grup<\/li>\n<\/ul>\n","protected":false},"author":1,"featured_media":0,"parent":0,"menu_order":0,"comment_status":"closed","ping_status":"closed","template":"","meta":{"_bbp_topic_count":0,"_bbp_reply_count":0,"_bbp_total_topic_count":0,"_bbp_total_reply_count":0,"_bbp_voice_count":0,"_bbp_anonymous_reply_count":0,"_bbp_topic_count_hidden":0,"_bbp_reply_count_hidden":0,"_bbp_forum_subforum_count":0,"footnotes":""},"class_list":["post-2465","page","type-page","status-publish","hentry"],"post_mailing_queue_ids":[],"_links":{"self":[{"href":"https:\/\/agora.xtec.cat\/ceipsantsebastia\/wp-json\/wp\/v2\/pages\/2465","targetHints":{"allow":["GET"]}}],"collection":[{"href":"https:\/\/agora.xtec.cat\/ceipsantsebastia\/wp-json\/wp\/v2\/pages"}],"about":[{"href":"https:\/\/agora.xtec.cat\/ceipsantsebastia\/wp-json\/wp\/v2\/types\/page"}],"author":[{"embeddable":true,"href":"https:\/\/agora.xtec.cat\/ceipsantsebastia\/wp-json\/wp\/v2\/users\/1"}],"replies":[{"embeddable":true,"href":"https:\/\/agora.xtec.cat\/ceipsantsebastia\/wp-json\/wp\/v2\/comments?post=2465"}],"version-history":[{"count":1,"href":"https:\/\/agora.xtec.cat\/ceipsantsebastia\/wp-json\/wp\/v2\/pages\/2465\/revisions"}],"predecessor-version":[{"id":2466,"href":"https:\/\/agora.xtec.cat\/ceipsantsebastia\/wp-json\/wp\/v2\/pages\/2465\/revisions\/2466"}],"wp:attachment":[{"href":"https:\/\/agora.xtec.cat\/ceipsantsebastia\/wp-json\/wp\/v2\/media?parent=2465"}],"curies":[{"name":"wp","href":"https:\/\/api.w.org\/{rel}","templated":true}]}}