{"id":24,"date":"2014-09-18T12:23:15","date_gmt":"2014-09-18T12:23:15","guid":{"rendered":"http:\/\/agora.xtec.cat\/ceipsantsebastia\/?page_id=24"},"modified":"2022-10-30T17:28:58","modified_gmt":"2022-10-30T16:28:58","slug":"on-som","status":"publish","type":"page","link":"https:\/\/agora.xtec.cat\/ceipsantsebastia\/lescola\/on-som\/","title":{"rendered":"On som"},"content":{"rendered":"<p style=\"color: #666666;\"><strong>Escola Sant Sebasti\u00e0, Nulles<\/strong><br \/>\nCarrer de les Escoles, s\/n<br \/>\n43887 Nulles (Tarragona)<\/p>\n<p>Tel. 977 60 16 44<br \/>\ne3001796@xtec.cat<\/p>\n<p><iframe loading=\"lazy\" style=\"border: 0;\" src=\"https:\/\/www.google.com\/maps\/embed?pb=!1m14!1m12!1m3!1d40352.7880792635!2d1.2992955498384438!3d41.260133598396884!2m3!1f0!2f0!3f0!3m2!1i1024!2i768!4f13.1!5e0!3m2!1sca!2ses!4v1550736610651\" width=\"600\" height=\"450\" frameborder=\"0\" allowfullscreen=\"allowfullscreen\"><\/iframe><\/p>\n<p><strong>Com arribar-hi:<\/strong><\/p>\n<p><strong>Tren:<\/strong> Estaci\u00f3 Nulles &#8211; Br\u00e0fim (L\u00ednea R13: La Plana-Picamoixons &#8211; Lleida Pirineus)<br \/>\n<strong>Bus:<\/strong>\u00a0pots trobar els horaris al seg\u00fcent enlla\u00e7:\u00a0http:\/\/www.nulles.altanet.org\/autobusos<\/p>\n<p>&nbsp;<\/p>\n<p>&nbsp;<\/p>\n","protected":false},"excerpt":{"rendered":"<p>Escola Sant Sebasti\u00e0, Nulles<br \/>\nCarrer de les Escoles, s\/n<br \/>\n43887 Nulles (Tarragona)<br \/>\nTel. 977 60 16 44<br \/>\ne3001796@xtec.cat<\/p>\n<p>Com arribar-hi:<br \/>\nTren: Estaci\u00f3 Nulles &#8211; Br\u00e0fim (L\u00ednea R13: La Plana-Picamoixons &#8211; Lleida Pirineus)<br \/>\nBus:\u00a0pots trobar els horaris al seg\u00fcent enlla\u00e7:\u00a0http:\/\/www.nulles.altanet.org\/autobusos<br \/>\n&nbsp;<br \/>\n&nbsp;<\/p>\n","protected":false},"author":2,"featured_media":0,"parent":22,"menu_order":10,"comment_status":"closed","ping_status":"closed","template":"page-templates\/side-menu.php","meta":{"_bbp_topic_count":0,"_bbp_reply_count":0,"_bbp_total_topic_count":0,"_bbp_total_reply_count":0,"_bbp_voice_count":0,"_bbp_anonymous_reply_count":0,"_bbp_topic_count_hidden":0,"_bbp_reply_count_hidden":0,"_bbp_forum_subforum_count":0,"footnotes":""},"class_list":["post-24","page","type-page","status-publish","hentry"],"post_mailing_queue_ids":[],"_links":{"self":[{"href":"https:\/\/agora.xtec.cat\/ceipsantsebastia\/wp-json\/wp\/v2\/pages\/24","targetHints":{"allow":["GET"]}}],"collection":[{"href":"https:\/\/agora.xtec.cat\/ceipsantsebastia\/wp-json\/wp\/v2\/pages"}],"about":[{"href":"https:\/\/agora.xtec.cat\/ceipsantsebastia\/wp-json\/wp\/v2\/types\/page"}],"author":[{"embeddable":true,"href":"https:\/\/agora.xtec.cat\/ceipsantsebastia\/wp-json\/wp\/v2\/users\/2"}],"replies":[{"embeddable":true,"href":"https:\/\/agora.xtec.cat\/ceipsantsebastia\/wp-json\/wp\/v2\/comments?post=24"}],"version-history":[{"count":4,"href":"https:\/\/agora.xtec.cat\/ceipsantsebastia\/wp-json\/wp\/v2\/pages\/24\/revisions"}],"predecessor-version":[{"id":2230,"href":"https:\/\/agora.xtec.cat\/ceipsantsebastia\/wp-json\/wp\/v2\/pages\/24\/revisions\/2230"}],"up":[{"embeddable":true,"href":"https:\/\/agora.xtec.cat\/ceipsantsebastia\/wp-json\/wp\/v2\/pages\/22"}],"wp:attachment":[{"href":"https:\/\/agora.xtec.cat\/ceipsantsebastia\/wp-json\/wp\/v2\/media?parent=24"}],"curies":[{"name":"wp","href":"https:\/\/api.w.org\/{rel}","templated":true}]}}