{"id":2399,"date":"2023-12-14T12:00:36","date_gmt":"2023-12-14T11:00:36","guid":{"rendered":"https:\/\/agora.xtec.cat\/ceipsantsebastia\/?page_id=2399"},"modified":"2025-06-09T12:55:15","modified_gmt":"2025-06-09T10:55:15","slug":"estrategia-digital-de-centre","status":"publish","type":"page","link":"https:\/\/agora.xtec.cat\/ceipsantsebastia\/lescola\/documents-de-centre\/estrategia-digital-de-centre\/","title":{"rendered":"Estrat\u00e8gia Digital de Centre"},"content":{"rendered":"<section id=\"h.1c6f648dd2eff617_43\" class=\"yaqOZd\">\n<div class=\"mYVXT\">\n<div class=\"LS81yb VICjCf j5pSsc db35Fc\" tabindex=\"-1\">\n<div class=\"hJDwNd-AhqUyc-uQSCkd Ft7HRd-AhqUyc-uQSCkd purZT-AhqUyc-II5mzb ZcASvf-AhqUyc-II5mzb pSzOP-AhqUyc-qWD73c Ktthjf-AhqUyc-qWD73c JNdkSc SQVYQc yYI8W HQwdzb\">\n<div class=\"JNdkSc-SmKAyb LkDMRd\">\n<div class=\"\">\n<div class=\"oKdM2c ZZyype Kzv0Me\">\n<div id=\"h.1c6f648dd2eff617_49\" class=\"hJDwNd-AhqUyc-uQSCkd Ft7HRd-AhqUyc-uQSCkd jXK9ad D2fZ2 zu5uec OjCsFc dmUFtb JYTMs\">\n<div class=\"jXK9ad-SmKAyb\">\n<div class=\"tyJCtd mGzaTb Depvyb baZpAe\">\n<div><\/div>\n<h2 class=\"CjVfdc\"><strong><span class=\" jgG6ef\">DIAGNOSI<\/span><\/strong><\/h2>\n<\/div>\n<\/div>\n<\/div>\n<\/div>\n<div class=\"oKdM2c ZZyype\">\n<div id=\"h.1c6f648dd2eff617_51\" class=\"hJDwNd-AhqUyc-uQSCkd Ft7HRd-AhqUyc-uQSCkd jXK9ad D2fZ2 zu5uec wHaque g5GTcb JYTMs\">\n<div class=\"jXK9ad-SmKAyb\">\n<div class=\"tyJCtd mGzaTb Depvyb baZpAe\">\n<p class=\"CDt4Ke zfr3Q\" dir=\"ltr\">Seguint les orientacions del Departament d&#8217;Educaci\u00f3 per a fer una bona diagnosi digital dels centres, durant el per\u00edode del 15 de mar\u00e7 al 4 d&#8217;abril de 2022, es van passar les enquestes generades per l&#8217;eina <span class=\" aw5Odc\"><a class=\"XqQF9c\" href=\"https:\/\/www.google.com\/url?q=https%3A%2F%2Fprojectes.xtec.cat%2Fedc-suport%2Fdiagnosi%2Faplicacio-selfie%2F&amp;sa=D&amp;sntz=1&amp;usg=AOvVaw3-sFTjlPVUMbSrIUOxRQz_\" target=\"_blank\" rel=\"noopener\">Selfie de la Comissi\u00f3 Europea<\/a> de la Zona Escolar Rural a la qual l&#8217;escola formava part<\/span>. La participaci\u00f3 dels diferents integrants del centre va ser del: 100% dels equips directius, 77% del grup de mestres i 100% dels alumnes de cicle superior als quals s&#8217;han passat les enquestes.<\/p>\n<p><span style=\"font-weight: 400;\">L\u2019objectiu de la diagnosi era trobar aquells punts forts que el centre ja est\u00e0 fent correctament sobre l\u2019\u00fas de les tecnologies digitals i, tamb\u00e9, trobar aquells aspectes en qu\u00e8 el centre havia de millorar.<\/span><\/p>\n<h2><span style=\"font-weight: 400;\">Aspectes destacats de la diagnosi<\/span><\/h2>\n<p><span style=\"font-weight: 400;\">Per fer l\u2019an\u00e0lisi de la diagnosi s\u2019ha utilitzat un full de c\u00e0lcul compartit on s\u2019hi ha anotat per cadascun dels \u00edtems analitzats: l\u2019eina utilitzada, la dimensi\u00f3 o \u00e0rea de l\u2019enunciat a analitzar, la tem\u00e0tica, la pregunta plantejada segons l\u2019eina, la puntuaci\u00f3 obtinguda segons l\u2019eina (puntuable entre 1 i 5, essent 5 el valor m\u00e9s alt), i la valoraci\u00f3 feta per la comissi\u00f3 digital com a punt feble o fort.<\/span><\/p>\n<p><span style=\"font-weight: 400;\">En total s\u2019han considerat 73 elements de diagnosi. D\u2019aquests, 1 punt s\u2019ha considerat molt feble, 47 s\u2019han considerat punts febles i 25 punts forts.<\/span><\/p>\n<p><span style=\"font-weight: 400;\">Observem, en general, valoracions altes en les \u00e0rees de lideratge i col\u00b7laboraci\u00f3 i xarxes.\u00a0<\/span><\/p>\n<h3><span style=\"font-weight: 400;\">Punts forts<\/span><\/h3>\n<ul>\n<li style=\"font-weight: 400;\" aria-level=\"1\"><span style=\"font-weight: 400;\">Donem suport al professorat perqu\u00e8 explori noves formes d&#8217;ensenyament amb tecnologies digitals.<\/span><\/li>\n<li style=\"font-weight: 400;\" aria-level=\"1\"><span style=\"font-weight: 400;\">Al nostre centre hi ha dispositius digitals per al seu \u00fas en l&#8217;ensenyament.<\/span><\/li>\n<li style=\"font-weight: 400;\" aria-level=\"1\"><span style=\"font-weight: 400;\">Al nostre centre es facilita acc\u00e9s a internet per a l&#8217;ensenyament i l&#8217;aprenentatge.<\/span><\/li>\n<li style=\"font-weight: 400;\" aria-level=\"1\"><span style=\"font-weight: 400;\">El professorat del nostre centre cerca recursos educatius digitals en l\u00ednia.<\/span><\/li>\n<li style=\"font-weight: 400;\" aria-level=\"1\"><span style=\"font-weight: 400;\">El professorat del nostre centre empra entorns virtuals d&#8217;aprenentatge amb l&#8217;alumnat.<\/span><\/li>\n<li style=\"font-weight: 400;\" aria-level=\"1\"><span style=\"font-weight: 400;\">El professorat del nostre centre utilitza tecnologies digitals per a la comunicaci\u00f3 relacionada amb el centre educatiu.<\/span><\/li>\n<li style=\"font-weight: 400;\" aria-level=\"1\"><span style=\"font-weight: 400;\">El nostre professorat realitza activitats d&#8217;aprenentatge digitals que motiven l&#8217;alumnat.<\/span><\/li>\n<li style=\"font-weight: 400;\" aria-level=\"1\"><span style=\"font-weight: 400;\">Al nostre centre l&#8217;alumnat apr\u00e8n a actuar de manera segura a internet.<\/span><\/li>\n<li style=\"font-weight: 400;\" aria-level=\"1\"><span style=\"font-weight: 400;\">Al nostre centre l&#8217;alumnat apr\u00e8n a actuar de manera responsable a internet.<\/span><\/li>\n<li style=\"font-weight: 400;\" aria-level=\"1\"><span style=\"font-weight: 400;\">Ens assegurem que l&#8217;alumnat desenvolupi habilitats digitals per a diferents mat\u00e8ries.<\/span><\/li>\n<li style=\"font-weight: 400;\" aria-level=\"1\"><span style=\"font-weight: 400;\">Al nostre centre es disposa d&#8217;assist\u00e8ncia t\u00e8cnica quan sorgeixen problemes amb les tecnologies digitals.<\/span><\/li>\n<li style=\"font-weight: 400;\" aria-level=\"1\"><span style=\"font-weight: 400;\">Al nostre centre existeixen sistemes de protecci\u00f3 de dades.<\/span><\/li>\n<li style=\"font-weight: 400;\" aria-level=\"1\"><span style=\"font-weight: 400;\">Al nostre centre hi ha dispositius digitals que s\u00f3n propietat del centre o s\u00f3n gestionats per ell i que l&#8217;alumnat pot usar quan els necessita. El nostre professorat t\u00e9 acc\u00e9s a possibilitats de formaci\u00f3 permanent quant a l&#8217;ensenyament i l&#8217;aprenentatge amb tecnologies digitals.<\/span><\/li>\n<\/ul>\n<h3><span style=\"font-weight: 400;\">Punts febles<\/span><\/h3>\n<ul>\n<li style=\"font-weight: 400;\" aria-level=\"1\"><span style=\"font-weight: 400;\">El funcionament de la xarxa i l&#8217;acc\u00e9s a internet \u00e9s deficient.<\/span><\/li>\n<li style=\"font-weight: 400;\" aria-level=\"1\"><span style=\"font-weight: 400;\">Seq\u00fcenciaci\u00f3 i avaluaci\u00f3 de la CDA.<\/span><\/li>\n<li style=\"font-weight: 400;\" aria-level=\"1\"><span style=\"font-weight: 400;\">Potenciar la web de la ZER com a canal d&#8217;informaci\u00f3 amb la comunitat educativa.<\/span><\/li>\n<li style=\"font-weight: 400;\" aria-level=\"1\"><span style=\"font-weight: 400;\">Al nostre centre debatem sobre els avantatges i desavantatges de l&#8217;ensenyament i l&#8217;aprenentatge amb tecnologies digitals.<\/span><\/li>\n<li style=\"font-weight: 400;\" aria-level=\"1\"><span style=\"font-weight: 400;\">El nostre professorat fa \u00fas de tecnologies digitals per facilitar una retroalimentaci\u00f3 adequada (feedback) a l&#8217;alumnat.<\/span><\/li>\n<li style=\"font-weight: 400;\" aria-level=\"1\"><span style=\"font-weight: 400;\">Al nostre centre l&#8217;alumnat apr\u00e8n a crear continguts digitals.<\/span><\/li>\n<li style=\"font-weight: 400;\" aria-level=\"1\"><span style=\"font-weight: 400;\">Al nostre centre l&#8217;alumnat apr\u00e8n a donar cr\u00e8dit al treball d&#8217;altres persones que ha trobat a internet.<\/span><\/li>\n<li style=\"font-weight: 400;\" aria-level=\"1\"><span style=\"font-weight: 400;\">Al nostre centre l&#8217;alumnat apr\u00e8n a comunicar-se usant tecnologies digitals.<\/span><\/li>\n<li style=\"font-weight: 400;\" aria-level=\"1\"><span style=\"font-weight: 400;\">El nostre professorat fa servir activitats d&#8217;aprenentatge digitals que fomenten la creativitat de l&#8217;alumnat.<\/span><\/li>\n<\/ul>\n<\/div>\n<\/div>\n<\/div>\n<\/div>\n<\/div>\n<\/div>\n<\/div>\n<\/div>\n<\/div>\n<\/section>\n<section id=\"h.1c6f648dd2eff617_52\" class=\"yaqOZd\">\n<div class=\"IFuOkc\">\n<h2 class=\"CjVfdc\"><strong><span class=\" jgG6ef\">OBJECTIUS i ACTIVITATS<\/span><\/strong><\/h2>\n<\/div>\n<p>A continuaci\u00f3 es descriuen els objectius i les activitats que s&#8217;han previst per a l&#8217;EDC per als propers cursos:<\/p>\n<p><iframe loading=\"lazy\" src=\"https:\/\/docs.google.com\/spreadsheets\/d\/e\/2PACX-1vRJ2ZYY5CHzEuI7mbA0kwLHmVU5mccdqhhWXxw188XSDm9fEVMTrlG1EHMaYN5P2Jnu3Pp2V028YWQT\/pubhtml?widget=true&amp;headers=false\" width=\"640\" height=\"500\"><span data-mce-type=\"bookmark\" style=\"display: inline-block; width: 0px; overflow: hidden; line-height: 0;\" class=\"mce_SELRES_start\">\ufeff<\/span><span data-mce-type=\"bookmark\" style=\"display: inline-block; width: 0px; overflow: hidden; line-height: 0;\" class=\"mce_SELRES_start\">\ufeff<\/span><\/iframe><\/p>\n<\/section>\n","protected":false},"excerpt":{"rendered":"<p>DIAGNOSI<\/p>\n<p>Seguint les orientacions del Departament d&#8217;Educaci\u00f3 per a fer una bona diagnosi digital dels centres, durant el per\u00edode del 15 de mar\u00e7 al 4 d&#8217;abril de 2022, es van passar les enquestes generades per l&#8217;eina <a class=\"XqQF9c\" href=\"https:\/\/www.google.com\/url?q=https%3A%2F%2Fprojectes.xtec.cat%2Fedc-suport%2Fdiagnosi%2Faplicacio-selfie%2F&amp;sa=D&amp;sntz=1&amp;usg=AOvVaw3-sFTjlPVUMbSrIUOxRQz_\" target=\"_blank\" rel=\"noopener\">Selfie de la Comissi\u00f3 Europea<\/a> de&hellip;  <a href=\"https:\/\/agora.xtec.cat\/ceipsantsebastia\/lescola\/documents-de-centre\/estrategia-digital-de-centre\/\" title=\"Read Estrat\u00e8gia Digital de Centre\">Llegeix m\u00e9s\u00bb<\/a><\/p>\n","protected":false},"author":1,"featured_media":0,"parent":315,"menu_order":0,"comment_status":"closed","ping_status":"closed","template":"page-templates\/side-menu.php","meta":{"_bbp_topic_count":0,"_bbp_reply_count":0,"_bbp_total_topic_count":0,"_bbp_total_reply_count":0,"_bbp_voice_count":0,"_bbp_anonymous_reply_count":0,"_bbp_topic_count_hidden":0,"_bbp_reply_count_hidden":0,"_bbp_forum_subforum_count":0,"footnotes":""},"class_list":["post-2399","page","type-page","status-publish","hentry"],"post_mailing_queue_ids":[],"_links":{"self":[{"href":"https:\/\/agora.xtec.cat\/ceipsantsebastia\/wp-json\/wp\/v2\/pages\/2399","targetHints":{"allow":["GET"]}}],"collection":[{"href":"https:\/\/agora.xtec.cat\/ceipsantsebastia\/wp-json\/wp\/v2\/pages"}],"about":[{"href":"https:\/\/agora.xtec.cat\/ceipsantsebastia\/wp-json\/wp\/v2\/types\/page"}],"author":[{"embeddable":true,"href":"https:\/\/agora.xtec.cat\/ceipsantsebastia\/wp-json\/wp\/v2\/users\/1"}],"replies":[{"embeddable":true,"href":"https:\/\/agora.xtec.cat\/ceipsantsebastia\/wp-json\/wp\/v2\/comments?post=2399"}],"version-history":[{"count":2,"href":"https:\/\/agora.xtec.cat\/ceipsantsebastia\/wp-json\/wp\/v2\/pages\/2399\/revisions"}],"predecessor-version":[{"id":2731,"href":"https:\/\/agora.xtec.cat\/ceipsantsebastia\/wp-json\/wp\/v2\/pages\/2399\/revisions\/2731"}],"up":[{"embeddable":true,"href":"https:\/\/agora.xtec.cat\/ceipsantsebastia\/wp-json\/wp\/v2\/pages\/315"}],"wp:attachment":[{"href":"https:\/\/agora.xtec.cat\/ceipsantsebastia\/wp-json\/wp\/v2\/media?parent=2399"}],"curies":[{"name":"wp","href":"https:\/\/api.w.org\/{rel}","templated":true}]}}