{"id":9,"date":"2021-02-25T12:00:18","date_gmt":"2021-02-25T11:00:18","guid":{"rendered":"http:\/\/agora.xtec.cat\/ceipsantsalvadordhorta\/?page_id=9"},"modified":"2026-04-29T09:26:11","modified_gmt":"2026-04-29T07:26:11","slug":"pagina-dinici-buida","status":"publish","type":"page","link":"https:\/\/agora.xtec.cat\/ceipsantsalvadordhorta\/","title":{"rendered":"PORTADA"},"content":{"rendered":"<p><img loading=\"lazy\" decoding=\"async\" class=\"alignnone size-full wp-image-35125\" src=\"https:\/\/agora.xtec.cat\/ceipsantsalvadordhorta\/wp-content\/uploads\/usu880\/2025\/09\/portada.png\" alt=\"\" width=\"1250\" height=\"378\" srcset=\"https:\/\/agora.xtec.cat\/ceipsantsalvadordhorta\/wp-content\/uploads\/usu880\/2025\/09\/portada.png 1250w, https:\/\/agora.xtec.cat\/ceipsantsalvadordhorta\/wp-content\/uploads\/usu880\/2025\/09\/portada-300x91.png 300w, https:\/\/agora.xtec.cat\/ceipsantsalvadordhorta\/wp-content\/uploads\/usu880\/2025\/09\/portada-1024x310.png 1024w, https:\/\/agora.xtec.cat\/ceipsantsalvadordhorta\/wp-content\/uploads\/usu880\/2025\/09\/portada-768x232.png 768w\" sizes=\"auto, (max-width: 1250px) 100vw, 1250px\" \/><\/p>\n<table style=\"border-collapse: collapse; width: 100%;\">\n<tbody>\n<tr>\n<td style=\"width: 58.6814%; border-style: hidden; background-color: #f7c154;\"><a href=\"https:\/\/preinscripcio.gencat.cat\/ca\/inici\/\"><img loading=\"lazy\" decoding=\"async\" class=\"alignnone wp-image-35960\" src=\"https:\/\/agora.xtec.cat\/ceipsantsalvadordhorta\/wp-content\/uploads\/usu880\/2026\/01\/1-1.png\" alt=\"\" width=\"667\" height=\"205\" srcset=\"https:\/\/agora.xtec.cat\/ceipsantsalvadordhorta\/wp-content\/uploads\/usu880\/2026\/01\/1-1.png 598w, https:\/\/agora.xtec.cat\/ceipsantsalvadordhorta\/wp-content\/uploads\/usu880\/2026\/01\/1-1-300x92.png 300w\" sizes=\"auto, (max-width: 667px) 100vw, 667px\" \/><\/a><\/p>\n<h4><span style=\"color: #000080;\">Educaci\u00f3 Infantil (segon cicle) i <\/span><span style=\"color: #000080;\">Educaci\u00f3 Prim\u00e0ria<\/span><\/h4>\n<h4><span style=\"color: #000080;\">Del 4 al 18 de mar\u00e7 de 2026<\/span><\/h4>\n<\/td>\n<td style=\"width: 41.3186%; border-style: hidden; background-color: #f7c154;\">\n<h4><strong>Seguiment i llistats del proc\u00e9s:<\/strong><\/h4>\n<h5><span style=\"color: #000000;\"><a style=\"color: #000000;\" href=\"https:\/\/preinscripcio.gencat.cat\/ca\/estudis\/infantil-3-6\/informat\/calendari\/\">Calendari i terminis<\/a><\/span><\/h5>\n<h5><span style=\"color: #000000;\"><a style=\"color: #000000;\" href=\"https:\/\/agora.xtec.cat\/ceipsantsalvadordhorta\/wp-content\/uploads\/usu880\/2026\/03\/INFORME_OFERTA_OME_INFORME_OFERTA.pdf\">Oferta Inicial<\/a><\/span><\/h5>\n<h5><span style=\"color: #000000;\"><a style=\"color: #000000;\" href=\"https:\/\/agora.xtec.cat\/ceipsantsalvadordhorta\/wp-content\/uploads\/usu880\/2026\/04\/INFORME_BAREM_PROVISIONAL_BAREM.pdf\">Llista amb puntuaci\u00f3 provisional<\/a><\/span><\/h5>\n<h5><span style=\"color: #000000;\"><a style=\"color: #000000;\" href=\"https:\/\/agora.xtec.cat\/ceipsantsalvadordhorta\/wp-content\/uploads\/usu880\/2026\/04\/INFORME_BAREM_RESOLTES_BAREM.pdf\">Llista amb puntuaci\u00f3 resolta<\/a><\/span><\/h5>\n<h5><span style=\"color: #000000;\">N\u00famero desempat: 42.129<\/span><\/h5>\n<h5><a href=\"https:\/\/agora.xtec.cat\/ceipsantsalvadordhorta\/wp-content\/uploads\/usu880\/2026\/04\/INFORME_BAREM_DEFINITIU_BAREM.pdf\">Llista ordenada definitiva<\/a><\/h5>\n<p>&nbsp;<\/td>\n<\/tr>\n<\/tbody>\n<\/table>\n<p>&nbsp;<\/p>\n","protected":false},"excerpt":{"rendered":"<p><a href=\"https:\/\/preinscripcio.gencat.cat\/ca\/inici\/\"><\/a><br \/>\nEducaci\u00f3 Infantil (segon cicle) i Educaci\u00f3 Prim\u00e0ria<br \/>\nDel 4 al 18 de mar\u00e7 de 2026<\/p>\n<p>Seguiment i llistats del proc\u00e9s:<br \/>\n<a style=\"color: #000000;\" href=\"https:\/\/preinscripcio.gencat.cat\/ca\/estudis\/infantil-3-6\/informat\/calendari\/\">Calendari i terminis<\/a><br \/>\n<a style=\"color: #000000;\" href=\"https:\/\/agora.xtec.cat\/ceipsantsalvadordhorta\/wp-content\/uploads\/usu880\/2026\/03\/INFORME_OFERTA_OME_INFORME_OFERTA.pdf\">Oferta Inicial<\/a><br \/>\n<a style=\"color: #000000;\" href=\"https:\/\/agora.xtec.cat\/ceipsantsalvadordhorta\/wp-content\/uploads\/usu880\/2026\/04\/INFORME_BAREM_PROVISIONAL_BAREM.pdf\">Llista amb puntuaci\u00f3 provisional<\/a><br \/>\n<a style=\"color: #000000;\" href=\"https:\/\/agora.xtec.cat\/ceipsantsalvadordhorta\/wp-content\/uploads\/usu880\/2026\/04\/INFORME_BAREM_RESOLTES_BAREM.pdf\">Llista amb puntuaci\u00f3 resolta<\/a><br \/>\nN\u00famero desempat: 42.129<br \/>\n<a href=\"https:\/\/agora.xtec.cat\/ceipsantsalvadordhorta\/wp-content\/uploads\/usu880\/2026\/04\/INFORME_BAREM_DEFINITIU_BAREM.pdf\">Llista ordenada definitiva<\/a><br \/>\n&nbsp;<\/p>\n<p>&nbsp;<\/p>\n","protected":false},"author":1,"featured_media":0,"parent":0,"menu_order":0,"comment_status":"closed","ping_status":"closed","template":"page-templates\/front-page.php","meta":{"_bbp_topic_count":0,"_bbp_reply_count":0,"_bbp_total_topic_count":0,"_bbp_total_reply_count":0,"_bbp_voice_count":0,"_bbp_anonymous_reply_count":0,"_bbp_topic_count_hidden":0,"_bbp_reply_count_hidden":0,"_bbp_forum_subforum_count":0,"footnotes":""},"class_list":["post-9","page","type-page","status-publish","hentry"],"post_mailing_queue_ids":[],"_links":{"self":[{"href":"https:\/\/agora.xtec.cat\/ceipsantsalvadordhorta\/wp-json\/wp\/v2\/pages\/9","targetHints":{"allow":["GET"]}}],"collection":[{"href":"https:\/\/agora.xtec.cat\/ceipsantsalvadordhorta\/wp-json\/wp\/v2\/pages"}],"about":[{"href":"https:\/\/agora.xtec.cat\/ceipsantsalvadordhorta\/wp-json\/wp\/v2\/types\/page"}],"author":[{"embeddable":true,"href":"https:\/\/agora.xtec.cat\/ceipsantsalvadordhorta\/wp-json\/wp\/v2\/users\/1"}],"replies":[{"embeddable":true,"href":"https:\/\/agora.xtec.cat\/ceipsantsalvadordhorta\/wp-json\/wp\/v2\/comments?post=9"}],"version-history":[{"count":7,"href":"https:\/\/agora.xtec.cat\/ceipsantsalvadordhorta\/wp-json\/wp\/v2\/pages\/9\/revisions"}],"predecessor-version":[{"id":36663,"href":"https:\/\/agora.xtec.cat\/ceipsantsalvadordhorta\/wp-json\/wp\/v2\/pages\/9\/revisions\/36663"}],"wp:attachment":[{"href":"https:\/\/agora.xtec.cat\/ceipsantsalvadordhorta\/wp-json\/wp\/v2\/media?parent=9"}],"curies":[{"name":"wp","href":"https:\/\/api.w.org\/{rel}","templated":true}]}}