{"id":569,"date":"2016-07-23T14:22:09","date_gmt":"2016-07-23T13:22:09","guid":{"rendered":"http:\/\/agora.xtec.cat\/ceipsantsalvadordhorta\/?page_id=569"},"modified":"2025-11-26T13:23:34","modified_gmt":"2025-11-26T12:23:34","slug":"equip-pedagogic","status":"publish","type":"page","link":"https:\/\/agora.xtec.cat\/ceipsantsalvadordhorta\/lescola\/equip-pedagogic\/","title":{"rendered":"Equip docent"},"content":{"rendered":"<p><strong>EQUIP DIRECTIU<\/strong><\/p>\n<table style=\"height: 95px; border-color: #000000;\" width=\"859\">\n<tbody>\n<tr>\n<td style=\"text-align: center;\"><strong>CAP D&#8217;ESTUDIS<\/strong><\/td>\n<td style=\"text-align: center;\"><strong>DIRECTORA<\/strong><\/td>\n<td style=\"text-align: center;\"><strong>SECRETARI<\/strong><\/td>\n<\/tr>\n<tr>\n<td style=\"text-align: center;\">Gl\u00f2ria Alegre<\/td>\n<td style=\"text-align: center;\">Tat Jaume<\/td>\n<td style=\"text-align: center;\">Miki Bass\u00e0<\/td>\n<\/tr>\n<\/tbody>\n<\/table>\n<p><strong>EDUCACI\u00d3 INFANTIL<\/strong><\/p>\n<table style=\"height: 273px; width: 95.3391%;\" width=\"860\">\n<tbody>\n<tr style=\"height: 31px;\">\n<td style=\"text-align: center; height: 31px; width: 15.3177%;\"><strong>CURS<\/strong><\/td>\n<td style=\"text-align: center; height: 31px; width: 24.7871%;\"><strong>TUTORES<\/strong><\/td>\n<td style=\"text-align: center; height: 31px; width: 41.259%;\"><strong>ESPECIALISTES ASSIGNATS<\/strong><\/td>\n<\/tr>\n<tr style=\"height: 34px;\">\n<td style=\"height: 33px; width: 15.3177%;\">i3A<\/td>\n<td style=\"height: 33px; width: 24.7871%; text-align: left;\">Lourdes<\/td>\n<td style=\"height: 211px; width: 41.259%;\" rowspan=\"7\">\n<p style=\"text-align: center;\">Georgina<\/p>\n<p style=\"text-align: center;\">Mireia<\/p>\n<p style=\"text-align: center;\">Anna<\/p>\n<p style=\"text-align: center;\">Cl\u00e0udia<\/p>\n<p style=\"text-align: center;\">J\u00falia<\/p>\n<p style=\"text-align: center;\">Cristina<\/p>\n<p style=\"text-align: center;\">Hawa \/ L\u00eddia<\/p>\n<p style=\"text-align: center;\">Gisela \/ Kira<\/p>\n<\/td>\n<\/tr>\n<tr style=\"height: 34px;\">\n<td style=\"height: 34px; width: 15.3177%;\">i3B<\/td>\n<td style=\"height: 34px; width: 24.7871%; text-align: left;\">Neus<\/td>\n<\/tr>\n<tr style=\"height: 32px;\">\n<td style=\"width: 15.3177%; height: 32px;\">i4A<\/td>\n<td style=\"width: 24.7871%; text-align: left; height: 32px;\">N\u00faria<\/td>\n<\/tr>\n<tr style=\"height: 35px;\">\n<td style=\"height: 35px; width: 15.3177%;\">i4B<\/td>\n<td style=\"height: 35px; width: 24.7871%; text-align: left;\">S\u00f2nia<\/td>\n<\/tr>\n<tr style=\"height: 34px;\">\n<td style=\"height: 34px; width: 15.3177%; text-align: left;\">i5A<\/td>\n<td style=\"height: 34px; width: 24.7871%; text-align: left;\">Cristina<\/td>\n<\/tr>\n<tr style=\"height: 35px;\">\n<td style=\"height: 10px; width: 15.3177%;\">i5B<\/td>\n<td style=\"height: 10px; width: 24.7871%; text-align: left;\">Gl\u00f2ria \/ Mireia<\/td>\n<\/tr>\n<tr style=\"height: 33px;\">\n<td style=\"width: 15.3177%; height: 33px;\">i5C<\/td>\n<td style=\"width: 24.7871%; height: 33px; text-align: left;\">Laura<\/td>\n<\/tr>\n<tr style=\"height: 31px;\">\n<td style=\"height: 31px; width: 15.3177%;\">COORDINADORA<\/td>\n<td style=\"height: 31px; width: 66.0461%;\" colspan=\"2\">N\u00faria<\/td>\n<\/tr>\n<\/tbody>\n<\/table>\n<p><strong>EDUCACI\u00d3 PRIM\u00c0RIA<\/strong><\/p>\n<p><strong>Cicle Inicial<\/strong><\/p>\n<table style=\"height: 182px; width: 95.2594%;\" width=\"858\">\n<tbody>\n<tr style=\"height: 31px;\">\n<td style=\"text-align: center; height: 31px; width: 15.0395%;\"><strong>CURS<\/strong><\/td>\n<td style=\"text-align: center; height: 31px; width: 23.7196%;\"><strong>TUTORES<\/strong><\/td>\n<td style=\"text-align: center; height: 31px; width: 21.0652%;\" colspan=\"2\"><strong>ESPECIALISTES ASSIGNATS<\/strong><strong><br \/>\n<\/strong><\/td>\n<\/tr>\n<tr style=\"height: 32px;\">\n<td style=\"height: 33px; width: 15.0395%;\">1rA<\/td>\n<td style=\"height: 33px; width: 23.7196%;\">Anna Ll.<\/td>\n<td style=\"height: 120px; width: 21.0652%;\" rowspan=\"4\">\n<p style=\"text-align: center;\">Pau<\/p>\n<p style=\"text-align: center;\">Jordi<\/p>\n<p style=\"text-align: center;\">Anna M\u00aa \/ Dolors<\/p>\n<\/td>\n<td style=\"width: 21.0652%; height: 120px;\" rowspan=\"4\">\n<p style=\"text-align: center;\">Eva G.<\/p>\n<p style=\"text-align: center;\">Eva B.<\/p>\n<p style=\"text-align: center;\">Tat<\/p>\n<\/td>\n<\/tr>\n<tr style=\"height: 32px;\">\n<td style=\"height: 32px; width: 15.0395%;\">1rB<\/td>\n<td style=\"height: 32px; width: 23.7196%;\">Clara<\/td>\n<\/tr>\n<tr style=\"height: 31px;\">\n<td style=\"height: 31px; width: 15.0395%;\">2nA<\/td>\n<td style=\"height: 31px; width: 23.7196%;\">Irene<\/td>\n<\/tr>\n<tr style=\"height: 31px;\">\n<td style=\"height: 24px; width: 15.0395%;\">2nB<\/td>\n<td style=\"height: 24px; width: 23.7196%;\">Anna V. \/ Pau<\/td>\n<\/tr>\n<tr style=\"height: 31px;\">\n<td style=\"height: 31px; width: 15.0395%;\">COORDINADORA<\/td>\n<td style=\"height: 31px; width: 44.7848%;\" colspan=\"3\">\u00a0Irene<\/td>\n<\/tr>\n<\/tbody>\n<\/table>\n<p><strong>Cicle Mitj\u00e0<\/strong><\/p>\n<table style=\"height: 195px; width: 94.5525%;\" width=\"856\">\n<tbody>\n<tr style=\"height: 31px;\">\n<td style=\"text-align: center; height: 31px; width: 15.7235%;\"><strong>CURS<\/strong><\/td>\n<td style=\"text-align: center; height: 31px; width: 24.003%;\"><strong>TUTORS\/ES<\/strong><\/td>\n<td style=\"text-align: center; height: 31px; width: 41.3904%;\"><strong>ESPECIALISTES ASSIGNATS<\/strong><\/td>\n<\/tr>\n<tr style=\"height: 42px;\">\n<td style=\"height: 20px; width: 15.7235%;\">3rA<\/td>\n<td style=\"height: 20px; width: 24.003%;\"><span style=\"background-color: #ffffff;\">Rosa<\/span><\/td>\n<td style=\"text-align: center; height: 133px; width: 41.3904%;\" rowspan=\"5\">Maria P.<\/p>\n<p>Merc\u00e8 M.<\/p>\n<p>Maria P.<\/p>\n<p>Miki<\/td>\n<\/tr>\n<tr style=\"height: 49px;\">\n<td style=\"width: 15.7235%; height: 10px;\">3rB<\/td>\n<td style=\"width: 24.003%; height: 10px;\"><span style=\"background-color: #ffffff;\">Neus F.<\/span><\/td>\n<\/tr>\n<tr style=\"height: 42px;\">\n<td style=\"height: 38px; width: 15.7235%;\">4tA<\/td>\n<td style=\"height: 38px; width: 24.003%;\">Sandra<\/td>\n<\/tr>\n<tr style=\"height: 42px;\">\n<td style=\"height: 32px; width: 15.7235%;\">4tB<\/td>\n<td style=\"height: 32px; width: 24.003%;\">Merc\u00e8 C.<\/td>\n<\/tr>\n<tr style=\"height: 33px;\">\n<td style=\"width: 15.7235%; height: 33px;\"><span style=\"background-color: #ffffff;\">4tC<\/span><\/td>\n<td style=\"width: 24.003%; height: 33px;\">Esme<\/td>\n<\/tr>\n<tr style=\"height: 31px;\">\n<td style=\"height: 31px; width: 15.7235%;\">COORDINADORA<\/td>\n<td style=\"height: 31px; width: 65.3934%;\" colspan=\"2\">Esme<\/td>\n<\/tr>\n<\/tbody>\n<\/table>\n<p><strong>Cicle Superior<\/strong><\/p>\n<table style=\"height: 152px; width: 93.8208%;\" width=\"114.492%\">\n<tbody>\n<tr style=\"height: 33px;\">\n<td style=\"text-align: center; width: 16.0279%; height: 33px;\"><strong>CURS<\/strong><\/td>\n<td style=\"text-align: center; width: 23.3867%; height: 33px;\"><strong>TUTORES<\/strong><\/td>\n<td style=\"text-align: center; width: 21.8644%; height: 33px;\" colspan=\"2\"><strong>ESPECIALISTES ASSIGNATS<\/strong><br \/>\n<strong><br \/>\n<\/strong><\/td>\n<\/tr>\n<tr style=\"height: 52px;\">\n<td style=\"width: 16.0279%; height: 18px;\">5\u00e8A<\/td>\n<td style=\"width: 23.3867%; height: 18px;\">Janet<\/td>\n<td style=\"width: 21.8644%; height: 86px;\" rowspan=\"4\">\n<p style=\"text-align: center;\">\u00a0Maria<\/p>\n<p style=\"text-align: center;\">S\u00edlvia<\/p>\n<p style=\"text-align: center;\">Albert<\/p>\n<\/td>\n<td style=\"width: 21.8644%; height: 86px;\" rowspan=\"4\">\n<p style=\"text-align: center;\">N\u00faria M.<\/p>\n<p style=\"text-align: center;\">Xavi<\/p>\n<p style=\"text-align: center;\">Gl\u00f2ria<\/p>\n<\/td>\n<\/tr>\n<tr style=\"height: 48px;\">\n<td style=\"width: 16.0279%; height: 23px;\">5\u00e8B<\/td>\n<td style=\"width: 23.3867%; height: 23px;\">Laura<\/td>\n<\/tr>\n<tr style=\"height: 40px;\">\n<td style=\"width: 16.0279%; height: 18px;\">6\u00e8A<\/td>\n<td style=\"width: 23.3867%; height: 18px;\">Meri \/ Gl\u00f2ria S.<\/td>\n<\/tr>\n<tr style=\"height: 37px;\">\n<td style=\"width: 16.0279%; height: 27px;\">6\u00e8B<\/td>\n<td style=\"width: 23.3867%; height: 27px;\">Anna de la R.<\/td>\n<\/tr>\n<tr style=\"height: 33px;\">\n<td style=\"width: 16.0279%; height: 33px;\">COORDINADORA<\/td>\n<td style=\"height: 33px; width: 45.2511%;\" colspan=\"3\">Albert<\/td>\n<\/tr>\n<\/tbody>\n<\/table>\n<p><strong>Especialistes<\/strong><\/p>\n<table style=\"height: 98px;\" width=\"853\">\n<tbody>\n<tr style=\"height: 31px;\">\n<td style=\"height: 31px;\">Llengua anglesa<\/td>\n<td style=\"height: 31px;\">Georgina, Anna P. i S\u00edlvia<\/td>\n<\/tr>\n<tr style=\"height: 31px;\">\n<td style=\"height: 31px;\">Educaci\u00f3 art\u00edstica: M\u00fasica<\/td>\n<td style=\"height: 31px;\">Merc\u00e8 i J\u00falia<\/td>\n<\/tr>\n<tr style=\"height: 31px;\">\n<td style=\"height: 31px;\">Educaci\u00f3 f\u00edsica (Prim\u00e0ria)<\/td>\n<td style=\"height: 31px;\">Maria, Miki i Jordi<\/td>\n<\/tr>\n<tr style=\"height: 31px;\">\n<td style=\"height: 31px;\">Psicomotricitat (Infantil)<\/td>\n<td style=\"height: 31px;\">Jordi<\/td>\n<\/tr>\n<tr style=\"height: 31px;\">\n<td style=\"height: 31px;\">Educaci\u00f3 especial<\/td>\n<td style=\"height: 31px;\">Anna, Albert i Anna M\u00aa \/ Dolors<\/td>\n<\/tr>\n<tr style=\"height: 31px;\">\n<td style=\"height: 31px;\">SIEI<\/td>\n<td style=\"height: 31px;\">Eva G. i Eva B.<\/td>\n<\/tr>\n<tr>\n<td>AIS<\/td>\n<td>N\u00faria i Xavi<\/td>\n<\/tr>\n<tr>\n<td>SIEI +<\/td>\n<td>Cristina L. i Hawa\/L\u00eddia<\/td>\n<\/tr>\n<tr>\n<td>Religi\u00f3<\/td>\n<td>Maria P.<\/td>\n<\/tr>\n<\/tbody>\n<\/table>\n<table style=\"height: 92px; width: 61.7084%;\" width=\"852\">\n<tbody>\n<tr style=\"height: 31px;\">\n<td style=\"height: 31px; width: 68.4211%;\">Coordinadora en Prevenci\u00f3 de Riscos Laborals<\/td>\n<td style=\"height: 31px; width: 29.8316%;\">Rosa<\/td>\n<\/tr>\n<tr style=\"height: 31px;\">\n<td style=\"height: 31px; width: 68.4211%;\">Coordinadora digital<\/td>\n<td style=\"height: 31px; width: 29.8316%;\">Cl\u00e0udia<\/td>\n<\/tr>\n<tr style=\"height: 31px;\">\n<td style=\"height: 31px; width: 68.4211%;\">Coordinadora LIC<\/td>\n<td style=\"height: 31px; width: 29.8316%;\">Merc\u00e8<\/td>\n<\/tr>\n<tr>\n<td style=\"width: 68.4211%;\">Coordinadora de coeducaci\u00f3, conviv\u00e8ncia i benestar<\/td>\n<td style=\"width: 29.8316%;\">Anna<\/td>\n<\/tr>\n<\/tbody>\n<\/table>\n<table style=\"height: 84px; width: 62.4359%;\" width=\"849\">\n<tbody>\n<tr>\n<td style=\"width: 32.9825%;\">TEI<\/td>\n<td style=\"width: 66.0819%;\">Rosa<\/td>\n<\/tr>\n<tr>\n<td style=\"width: 32.9825%;\">EEE<\/td>\n<td style=\"width: 66.0819%;\">Eva B. (SIEI), Xavi (AIS) i Hawa\/L\u00eddia (SIEI +)<\/td>\n<\/tr>\n<tr>\n<td style=\"width: 32.9825%;\">AEE<\/td>\n<td style=\"width: 66.0819%;\">Yoli, M\u00f2nica i Noem\u00ed<\/td>\n<\/tr>\n<\/tbody>\n<\/table>\n<p><strong>Administraci\u00f3 i serveis<\/strong><\/p>\n<table style=\"height: 146px; width: 62.3624%;\" width=\"850\">\n<tbody>\n<tr style=\"height: 36px;\">\n<td style=\"height: 36px; width: 38.3333%;\">Administrativa<\/td>\n<td style=\"height: 36px; width: 60.731%;\">Gemma<\/td>\n<\/tr>\n<tr style=\"height: 39px;\">\n<td style=\"height: 39px; width: 38.3333%;\">Conserge<\/td>\n<td style=\"height: 39px; width: 60.731%;\">Teresa<\/td>\n<\/tr>\n<tr style=\"height: 36px;\">\n<td style=\"height: 36px; width: 38.3333%;\">Responsable del menjador i AFA<\/td>\n<td style=\"height: 36px; width: 60.731%;\">Paqui<\/td>\n<\/tr>\n<\/tbody>\n<\/table>\n","protected":false},"excerpt":{"rendered":"<p>EQUIP DIRECTIU<\/p>\n<p>CAP D&#8217;ESTUDIS<br \/>\nDIRECTORA<br \/>\nSECRETARI<\/p>\n<p>Gl\u00f2ria Alegre<br \/>\nTat Jaume<br \/>\nMiki Bass\u00e0<\/p>\n<p>EDUCACI\u00d3 INFANTIL<\/p>\n<p>CURS<br \/>\nTUTORES<br \/>\nESPECIALISTES ASSIGNATS<\/p>\n<p>i3A<br \/>\nLourdes<\/p>\n<p>Georgina<br \/>\nMireia<br \/>\nAnna<br \/>\nCl\u00e0udia<br \/>\nJ\u00falia<br \/>\nCristina<br \/>\nHawa \/ L\u00eddia<br \/>\nGisela \/ Kira<\/p>\n<p>i3B<br \/>\nNeus<\/p>\n<p>i4A<br \/>\nN\u00faria<\/p>\n<p>i4B<br \/>\nS\u00f2nia<\/p>\n<p>i5A<br \/>\nCristina<\/p>\n<p>i5B<br \/>\nGl\u00f2ria \/ Mireia<\/p>\n<p>i5C<br \/>\nLaura<\/p>\n<p>COORDINADORA<br \/>\nN\u00faria<\/p>\n<p>EDUCACI\u00d3 PRIM\u00c0RIA<br \/>\nCicle Inicial<\/p>\n<p>CURS<br \/>\nTUTORES<br \/>\nESPECIALISTES ASSIGNATS<\/p>\n<p>1rA<br \/>\nAnna Ll.<\/p>\n<p>Pau<br \/>\nJordi<br \/>\nAnna M\u00aa \/ Dolors<\/p>\n<p>Eva G.<br \/>\nEva B.<br \/>\nTat<\/p>\n<p>1rB<br \/>\nClara<\/p>\n<p>2nA<br \/>\nIrene<\/p>\n<p>2nB<br \/>\nAnna V. \/ Pau<\/p>\n<p>COORDINADORA<br \/>\n\u00a0Irene<\/p>\n<p>Cicle Mitj\u00e0<\/p>\n<p>CURS<br \/>\nTUTORS\/ES<br \/>\nESPECIALISTES ASSIGNATS<\/p>\n<p>3rA<br \/>\nRosa<br \/>\nMaria P.<br \/>\nMerc\u00e8 M.<br \/>\nMaria P.<br \/>\nMiki<\/p>\n<p>3rB<br \/>\nNeus F.<\/p>\n<p>4tA<br \/>\nSandra<\/p>\n<p>4tB<br \/>\nMerc\u00e8 C.<\/p>\n<p>4tC<br \/>\nEsme<\/p>\n<p>COORDINADORA<br \/>\nEsme<\/p>\n<p>Cicle Superior<\/p>\n<p>CURS<br \/>\nTUTORES<br \/>\nESPECIALISTES ASSIGNATS<\/p>\n<p>5\u00e8A<br \/>\nJanet<\/p>\n<p>\u00a0Maria<br \/>\nS\u00edlvia<br \/>\nAlbert<\/p>\n<p>N\u00faria M.<br \/>\nXavi<br \/>\nGl\u00f2ria<\/p>\n<p>5\u00e8B<br \/>\nLaura<\/p>\n<p>6\u00e8A<br \/>\nMeri \/ Gl\u00f2ria S.<\/p>\n<p>6\u00e8B<br \/>\nAnna de la R.<\/p>\n<p>COORDINADORA<br \/>\nAlbert<\/p>\n<p>Especialistes<\/p>\n<p>Llengua anglesa<br \/>\nGeorgina, Anna P.&hellip;  <a href=\"https:\/\/agora.xtec.cat\/ceipsantsalvadordhorta\/lescola\/equip-pedagogic\/\" title=\"Read Equip docent\">Llegeix m\u00e9s\u00bb<\/a><\/p>\n","protected":false},"author":1,"featured_media":0,"parent":22,"menu_order":0,"comment_status":"closed","ping_status":"closed","template":"page-templates\/side-menu.php","meta":{"_bbp_topic_count":0,"_bbp_reply_count":0,"_bbp_total_topic_count":0,"_bbp_total_reply_count":0,"_bbp_voice_count":0,"_bbp_anonymous_reply_count":0,"_bbp_topic_count_hidden":0,"_bbp_reply_count_hidden":0,"_bbp_forum_subforum_count":0,"footnotes":""},"class_list":["post-569","page","type-page","status-publish","hentry"],"post_mailing_queue_ids":[],"_links":{"self":[{"href":"https:\/\/agora.xtec.cat\/ceipsantsalvadordhorta\/wp-json\/wp\/v2\/pages\/569","targetHints":{"allow":["GET"]}}],"collection":[{"href":"https:\/\/agora.xtec.cat\/ceipsantsalvadordhorta\/wp-json\/wp\/v2\/pages"}],"about":[{"href":"https:\/\/agora.xtec.cat\/ceipsantsalvadordhorta\/wp-json\/wp\/v2\/types\/page"}],"author":[{"embeddable":true,"href":"https:\/\/agora.xtec.cat\/ceipsantsalvadordhorta\/wp-json\/wp\/v2\/users\/1"}],"replies":[{"embeddable":true,"href":"https:\/\/agora.xtec.cat\/ceipsantsalvadordhorta\/wp-json\/wp\/v2\/comments?post=569"}],"version-history":[{"count":7,"href":"https:\/\/agora.xtec.cat\/ceipsantsalvadordhorta\/wp-json\/wp\/v2\/pages\/569\/revisions"}],"predecessor-version":[{"id":35755,"href":"https:\/\/agora.xtec.cat\/ceipsantsalvadordhorta\/wp-json\/wp\/v2\/pages\/569\/revisions\/35755"}],"up":[{"embeddable":true,"href":"https:\/\/agora.xtec.cat\/ceipsantsalvadordhorta\/wp-json\/wp\/v2\/pages\/22"}],"wp:attachment":[{"href":"https:\/\/agora.xtec.cat\/ceipsantsalvadordhorta\/wp-json\/wp\/v2\/media?parent=569"}],"curies":[{"name":"wp","href":"https:\/\/api.w.org\/{rel}","templated":true}]}}