{"id":3328,"date":"2017-07-18T01:38:03","date_gmt":"2017-07-17T23:38:03","guid":{"rendered":"http:\/\/agora.xtec.cat\/ceipsantsalvadordhorta\/?page_id=3328"},"modified":"2026-03-19T12:47:04","modified_gmt":"2026-03-19T11:47:04","slug":"pec","status":"publish","type":"page","link":"https:\/\/agora.xtec.cat\/ceipsantsalvadordhorta\/projecte-educatiu\/pec\/","title":{"rendered":"PEC"},"content":{"rendered":"<p style=\"text-align: justify;\">El projecte educatiu de centre (<strong>PEC<\/strong>) \u00e9s el document que defineix com funciona el nostre centre educatiu. Inclou els principis rectors que el diferencien d&#8217;altres centres, adaptat a la realitat de l&#8217;entorn del nostre alumnat i d&#8217;acord amb les conviccions pedag\u00f2giques dels docents; explicita les l\u00ednies d&#8217;atenci\u00f3 a la diversitat i els objectius a mig termini; desglossa les l\u00ednies mestres d&#8217;organitzaci\u00f3, que es concretaran al projecte curricular.<\/p>\n<h5><a href=\"https:\/\/agora.xtec.cat\/ceipsantsalvadordhorta\/wp-content\/uploads\/usu880\/2026\/03\/PEC_DEF_26.pdf\">PEC<\/a><\/h5>\n<p>&nbsp;<\/p>\n<p>&nbsp;<\/p>\n","protected":false},"excerpt":{"rendered":"<p>El projecte educatiu de centre (PEC) \u00e9s el document que defineix com funciona el nostre centre educatiu. Inclou els principis rectors que el diferencien d&#8217;altres centres, adaptat a la realitat de l&#8217;entorn del nostre alumnat i d&#8217;acord amb les conviccions pedag\u00f2giques dels docents; explicita les&hellip;  <a href=\"https:\/\/agora.xtec.cat\/ceipsantsalvadordhorta\/projecte-educatiu\/pec\/\" title=\"Read PEC\">Llegeix m\u00e9s\u00bb<\/a><\/p>\n","protected":false},"author":1,"featured_media":0,"parent":64,"menu_order":0,"comment_status":"closed","ping_status":"closed","template":"","meta":{"_bbp_topic_count":0,"_bbp_reply_count":0,"_bbp_total_topic_count":0,"_bbp_total_reply_count":0,"_bbp_voice_count":0,"_bbp_anonymous_reply_count":0,"_bbp_topic_count_hidden":0,"_bbp_reply_count_hidden":0,"_bbp_forum_subforum_count":0,"footnotes":""},"class_list":["post-3328","page","type-page","status-publish","hentry"],"post_mailing_queue_ids":[],"_links":{"self":[{"href":"https:\/\/agora.xtec.cat\/ceipsantsalvadordhorta\/wp-json\/wp\/v2\/pages\/3328","targetHints":{"allow":["GET"]}}],"collection":[{"href":"https:\/\/agora.xtec.cat\/ceipsantsalvadordhorta\/wp-json\/wp\/v2\/pages"}],"about":[{"href":"https:\/\/agora.xtec.cat\/ceipsantsalvadordhorta\/wp-json\/wp\/v2\/types\/page"}],"author":[{"embeddable":true,"href":"https:\/\/agora.xtec.cat\/ceipsantsalvadordhorta\/wp-json\/wp\/v2\/users\/1"}],"replies":[{"embeddable":true,"href":"https:\/\/agora.xtec.cat\/ceipsantsalvadordhorta\/wp-json\/wp\/v2\/comments?post=3328"}],"version-history":[{"count":6,"href":"https:\/\/agora.xtec.cat\/ceipsantsalvadordhorta\/wp-json\/wp\/v2\/pages\/3328\/revisions"}],"predecessor-version":[{"id":36486,"href":"https:\/\/agora.xtec.cat\/ceipsantsalvadordhorta\/wp-json\/wp\/v2\/pages\/3328\/revisions\/36486"}],"up":[{"embeddable":true,"href":"https:\/\/agora.xtec.cat\/ceipsantsalvadordhorta\/wp-json\/wp\/v2\/pages\/64"}],"wp:attachment":[{"href":"https:\/\/agora.xtec.cat\/ceipsantsalvadordhorta\/wp-json\/wp\/v2\/media?parent=3328"}],"curies":[{"name":"wp","href":"https:\/\/api.w.org\/{rel}","templated":true}]}}