{"id":26,"date":"2014-09-18T12:24:32","date_gmt":"2014-09-18T11:24:32","guid":{"rendered":"http:\/\/agora.xtec.cat\/ceipsantsalvadordhorta\/?page_id=26"},"modified":"2022-12-19T12:52:29","modified_gmt":"2022-12-19T11:52:29","slug":"historia","status":"publish","type":"page","link":"https:\/\/agora.xtec.cat\/ceipsantsalvadordhorta\/lescola\/historia\/","title":{"rendered":"Hist\u00f2ria"},"content":{"rendered":"<p>El nostre centre \u00e9s centenari. Va ser el 1919 quan s&#8217;arrib\u00e0 a un conveni amb la Caja de Pensiones para la Vejez y de Ahorros de Catalu\u00f1a y Baleares per a edificar una escola p\u00fablica. L&#8217;edifici original va ser projectat per l&#8217;arquitecte Llu\u00eds Planas i Calvet l&#8217;any 1920 i es va inaugurar el Grup Escolar a l&#8217; inici del Passeig Sant Salvador.<br \/>\nEn aquest projecte de les Escoles de Santa Coloma, de 1918, nom\u00e9s constava una planta\u00a0 baixa. Trenta anys m\u00e9s tard s&#8217;ampli\u00e0 i es reform\u00e0 aixecant un altre pis i s&#8217;inaugurava l\u2019any 1953. El 1963 es batejava amb el nom de Grup Escolar Sant Salvador d\u2019Horta. Posteriorment s\u2019han anat fent diferents ampliacions fins arribar a l\u2019actual configuraci\u00f3.<\/p>\n<p>Actualment \u00e9s una escola de dues l\u00ednies, des d&#8217; Educaci\u00f3 Infantil\u00a0 fins a Educaci\u00f3 Prim\u00e0ria. L&#8217;edifici est\u00e0 ubicat en una zona c\u00e8ntrica ben comunicada, a prop dels diferents serveis que ofereix el municipi (biblioteca, teatre, piscina, parc&#8230;) Disposem del camp de\u00a0 futbol municipal per a les hores d&#8217;esbarjo, aix\u00ed com de les instal\u00b7lacions del pavell\u00f3 municipal on es realitzen les activitats d&#8217;Educaci\u00f3 F\u00edsica.<\/p>\n","protected":false},"excerpt":{"rendered":"<p>El nostre centre \u00e9s centenari. Va ser el 1919 quan s&#8217;arrib\u00e0 a un conveni amb la Caja de Pensiones para la Vejez y de Ahorros de Catalu\u00f1a y Baleares per a edificar una escola p\u00fablica. L&#8217;edifici original va ser projectat per l&#8217;arquitecte Llu\u00eds Planas i&hellip;  <a href=\"https:\/\/agora.xtec.cat\/ceipsantsalvadordhorta\/lescola\/historia\/\" title=\"Read Hist\u00f2ria\">Llegeix m\u00e9s\u00bb<\/a><\/p>\n","protected":false},"author":1,"featured_media":0,"parent":22,"menu_order":20,"comment_status":"closed","ping_status":"closed","template":"page-templates\/side-menu.php","meta":{"_bbp_topic_count":0,"_bbp_reply_count":0,"_bbp_total_topic_count":0,"_bbp_total_reply_count":0,"_bbp_voice_count":0,"_bbp_anonymous_reply_count":0,"_bbp_topic_count_hidden":0,"_bbp_reply_count_hidden":0,"_bbp_forum_subforum_count":0,"footnotes":""},"class_list":["post-26","page","type-page","status-publish","hentry"],"post_mailing_queue_ids":[],"_links":{"self":[{"href":"https:\/\/agora.xtec.cat\/ceipsantsalvadordhorta\/wp-json\/wp\/v2\/pages\/26","targetHints":{"allow":["GET"]}}],"collection":[{"href":"https:\/\/agora.xtec.cat\/ceipsantsalvadordhorta\/wp-json\/wp\/v2\/pages"}],"about":[{"href":"https:\/\/agora.xtec.cat\/ceipsantsalvadordhorta\/wp-json\/wp\/v2\/types\/page"}],"author":[{"embeddable":true,"href":"https:\/\/agora.xtec.cat\/ceipsantsalvadordhorta\/wp-json\/wp\/v2\/users\/1"}],"replies":[{"embeddable":true,"href":"https:\/\/agora.xtec.cat\/ceipsantsalvadordhorta\/wp-json\/wp\/v2\/comments?post=26"}],"version-history":[{"count":3,"href":"https:\/\/agora.xtec.cat\/ceipsantsalvadordhorta\/wp-json\/wp\/v2\/pages\/26\/revisions"}],"predecessor-version":[{"id":28480,"href":"https:\/\/agora.xtec.cat\/ceipsantsalvadordhorta\/wp-json\/wp\/v2\/pages\/26\/revisions\/28480"}],"up":[{"embeddable":true,"href":"https:\/\/agora.xtec.cat\/ceipsantsalvadordhorta\/wp-json\/wp\/v2\/pages\/22"}],"wp:attachment":[{"href":"https:\/\/agora.xtec.cat\/ceipsantsalvadordhorta\/wp-json\/wp\/v2\/media?parent=26"}],"curies":[{"name":"wp","href":"https:\/\/api.w.org\/{rel}","templated":true}]}}