{"id":71,"date":"2014-09-18T12:44:56","date_gmt":"2014-09-18T11:44:56","guid":{"rendered":"http:\/\/agora.xtec.cat\/ceipsantsalvador\/?page_id=71"},"modified":"2018-11-26T12:18:30","modified_gmt":"2018-11-26T11:18:30","slug":"serveis-digitals","status":"publish","type":"page","link":"https:\/\/agora.xtec.cat\/ceipsantsalvador\/serveis\/serveis-digitals\/","title":{"rendered":"Serveis digitals"},"content":{"rendered":"<p style=\"text-align: justify;\">El centre disposa de diferents mitjans digitals de difusi\u00f3 i comunicaci\u00f3 amb les fam\u00edlies i entitats del poble.\u00a0Utilitzem el <strong>whatsapp<\/strong> i el <strong>correu electr\u00f2nic<\/strong> per enviar informacions. Tamb\u00e9 fem servir <strong>l&#8217;instagram<\/strong> per fer difusi\u00f3 de diferents activitats. En aquesta web tamb\u00e9 hi ha\u00a0 diferents informacions necess\u00e0ries.<\/p>\n<p style=\"text-align: justify;\">Els alumnes de prim\u00e0ria i el professorat utilitzem les eines de <strong>Gsuite<\/strong> per treballar i totes les fam\u00edlies tenen un compte de correu per supervisar la feina dels seus fills i filles.<\/p>\n","protected":false},"excerpt":{"rendered":"<p>El centre disposa de diferents mitjans digitals de difusi\u00f3 i comunicaci\u00f3 amb les fam\u00edlies i entitats del poble.\u00a0Utilitzem el whatsapp i el correu electr\u00f2nic per enviar informacions. Tamb\u00e9 fem servir l&#8217;instagram per fer difusi\u00f3 de diferents activitats. En aquesta web tamb\u00e9 hi ha\u00a0 diferents informacions&hellip;  <a href=\"https:\/\/agora.xtec.cat\/ceipsantsalvador\/serveis\/serveis-digitals\/\" title=\"Read Serveis digitals\">Llegeix m\u00e9s\u00bb<\/a><\/p>\n","protected":false},"author":1,"featured_media":0,"parent":66,"menu_order":10,"comment_status":"closed","ping_status":"closed","template":"page-templates\/side-menu.php","meta":{"_bbp_topic_count":0,"_bbp_reply_count":0,"_bbp_total_topic_count":0,"_bbp_total_reply_count":0,"_bbp_voice_count":0,"_bbp_anonymous_reply_count":0,"_bbp_topic_count_hidden":0,"_bbp_reply_count_hidden":0,"_bbp_forum_subforum_count":0,"footnotes":""},"class_list":["post-71","page","type-page","status-publish","hentry"],"post_mailing_queue_ids":[],"_links":{"self":[{"href":"https:\/\/agora.xtec.cat\/ceipsantsalvador\/wp-json\/wp\/v2\/pages\/71","targetHints":{"allow":["GET"]}}],"collection":[{"href":"https:\/\/agora.xtec.cat\/ceipsantsalvador\/wp-json\/wp\/v2\/pages"}],"about":[{"href":"https:\/\/agora.xtec.cat\/ceipsantsalvador\/wp-json\/wp\/v2\/types\/page"}],"author":[{"embeddable":true,"href":"https:\/\/agora.xtec.cat\/ceipsantsalvador\/wp-json\/wp\/v2\/users\/1"}],"replies":[{"embeddable":true,"href":"https:\/\/agora.xtec.cat\/ceipsantsalvador\/wp-json\/wp\/v2\/comments?post=71"}],"version-history":[{"count":3,"href":"https:\/\/agora.xtec.cat\/ceipsantsalvador\/wp-json\/wp\/v2\/pages\/71\/revisions"}],"predecessor-version":[{"id":710,"href":"https:\/\/agora.xtec.cat\/ceipsantsalvador\/wp-json\/wp\/v2\/pages\/71\/revisions\/710"}],"up":[{"embeddable":true,"href":"https:\/\/agora.xtec.cat\/ceipsantsalvador\/wp-json\/wp\/v2\/pages\/66"}],"wp:attachment":[{"href":"https:\/\/agora.xtec.cat\/ceipsantsalvador\/wp-json\/wp\/v2\/media?parent=71"}],"curies":[{"name":"wp","href":"https:\/\/api.w.org\/{rel}","templated":true}]}}