{"id":5891,"date":"2022-11-28T14:20:00","date_gmt":"2022-11-28T13:20:00","guid":{"rendered":"https:\/\/agora.xtec.cat\/ceipsantsalvador-tarragona\/?page_id=5891"},"modified":"2022-11-28T14:20:00","modified_gmt":"2022-11-28T13:20:00","slug":"proa-2","status":"publish","type":"page","link":"https:\/\/agora.xtec.cat\/ceipsantsalvador-tarragona\/proa-2\/","title":{"rendered":"PROA +"},"content":{"rendered":"<p style=\"font-weight: 400;\">El nostre centre est\u00e0 dins els centres seleccionats per a formar part del programa\u00a0<strong>PROA+<\/strong>, durant el per\u00edode juny del 2021-2024.<\/p>\n<p style=\"font-weight: 400;\">El\u00a0<a href=\"https:\/\/www.educacionyfp.gob.es\/mc\/sgctie\/cooperacion-territorial\/programas-cooperacion\/proa.html\" data-saferedirecturl=\"https:\/\/www.google.com\/url?q=https:\/\/www.educacionyfp.gob.es\/mc\/sgctie\/cooperacion-territorial\/programas-cooperacion\/proa.html&amp;source=gmail&amp;ust=1669727841549000&amp;usg=AOvVaw0WTQwc4klvBIsqmiPZNnMh\">Pla PROA<\/a>\u00a0(\u201cPlan de Refuerzo, Orientaci\u00f3n y Apoyo\u201d) est\u00e0 destinat als centres d\u2019Educaci\u00f3 Prim\u00e0ria i Secund\u00e0ria.<\/p>\n<p style=\"font-weight: 400;\">Un \u00a0Programa de Cooperaci\u00f3 Territorial entre el \u201cMinisterio de Educaci\u00f3n y Formaci\u00f3n Profesional\u201d i les Comunitats Aut\u00f2nomes.<\/p>\n<p style=\"font-weight: 400;\">La seva finalitat \u00e9s\u00a0<strong>recolzar als centres educatius<\/strong>\u00a0que atenen a un\u00a0<strong>n\u00famero elevat d\u2019alumnat en situaci\u00f3 de desavantatge socioeducativa.<\/strong><\/p>\n<p style=\"font-weight: 400;\">Aquest suport ha de permetre\u00a0<strong>millorar la qualitat educativa i els resultats escolars<\/strong>\u00a0gr\u00e0cies a programes i actuacions que es plantejaran durant el per\u00edode marcat.<\/p>\n<p style=\"font-weight: 400;\">Aquests programes i actuacions es podran\u00a0<strong>dur a terme amb l\u2019ajut econ\u00f2mic<\/strong>\u00a0que l\u2019escola rep del\u00a0<a href=\"https:\/\/www.educacionyfp.gob.es\/mc\/sgctie\/cooperacion-territorial\/programas-cooperacion\/proa.html\" data-saferedirecturl=\"https:\/\/www.google.com\/url?q=https:\/\/www.educacionyfp.gob.es\/mc\/sgctie\/cooperacion-territorial\/programas-cooperacion\/proa.html&amp;source=gmail&amp;ust=1669727841549000&amp;usg=AOvVaw0WTQwc4klvBIsqmiPZNnMh\">programa PROA+<\/a>.<\/p>\n","protected":false},"excerpt":{"rendered":"<p>El nostre centre est\u00e0 dins els centres seleccionats per a formar part del programa\u00a0PROA+, durant el per\u00edode juny del 2021-2024. [&hellip;]<\/p>\n","protected":false},"author":68,"featured_media":0,"parent":0,"menu_order":0,"comment_status":"closed","ping_status":"closed","template":"","meta":{"_bbp_topic_count":0,"_bbp_reply_count":0,"_bbp_total_topic_count":0,"_bbp_total_reply_count":0,"_bbp_voice_count":0,"_bbp_anonymous_reply_count":0,"_bbp_topic_count_hidden":0,"_bbp_reply_count_hidden":0,"_bbp_forum_subforum_count":0,"site-sidebar-layout":"default","site-content-layout":"","ast-site-content-layout":"","site-content-style":"default","site-sidebar-style":"default","ast-global-header-display":"","ast-banner-title-visibility":"","ast-main-header-display":"","ast-hfb-above-header-display":"","ast-hfb-below-header-display":"","ast-hfb-mobile-header-display":"","site-post-title":"","ast-breadcrumbs-content":"","ast-featured-img":"","footer-sml-layout":"","theme-transparent-header-meta":"","adv-header-id-meta":"","stick-header-meta":"","header-above-stick-meta":"","header-main-stick-meta":"","header-below-stick-meta":"","astra-migrate-meta-layouts":"default","ast-page-background-enabled":"default","ast-page-background-meta":{"desktop":{"background-color":"var(--ast-global-color-4)","background-image":"","background-repeat":"repeat","background-position":"center center","background-size":"auto","background-attachment":"scroll","background-type":"","background-media":"","overlay-type":"","overlay-color":"","overlay-opacity":"","overlay-gradient":""},"tablet":{"background-color":"","background-image":"","background-repeat":"repeat","background-position":"center center","background-size":"auto","background-attachment":"scroll","background-type":"","background-media":"","overlay-type":"","overlay-color":"","overlay-opacity":"","overlay-gradient":""},"mobile":{"background-color":"","background-image":"","background-repeat":"repeat","background-position":"center center","background-size":"auto","background-attachment":"scroll","background-type":"","background-media":"","overlay-type":"","overlay-color":"","overlay-opacity":"","overlay-gradient":""}},"ast-content-background-meta":{"desktop":{"background-color":"var(--ast-global-color-5)","background-image":"","background-repeat":"repeat","background-position":"center center","background-size":"auto","background-attachment":"scroll","background-type":"","background-media":"","overlay-type":"","overlay-color":"","overlay-opacity":"","overlay-gradient":""},"tablet":{"background-color":"var(--ast-global-color-5)","background-image":"","background-repeat":"repeat","background-position":"center center","background-size":"auto","background-attachment":"scroll","background-type":"","background-media":"","overlay-type":"","overlay-color":"","overlay-opacity":"","overlay-gradient":""},"mobile":{"background-color":"var(--ast-global-color-5)","background-image":"","background-repeat":"repeat","background-position":"center center","background-size":"auto","background-attachment":"scroll","background-type":"","background-media":"","overlay-type":"","overlay-color":"","overlay-opacity":"","overlay-gradient":""}},"footnotes":""},"class_list":["post-5891","page","type-page","status-publish","hentry"],"post_mailing_queue_ids":[],"_links":{"self":[{"href":"https:\/\/agora.xtec.cat\/ceipsantsalvador-tarragona\/wp-json\/wp\/v2\/pages\/5891","targetHints":{"allow":["GET"]}}],"collection":[{"href":"https:\/\/agora.xtec.cat\/ceipsantsalvador-tarragona\/wp-json\/wp\/v2\/pages"}],"about":[{"href":"https:\/\/agora.xtec.cat\/ceipsantsalvador-tarragona\/wp-json\/wp\/v2\/types\/page"}],"author":[{"embeddable":true,"href":"https:\/\/agora.xtec.cat\/ceipsantsalvador-tarragona\/wp-json\/wp\/v2\/users\/68"}],"replies":[{"embeddable":true,"href":"https:\/\/agora.xtec.cat\/ceipsantsalvador-tarragona\/wp-json\/wp\/v2\/comments?post=5891"}],"version-history":[{"count":1,"href":"https:\/\/agora.xtec.cat\/ceipsantsalvador-tarragona\/wp-json\/wp\/v2\/pages\/5891\/revisions"}],"predecessor-version":[{"id":5892,"href":"https:\/\/agora.xtec.cat\/ceipsantsalvador-tarragona\/wp-json\/wp\/v2\/pages\/5891\/revisions\/5892"}],"wp:attachment":[{"href":"https:\/\/agora.xtec.cat\/ceipsantsalvador-tarragona\/wp-json\/wp\/v2\/media?parent=5891"}],"curies":[{"name":"wp","href":"https:\/\/api.w.org\/{rel}","templated":true}]}}