{"id":3794,"date":"2017-06-01T15:54:40","date_gmt":"2017-06-01T13:54:40","guid":{"rendered":"http:\/\/agora.xtec.cat\/ceipsantsalvador-tarragona\/?page_id=3794"},"modified":"2017-09-20T15:23:58","modified_gmt":"2017-09-20T13:23:58","slug":"projecte-aprenem-amb-la-tecnologia","status":"publish","type":"page","link":"https:\/\/agora.xtec.cat\/ceipsantsalvador-tarragona\/projecte-aprenem-amb-la-tecnologia\/","title":{"rendered":"Projecte Aprenem amb la tecnologia"},"content":{"rendered":"<p><b>PROJECTE INTERNET DE LES COSES<\/b><\/p>\n<p>Aquest curs l\u2019escola ha pilotat un projecte pioner anomenat \u201d<a href=\"http:\/\/www.computerworld.es\/innovacion\/escolares-espanoles-y-americanos-muestran-su-proyecto-de-internet-of-things-a-traves-de-la-telepresencia-de-cisco\"> Proyecto Escuela<\/a>\u201c. Aquest projecte el porta l\u2019empresa CISCO SYSTEMS i est\u00e0 relacionat amb l\u2019Internet de les coses.<\/p>\n<p>&nbsp;<\/p>\n<p>El projecte consisteix en explicar als alumnes l\u2019\u00fas i el funcionament del que s\u2019anomena l\u2019internet de les coses ( IOT), una xarxa d\u2019objectes de la vida quotidiana interconnectats.<\/p>\n<p>&nbsp;<\/p>\n<p>Els alumnes de 5\u00e8 han apr\u00e8s moltes coses i durant tot el curs han \u00a0fet uns projectes per grups. Cada grup, format per 5 alumnes, s\u2019ha proposat com a \u00a0repte millorar \u00a0una necessitat social utilitzant les tecnologies IOT.<\/p>\n<p>Per fer aquest treball els tutors de 5\u00e8, la directora i el coordinador d\u2019inform\u00e0tica van fer un curs de formaci\u00f3 realitzat per treballadors de CISCO per videoconfer\u00e8ncia. Amb aquest curs vam aprofundir sobre el concepte d\u2019Internet de les coses i com fer un projecte amb els alumnes.<\/p>\n<p>Un cop els alumnes van tenir fet el projecte va venir a l\u2019escola un jurat format per persones de l\u2019empresa CISCO, t\u00e8cnics del Departament d\u2019Ensenyament, mestres i alumnes de 6\u00e8 i ells van valorar tots els projectes. D\u2019entre tots, es va escollir un dels grups, el qual va anar a \u00a0Barcelona a presentar el seu projecte el 29 de maig.<\/p>\n<p>&nbsp;<\/p>\n<p>Ha estat una experi\u00e8ncia inoblidable!<\/p>\n<p><img loading=\"lazy\" decoding=\"async\" class=\"alignnone wp-image-3808\" src=\"http:\/\/agora.xtec.cat\/ceipsantsalvador-tarragona\/wp-content\/uploads\/usu671\/2017\/06\/IMG-20170529-WA0010-1024x575.jpg\" alt=\"IMG-20170529-WA0010\" width=\"593\" height=\"333\" srcset=\"https:\/\/agora.xtec.cat\/ceipsantsalvador-tarragona\/wp-content\/uploads\/usu671\/2017\/06\/IMG-20170529-WA0010-1024x575.jpg 1024w, https:\/\/agora.xtec.cat\/ceipsantsalvador-tarragona\/wp-content\/uploads\/usu671\/2017\/06\/IMG-20170529-WA0010-300x168.jpg 300w, https:\/\/agora.xtec.cat\/ceipsantsalvador-tarragona\/wp-content\/uploads\/usu671\/2017\/06\/IMG-20170529-WA0010-768x431.jpg 768w, https:\/\/agora.xtec.cat\/ceipsantsalvador-tarragona\/wp-content\/uploads\/usu671\/2017\/06\/IMG-20170529-WA0010.jpg 1600w\" sizes=\"auto, (max-width: 593px) 100vw, 593px\" \/> <img loading=\"lazy\" decoding=\"async\" class=\"alignnone wp-image-3809\" src=\"http:\/\/agora.xtec.cat\/ceipsantsalvador-tarragona\/wp-content\/uploads\/usu671\/2017\/06\/IMG-20170529-WA0011-1024x576.jpg\" alt=\"IMG-20170529-WA0011\" width=\"619\" height=\"348\" srcset=\"https:\/\/agora.xtec.cat\/ceipsantsalvador-tarragona\/wp-content\/uploads\/usu671\/2017\/06\/IMG-20170529-WA0011-1024x576.jpg 1024w, https:\/\/agora.xtec.cat\/ceipsantsalvador-tarragona\/wp-content\/uploads\/usu671\/2017\/06\/IMG-20170529-WA0011-300x169.jpg 300w, https:\/\/agora.xtec.cat\/ceipsantsalvador-tarragona\/wp-content\/uploads\/usu671\/2017\/06\/IMG-20170529-WA0011-768x432.jpg 768w, https:\/\/agora.xtec.cat\/ceipsantsalvador-tarragona\/wp-content\/uploads\/usu671\/2017\/06\/IMG-20170529-WA0011.jpg 1600w\" sizes=\"auto, (max-width: 619px) 100vw, 619px\" \/> <img loading=\"lazy\" decoding=\"async\" class=\"alignnone wp-image-3810\" src=\"http:\/\/agora.xtec.cat\/ceipsantsalvador-tarragona\/wp-content\/uploads\/usu671\/2017\/06\/IMG-20170529-WA0012-575x1024.jpg\" alt=\"IMG-20170529-WA0012\" width=\"414\" height=\"738\" \/> <img loading=\"lazy\" decoding=\"async\" class=\"alignnone wp-image-3812\" src=\"http:\/\/agora.xtec.cat\/ceipsantsalvador-tarragona\/wp-content\/uploads\/usu671\/2017\/06\/IMG-20170529-WA0015-1024x575.jpg\" alt=\"IMG-20170529-WA0015\" width=\"618\" height=\"347\" srcset=\"https:\/\/agora.xtec.cat\/ceipsantsalvador-tarragona\/wp-content\/uploads\/usu671\/2017\/06\/IMG-20170529-WA0015-1024x575.jpg 1024w, https:\/\/agora.xtec.cat\/ceipsantsalvador-tarragona\/wp-content\/uploads\/usu671\/2017\/06\/IMG-20170529-WA0015-300x168.jpg 300w, https:\/\/agora.xtec.cat\/ceipsantsalvador-tarragona\/wp-content\/uploads\/usu671\/2017\/06\/IMG-20170529-WA0015-768x431.jpg 768w, https:\/\/agora.xtec.cat\/ceipsantsalvador-tarragona\/wp-content\/uploads\/usu671\/2017\/06\/IMG-20170529-WA0015.jpg 1600w\" sizes=\"auto, (max-width: 618px) 100vw, 618px\" \/><\/p>\n<p>&nbsp;<\/p>\n<p>&nbsp;<\/p>\n<p><b> \u00a0JORNADA DMRBTKTGN.<\/b><\/p>\n<p><b>Jornada d\u2019Intercanvi d\u2019experi\u00e8ncies en dispositius M\u00f2bils, rob\u00f2tica<\/b><\/p>\n<p>El dia 7 de juny vam celebrar a la nostra escola la 2a. JORNADA # DMRBTKTGN sobre rob\u00f2tica, dispositius m\u00f2bils i internet de les coses (IOT). En aquestes jornades van participar diferents escoles i instituts de la zona: Reus, Valls, Torredembarra, Constant\u00ed, la Selva del Camp, Santa Oliva, &#8230;i evidentment la nostra escola: Escola Sant Salvador.<\/p>\n<p>La jornada anava dirigida a l\u2019exposici\u00f3 sobre diferents experi\u00e8ncies portades a terme a les escoles a partir del treball amb les noves tecnologies.<\/p>\n<p>Les activitats es van repartir en tres espais:<\/p>\n<ul>\n<li><b>Sala EXPO<\/b> (projectes i prototips de l\u2019alumnat en rob\u00f2tica educativa i Internet de les coses (IOT). Mostra de treballs de l\u2019alumnat<\/li>\n<li><b>Aula Workshops 1 <\/b>(2 tallers simultanis: realitat \u00a0augmentada i virtual i programaci\u00f3 d\u2019una construcci\u00f3. 1 hora cada taller fets per l\u2019alumnat)<\/li>\n<\/ul>\n<p>&nbsp;<\/p>\n<ul>\n<li><b>Aula Workshops 2 (2 tallers simultanis: Scratch. 1 hora cada taller fets per l\u2019alumnat).<\/b><\/li>\n<\/ul>\n<p>&nbsp;<\/p>\n<ul>\n<li><b>Aula Making Of (presentaci\u00f3 del desenvolupament de projectes. Com s\u2019ha fet?. 15 min per exposici\u00f3)<\/b><\/li>\n<\/ul>\n<p>&nbsp;<\/p>\n<p>&nbsp;<\/p>\n<p>En aquesta jornada la nostra escola va participar amb la presentaci\u00f3 de com s\u2019havia elaborat \u00a0el conte audiovisual \u201cLa nostra especial llegenda de Sant Jordi\u201d a l\u2019Aula Making off, i a la Sala Expo es va mostrar el treball \u201cL\u2019Anella verda i el complex petroqu\u00edmic de Tarragona\u201d treball relacionat amb l\u2019Internet de les coses que van fer els alumnes de 5\u00e8 dins del Projecte de CISCO SYSTEMS Internet de les coses.<\/p>\n","protected":false},"excerpt":{"rendered":"<p>PROJECTE INTERNET DE LES COSES Aquest curs l\u2019escola ha pilotat un projecte pioner anomenat \u201d Proyecto Escuela\u201c. Aquest projecte el [&hellip;]<\/p>\n","protected":false},"author":1,"featured_media":0,"parent":0,"menu_order":0,"comment_status":"closed","ping_status":"closed","template":"","meta":{"_bbp_topic_count":0,"_bbp_reply_count":0,"_bbp_total_topic_count":0,"_bbp_total_reply_count":0,"_bbp_voice_count":0,"_bbp_anonymous_reply_count":0,"_bbp_topic_count_hidden":0,"_bbp_reply_count_hidden":0,"_bbp_forum_subforum_count":0,"site-sidebar-layout":"default","site-content-layout":"","ast-site-content-layout":"","site-content-style":"default","site-sidebar-style":"default","ast-global-header-display":"","ast-banner-title-visibility":"","ast-main-header-display":"","ast-hfb-above-header-display":"","ast-hfb-below-header-display":"","ast-hfb-mobile-header-display":"","site-post-title":"","ast-breadcrumbs-content":"","ast-featured-img":"","footer-sml-layout":"","theme-transparent-header-meta":"","adv-header-id-meta":"","stick-header-meta":"","header-above-stick-meta":"","header-main-stick-meta":"","header-below-stick-meta":"","astra-migrate-meta-layouts":"default","ast-page-background-enabled":"default","ast-page-background-meta":{"desktop":{"background-color":"var(--ast-global-color-4)","background-image":"","background-repeat":"repeat","background-position":"center center","background-size":"auto","background-attachment":"scroll","background-type":"","background-media":"","overlay-type":"","overlay-color":"","overlay-opacity":"","overlay-gradient":""},"tablet":{"background-color":"","background-image":"","background-repeat":"repeat","background-position":"center center","background-size":"auto","background-attachment":"scroll","background-type":"","background-media":"","overlay-type":"","overlay-color":"","overlay-opacity":"","overlay-gradient":""},"mobile":{"background-color":"","background-image":"","background-repeat":"repeat","background-position":"center center","background-size":"auto","background-attachment":"scroll","background-type":"","background-media":"","overlay-type":"","overlay-color":"","overlay-opacity":"","overlay-gradient":""}},"ast-content-background-meta":{"desktop":{"background-color":"var(--ast-global-color-5)","background-image":"","background-repeat":"repeat","background-position":"center center","background-size":"auto","background-attachment":"scroll","background-type":"","background-media":"","overlay-type":"","overlay-color":"","overlay-opacity":"","overlay-gradient":""},"tablet":{"background-color":"var(--ast-global-color-5)","background-image":"","background-repeat":"repeat","background-position":"center center","background-size":"auto","background-attachment":"scroll","background-type":"","background-media":"","overlay-type":"","overlay-color":"","overlay-opacity":"","overlay-gradient":""},"mobile":{"background-color":"var(--ast-global-color-5)","background-image":"","background-repeat":"repeat","background-position":"center center","background-size":"auto","background-attachment":"scroll","background-type":"","background-media":"","overlay-type":"","overlay-color":"","overlay-opacity":"","overlay-gradient":""}},"footnotes":""},"class_list":["post-3794","page","type-page","status-publish","hentry"],"post_mailing_queue_ids":[],"_links":{"self":[{"href":"https:\/\/agora.xtec.cat\/ceipsantsalvador-tarragona\/wp-json\/wp\/v2\/pages\/3794","targetHints":{"allow":["GET"]}}],"collection":[{"href":"https:\/\/agora.xtec.cat\/ceipsantsalvador-tarragona\/wp-json\/wp\/v2\/pages"}],"about":[{"href":"https:\/\/agora.xtec.cat\/ceipsantsalvador-tarragona\/wp-json\/wp\/v2\/types\/page"}],"author":[{"embeddable":true,"href":"https:\/\/agora.xtec.cat\/ceipsantsalvador-tarragona\/wp-json\/wp\/v2\/users\/1"}],"replies":[{"embeddable":true,"href":"https:\/\/agora.xtec.cat\/ceipsantsalvador-tarragona\/wp-json\/wp\/v2\/comments?post=3794"}],"version-history":[{"count":3,"href":"https:\/\/agora.xtec.cat\/ceipsantsalvador-tarragona\/wp-json\/wp\/v2\/pages\/3794\/revisions"}],"predecessor-version":[{"id":3921,"href":"https:\/\/agora.xtec.cat\/ceipsantsalvador-tarragona\/wp-json\/wp\/v2\/pages\/3794\/revisions\/3921"}],"wp:attachment":[{"href":"https:\/\/agora.xtec.cat\/ceipsantsalvador-tarragona\/wp-json\/wp\/v2\/media?parent=3794"}],"curies":[{"name":"wp","href":"https:\/\/api.w.org\/{rel}","templated":true}]}}