{"id":9233,"date":"2021-02-10T11:33:33","date_gmt":"2021-02-10T10:33:33","guid":{"rendered":"http:\/\/agora.xtec.cat\/ceipsantpere\/?page_id=9233"},"modified":"2026-03-26T19:35:08","modified_gmt":"2026-03-26T18:35:08","slug":"acords-del-consell-escolar","status":"publish","type":"page","link":"https:\/\/agora.xtec.cat\/ceipsantpere\/documents-de-centre\/acords-del-consell-escolar\/","title":{"rendered":"Acords del Consell Escolar"},"content":{"rendered":"<p><span style=\"color: #008000;\"><strong>CONSELL ESCOLAR, 10 DE FEBRER DE 2026<\/strong><\/span><\/p>\n<ol>\n<li>Informaci\u00f3 al Consell de la Liquidaci\u00f3 econ\u00f2mica 2025 i presentaci\u00f3 Pressupost per al 2026.<\/li>\n<\/ol>\n<p><span style=\"font-weight: 400;\">Presentaci\u00f3 de la<a href=\"https:\/\/drive.google.com\/file\/d\/1vMR9Lr2kJjCA-t92Yx4rPvxUurfoz-oZ\/view?usp=sharing\"> liquidaci\u00f3 de l\u2019exercici 2025<\/a>. S\u2019explica les partides que consta com a import \/0\/ perqu\u00e8 b\u00e9 per defecte pel Departament i nom\u00e9s fent constar on l\u2019escola t\u00e9 ingressos i despeses.\u00a0<\/span><\/p>\n<p><span style=\"font-weight: 400;\">S\u2019explica la fragmentaci\u00f3 dels diferents subpartides\u00a0 de la dotaci\u00f3 econ\u00f2mica de rob\u00f2tica.<\/span><\/p>\n<p><span style=\"font-weight: 400;\">Presentaci\u00f3 del <a href=\"https:\/\/drive.google.com\/file\/d\/1aPnFFcVl5lBtJE8nrWsbolKXGpFem7Xp\/view?usp=sharing\">pressupost 2026<\/a>, dels ingressos i despeses.<\/span><\/p>\n<p><span style=\"font-weight: 400;\">2.<\/span><span style=\"font-size: 16px;\">Informacions v\u00e0ries.<\/span><\/p>\n<p><b>Ajuntament<\/b><span style=\"font-weight: 400;\">:<\/span><span style=\"font-weight: 400;\"><br \/>\n<\/span><\/p>\n<ul>\n<li><span style=\"font-weight: 400;\"><span style=\"font-size: 16px; font-weight: 400;\">Col\u00b7locar\u00e0 protectors a les portes de la planta baixa i de la planta principal.<\/span><\/span><\/li>\n<li style=\"font-weight: 400;\" aria-level=\"1\"><span style=\"font-weight: 400;\">Disposa d\u2019una partida pressupost\u00e0ria per a la compra de ventiladors per a les aules i diversos espais (menjador, psicomotricitat, m\u00fasica i espais polivalents d\u2019infantil i prim\u00e0ria).<\/span><\/li>\n<li style=\"font-weight: 400;\" aria-level=\"1\"><span style=\"font-weight: 400;\">Es demana que aquestes actuacions es duguin a terme durant les vacances de Setmana Santa. En cas que s\u2019hagin de fer en horari lectiu, s\u2019organitzaran els espais per interferir el m\u00ednim possible en l\u2019activitat de l\u2019alumnat.<\/span><\/li>\n<li style=\"font-weight: 400;\" aria-level=\"1\"><span style=\"font-weight: 400;\">Oferiment de taller emocional per a l\u2019alumnat de l\u2019escola, en lloc del taller assistit que s\u2019ha fet fins ara a c\u00e0rrec de l\u2019ajuntament.<\/span><span style=\"font-weight: 400;\"><br \/>\n<\/span><\/li>\n<\/ul>\n<p><b>Col\u00f2nies<\/b><span style=\"font-weight: 400;\">: Es reserva La Rectoria de la Selva (Nav\u00e8s) del 2 al 4 de juny de 2027. La tem\u00e0tica ser\u00e0 mediambiental, d\u2019aventura i de lleure-conviv\u00e8ncia.<\/span><span style=\"font-weight: 400;\"><br \/>\n<\/span><b>AFA<\/b><span style=\"font-weight: 400;\">: la festa conjunta amb l\u2019AFA es proposa pel 30 de maig, sortida per l\u2019entorn, cadasc\u00fa portar\u00e0 el seu esmorzar i s\u2019acabar\u00e0 a l\u2019escola amb una cloenda amb aperitiu. S\u2019anir\u00e0 informant.<\/span><\/p>\n<p><b>ULAE<\/b><span style=\"font-weight: 400;\">: s\u2019explica en qu\u00e8 consisteix la dotaci\u00f3 econ\u00f2mica i com es faran les diverses sessions on una s\u2019oferir\u00e0 a portes obertes amb les fam\u00edlies.<\/span><\/p>\n<p><b>Vaga 11F<\/b><span style=\"font-weight: 400;\">: Es fixen serveis m\u00ednims: 1 representant de l\u2019equip directiu i 1 docent per cada tres aules (4 docents en total). L\u2019escola romandr\u00e0 oberta en l\u2019horari habitual i es garantiran els serveis m\u00ednims establerts Tot i aix\u00f2, aquesta situaci\u00f3 afectar\u00e0 el funcionament ordinari del centre i el desenvolupament de l\u2019activitat lectiva durant aquesta jornada.<\/span><\/p>\n<p><span style=\"font-weight: 400;\">El professorat que cobreixi els serveis m\u00ednims no avan\u00e7ar\u00e0 mat\u00e8ria i, en funci\u00f3 de l\u2019aflu\u00e8ncia d\u2019alumnat, ser\u00e0 necessari que un mateix docent s\u2019hagi de fer c\u00e0rrec de m\u00e9s d\u2019un grup; davant d\u2019aquesta situaci\u00f3 excepcional, no es podr\u00e0 garantir el desenvolupament normal de l\u2019activitat educativa.<\/span><\/p>\n<p><span style=\"color: #008000;\"><strong>CONSELL ESCOLAR, 11 DE DESEMBRE DE 2025<\/strong><\/span><\/p>\n<ol>\n<li><span style=\"font-weight: 400;\"> Constituci\u00f3 del nou consell escolar.\u00a0<\/span><\/li>\n<\/ol>\n<p><span style=\"font-weight: 400;\">Es procedeix a la constituci\u00f3 formal del nou Consell Escolar del centre, d\u2019acord amb la normativa vigent.<\/span><\/p>\n<p><span style=\"font-weight: 400;\">Es presenta l\u2019acta de votaci\u00f3.<\/span><\/p>\n<ol>\n<li><span style=\"font-weight: 400;\"> Constituci\u00f3 de les comissions del consell.<\/span><\/li>\n<\/ol>\n<p>Acords:<\/p>\n<p><span style=\"font-weight: 400;\">Comissi\u00f3 Permanent: Jose Vergara i Nuria Ortiz<\/span><\/p>\n<p><span style=\"font-weight: 400;\">Comissi\u00f3 de Conviv\u00e8ncia: Simona Ene, Erika Buzon<\/span><\/p>\n<p><span style=\"font-weight: 400;\">Comissi\u00f3 de coeducaci\u00f3: Erika Buz\u00f3n<\/span><\/p>\n<p><span style=\"color: #008000;\"><strong>CONSELL ESCOLAR, 20 DE NOVEMBRE DE 2025<\/strong><\/span><\/p>\n<p><span style=\"font-weight: 400;\">1. Aprovaci\u00f3, si escau, de l\u2019acta anterior.<\/span><\/p>\n<p style=\"text-align: justify;\"><span style=\"font-weight: 400;\">Esmena de l\u2019acta anterior:<\/span><\/p>\n<p style=\"text-align: justify;\"><span style=\"font-weight: 400;\">S\u2019aclareix que les compet\u00e8ncies b\u00e0siques de 6\u00e8, en l\u2019actual curs, tenen car\u00e0cter mostral i no obligatori. Es recorda que les compet\u00e8ncies b\u00e0siques obligat\u00f2ries s\u00f3n les corresponents a 4t. Igualment, s\u2019informa que les proves de 6\u00e8 es poden realitzar amb correcci\u00f3 interna.<\/span><\/p>\n<p style=\"text-align: justify;\"><span style=\"font-size: 16px; font-weight: 400;\">2.\u00a0 Presentaci\u00f3 i aprovaci\u00f3 PEM 2024-28.<\/span><\/p>\n<p style=\"text-align: justify;\"><span style=\"font-weight: 400;\">Es presenta el Pla Estrat\u00e8gic per la Millora escolar (PEM) 2024\u20132028, amb l\u2019exposici\u00f3 dels seus principals objectius, l\u00ednies estrat\u00e8giques i actuacions previstes. Un cop feta la presentaci\u00f3 i resolts els dubtes plantejats, el Consell procedeix a la seva aprovaci\u00f3.<\/span><\/p>\n<p style=\"text-align: justify;\"><span style=\"font-size: 16px; font-weight: 400;\">3. Proposta col\u00f2nies 2026-27.<\/span><\/p>\n<p style=\"text-align: justify;\"><span style=\"font-weight: 400;\">Es presentar\u00e0 al Consell Escolar. En el formulari de participaci\u00f3 fam\u00edlies dues propostes:<\/span><\/p>\n<ul style=\"text-align: justify;\">\n<li><span style=\"font-weight: 400;\"> Col\u00f2nies 1r trimestre de dimecres a divendres d\u2019I4 a 6\u00e8. Petits EI-CI 2 dies\/1 nit i <\/span>Grans CM-CS 3 dies\/2 nits.<\/li>\n<\/ul>\n<ul style=\"text-align: justify;\">\n<li><span style=\"font-weight: 400;\"> Col\u00f2nies 3r trimestre de dimecres a divendres d\u2019I4 a 6\u00e8. Petits EI-CI 2 dies\/1 nit i <\/span>Grans CM-CS 3 dies\/2 nits.<\/li>\n<\/ul>\n<p style=\"text-align: justify;\"><span style=\"font-weight: 400;\">S\u2019informa que es far\u00e0 arribar a les fam\u00edlies un formulari de consulta perqu\u00e8 puguin votar l\u2019opci\u00f3 que prefereixen en relaci\u00f3 amb aquest assumpte.<\/span><\/p>\n<p><span style=\"color: #008000;\"><strong>CONSELL ESCOLAR, 28 D&#8217;OCTUBRE DE 2025<\/strong><\/span><\/p>\n<ol>\n<li><span style=\"font-weight: 400;\">S\u2019aprova la PGA\u00a0 (Programaci\u00f3 General Anual) curs 2025-26<\/span><\/li>\n<li>Valoraci\u00f3 col\u00f2nies<\/li>\n<\/ol>\n<p><span style=\"color: #008000;\"><strong>CONSELL ESCOLAR, 4\u00a0 DE MAR\u00c7 DE 2025<\/strong><\/span><\/p>\n<ol>\n<li><span style=\"font-weight: 400;\"> Aprovaci\u00f3, si escau, de l\u2019acta anterior.\u00a0<\/span><\/li>\n<li><span style=\"font-weight: 400;\">MEM\u00d2RIA 24-25<\/span><span style=\"font-weight: 400;\">.\u00a0\u00a0<\/span><\/li>\n<li><span style=\"font-weight: 400;\">Pla d\u2019Educaci\u00f3 per la sostenibilitat.\u00a0<\/span><\/li>\n<li><span style=\"font-weight: 400;\"> Modificacions de les<\/span><span style=\"font-weight: 400;\"> NOFC<\/span><span style=\"font-weight: 400;\">:\u00a0<\/span><\/li>\n<\/ol>\n<ul>\n<li style=\"font-weight: 400;\" aria-level=\"1\"><span style=\"font-weight: 400;\">Apartats: 8.5. Protecci\u00f3 de dades personals i \u00fas de la imatge; 8.13.\u00a0 Propietat intel\u00b7lectual i drets d\u2019autoria.\u00a0<\/span><\/li>\n<\/ul>\n<p><span style=\"font-weight: 400;\">Protocol Regulaci\u00f3 de Dades Personals, Llic\u00e8ncies, Drets d\u2019Autoria i Seguretat.<\/span><\/p>\n<ul>\n<li style=\"font-weight: 400;\" aria-level=\"1\"><span style=\"font-weight: 400;\">Apartat 8.1.2. Entrades i sortides; 8.1.3 Retards de l\u2019alumnat; 8.1.4. Entrevistes amb fam\u00edlies.<\/span><\/li>\n<li style=\"font-weight: 400;\" aria-level=\"1\"><span style=\"font-weight: 400;\">Apartat 8.12.\u00a0 \u00das dels tel\u00e8fons m\u00f2bils i rellotges intel\u00b7ligents.<\/span><\/li>\n<\/ul>\n<ol start=\"5\">\n<li><span style=\"font-weight: 400;\"> Modificaci\u00f3 <\/span><span style=\"font-weight: 400;\">Carta de Comprom\u00eds Educatiu<\/span><span style=\"font-weight: 400;\">.<\/span><\/li>\n<li><span style=\"font-weight: 400;\"> Programa fruita a l\u2019escola 2025-26.<\/span><\/li>\n<li><span style=\"font-weight: 400;\"> Centre Formador 2025-26.\u00a0<\/span><\/li>\n<li><span style=\"font-weight: 400;\"> Informacions v\u00e0ries<\/span><\/li>\n<\/ol>\n<ol>\n<li style=\"font-weight: 400;\" aria-level=\"1\"><span style=\"font-weight: 400;\">Participaci\u00f3 en la convocat\u00f2ria d&#8217;ajuts per adquirir equipament de programaci\u00f3 i rob\u00f2tica.<\/span><\/li>\n<li style=\"font-weight: 400;\" aria-level=\"1\"><span style=\"font-weight: 400;\">Participaci\u00f3 en la convocat\u00f2ria per demanar auxiliar de conversa pel curs 2025-26.<\/span><\/li>\n<li style=\"font-weight: 400;\" aria-level=\"1\"><span style=\"font-weight: 400;\">Programa Magnet.<\/span><\/li>\n<li style=\"font-weight: 400;\" aria-level=\"1\"><span style=\"font-weight: 400;\">Material SOCIALITZAT curs 2025-26.\u00a0<\/span><\/li>\n<li style=\"font-weight: 400;\" aria-level=\"1\"><span style=\"font-weight: 400;\">Projecte interdisciplinari d\u2019escola.<\/span><\/li>\n<li style=\"font-weight: 400;\" aria-level=\"1\"><span style=\"font-weight: 400;\">Col\u00f2nies 25-26.<\/span><\/li>\n<li style=\"font-weight: 400;\" aria-level=\"1\"><span style=\"font-weight: 400;\">Renovaci\u00f3 Consell Escolar 1r Trim. 2025-26.<\/span><\/li>\n<\/ol>\n<p>Acords: <span style=\"font-weight: 400;\">S\u2019aproven les modificacions de les NOFC.<\/span><\/p>\n<p><span style=\"font-weight: 400;\">S\u2019aproven les modificacions de la carta de comprom\u00eds en refer\u00e8ncia a l&#8217;\u00fas de m\u00f2bils i rellotges intel\u00b7ligents.<\/span><\/p>\n<p><span style=\"color: #008000;\"><strong>CONSELL ESCOLAR, COMISSI\u00d3 PERMANENT, 18\u00a0 DE MAR\u00c7 DE 2025<\/strong><\/span><\/p>\n<ol>\n<li><span style=\"font-weight: 400;\">Aprovar la participaci\u00f3 en la convocat\u00f2ria\u00a0 d&#8217;ajuts per adquirir equipament de programaci\u00f3\u00a0 i rob\u00f2tica;\u00a0 modificaci\u00f3 del pressupost 2025 si s\u2019escau.<\/span><\/li>\n<\/ol>\n<p>Acords: s&#8217;aprova la participaci\u00f3 en <span style=\"font-weight: 400;\">la convocat\u00f2ria\u00a0 d&#8217;ajuts per adquirir equipament de programaci\u00f3\u00a0 i rob\u00f2tica.<\/span><\/p>\n<p><span style=\"color: #008000;\"><strong>CONSELL ESCOLAR, 4\u00a0 DE MAR\u00c7 DE 2025<\/strong><\/span><\/p>\n<ol>\n<li><span style=\"font-weight: 400;\">Aprovaci\u00f3 del calendari escolar 2025-26.<\/span><\/li>\n<\/ol>\n<p>Acords: Les persones <span style=\"font-weight: 400;\">a la reuni\u00f3 aproven el <a href=\"https:\/\/drive.google.com\/file\/d\/13LjVx4-_CKOR7Bd7tCr6DoR6Yb4MVeTh\/view?usp=sharing\">calendari 25\/26.<\/a><\/span><\/p>\n<p><span style=\"color: #008000;\"><strong>CONSELL ESCOLAR, 4\u00a0 DE MAR\u00c7 DE 2025<\/strong><\/span><\/p>\n<ol>\n<li style=\"font-weight: 400;\" aria-level=\"1\"><span style=\"font-weight: 400;\">Comissi\u00f3 de selecci\u00f3 director\/a:\u00a0 elecci\u00f3 de tres membres\u00a0 i suplent del consell escolar que no formin part del professorat.<\/span><\/li>\n<\/ol>\n<p><span style=\"font-weight: 400;\">Els membres seleccionats s\u00f3n:<\/span><\/p>\n<ol>\n<li style=\"font-weight: 400;\" aria-level=\"1\"><span style=\"font-weight: 400;\">David Serra<\/span><\/li>\n<li style=\"font-weight: 400;\" aria-level=\"1\"><span style=\"font-weight: 400;\">S\u00f2nia Flores<\/span><\/li>\n<li style=\"font-weight: 400;\" aria-level=\"1\"><span style=\"font-weight: 400;\">Montserrat Miralles<\/span><\/li>\n<li style=\"font-weight: 400;\" aria-level=\"1\"><span style=\"font-weight: 400;\">Suplent: Houda Joudi<\/span><\/li>\n<\/ol>\n<p><span style=\"color: #008000;\"><strong>CONSELL ESCOLAR, 13 DE FEBRER DE 2025<\/strong><\/span><\/p>\n<ol>\n<li><span style=\"font-weight: 400;\">Informaci\u00f3 al Consell de la Liquidaci\u00f3 econ\u00f2mica 2024 i presentaci\u00f3 Pressupost per al 2025.<\/span><\/li>\n<\/ol>\n<p><span style=\"font-weight: 400;\">Es presenta a la liquidaci\u00f3 econ\u00f2mica 2024 i balan\u00e7.\u00a0 Es presenta el pressupost 2025.\u00a0<\/span><\/p>\n<p><span style=\"font-weight: 400;\">S\u2019explica la novetat de partides amb relaci\u00f3 a les aportacions de les fam\u00edlies en material i sortides sense i amb pernoctaci\u00f3.\u00a0<\/span><\/p>\n<p><span style=\"font-weight: 400;\">S\u2019aprova la liquidaci\u00f3 econ\u00f2mica 2024 i el pressupost 2025.<\/span><\/p>\n<p><b>Acords:<\/b><\/p>\n<ul>\n<li style=\"font-weight: 400;\" aria-level=\"1\"><span style=\"font-weight: 400;\">S\u2019aprova la liquidaci\u00f3 econ\u00f2mica de 2024.<\/span><\/li>\n<li style=\"font-weight: 400;\" aria-level=\"1\"><span style=\"font-weight: 400;\">S\u2019acorda enviar una inst\u00e0ncia a l\u2019ajuntament per sol\u00b7licitar\u00a0 millores en la seguretat del centre.<\/span><\/li>\n<\/ul>\n<p><span style=\"color: #008000;\"><strong>CONSELL ESCOLAR, 24 D&#8217;OCTUBRE DE 2024<\/strong><\/span><\/p>\n<ol>\n<li><span style=\"font-weight: 400;\">S\u2019aprova la PGA\u00a0 (Programaci\u00f3 General Anual) curs 2024-25<\/span><\/li>\n<li>S&#8217;aprova la constituci\u00f3 de les comissions del Consell.<\/li>\n<\/ol>\n<p><span style=\"font-weight: 400;\"><strong>Comissi\u00f3 de menjador<\/strong>: <\/span><span style=\"font-family: inherit; font-size: 1em;\">Miquel Serrano, <\/span><span style=\"font-family: inherit; font-size: 1em;\">Ceci Rizos (secret\u00e0ria), <\/span><span style=\"font-family: inherit; font-size: 1em;\">S\u00f2nia Flores, <\/span><span style=\"font-family: inherit; font-size: 1em;\">Mireia Espejo<\/span><\/p>\n<p><span style=\"font-weight: 400;\"><strong>Comissi\u00f3 Permanent<\/strong>: <\/span><span style=\"font-family: inherit; font-size: 1em;\">Miquel Serrano, <\/span><span style=\"font-family: inherit; font-size: 1em;\">Joana Gonz\u00e1lez, Houda<\/span><span style=\"font-family: inherit; font-size: 1em;\">\u00a0Joudi<\/span><\/p>\n<p><span style=\"font-weight: 400;\"><strong>Comissi\u00f3 de conviv\u00e8ncia<\/strong>: <\/span><span style=\"font-family: inherit; font-size: 1em;\">Miquel Serrano,\u00a0 <\/span><span style=\"font-family: inherit; font-size: 1em;\">Ceci Rizos (secret\u00e0ria), <\/span><span style=\"font-family: inherit; font-size: 1em;\">Montserrat Miralles, <\/span><span style=\"font-family: inherit; font-size: 1em;\">Aina Mart\u00edn<\/span><\/p>\n<p><strong>Comissi\u00f3 econ\u00f2mica:<\/strong> \u00a0<span style=\"font-family: inherit; font-size: 1em;\">Noemi Casamitjana, <\/span><span style=\"font-family: inherit; font-size: 1em;\">Merc\u00e8 Feltrer, <\/span><span style=\"font-family: inherit; font-size: 1em;\">Dolores Mart\u00ednez<\/span><\/p>\n<p><span style=\"font-weight: 400;\"><strong>Responsable de coeducaci\u00f3<\/strong>: Aida Mallofr\u00e9<\/span><\/p>\n<p><span style=\"color: #008000;\"><strong>CONSELL ESCOLAR EXTRAORDINARI\u00a0 12 DE JUNY DE 2024<\/strong><\/span><\/p>\n<ol>\n<li>S&#8217;aprova el <a href=\"https:\/\/drive.google.com\/file\/d\/1ZoM-sRMcE3vPeqHbMeLHx9tvHrprteek\/view?usp=sharing\">Calendari Escolar curs 2024-25<\/a><\/li>\n<\/ol>\n<p><span style=\"color: #008000;\"><strong>CONSELL ESCOLAR 1 DE FEBRER DE 2024<\/strong><\/span><\/p>\n<ol>\n<li><span style=\"font-weight: 400;\">S\u2019aproven la liquidaci\u00f3 del 2023 i el pressupost del 2024 (<a href=\"https:\/\/drive.google.com\/file\/d\/1xYcXtXJ_E4s-aYwE4MbLsBMg6jUb2mlS\/view?usp=sharing\">Compte general de despeses 2024\u00a0<\/a> i <a href=\"https:\/\/drive.google.com\/file\/d\/1B3CnF-Dtv_aETSjWCDpIw0t5kR_GgmGi\/view?usp=sharing\">compte general de rendes p\u00fabliques 2024<\/a>)\u00a0<\/span><\/li>\n<\/ol>\n<p><span style=\"color: #008000;\"><strong>CONSELL ESCOLAR 12 DE DESEMBRE DE 2023<\/strong><\/span><\/p>\n<ol>\n<li>S&#8217;aprova la <a href=\"https:\/\/drive.google.com\/file\/d\/1ecVefUplM33Np6SIS1S2tz6KDeSDV2OT\/view?usp=sharing\">Constituci\u00f3 del nou Consell Escolar<\/a><\/li>\n<li>S&#8217;aprova la constituci\u00f3 de les comissions del Consell.<\/li>\n<\/ol>\n<p><span style=\"font-weight: 400;\"><strong>Responsable de coeducaci\u00f3<\/strong>: Dolors Esquius <\/span><\/p>\n<p><span style=\"font-weight: 400;\"><strong>Comissi\u00f3 de menjador<\/strong>: Elisabet Colom, Ester Gald\u00f3n (secret\u00e0ria), Sonia Flores<\/span><\/p>\n<p><span style=\"font-weight: 400;\"><strong>Comissi\u00f3 Permanent<\/strong>: Elisabet Colom, Houda Joudi, Joana Gonz\u00e1lez<\/span><\/p>\n<p><span style=\"font-weight: 400;\"><strong>Comissi\u00f3 de conviv\u00e8ncia<\/strong>: Elisabet Colom, Ester Gald\u00f3n (secret\u00e0ria),Dolors Esquius, Montse Miralles<\/span><\/p>\n<p><span style=\"font-weight: 400;\"><strong>Comissi\u00f3 econ\u00f2mica<\/strong>: Noemi Casamitjana, Ceci Rizos , Maria Dolores Mart\u00ednez<\/span><\/p>\n<p><span style=\"color: #008000;\"><strong>CONSELL ESCOLAR 17 D&#8217;OCTUBRE DE 2023<\/strong><\/span><\/p>\n<ol>\n<li><span style=\"font-weight: 400;\">S\u2019aprova el canvi del dia de lliure disposici\u00f3 del 26\/4 al 19\/4<\/span><\/li>\n<li><span style=\"font-weight: 400;\">S\u2019aprova la PGA\u00a0 (Programaci\u00f3 General Anual) curs 2023-24<\/span><\/li>\n<\/ol>\n<p><span style=\"color: #008000;\"><strong>CONSELL ESCOLAR 7 DE FEBRER DE 2022<\/strong><\/span><\/p>\n<ol>\n<li>S&#8217;aprova la liquidaci\u00f3 econ\u00f2mica 2021 i el pressupost per al 2022.<\/li>\n<\/ol>\n<p><span style=\"color: #008000;\"><strong>CONSELL ESCOLAR 15 DE DESEMBRE DE 2021<\/strong><\/span><\/p>\n<ol>\n<li>S&#8217;aprova la composici\u00f3 de les diferents comissions del Consell Escolar:<\/li>\n<\/ol>\n<table>\n<tbody>\n<tr>\n<td><span style=\"font-weight: 400;\">COMISSI\u00d3 PERMANENT<\/span><\/p>\n<ul>\n<li style=\"font-weight: 400;\" aria-level=\"1\"><span style=\"font-weight: 400;\">Elisabet Colom<\/span><\/li>\n<li style=\"font-weight: 400;\" aria-level=\"1\"><span style=\"font-weight: 400;\">Joana Gonz\u00e1lez<\/span><\/li>\n<li style=\"font-weight: 400;\" aria-level=\"1\"><span style=\"font-weight: 400;\">Houda Joudi<\/span><\/li>\n<\/ul>\n<p>&nbsp;<\/td>\n<td><span style=\"font-weight: 400;\">COMISSI\u00d3 DE CONVIV\u00c8NCIA<\/span><\/p>\n<ul>\n<li style=\"font-weight: 400;\" aria-level=\"1\"><span style=\"font-weight: 400;\">Elisabet Colom<\/span><\/li>\n<li style=\"font-weight: 400;\" aria-level=\"1\"><span style=\"font-weight: 400;\">Ester Gald\u00f3n (secret\u00e0ria)<\/span><\/li>\n<li style=\"font-weight: 400;\" aria-level=\"1\"><span style=\"font-weight: 400;\">Anna Escol\u00e0<\/span><\/li>\n<li style=\"font-weight: 400;\" aria-level=\"1\"><span style=\"font-weight: 400;\">Dolors Esquius<\/span><\/li>\n<\/ul>\n<p>&nbsp;<\/td>\n<td><span style=\"font-weight: 400;\">COMISSI\u00d3 ECON\u00d2MICA<\/span><\/p>\n<ul>\n<li style=\"font-weight: 400;\" aria-level=\"1\"><span style=\"font-weight: 400;\">Noemi Casamitjana<\/span><\/li>\n<li style=\"font-weight: 400;\" aria-level=\"1\"><span style=\"font-weight: 400;\">N\u00faria Banqu\u00e9\u00a0<\/span><\/li>\n<li style=\"font-weight: 400;\" aria-level=\"1\"><span style=\"font-weight: 400;\">Josefina Su\u00e1rez<\/span><\/li>\n<\/ul>\n<p>&nbsp;<\/td>\n<\/tr>\n<tr>\n<td><span style=\"font-weight: 400;\">COMISSI\u00d3 DE MENJADOR<\/span><\/p>\n<ul>\n<li style=\"font-weight: 400;\" aria-level=\"1\"><span style=\"font-weight: 400;\">Elisabet Colom<\/span><\/li>\n<li style=\"font-weight: 400;\" aria-level=\"1\"><span style=\"font-weight: 400;\">Ester Gald\u00f3n (secret\u00e0ria)<\/span><\/li>\n<li style=\"font-weight: 400;\" aria-level=\"1\"><span style=\"font-weight: 400;\">S\u00f2nia Flores<\/span><\/li>\n<li style=\"font-weight: 400;\" aria-level=\"1\"><span style=\"font-weight: 400;\">Jose Vergara (Proposta)<\/span><\/li>\n<\/ul>\n<\/td>\n<td><span style=\"font-weight: 400;\">REFERENT DE COEDUCACI\u00d3<\/span><\/p>\n<ul>\n<li><span style=\"font-weight: 400;\">Ceci Rizos<\/span><\/li>\n<\/ul>\n<p>&nbsp;<\/p>\n<p>&nbsp;<\/td>\n<td>&nbsp;<\/p>\n<p>&nbsp;<\/p>\n<p>&nbsp;<\/td>\n<\/tr>\n<\/tbody>\n<\/table>\n<p>2.S&#8217;aprova fer el concert de Nadal a <span style=\"font-weight: 400;\">la pista, <\/span><span style=\"font-weight: 400;\">entrant alumnes i fam\u00edlies esglaonadament segons els cursos. En cas de pluja quedar\u00e0 anul\u00b7lat.<\/span><\/p>\n<p>3. <span style=\"font-family: inherit; font-size: 1em;\">Davant la utilitzaci\u00f3 del nou Instagram de l\u2019escola es penjar\u00e0 un document per a que les fam\u00edlies actuals, si no volen que els seus fills\/es surtin a instagram, puguin exercir el seu dret d\u2019elecci\u00f3 i donar-se de baixa en els drets d\u2019imatge d\u2019aquesta xarxa.<\/span><\/p>\n<p><span style=\"color: #008000;\"><strong>CONSELL ESCOLAR EXTRAORDINARI\u00a0 15 DE DESEMBRE DE 2021<\/strong><\/span><\/p>\n<ol>\n<li>S&#8217;aprova la renovaci\u00f3 del Consell Escolar<\/li>\n<\/ol>\n<p><span style=\"color: #008000;\"><strong>CONSELL ESCOLAR EXTRAORDINARI\u00a0 6 DE SETEMBRE DE 2021<\/strong><\/span><\/p>\n<ol>\n<li>Es presenta i aprova el Pla d&#8217;actuaci\u00f3 per al curs 2021-22 <span style=\"font-weight: 400;\">el marc de la pand\u00e8mia per al COVID-19.<\/span><\/li>\n<\/ol>\n<p>&nbsp;<\/p>\n","protected":false},"excerpt":{"rendered":"<p>CONSELL ESCOLAR, 10 DE FEBRER DE 2026 Informaci\u00f3 al Consell de la Liquidaci\u00f3 econ\u00f2mica 2025 i presentaci\u00f3 Pressupost per al 2026. Presentaci\u00f3 de la liquidaci\u00f3 de l\u2019exercici 2025. S\u2019explica les partides que consta com a import \/0\/ perqu\u00e8 b\u00e9 per defecte pel Departament i nom\u00e9s fent constar on l\u2019escola t\u00e9 ingressos i despeses.\u00a0 S\u2019explica la [&hellip;]<\/p>\n","protected":false},"author":1,"featured_media":0,"parent":7374,"menu_order":0,"comment_status":"closed","ping_status":"closed","template":"","meta":{"_bbp_topic_count":0,"_bbp_reply_count":0,"_bbp_total_topic_count":0,"_bbp_total_reply_count":0,"_bbp_voice_count":0,"_bbp_anonymous_reply_count":0,"_bbp_topic_count_hidden":0,"_bbp_reply_count_hidden":0,"_bbp_forum_subforum_count":0,"site-sidebar-layout":"default","site-content-layout":"","ast-site-content-layout":"default","site-content-style":"default","site-sidebar-style":"default","ast-global-header-display":"","ast-banner-title-visibility":"","ast-main-header-display":"","ast-hfb-above-header-display":"","ast-hfb-below-header-display":"","ast-hfb-mobile-header-display":"","site-post-title":"","ast-breadcrumbs-content":"","ast-featured-img":"","footer-sml-layout":"","theme-transparent-header-meta":"default","adv-header-id-meta":"","stick-header-meta":"","header-above-stick-meta":"","header-main-stick-meta":"","header-below-stick-meta":"","astra-migrate-meta-layouts":"set","ast-page-background-enabled":"default","ast-page-background-meta":{"desktop":{"background-color":"var(--ast-global-color-4)","background-image":"","background-repeat":"repeat","background-position":"center center","background-size":"auto","background-attachment":"scroll","background-type":"","background-media":"","overlay-type":"","overlay-color":"","overlay-opacity":"","overlay-gradient":""},"tablet":{"background-color":"","background-image":"","background-repeat":"repeat","background-position":"center center","background-size":"auto","background-attachment":"scroll","background-type":"","background-media":"","overlay-type":"","overlay-color":"","overlay-opacity":"","overlay-gradient":""},"mobile":{"background-color":"","background-image":"","background-repeat":"repeat","background-position":"center center","background-size":"auto","background-attachment":"scroll","background-type":"","background-media":"","overlay-type":"","overlay-color":"","overlay-opacity":"","overlay-gradient":""}},"ast-content-background-meta":{"desktop":{"background-color":"var(--ast-global-color-5)","background-image":"","background-repeat":"repeat","background-position":"center center","background-size":"auto","background-attachment":"scroll","background-type":"","background-media":"","overlay-type":"","overlay-color":"","overlay-opacity":"","overlay-gradient":""},"tablet":{"background-color":"var(--ast-global-color-5)","background-image":"","background-repeat":"repeat","background-position":"center center","background-size":"auto","background-attachment":"scroll","background-type":"","background-media":"","overlay-type":"","overlay-color":"","overlay-opacity":"","overlay-gradient":""},"mobile":{"background-color":"var(--ast-global-color-5)","background-image":"","background-repeat":"repeat","background-position":"center center","background-size":"auto","background-attachment":"scroll","background-type":"","background-media":"","overlay-type":"","overlay-color":"","overlay-opacity":"","overlay-gradient":""}},"footnotes":""},"class_list":["post-9233","page","type-page","status-publish","hentry"],"post_mailing_queue_ids":[],"_links":{"self":[{"href":"https:\/\/agora.xtec.cat\/ceipsantpere\/wp-json\/wp\/v2\/pages\/9233","targetHints":{"allow":["GET"]}}],"collection":[{"href":"https:\/\/agora.xtec.cat\/ceipsantpere\/wp-json\/wp\/v2\/pages"}],"about":[{"href":"https:\/\/agora.xtec.cat\/ceipsantpere\/wp-json\/wp\/v2\/types\/page"}],"author":[{"embeddable":true,"href":"https:\/\/agora.xtec.cat\/ceipsantpere\/wp-json\/wp\/v2\/users\/1"}],"replies":[{"embeddable":true,"href":"https:\/\/agora.xtec.cat\/ceipsantpere\/wp-json\/wp\/v2\/comments?post=9233"}],"version-history":[{"count":7,"href":"https:\/\/agora.xtec.cat\/ceipsantpere\/wp-json\/wp\/v2\/pages\/9233\/revisions"}],"predecessor-version":[{"id":17947,"href":"https:\/\/agora.xtec.cat\/ceipsantpere\/wp-json\/wp\/v2\/pages\/9233\/revisions\/17947"}],"up":[{"embeddable":true,"href":"https:\/\/agora.xtec.cat\/ceipsantpere\/wp-json\/wp\/v2\/pages\/7374"}],"wp:attachment":[{"href":"https:\/\/agora.xtec.cat\/ceipsantpere\/wp-json\/wp\/v2\/media?parent=9233"}],"curies":[{"name":"wp","href":"https:\/\/api.w.org\/{rel}","templated":true}]}}