{"id":73,"date":"2014-09-18T14:01:51","date_gmt":"2014-09-18T13:01:51","guid":{"rendered":"http:\/\/agora.xtec.cat\/ceipsantpere\/?page_id=73"},"modified":"2026-03-17T18:41:14","modified_gmt":"2026-03-17T17:41:14","slug":"menjador-escolar","status":"publish","type":"page","link":"https:\/\/agora.xtec.cat\/ceipsantpere\/lescola\/menjador-escolar\/","title":{"rendered":"Menjador escolar"},"content":{"rendered":"<p style=\"text-align: center;\"><strong><span style=\"color: #339966;\">INFORMACI\u00d3 FAM\u00cdLIES 25-26<\/span><\/strong><\/p>\n<p><a href=\"https:\/\/drive.google.com\/file\/d\/1b70CknfxCH-dwxl_OGS2OztZXQBoA2Nx\/view?usp=sharing\">ACTIVITATS MAR\u00c7\u00a0 \u00a0<\/a> \u00a0 \u00a0 \u00a0 \u00a0 \u00a0 \u00a0 \u00a0 \u00a0 \u00a0 \u00a0 \u00a0 \u00a0 \u00a0 \u00a0 \u00a0 \u00a0 \u00a0 \u00a0 \u00a0 \u00a0 <a href=\"https:\/\/drive.google.com\/file\/d\/1v-ju69PqdEIKuwbb7La_LTsV0EXQK7tu\/view?usp=sharing\">\u00a0IMATGES FEBRER<\/a><\/p>\n<p><a href=\"https:\/\/drive.google.com\/file\/d\/1Lngr08EfTFPZUnHTcYNPYMtvs7Sp0SG5\/view?usp=sharing\">MEN\u00da DE MAR\u00c7\u00a0 \u00a0<\/a>\u00a0 \u00a0 \u00a0 \u00a0 \u00a0 \u00a0 \u00a0 \u00a0 \u00a0 \u00a0 \u00a0 \u00a0 \u00a0 \u00a0 \u00a0 \u00a0 \u00a0 \u00a0 \u00a0 \u00a0 \u00a0 \u00a0 \u00a0 <a href=\"https:\/\/drive.google.com\/file\/d\/1nHIFB-pzfyEP1p9DIDoYmH2abtkol9G_\/view?usp=drive_link\">MEN\u00da DE MAR\u00c7 DERIVADES<\/a><\/p>\n<p><a href=\"https:\/\/drive.google.com\/file\/d\/14k_JFEaWjKvnWoTBfQcKaYq0unVh-GMr\/view?usp=sharing\">ACTIVITATS DE FEBRER\u00a0<\/a>\u00a0 \u00a0 \u00a0 \u00a0 \u00a0 \u00a0 \u00a0 \u00a0 \u00a0 \u00a0 \u00a0 \u00a0 \u00a0 \u00a0 \u00a0 \u00a0 \u00a0<a href=\"https:\/\/drive.google.com\/file\/d\/1O34VxH4L8V0-7Z690EpoinqautTX1t7g\/view?usp=sharing\">IMATGES DE GENER<\/a><\/p>\n<p><a href=\"https:\/\/drive.google.com\/file\/d\/12NAgDg7uRK1LlQbLGQfvXUlxvlA3HU8g\/view?usp=sharing\">MEN\u00da DE FEBRER\u00a0 \u00a0<\/a>\u00a0 \u00a0 \u00a0 \u00a0 \u00a0 \u00a0 \u00a0 \u00a0 \u00a0 \u00a0 \u00a0 \u00a0 \u00a0 \u00a0 \u00a0 \u00a0 \u00a0 \u00a0 \u00a0 \u00a0 \u00a0 \u00a0<a href=\"https:\/\/drive.google.com\/file\/d\/1PSCbonqsSW327u4MxP5gMNTLJEqmjAvn\/view?usp=sharing\">MEN\u00da DE FEBRER DERIVADES\u00a0<\/a><\/p>\n<p><a href=\"https:\/\/drive.google.com\/file\/d\/1K9pQb8LMcUpzxL3XjsCo17A05IARosKR\/view?usp=sharing\">ACTIVITATS GENER\u00a0 \u00a0<\/a>\u00a0 \u00a0 \u00a0 \u00a0 \u00a0 \u00a0 \u00a0 \u00a0 \u00a0 \u00a0 \u00a0 \u00a0 \u00a0 \u00a0 \u00a0 \u00a0 \u00a0 \u00a0 \u00a0 \u00a0 \u00a0<a href=\"https:\/\/drive.google.com\/file\/d\/19CCj1sd6a3fDf08acf3zsvWGtKYOnXqV\/view?usp=sharing\">IMATGES DE DESEMBRE<\/a><\/p>\n<p><a href=\"https:\/\/drive.google.com\/file\/d\/1-hMZV1J_9SJa1Gl4jxq8MEW3R-0CDE5c\/view?usp=sharing\">MEN\u00da DE GENER\u00a0 \u00a0<\/a>\u00a0 \u00a0 \u00a0 \u00a0 \u00a0 \u00a0 \u00a0 \u00a0 \u00a0 \u00a0 \u00a0 \u00a0 \u00a0 \u00a0 \u00a0 \u00a0 \u00a0 \u00a0 \u00a0 \u00a0 \u00a0 \u00a0 \u00a0 \u00a0<a href=\"https:\/\/drive.google.com\/file\/d\/1PjCTejOE2CTRMUCnRQbgkNF-59d64aBx\/view?usp=sharing\">MEN\u00da DE GENER DERIVADES<\/a><\/p>\n<p><a href=\"https:\/\/drive.google.com\/file\/d\/1SzWXxaDbWoM94XJ0MpgFeef8owTM4b8T\/view?usp=sharing\">ACTIVITATS DESEMBRE<\/a>\u00a0 \u00a0 \u00a0 \u00a0 \u00a0 \u00a0 \u00a0 \u00a0 \u00a0 \u00a0 \u00a0 \u00a0 \u00a0 \u00a0 \u00a0 \u00a0 \u00a0 \u00a0 \u00a0<a href=\"https:\/\/drive.google.com\/file\/d\/1uSx2Ezka2ST4_tT9nfuRDzjlYD3PGIrE\/view?usp=sharing\">IMATGES ACTIVITATS DE NOVEMBRE<\/a><\/p>\n<p><a href=\"https:\/\/drive.google.com\/file\/d\/1rz7_wwpzoR1xiugr9UqjP4K11bpZ7FNO\/view?usp=sharing\">MEN\u00da DE DESEMBRE<\/a>\u00a0 \u00a0 \u00a0 \u00a0 \u00a0 \u00a0 \u00a0 \u00a0 \u00a0 \u00a0 \u00a0 \u00a0 \u00a0 \u00a0 \u00a0 \u00a0 \u00a0 \u00a0 \u00a0 \u00a0 \u00a0<a href=\"https:\/\/drive.google.com\/file\/d\/1P79XNNfSrXCBiD05uj-LJ42xOHd3_J_r\/view?usp=sharing\">MEN\u00da DE DESEMBRE DERIVADES<\/a><\/p>\n<p><a style=\"font-size: 16px; background-color: #ffffff;\" href=\"https:\/\/drive.google.com\/file\/d\/1LR_Ndgg3J7MBK8QsJCuVnhNPk3deNxPu\/view?usp=sharing\">MEN\u00da DE NOVEMBRE<\/a>\u00a0 \u00a0 \u00a0 \u00a0 \u00a0 \u00a0 \u00a0 \u00a0 \u00a0 \u00a0 \u00a0 \u00a0 \u00a0 \u00a0 \u00a0 \u00a0 \u00a0 \u00a0 \u00a0 \u00a0 <a href=\"https:\/\/drive.google.com\/file\/d\/1-EqEPman1nwx2Kq8JMSYtet1d_QrcctP\/view?usp=sharing\">MEN\u00da DE NOVEMBRE DERIVADES<\/a><\/p>\n<p><a href=\"https:\/\/drive.google.com\/file\/d\/16clygpFAvYBL7Ejxo2IqwSngpBn4UzDj\/view?usp=sharing\">ACTIVITATS D&#8217;OCTUBRE\u00a0<\/a>\u00a0 \u00a0 \u00a0 \u00a0 \u00a0 \u00a0 \u00a0 \u00a0 \u00a0 \u00a0 \u00a0 \u00a0 \u00a0 \u00a0 \u00a0 \u00a0 \u00a0 \u00a0<a href=\"https:\/\/drive.google.com\/file\/d\/1_7d_a30PdCX2ysNcDn4Z3hNX7wAKd8uJ\/view?usp=sharing\">IMATGES ACTIVITATS D&#8217;OCTUBRE<\/a><\/p>\n<p><a href=\"https:\/\/drive.google.com\/file\/d\/1rnmGJ0he27EMd1TRNMZFG9FP-N7yXtJL\/view?usp=sharing\">MEN\u00da D&#8217;OCTUBRE <\/a><\/p>\n<p><a href=\"https:\/\/drive.google.com\/file\/d\/1gh2UaHCOVLLHGu70HSVD8ANg2OOW7bOn\/view?usp=sharing\">MEN\u00da DE SETEMBRE<\/a>\u00a0 \u00a0 \u00a0 \u00a0 \u00a0 \u00a0 \u00a0 \u00a0 \u00a0 \u00a0 \u00a0 \u00a0 \u00a0 \u00a0 \u00a0 \u00a0 \u00a0 \u00a0 \u00a0 \u00a0 \u00a0 <a href=\"https:\/\/drive.google.com\/file\/d\/1segpd91_fFSpb0GVrCe9eFqfauLrjrpJ\/view?usp=sharing\">MEN\u00da SETEMBRE DERIVADES<\/a><\/p>\n<p>&nbsp;<\/p>\n<p><iframe loading=\"lazy\" src=\"https:\/\/agora.xtec.cat\/ceipsantpere\/wp-content\/uploads\/usu1286\/2025\/07\/CARTA-BENVINGUDA-25-26-SANT-PERE.pdf\" width=\"900\" height=\"800\"><\/iframe><\/p>\n<p>IMPORTANT: El control de l&#8217;assist\u00e8ncia de l&#8217;alumnat al menjador es fa des de l&#8217;aplicaci\u00f3 <a href=\"https:\/\/play.google.com\/store\/search?q=serhs%20food%20education&amp;c=apps&amp;hl=ca\">Serhs food education.<\/a><\/p>\n<p>Si teniu dubtes sobre el seu funcionament, podeu seguir aquest <a href=\"https:\/\/drive.google.com\/file\/d\/1aiyl3aVU_P8Lpw4Zag2GIoQa_UsMjl7P\/view\">TUTORIAL<\/a> o contactar amb la coordinadora del menjador.<\/p>\n<ul>\n<li><b><b><span class=\"\"><span class=\"\">Per a qualsevol consulta de beques podeu consultar a la <a href=\"https:\/\/www.ccbages.cat\/educacioicultura\/educacio\/menjador\/\">web del Consell Comarcal<\/a><\/span><\/span><\/b><\/b><a href=\"https:\/\/www.ccbages.cat\/educacioicultura\/educacio\/menjador\/\" target=\"_blank\" rel=\"noopener noreferrer\"><img loading=\"lazy\" decoding=\"async\" class=\"aligncenter wp-image-7171 size-full\" src=\"https:\/\/agora.xtec.cat\/ceipsantpere\/wp-content\/uploads\/usu1286\/2020\/03\/Escut-tipografia-inferior.jpg\" alt=\"\" width=\"640\" height=\"183\" srcset=\"https:\/\/agora.xtec.cat\/ceipsantpere\/wp-content\/uploads\/usu1286\/2020\/03\/Escut-tipografia-inferior.jpg 640w, https:\/\/agora.xtec.cat\/ceipsantpere\/wp-content\/uploads\/usu1286\/2020\/03\/Escut-tipografia-inferior-300x86.jpg 300w\" sizes=\"auto, (max-width: 640px) 100vw, 640px\" \/><\/a><\/li>\n<\/ul>\n<p>&nbsp;<\/p>\n","protected":false},"excerpt":{"rendered":"<p>INFORMACI\u00d3 FAM\u00cdLIES 25-26 ACTIVITATS MAR\u00c7\u00a0 \u00a0 \u00a0 \u00a0 \u00a0 \u00a0 \u00a0 \u00a0 \u00a0 \u00a0 \u00a0 \u00a0 \u00a0 \u00a0 \u00a0 \u00a0 \u00a0 \u00a0 \u00a0 \u00a0 \u00a0 \u00a0 \u00a0IMATGES FEBRER MEN\u00da DE MAR\u00c7\u00a0 \u00a0\u00a0 \u00a0 \u00a0 \u00a0 \u00a0 \u00a0 \u00a0 \u00a0 \u00a0 \u00a0 \u00a0 \u00a0 \u00a0 \u00a0 \u00a0 \u00a0 \u00a0 \u00a0 \u00a0 \u00a0 \u00a0 \u00a0 \u00a0 MEN\u00da [&hellip;]<\/p>\n","protected":false},"author":1,"featured_media":0,"parent":22,"menu_order":30,"comment_status":"closed","ping_status":"closed","template":"","meta":{"_bbp_topic_count":0,"_bbp_reply_count":0,"_bbp_total_topic_count":0,"_bbp_total_reply_count":0,"_bbp_voice_count":0,"_bbp_anonymous_reply_count":0,"_bbp_topic_count_hidden":0,"_bbp_reply_count_hidden":0,"_bbp_forum_subforum_count":0,"site-sidebar-layout":"default","site-content-layout":"","ast-site-content-layout":"default","site-content-style":"default","site-sidebar-style":"default","ast-global-header-display":"","ast-banner-title-visibility":"","ast-main-header-display":"","ast-hfb-above-header-display":"","ast-hfb-below-header-display":"","ast-hfb-mobile-header-display":"","site-post-title":"","ast-breadcrumbs-content":"","ast-featured-img":"","footer-sml-layout":"","theme-transparent-header-meta":"default","adv-header-id-meta":"","stick-header-meta":"","header-above-stick-meta":"","header-main-stick-meta":"","header-below-stick-meta":"","astra-migrate-meta-layouts":"set","ast-page-background-enabled":"default","ast-page-background-meta":{"desktop":{"background-color":"var(--ast-global-color-4)","background-image":"","background-repeat":"repeat","background-position":"center center","background-size":"auto","background-attachment":"scroll","background-type":"","background-media":"","overlay-type":"","overlay-color":"","overlay-opacity":"","overlay-gradient":""},"tablet":{"background-color":"","background-image":"","background-repeat":"repeat","background-position":"center center","background-size":"auto","background-attachment":"scroll","background-type":"","background-media":"","overlay-type":"","overlay-color":"","overlay-opacity":"","overlay-gradient":""},"mobile":{"background-color":"","background-image":"","background-repeat":"repeat","background-position":"center center","background-size":"auto","background-attachment":"scroll","background-type":"","background-media":"","overlay-type":"","overlay-color":"","overlay-opacity":"","overlay-gradient":""}},"ast-content-background-meta":{"desktop":{"background-color":"var(--ast-global-color-5)","background-image":"","background-repeat":"repeat","background-position":"center center","background-size":"auto","background-attachment":"scroll","background-type":"","background-media":"","overlay-type":"","overlay-color":"","overlay-opacity":"","overlay-gradient":""},"tablet":{"background-color":"var(--ast-global-color-5)","background-image":"","background-repeat":"repeat","background-position":"center center","background-size":"auto","background-attachment":"scroll","background-type":"","background-media":"","overlay-type":"","overlay-color":"","overlay-opacity":"","overlay-gradient":""},"mobile":{"background-color":"var(--ast-global-color-5)","background-image":"","background-repeat":"repeat","background-position":"center center","background-size":"auto","background-attachment":"scroll","background-type":"","background-media":"","overlay-type":"","overlay-color":"","overlay-opacity":"","overlay-gradient":""}},"footnotes":""},"class_list":["post-73","page","type-page","status-publish","hentry"],"post_mailing_queue_ids":[],"_links":{"self":[{"href":"https:\/\/agora.xtec.cat\/ceipsantpere\/wp-json\/wp\/v2\/pages\/73","targetHints":{"allow":["GET"]}}],"collection":[{"href":"https:\/\/agora.xtec.cat\/ceipsantpere\/wp-json\/wp\/v2\/pages"}],"about":[{"href":"https:\/\/agora.xtec.cat\/ceipsantpere\/wp-json\/wp\/v2\/types\/page"}],"author":[{"embeddable":true,"href":"https:\/\/agora.xtec.cat\/ceipsantpere\/wp-json\/wp\/v2\/users\/1"}],"replies":[{"embeddable":true,"href":"https:\/\/agora.xtec.cat\/ceipsantpere\/wp-json\/wp\/v2\/comments?post=73"}],"version-history":[{"count":6,"href":"https:\/\/agora.xtec.cat\/ceipsantpere\/wp-json\/wp\/v2\/pages\/73\/revisions"}],"predecessor-version":[{"id":17928,"href":"https:\/\/agora.xtec.cat\/ceipsantpere\/wp-json\/wp\/v2\/pages\/73\/revisions\/17928"}],"up":[{"embeddable":true,"href":"https:\/\/agora.xtec.cat\/ceipsantpere\/wp-json\/wp\/v2\/pages\/22"}],"wp:attachment":[{"href":"https:\/\/agora.xtec.cat\/ceipsantpere\/wp-json\/wp\/v2\/media?parent=73"}],"curies":[{"name":"wp","href":"https:\/\/api.w.org\/{rel}","templated":true}]}}