{"id":7094,"date":"2020-02-28T10:55:56","date_gmt":"2020-02-28T09:55:56","guid":{"rendered":"http:\/\/agora.xtec.cat\/ceipsantpere\/?page_id=7094"},"modified":"2025-12-18T18:58:10","modified_gmt":"2025-12-18T17:58:10","slug":"documents-i-autoritzacions-families","status":"publish","type":"page","link":"https:\/\/agora.xtec.cat\/ceipsantpere\/lescola\/documents-i-autoritzacions-families\/","title":{"rendered":"Documents  de gesti\u00f3  i autoritzacions"},"content":{"rendered":"<table class=\" aligncenter\" style=\"height: 443px; width: 94.0763%;\" width=\"81.6902%\">\n<tbody>\n<tr style=\"height: 61px;\">\n<td style=\"height: 45px; width: 35.5556%;\">AUTORITZACI\u00d3 DRETS D&#8217;IMATGE I VEU<\/td>\n<td style=\"width: 31.6337%; height: 45px; text-align: left;\">AUTORITZACI\u00d3 \u00daS D&#8217;INTERNET<\/td>\n<td style=\"width: 31.6337%; height: 45px; text-align: justify;\"><span style=\"color: #000000;\">AUTORITZACI\u00d3 <\/span>PARACETAMOL<\/td>\n<\/tr>\n<tr style=\"height: 50px;\">\n<td style=\"width: 35.5556%; height: 10px;\"><a href=\"https:\/\/drive.google.com\/file\/d\/1KRsaL7th-3YFCInygo8HrnRAcE-DG7oP\/view?usp=sharing\"><img loading=\"lazy\" decoding=\"async\" class=\"wp-image-7340 alignnone\" src=\"https:\/\/agora.xtec.cat\/ceipsantpere\/wp-content\/uploads\/usu1286\/2020\/03\/mano-camara_104765-31.jpg\" alt=\"\" width=\"124\" height=\"99\" srcset=\"https:\/\/agora.xtec.cat\/ceipsantpere\/wp-content\/uploads\/usu1286\/2020\/03\/mano-camara_104765-31.jpg 626w, https:\/\/agora.xtec.cat\/ceipsantpere\/wp-content\/uploads\/usu1286\/2020\/03\/mano-camara_104765-31-300x240.jpg 300w\" sizes=\"auto, (max-width: 124px) 100vw, 124px\" \/><\/a><\/td>\n<td style=\"width: 31.6337%; height: 10px;\">\n<h6 style=\"text-align: left;\"><span style=\"color: #339966;\"><strong><span style=\"color: #ff6600;\">\u00a0 \u00a0 \u00a0 \u00a0 \u00a0 \u00a0 \u00a0<a style=\"color: #ff6600;\" href=\"https:\/\/drive.google.com\/file\/d\/16QZz9uxREAJmQ5Va0Phw96aoIL8vxBkA\/view?usp=sharing\">I5-P1-P2<\/a><\/span><\/strong><span style=\"color: #ff6600;\"><strong>\u00a0<\/strong> \u00a0 \u00a0<\/span><\/span><\/h6>\n<h6 style=\"text-align: left;\">\u00a0 \u00a0 \u00a0 \u00a0 \u00a0 \u00a0 \u00a0 \u00a0<strong><span style=\"color: #008080;\"><a style=\"color: #008080;\" href=\"https:\/\/drive.google.com\/file\/d\/1qhLaw9tYAbSQQ_XwmGIe5-zp-7h5VL5D\/view?usp=sharing\">P3 a P6\u00a0<\/a> <\/span><\/strong><\/h6>\n<p><img loading=\"lazy\" decoding=\"async\" class=\"alignnone wp-image-7344\" src=\"https:\/\/agora.xtec.cat\/ceipsantpere\/wp-content\/uploads\/usu1286\/2020\/03\/isegura.jpg\" alt=\"\" width=\"121\" height=\"95\" srcset=\"https:\/\/agora.xtec.cat\/ceipsantpere\/wp-content\/uploads\/usu1286\/2020\/03\/isegura.jpg 528w, https:\/\/agora.xtec.cat\/ceipsantpere\/wp-content\/uploads\/usu1286\/2020\/03\/isegura-300x236.jpg 300w\" sizes=\"auto, (max-width: 121px) 100vw, 121px\" \/><\/td>\n<td style=\"width: 31.6337%; height: 10px;\"><a href=\"https:\/\/drive.google.com\/file\/d\/1OJMJgUxHJszu37-SXVRMBi9cCOaR0AOI\/view?usp=sharing\"><img loading=\"lazy\" decoding=\"async\" class=\"wp-image-7341 alignnone\" src=\"https:\/\/agora.xtec.cat\/ceipsantpere\/wp-content\/uploads\/usu1286\/2020\/03\/medicaments.jpg\" alt=\"\" width=\"131\" height=\"102\" \/><\/a><\/td>\n<\/tr>\n<tr style=\"height: 60px;\">\n<td style=\"width: 35.5556%; height: 10px;\">AUTORITZACI\u00d3 D\u2019\u00daS DE CORREUS ELECTR\u00d2NICS<\/td>\n<td style=\"width: 31.6337%; height: 10px;\">ENTREVISTA ALUMNAT I3<\/td>\n<td style=\"width: 31.6337%; height: 10px;\">ENTREVISTA ALUMNAT NOVA INCORPORACI\u00d3 (Excepte I3)<\/td>\n<\/tr>\n<tr style=\"height: 50px;\">\n<td style=\"width: 35.5556%; height: 10px;\"><a href=\"https:\/\/drive.google.com\/file\/d\/1a4_RHTOnEux8mOUBXvO7OCJvERWGgVFD\/view?usp=sharing\"><img loading=\"lazy\" decoding=\"async\" class=\"aligncenter\" src=\"https:\/\/agora.xtec.cat\/escolapous\/wp-content\/uploads\/usu1229\/2020\/03\/correu1.jpg\" alt=\"Tutorial.Com enviar un correu electr\u00f2nic. | Institut Escola Josep Pous i Pag\u00e8s\" width=\"115\" height=\"100\" \/><\/a><\/td>\n<td style=\"width: 31.6337%; height: 10px;\"><a href=\"https:\/\/drive.google.com\/file\/d\/1snky78eRYzfG3lGigCl6ImrPkeDFFeP1\/view?usp=sharing\"><img loading=\"lazy\" decoding=\"async\" class=\"aligncenter\" src=\"https:\/\/www.bizneo.com\/blog\/wp-content\/uploads\/2023\/02\/entrevista-de-seleccion-1.jpg\" alt=\"Entrevista de selecci\u00f3n | Eval\u00faa y elige al mejor candidato\" width=\"209\" height=\"117\" \/><\/a><\/td>\n<td style=\"width: 31.6337%; height: 10px;\"><a href=\"https:\/\/drive.google.com\/file\/d\/1CIPyki2ZrUZ-yw0eeJOfuE7WGHUooQZ-\/view?usp=sharing\"><img loading=\"lazy\" decoding=\"async\" class=\"aligncenter\" src=\"https:\/\/encrypted-tbn0.gstatic.com\/images?q=tbn:ANd9GcTAYQInpQJ41-VIrMat0P9zm-DxwISuwq41imtlEeAPvZ5ubfV9SAME4qzJbVlvMRQH4FQ&amp;usqp=CAU\" alt=\"Las formas de entrevistar a los candidatos\" width=\"186\" height=\"124\" \/><\/a><\/td>\n<\/tr>\n<tr style=\"height: 58px;\">\n<td style=\"width: 35.5556%; height: 32px;\">AUTORITZACI\u00d3 SORTIDES ENTORN<\/td>\n<td style=\"width: 31.6337%; height: 32px;\">AUTORITZACI\u00d3 RECOLLIDA NO TUTOR\/A<\/td>\n<td style=\"width: 31.6337%; height: 32px;\">AUTORITZACI\u00d3 RECOLLIDA PER MENORS<\/td>\n<\/tr>\n<tr style=\"height: 50px;\">\n<td style=\"width: 35.5556%; height: 118px;\"><a href=\"https:\/\/drive.google.com\/file\/d\/1UvG5H6osERthp6uBgBxtgWCNamBzPr_H\/view?usp=sharing\"><img loading=\"lazy\" decoding=\"async\" class=\"aligncenter\" src=\"https:\/\/encrypted-tbn0.gstatic.com\/images?q=tbn:ANd9GcSLQeo8BJfXG4VBHTPB9Sco7Bpksoj_Wa7Qpg&amp;usqp=CAU\" alt=\"Sortides | Escola Pau Casals\" width=\"124\" height=\"105\" \/><\/a><\/td>\n<td style=\"width: 31.6337%; height: 118px;\"><a href=\"https:\/\/drive.google.com\/file\/d\/1zhzCcadgVuRKtuyd_Lod0zVuv86Q-n_a\/view?usp=sharing\"><img loading=\"lazy\" decoding=\"async\" class=\"wp-image-15760 aligncenter\" src=\"https:\/\/agora.xtec.cat\/ceipsantpere\/wp-content\/uploads\/usu1286\/2024\/10\/familia1-1-820x500-1-300x183.png\" alt=\"\" width=\"139\" height=\"85\" srcset=\"https:\/\/agora.xtec.cat\/ceipsantpere\/wp-content\/uploads\/usu1286\/2024\/10\/familia1-1-820x500-1-300x183.png 300w, https:\/\/agora.xtec.cat\/ceipsantpere\/wp-content\/uploads\/usu1286\/2024\/10\/familia1-1-820x500-1-768x468.png 768w, https:\/\/agora.xtec.cat\/ceipsantpere\/wp-content\/uploads\/usu1286\/2024\/10\/familia1-1-820x500-1.png 820w\" sizes=\"auto, (max-width: 139px) 100vw, 139px\" \/><\/a><\/td>\n<td style=\"width: 31.6337%; height: 118px;\"><a href=\"https:\/\/drive.google.com\/file\/d\/1jvB_pz9RP5IkWQlBfwJKfxFWmy1GdQvP\/view?usp=sharing\"><img loading=\"lazy\" decoding=\"async\" class=\"wp-image-15759 aligncenter\" src=\"https:\/\/agora.xtec.cat\/ceipsantpere\/wp-content\/uploads\/usu1286\/2024\/10\/nens-portada-300x228.jpg\" alt=\"\" width=\"151\" height=\"115\" srcset=\"https:\/\/agora.xtec.cat\/ceipsantpere\/wp-content\/uploads\/usu1286\/2024\/10\/nens-portada-300x228.jpg 300w, https:\/\/agora.xtec.cat\/ceipsantpere\/wp-content\/uploads\/usu1286\/2024\/10\/nens-portada.jpg 594w\" sizes=\"auto, (max-width: 151px) 100vw, 151px\" \/><\/a><\/td>\n<\/tr>\n<tr style=\"height: 48px;\">\n<td style=\"width: 35.5556%; height: 10px;\">SOL\u00b7LICITUD CERTIFICACIONS<\/p>\n<p><a href=\"https:\/\/drive.google.com\/file\/d\/1gW0x0Qb4do7qu79VhRPUhvCW-6DR57AM\/view?usp=sharing\"><img loading=\"lazy\" decoding=\"async\" class=\" wp-image-15888 aligncenter\" src=\"https:\/\/agora.xtec.cat\/ceipsantpere\/wp-content\/uploads\/usu1286\/2024\/10\/ERTIFICA-300x169.png\" alt=\"\" width=\"199\" height=\"112\" srcset=\"https:\/\/agora.xtec.cat\/ceipsantpere\/wp-content\/uploads\/usu1286\/2024\/10\/ERTIFICA-300x169.png 300w, https:\/\/agora.xtec.cat\/ceipsantpere\/wp-content\/uploads\/usu1286\/2024\/10\/ERTIFICA-1024x576.png 1024w, https:\/\/agora.xtec.cat\/ceipsantpere\/wp-content\/uploads\/usu1286\/2024\/10\/ERTIFICA-768x432.png 768w, https:\/\/agora.xtec.cat\/ceipsantpere\/wp-content\/uploads\/usu1286\/2024\/10\/ERTIFICA-1536x864.png 1536w, https:\/\/agora.xtec.cat\/ceipsantpere\/wp-content\/uploads\/usu1286\/2024\/10\/ERTIFICA.png 1920w\" sizes=\"auto, (max-width: 199px) 100vw, 199px\" \/><\/a><\/td>\n<td style=\"width: 31.6337%; height: 10px;\">ESTUDIS RELIGI\u00d3 CAT\u00d2LICA \/ ALTERNATIVA<\/p>\n<p><a href=\"https:\/\/drive.google.com\/file\/d\/1F9jJo25AmUISJvIRbePnrnIJ1O0WLKKU\/view?usp=sharing\"><img loading=\"lazy\" decoding=\"async\" class=\"wp-image-15895 alignnone\" src=\"https:\/\/agora.xtec.cat\/ceipsantpere\/wp-content\/uploads\/usu1286\/2024\/10\/RELIGIO-300x169.png\" alt=\"\" width=\"144\" height=\"81\" srcset=\"https:\/\/agora.xtec.cat\/ceipsantpere\/wp-content\/uploads\/usu1286\/2024\/10\/RELIGIO-300x169.png 300w, https:\/\/agora.xtec.cat\/ceipsantpere\/wp-content\/uploads\/usu1286\/2024\/10\/RELIGIO-1024x576.png 1024w, https:\/\/agora.xtec.cat\/ceipsantpere\/wp-content\/uploads\/usu1286\/2024\/10\/RELIGIO-768x432.png 768w, https:\/\/agora.xtec.cat\/ceipsantpere\/wp-content\/uploads\/usu1286\/2024\/10\/RELIGIO-1536x864.png 1536w, https:\/\/agora.xtec.cat\/ceipsantpere\/wp-content\/uploads\/usu1286\/2024\/10\/RELIGIO.png 1920w\" sizes=\"auto, (max-width: 144px) 100vw, 144px\" \/><\/a><\/p>\n<p>&nbsp;<\/td>\n<td style=\"width: 31.6337%; height: 10px;\">DECLARACI\u00d3 RESPONSABLE NO DELICTES SEXUALS<a href=\"https:\/\/drive.google.com\/file\/d\/1dK4_plUkF7cpPIInFVuMTsMlRvnbH2ZT\/view?usp=sharing\"><img loading=\"lazy\" decoding=\"async\" class=\"wp-image-17663 aligncenter\" src=\"https:\/\/agora.xtec.cat\/ceipsantpere\/wp-content\/uploads\/usu1286\/2025\/12\/Screenshot-300x280.png\" alt=\"\" width=\"126\" height=\"118\" srcset=\"https:\/\/agora.xtec.cat\/ceipsantpere\/wp-content\/uploads\/usu1286\/2025\/12\/Screenshot-300x280.png 300w, https:\/\/agora.xtec.cat\/ceipsantpere\/wp-content\/uploads\/usu1286\/2025\/12\/Screenshot.png 369w\" sizes=\"auto, (max-width: 126px) 100vw, 126px\" \/><\/a><\/td>\n<\/tr>\n<tr style=\"height: 52px;\">\n<td style=\"width: 35.5556%; height: 52px;\"><\/td>\n<td style=\"width: 31.6337%; height: 52px;\"><\/td>\n<td style=\"width: 31.6337%; height: 52px;\"><\/td>\n<\/tr>\n<tr style=\"height: 52px;\">\n<td style=\"width: 35.5556%; height: 52px;\"><\/td>\n<td style=\"width: 31.6337%; height: 52px;\"><\/td>\n<td style=\"width: 31.6337%; height: 52px;\"><\/td>\n<\/tr>\n<tr style=\"height: 52px;\">\n<td style=\"width: 35.5556%; height: 52px;\"><\/td>\n<td style=\"width: 31.6337%; height: 52px;\"><\/td>\n<td style=\"width: 31.6337%; height: 52px;\"><\/td>\n<\/tr>\n<tr style=\"height: 52px;\">\n<td style=\"width: 35.5556%; height: 52px;\"><\/td>\n<td style=\"width: 31.6337%; height: 52px;\"><\/td>\n<td style=\"width: 31.6337%; height: 52px;\"><\/td>\n<\/tr>\n<\/tbody>\n<\/table>\n<p>&nbsp;<\/p>\n<p>&nbsp;<\/p>\n<p>&nbsp;<\/p>\n<p>&nbsp;<\/p>\n<p>&nbsp;<\/p>\n<p>&nbsp;<\/p>\n<p>&nbsp;<\/p>\n<p>&nbsp;<\/p>\n<p>&nbsp;<\/p>\n<p>&nbsp;<\/p>\n<p>&nbsp;<\/p>\n<p>&nbsp;<\/p>\n<p>&nbsp;<\/p>\n<p>&nbsp;<\/p>\n<p>&nbsp;<\/p>\n<p>&nbsp;<\/p>\n","protected":false},"excerpt":{"rendered":"<p>AUTORITZACI\u00d3 DRETS D&#8217;IMATGE I VEU AUTORITZACI\u00d3 \u00daS D&#8217;INTERNET AUTORITZACI\u00d3 PARACETAMOL \u00a0 \u00a0 \u00a0 \u00a0 \u00a0 \u00a0 \u00a0I5-P1-P2\u00a0 \u00a0 \u00a0 \u00a0 \u00a0 \u00a0 \u00a0 \u00a0 \u00a0 \u00a0 \u00a0P3 a P6\u00a0 AUTORITZACI\u00d3 D\u2019\u00daS DE CORREUS ELECTR\u00d2NICS ENTREVISTA ALUMNAT I3 ENTREVISTA ALUMNAT NOVA INCORPORACI\u00d3 (Excepte I3) AUTORITZACI\u00d3 SORTIDES ENTORN AUTORITZACI\u00d3 RECOLLIDA NO TUTOR\/A AUTORITZACI\u00d3 RECOLLIDA PER MENORS SOL\u00b7LICITUD [&hellip;]<\/p>\n","protected":false},"author":1,"featured_media":0,"parent":22,"menu_order":0,"comment_status":"closed","ping_status":"closed","template":"","meta":{"_bbp_topic_count":0,"_bbp_reply_count":0,"_bbp_total_topic_count":0,"_bbp_total_reply_count":0,"_bbp_voice_count":0,"_bbp_anonymous_reply_count":0,"_bbp_topic_count_hidden":0,"_bbp_reply_count_hidden":0,"_bbp_forum_subforum_count":0,"site-sidebar-layout":"default","site-content-layout":"","ast-site-content-layout":"default","site-content-style":"default","site-sidebar-style":"default","ast-global-header-display":"","ast-banner-title-visibility":"","ast-main-header-display":"","ast-hfb-above-header-display":"","ast-hfb-below-header-display":"","ast-hfb-mobile-header-display":"","site-post-title":"","ast-breadcrumbs-content":"","ast-featured-img":"","footer-sml-layout":"","theme-transparent-header-meta":"default","adv-header-id-meta":"","stick-header-meta":"","header-above-stick-meta":"","header-main-stick-meta":"","header-below-stick-meta":"","astra-migrate-meta-layouts":"set","ast-page-background-enabled":"default","ast-page-background-meta":{"desktop":{"background-color":"var(--ast-global-color-4)","background-image":"","background-repeat":"repeat","background-position":"center center","background-size":"auto","background-attachment":"scroll","background-type":"","background-media":"","overlay-type":"","overlay-color":"","overlay-opacity":"","overlay-gradient":""},"tablet":{"background-color":"","background-image":"","background-repeat":"repeat","background-position":"center center","background-size":"auto","background-attachment":"scroll","background-type":"","background-media":"","overlay-type":"","overlay-color":"","overlay-opacity":"","overlay-gradient":""},"mobile":{"background-color":"","background-image":"","background-repeat":"repeat","background-position":"center center","background-size":"auto","background-attachment":"scroll","background-type":"","background-media":"","overlay-type":"","overlay-color":"","overlay-opacity":"","overlay-gradient":""}},"ast-content-background-meta":{"desktop":{"background-color":"var(--ast-global-color-5)","background-image":"","background-repeat":"repeat","background-position":"center center","background-size":"auto","background-attachment":"scroll","background-type":"","background-media":"","overlay-type":"","overlay-color":"","overlay-opacity":"","overlay-gradient":""},"tablet":{"background-color":"var(--ast-global-color-5)","background-image":"","background-repeat":"repeat","background-position":"center center","background-size":"auto","background-attachment":"scroll","background-type":"","background-media":"","overlay-type":"","overlay-color":"","overlay-opacity":"","overlay-gradient":""},"mobile":{"background-color":"var(--ast-global-color-5)","background-image":"","background-repeat":"repeat","background-position":"center center","background-size":"auto","background-attachment":"scroll","background-type":"","background-media":"","overlay-type":"","overlay-color":"","overlay-opacity":"","overlay-gradient":""}},"footnotes":""},"class_list":["post-7094","page","type-page","status-publish","hentry"],"post_mailing_queue_ids":[],"_links":{"self":[{"href":"https:\/\/agora.xtec.cat\/ceipsantpere\/wp-json\/wp\/v2\/pages\/7094","targetHints":{"allow":["GET"]}}],"collection":[{"href":"https:\/\/agora.xtec.cat\/ceipsantpere\/wp-json\/wp\/v2\/pages"}],"about":[{"href":"https:\/\/agora.xtec.cat\/ceipsantpere\/wp-json\/wp\/v2\/types\/page"}],"author":[{"embeddable":true,"href":"https:\/\/agora.xtec.cat\/ceipsantpere\/wp-json\/wp\/v2\/users\/1"}],"replies":[{"embeddable":true,"href":"https:\/\/agora.xtec.cat\/ceipsantpere\/wp-json\/wp\/v2\/comments?post=7094"}],"version-history":[{"count":8,"href":"https:\/\/agora.xtec.cat\/ceipsantpere\/wp-json\/wp\/v2\/pages\/7094\/revisions"}],"predecessor-version":[{"id":15745,"href":"https:\/\/agora.xtec.cat\/ceipsantpere\/wp-json\/wp\/v2\/pages\/7094\/revisions\/15745"}],"up":[{"embeddable":true,"href":"https:\/\/agora.xtec.cat\/ceipsantpere\/wp-json\/wp\/v2\/pages\/22"}],"wp:attachment":[{"href":"https:\/\/agora.xtec.cat\/ceipsantpere\/wp-json\/wp\/v2\/media?parent=7094"}],"curies":[{"name":"wp","href":"https:\/\/api.w.org\/{rel}","templated":true}]}}