{"id":6516,"date":"2019-10-29T13:31:30","date_gmt":"2019-10-29T12:31:30","guid":{"rendered":"http:\/\/agora.xtec.cat\/ceipsantpere\/?page_id=6516"},"modified":"2025-09-24T19:29:56","modified_gmt":"2025-09-24T17:29:56","slug":"horaris","status":"publish","type":"page","link":"https:\/\/agora.xtec.cat\/ceipsantpere\/lescola\/horaris\/","title":{"rendered":"Horaris de visita"},"content":{"rendered":"<table>\n<tbody>\n<tr>\n<td colspan=\"2\"><b>Tutories <\/b><span style=\"font-weight: 400;\">\u00a0<\/span> <span style=\"font-weight: 400;\">Dilluns de 12:30 a 13:30h\u00a0 (Cal concertar les entrevistes amb antelaci\u00f3 a trav\u00e9s del correu de la promoci\u00f3, agenda o personalment a l&#8217;escola)<\/span><\/td>\n<\/tr>\n<tr>\n<td><b>Direcci\u00f3<\/b><\/td>\n<td><span style=\"font-weight: 400;\">Dimecres de 15:00 a 16:30\u202fh<\/span><\/p>\n<p><span style=\"font-weight: 400;\">Divendres de 15:00 a 16:30\u202fh<\/span><\/td>\n<\/tr>\n<tr>\n<td><b>Cap d\u2019estudis<\/b><\/td>\n<td><span style=\"font-weight: 400;\">Dilluns\u00a0 10:30 a 11:30 h<\/span><\/td>\n<\/tr>\n<tr>\n<td><b>Gesti\u00f3 econ\u00f2mica (secretaria)<\/b><\/td>\n<td><span style=\"font-weight: 400;\">Dimarts de 15:00 a 16:30 h<\/span><\/td>\n<\/tr>\n<tr>\n<td colspan=\"2\"><b>Administrativa<\/b><\/p>\n<p><span style=\"font-weight: 400;\">De dilluns a divendres de 9:00 a 11:00\u202fh \u00a0 (tot el curs)\u00a0 \u00a0 \u00a0 Dimarts i dijous de 15:00 a 16:00\u202fh (d\u2019octubre a maig)\u00a0\u00a0<\/span><\/p>\n<p><span style=\"font-weight: 400;\">(Cal demanar cita pr\u00e8via al tel\u00e8fon 938350405 o al correu electr\u00f2nic a8021892@xtec.cat)<\/span><\/td>\n<\/tr>\n<\/tbody>\n<\/table>\n","protected":false},"excerpt":{"rendered":"<p>Tutories \u00a0 Dilluns de 12:30 a 13:30h\u00a0 (Cal concertar les entrevistes amb antelaci\u00f3 a trav\u00e9s del correu de la promoci\u00f3, agenda o personalment a l&#8217;escola) Direcci\u00f3 Dimecres de 15:00 a 16:30\u202fh Divendres de 15:00 a 16:30\u202fh Cap d\u2019estudis Dilluns\u00a0 10:30 a 11:30 h Gesti\u00f3 econ\u00f2mica (secretaria) Dimarts de 15:00 a 16:30 h Administrativa De dilluns [&hellip;]<\/p>\n","protected":false},"author":1,"featured_media":0,"parent":22,"menu_order":0,"comment_status":"closed","ping_status":"closed","template":"","meta":{"_bbp_topic_count":0,"_bbp_reply_count":0,"_bbp_total_topic_count":0,"_bbp_total_reply_count":0,"_bbp_voice_count":0,"_bbp_anonymous_reply_count":0,"_bbp_topic_count_hidden":0,"_bbp_reply_count_hidden":0,"_bbp_forum_subforum_count":0,"site-sidebar-layout":"default","site-content-layout":"","ast-site-content-layout":"default","site-content-style":"default","site-sidebar-style":"default","ast-global-header-display":"","ast-banner-title-visibility":"","ast-main-header-display":"","ast-hfb-above-header-display":"","ast-hfb-below-header-display":"","ast-hfb-mobile-header-display":"","site-post-title":"","ast-breadcrumbs-content":"","ast-featured-img":"","footer-sml-layout":"","theme-transparent-header-meta":"default","adv-header-id-meta":"","stick-header-meta":"","header-above-stick-meta":"","header-main-stick-meta":"","header-below-stick-meta":"","astra-migrate-meta-layouts":"set","ast-page-background-enabled":"default","ast-page-background-meta":{"desktop":{"background-color":"var(--ast-global-color-4)","background-image":"","background-repeat":"repeat","background-position":"center center","background-size":"auto","background-attachment":"scroll","background-type":"","background-media":"","overlay-type":"","overlay-color":"","overlay-opacity":"","overlay-gradient":""},"tablet":{"background-color":"","background-image":"","background-repeat":"repeat","background-position":"center center","background-size":"auto","background-attachment":"scroll","background-type":"","background-media":"","overlay-type":"","overlay-color":"","overlay-opacity":"","overlay-gradient":""},"mobile":{"background-color":"","background-image":"","background-repeat":"repeat","background-position":"center center","background-size":"auto","background-attachment":"scroll","background-type":"","background-media":"","overlay-type":"","overlay-color":"","overlay-opacity":"","overlay-gradient":""}},"ast-content-background-meta":{"desktop":{"background-color":"var(--ast-global-color-5)","background-image":"","background-repeat":"repeat","background-position":"center center","background-size":"auto","background-attachment":"scroll","background-type":"","background-media":"","overlay-type":"","overlay-color":"","overlay-opacity":"","overlay-gradient":""},"tablet":{"background-color":"var(--ast-global-color-5)","background-image":"","background-repeat":"repeat","background-position":"center center","background-size":"auto","background-attachment":"scroll","background-type":"","background-media":"","overlay-type":"","overlay-color":"","overlay-opacity":"","overlay-gradient":""},"mobile":{"background-color":"var(--ast-global-color-5)","background-image":"","background-repeat":"repeat","background-position":"center center","background-size":"auto","background-attachment":"scroll","background-type":"","background-media":"","overlay-type":"","overlay-color":"","overlay-opacity":"","overlay-gradient":""}},"footnotes":""},"class_list":["post-6516","page","type-page","status-publish","hentry"],"post_mailing_queue_ids":[],"_links":{"self":[{"href":"https:\/\/agora.xtec.cat\/ceipsantpere\/wp-json\/wp\/v2\/pages\/6516","targetHints":{"allow":["GET"]}}],"collection":[{"href":"https:\/\/agora.xtec.cat\/ceipsantpere\/wp-json\/wp\/v2\/pages"}],"about":[{"href":"https:\/\/agora.xtec.cat\/ceipsantpere\/wp-json\/wp\/v2\/types\/page"}],"author":[{"embeddable":true,"href":"https:\/\/agora.xtec.cat\/ceipsantpere\/wp-json\/wp\/v2\/users\/1"}],"replies":[{"embeddable":true,"href":"https:\/\/agora.xtec.cat\/ceipsantpere\/wp-json\/wp\/v2\/comments?post=6516"}],"version-history":[{"count":7,"href":"https:\/\/agora.xtec.cat\/ceipsantpere\/wp-json\/wp\/v2\/pages\/6516\/revisions"}],"predecessor-version":[{"id":17319,"href":"https:\/\/agora.xtec.cat\/ceipsantpere\/wp-json\/wp\/v2\/pages\/6516\/revisions\/17319"}],"up":[{"embeddable":true,"href":"https:\/\/agora.xtec.cat\/ceipsantpere\/wp-json\/wp\/v2\/pages\/22"}],"wp:attachment":[{"href":"https:\/\/agora.xtec.cat\/ceipsantpere\/wp-json\/wp\/v2\/media?parent=6516"}],"curies":[{"name":"wp","href":"https:\/\/api.w.org\/{rel}","templated":true}]}}