{"id":38,"date":"2014-09-18T12:34:08","date_gmt":"2014-09-18T11:34:08","guid":{"rendered":"http:\/\/agora.xtec.cat\/ceipsantpere\/?page_id=38"},"modified":"2025-07-02T16:58:40","modified_gmt":"2025-07-02T14:58:40","slug":"salut","status":"publish","type":"page","link":"https:\/\/agora.xtec.cat\/ceipsantpere\/lescola\/salut\/","title":{"rendered":"Salut"},"content":{"rendered":"<p>&nbsp;<\/p>\n<table class=\" aligncenter\" style=\"height: 353px; width: 89.9202%; border-collapse: collapse; border-style: none;\">\n<tbody>\n<tr style=\"height: 32px;\">\n<td style=\"width: 412.5px; height: 32px;\"><strong>CRITERIS NO ASSIST\u00c8NCIA A L&#8217;ESCOLA<\/strong><\/td>\n<td style=\"width: 412.5px; height: 32px;\"><strong>\u00a0 \u00a0 \u00a0ADMINISTRACI\u00d3 DE MEDICAMENTS<\/strong><\/td>\n<td style=\"width: 412.5px; height: 32px;\"><strong>\u00a0 \u00a0 \u00a0TRACTAMENT DE POLLS<\/strong><\/td>\n<\/tr>\n<tr style=\"height: 321px;\">\n<td style=\"width: 412.5px; height: 321px;\"><a href=\"https:\/\/drive.google.com\/file\/d\/1D8kOEAHs0aQelgVAhlRcZ4Q3vT7Aokgc\/view?usp=sharing\"><img loading=\"lazy\" decoding=\"async\" class=\"wp-image-14767 aligncenter\" src=\"https:\/\/agora.xtec.cat\/ceipsantpere\/wp-content\/uploads\/usu1286\/2024\/03\/istockphoto-1367295240-612x612-1.jpg\" alt=\"\" width=\"343\" height=\"281\" srcset=\"https:\/\/agora.xtec.cat\/ceipsantpere\/wp-content\/uploads\/usu1286\/2024\/03\/istockphoto-1367295240-612x612-1.jpg 612w, https:\/\/agora.xtec.cat\/ceipsantpere\/wp-content\/uploads\/usu1286\/2024\/03\/istockphoto-1367295240-612x612-1-300x246.jpg 300w\" sizes=\"auto, (max-width: 343px) 100vw, 343px\" \/><\/a><\/td>\n<td style=\"width: 412.5px; height: 321px;\"><a href=\"https:\/\/drive.google.com\/file\/d\/1kjqQPs8ihGfK_iWkiGM6n9XDmzrQc1QI\/view?usp=sharing\"><img loading=\"lazy\" decoding=\"async\" class=\"wp-image-14760 aligncenter\" src=\"https:\/\/agora.xtec.cat\/ceipsantpere\/wp-content\/uploads\/usu1286\/2024\/02\/5c66056aca8aec6b714ceee97fe341ab.jpg\" alt=\"\" width=\"202\" height=\"121\" srcset=\"https:\/\/agora.xtec.cat\/ceipsantpere\/wp-content\/uploads\/usu1286\/2024\/02\/5c66056aca8aec6b714ceee97fe341ab.jpg 626w, https:\/\/agora.xtec.cat\/ceipsantpere\/wp-content\/uploads\/usu1286\/2024\/02\/5c66056aca8aec6b714ceee97fe341ab-300x180.jpg 300w\" sizes=\"auto, (max-width: 202px) 100vw, 202px\" \/><\/a><\/td>\n<td style=\"width: 412.5px; height: 321px;\"><a href=\"https:\/\/drive.google.com\/file\/d\/12W9cNRhMO7ney_NYbWgYylaBur4LKYmC\/view?usp=sharing\"><img loading=\"lazy\" decoding=\"async\" class=\" wp-image-14761 aligncenter\" src=\"https:\/\/agora.xtec.cat\/ceipsantpere\/wp-content\/uploads\/usu1286\/2024\/02\/images-1.jpg\" alt=\"\" width=\"359\" height=\"221\" \/><\/a><\/td>\n<\/tr>\n<\/tbody>\n<\/table>\n<h6><\/h6>\n<h6>Atenci\u00f3 a les necessitats especials de salut:<\/h6>\n<h6 style=\"text-align: justify;\"><a href=\"https:\/\/drive.google.com\/file\/d\/10WENE4NW1-BmHW6QDx3Bn2ftpXWazW9m\/view?usp=drive_link\"><img loading=\"lazy\" decoding=\"async\" class=\"aligncenter size-medium wp-image-17141\" src=\"https:\/\/agora.xtec.cat\/ceipsantpere\/wp-content\/uploads\/usu1286\/2025\/07\/Screenshot-1-1-300x276.png\" alt=\"\" width=\"300\" height=\"276\" srcset=\"https:\/\/agora.xtec.cat\/ceipsantpere\/wp-content\/uploads\/usu1286\/2025\/07\/Screenshot-1-1-300x276.png 300w, https:\/\/agora.xtec.cat\/ceipsantpere\/wp-content\/uploads\/usu1286\/2025\/07\/Screenshot-1-1.png 470w\" sizes=\"auto, (max-width: 300px) 100vw, 300px\" \/><\/a><\/h6>\n<h6 style=\"text-align: justify;\">Atenci\u00f3 dels infants amb al\u00b7l\u00e8rgies \/ intoler\u00e0ncies aliment\u00e0ries<\/h6>\n<p><img loading=\"lazy\" decoding=\"async\" class=\"alignleft\" src=\"https:\/\/agora.xtec.cat\/escolalavilapalamos\/wp-content\/uploads\/usu897\/2019\/01\/Alimentos-que-favorecen-la-salud-542122181-1024x828.jpg\" width=\"244\" height=\"197\" \/><\/p>\n<p style=\"text-align: justify;\">Les fam\u00edlies amb fills\/es amb algun tipus d&#8217;al\u00b7l\u00e8rgia\/intoler\u00e0ncia aliment\u00e0ria ha d&#8217;informar-ne al centre a l&#8217;inici de l&#8217;escolaritzaci\u00f3 o quan en tingui coneixement. Han d&#8217;aportar al centre:<\/p>\n<ul>\n<li style=\"text-align: justify;\"><strong>Informe m\u00e8dic<\/strong>, signat per l\u2019equip sanitari responsable, on han de constar totes les dades de la malaltia de l\u2019infant i les actuacions a seguir.<\/li>\n<li style=\"text-align: justify;\"><strong>Autoritzaci\u00f3 d\u2019administraci\u00f3<\/strong> de la medicaci\u00f3 prescrita i l\u2019atenci\u00f3 espec\u00edfica prescrita i pautada pel metge o metgessa.<\/li>\n<\/ul>\n<div class=\"intro\"><\/div>\n","protected":false},"excerpt":{"rendered":"<p>&nbsp; CRITERIS NO ASSIST\u00c8NCIA A L&#8217;ESCOLA \u00a0 \u00a0 \u00a0ADMINISTRACI\u00d3 DE MEDICAMENTS \u00a0 \u00a0 \u00a0TRACTAMENT DE POLLS Atenci\u00f3 a les necessitats especials de salut: Atenci\u00f3 dels infants amb al\u00b7l\u00e8rgies \/ intoler\u00e0ncies aliment\u00e0ries Les fam\u00edlies amb fills\/es amb algun tipus d&#8217;al\u00b7l\u00e8rgia\/intoler\u00e0ncia aliment\u00e0ria ha d&#8217;informar-ne al centre a l&#8217;inici de l&#8217;escolaritzaci\u00f3 o quan en tingui coneixement. Han d&#8217;aportar [&hellip;]<\/p>\n","protected":false},"author":1,"featured_media":0,"parent":22,"menu_order":80,"comment_status":"closed","ping_status":"closed","template":"","meta":{"_bbp_topic_count":0,"_bbp_reply_count":0,"_bbp_total_topic_count":0,"_bbp_total_reply_count":0,"_bbp_voice_count":0,"_bbp_anonymous_reply_count":0,"_bbp_topic_count_hidden":0,"_bbp_reply_count_hidden":0,"_bbp_forum_subforum_count":0,"site-sidebar-layout":"default","site-content-layout":"","ast-site-content-layout":"default","site-content-style":"default","site-sidebar-style":"default","ast-global-header-display":"","ast-banner-title-visibility":"","ast-main-header-display":"","ast-hfb-above-header-display":"","ast-hfb-below-header-display":"","ast-hfb-mobile-header-display":"","site-post-title":"","ast-breadcrumbs-content":"","ast-featured-img":"","footer-sml-layout":"","theme-transparent-header-meta":"default","adv-header-id-meta":"","stick-header-meta":"","header-above-stick-meta":"","header-main-stick-meta":"","header-below-stick-meta":"","astra-migrate-meta-layouts":"set","ast-page-background-enabled":"default","ast-page-background-meta":{"desktop":{"background-color":"var(--ast-global-color-4)","background-image":"","background-repeat":"repeat","background-position":"center center","background-size":"auto","background-attachment":"scroll","background-type":"","background-media":"","overlay-type":"","overlay-color":"","overlay-opacity":"","overlay-gradient":""},"tablet":{"background-color":"","background-image":"","background-repeat":"repeat","background-position":"center center","background-size":"auto","background-attachment":"scroll","background-type":"","background-media":"","overlay-type":"","overlay-color":"","overlay-opacity":"","overlay-gradient":""},"mobile":{"background-color":"","background-image":"","background-repeat":"repeat","background-position":"center center","background-size":"auto","background-attachment":"scroll","background-type":"","background-media":"","overlay-type":"","overlay-color":"","overlay-opacity":"","overlay-gradient":""}},"ast-content-background-meta":{"desktop":{"background-color":"var(--ast-global-color-5)","background-image":"","background-repeat":"repeat","background-position":"center center","background-size":"auto","background-attachment":"scroll","background-type":"","background-media":"","overlay-type":"","overlay-color":"","overlay-opacity":"","overlay-gradient":""},"tablet":{"background-color":"var(--ast-global-color-5)","background-image":"","background-repeat":"repeat","background-position":"center center","background-size":"auto","background-attachment":"scroll","background-type":"","background-media":"","overlay-type":"","overlay-color":"","overlay-opacity":"","overlay-gradient":""},"mobile":{"background-color":"var(--ast-global-color-5)","background-image":"","background-repeat":"repeat","background-position":"center center","background-size":"auto","background-attachment":"scroll","background-type":"","background-media":"","overlay-type":"","overlay-color":"","overlay-opacity":"","overlay-gradient":""}},"footnotes":""},"class_list":["post-38","page","type-page","status-publish","hentry"],"post_mailing_queue_ids":[],"_links":{"self":[{"href":"https:\/\/agora.xtec.cat\/ceipsantpere\/wp-json\/wp\/v2\/pages\/38","targetHints":{"allow":["GET"]}}],"collection":[{"href":"https:\/\/agora.xtec.cat\/ceipsantpere\/wp-json\/wp\/v2\/pages"}],"about":[{"href":"https:\/\/agora.xtec.cat\/ceipsantpere\/wp-json\/wp\/v2\/types\/page"}],"author":[{"embeddable":true,"href":"https:\/\/agora.xtec.cat\/ceipsantpere\/wp-json\/wp\/v2\/users\/1"}],"replies":[{"embeddable":true,"href":"https:\/\/agora.xtec.cat\/ceipsantpere\/wp-json\/wp\/v2\/comments?post=38"}],"version-history":[{"count":9,"href":"https:\/\/agora.xtec.cat\/ceipsantpere\/wp-json\/wp\/v2\/pages\/38\/revisions"}],"predecessor-version":[{"id":17142,"href":"https:\/\/agora.xtec.cat\/ceipsantpere\/wp-json\/wp\/v2\/pages\/38\/revisions\/17142"}],"up":[{"embeddable":true,"href":"https:\/\/agora.xtec.cat\/ceipsantpere\/wp-json\/wp\/v2\/pages\/22"}],"wp:attachment":[{"href":"https:\/\/agora.xtec.cat\/ceipsantpere\/wp-json\/wp\/v2\/media?parent=38"}],"curies":[{"name":"wp","href":"https:\/\/api.w.org\/{rel}","templated":true}]}}