{"id":28,"date":"2014-09-18T12:29:35","date_gmt":"2014-09-18T11:29:35","guid":{"rendered":"http:\/\/agora.xtec.cat\/ceipsantpere\/?page_id=28"},"modified":"2025-12-18T18:52:46","modified_gmt":"2025-12-18T17:52:46","slug":"consell-escolar","status":"publish","type":"page","link":"https:\/\/agora.xtec.cat\/ceipsantpere\/lescola\/consell-escolar\/","title":{"rendered":"Consell Escolar"},"content":{"rendered":"<p>El Consell Escolar \u00e9s l&#8217;\u00f2rgan de participaci\u00f3 dels diferents sectors de la comunitat educativa en el govern dels centres.<\/p>\n<p><strong>Composici\u00f3:\u00a0<\/strong>El formen els representants de tota la comunitat educativa, \u00e9s a dir, direcci\u00f3, mestres, alumnes, fam\u00edlies, personal d&#8217;administraci\u00f3 i serveis, representant de l&#8217;administraci\u00f3 local i altres persones que el mateix consell consideri necess\u00e0ries.<\/p>\n<p><strong>Funcions:\u00a0<\/strong>La funci\u00f3 principal del Consell Escolar \u00e9s participar en la presa de decisions en relaci\u00f3 amb aquells temes importants per al funcionament i l&#8217;organitzaci\u00f3 del centre.<\/p>\n<p><strong>Participaci\u00f3 de les fam\u00edlies:<\/strong>\u00a0Les fam\u00edlies hi podeu participar de dues maneres diferents:<\/p>\n<ul>\n<li>Presentant-vos com a candidats per representar els pares i mares al Consell.<\/li>\n<li>Participant el dia que el centre convoqui les eleccions votant els candidats que considereu m\u00e9s representatius.<\/li>\n<\/ul>\n<p><strong>Import\u00e0ncia de la participaci\u00f3 de les fam\u00edlies:<\/strong>\u00a0Els professionals dels centres i les fam\u00edlies compartim un objectiu: l&#8217;\u00e8xit social i personal dels fills\/es. Les decisions que es prenen al consell escolar s\u00f3n claus per al funcionament i la millora del centre i, per tant, tamb\u00e9 per a l&#8217;\u00e8xit educatiu de tots els alumnes. \u00c9s per aquest motiu que la participaci\u00f3 i implicaci\u00f3 dels pares i mares en les eleccions al consell escolar \u00e9s important.<\/p>\n<p><strong>El Consell Escolar de l&#8217;Escola Sant Pere, constitu\u00eft en data 11 de desembre de 2025 est\u00e0 format per:<\/strong><\/p>\n<ul>\n<li>Director del centre: Miquel Serrano<\/li>\n<li>Cap d&#8217;estudis: Cec\u00edlia Rizos<\/li>\n<li>Secret\u00e0ria del centre: Noem\u00ed Casamitjana<\/li>\n<li>Representant de l&#8217;Ajuntament: N\u00faria Carreras<\/li>\n<li>Representants dels mestres: <span style=\"font-weight: 400;\">\u00a0Erika Buz\u00f3n, Joana Gonz\u00e1lez, Aina Martin, Nuria Ortiz i Aida Mallofr\u00e9<\/span><\/li>\n<li>Representants dels pares i mares: <span style=\"font-weight: 400;\">David Serra, Simona Ene, Jose Vergara\u00a0 i\u00a0 Alicia D\u00edaz <\/span><\/li>\n<li>Representant AFA: S\u00f2nia Flores<\/li>\n<li>Representant del PAS: Rosa J\u00falia Santamaria<\/li>\n<\/ul>\n<p><strong>Composici\u00f3 de les diferents comissions del Consell\u00a0<\/strong><\/p>\n<table style=\"width: 74.0025%; height: 479px;\">\n<tbody>\n<tr style=\"height: 39px;\">\n<td style=\"height: 39px; text-align: center; width: 31.2321%;\"><span style=\"font-weight: 400;\">COMISSI\u00d3 PERMANENT<\/span><\/td>\n<td style=\"height: 39px; text-align: center; width: 33.8109%;\"><span style=\"font-weight: 400;\">COMISSI\u00d3 DE CONVIV\u00c8NCIA<\/span><\/td>\n<td style=\"height: 39px; text-align: center; width: 57.7177%;\"><span style=\"font-weight: 400;\">COMISSI\u00d3 ECON\u00d2MICA<\/span><\/td>\n<\/tr>\n<tr style=\"height: 124px;\">\n<td style=\"height: 124px; width: 31.2321%;\">\n<ul>\n<li><span style=\"font-weight: 400;\">Miquel Serrano<\/span><\/li>\n<li><span style=\"font-weight: 400;\"> N\u00faria Ortiz<\/span><\/li>\n<li>Jose Vergara<\/li>\n<\/ul>\n<\/td>\n<td style=\"height: 124px; width: 33.8109%;\">\n<ul>\n<li style=\"font-weight: 400;\" aria-level=\"1\"><span style=\"font-weight: 400;\">Miquel Serrano<\/span><\/li>\n<li style=\"font-weight: 400;\" aria-level=\"1\"><span style=\"font-weight: 400;\"> Ceci Rizos (secret\u00e0ria)<\/span><\/li>\n<li style=\"font-weight: 400;\" aria-level=\"1\"><span style=\"font-weight: 400;\">Simona Ene<\/span><\/li>\n<li style=\"font-weight: 400;\" aria-level=\"1\"><span style=\"font-weight: 400;\"> Erika Buz\u00f3n<\/span><\/li>\n<\/ul>\n<\/td>\n<td style=\"height: 124px; width: 57.7177%;\">\n<ul>\n<li style=\"font-weight: 400;\" aria-level=\"1\"><span style=\"font-weight: 400;\">Noemi Casamitjana<\/span><\/li>\n<li style=\"font-weight: 400;\" aria-level=\"1\"><\/li>\n<li style=\"font-weight: 400;\" aria-level=\"1\"><\/li>\n<\/ul>\n<\/td>\n<\/tr>\n<tr style=\"height: 57px;\">\n<td style=\"height: 57px; text-align: center; width: 31.2321%;\"><span style=\"font-weight: 400;\">COMISSI\u00d3 DE MENJADOR\u00a0<\/span><\/td>\n<td style=\"height: 57px; text-align: center; width: 33.8109%;\"><span style=\"font-weight: 400;\">REFERENT DE COEDUCACI\u00d3\u00a0<\/span><\/td>\n<td style=\"height: 57px; width: 57.7177%;\"><\/td>\n<\/tr>\n<tr style=\"height: 124px;\">\n<td style=\"height: 124px; width: 31.2321%;\">\n<ul>\n<li style=\"font-weight: 400;\" aria-level=\"1\"><span style=\"font-weight: 400;\">Miquel Serrano<\/span><\/li>\n<li style=\"font-weight: 400;\" aria-level=\"1\"><span style=\"font-weight: 400;\">Ceci Rizos (secret\u00e0ria)<\/span><\/li>\n<li style=\"font-weight: 400;\" aria-level=\"1\"><span style=\"font-weight: 400;\">Sonia Flores<\/span><\/li>\n<\/ul>\n<\/td>\n<td style=\"height: 124px; width: 33.8109%;\">\n<ul>\n<li style=\"font-weight: 400;\" aria-level=\"1\"><span style=\"font-weight: 400;\">Erika Buz\u00f3n<\/span><\/li>\n<\/ul>\n<\/td>\n<td style=\"height: 124px; width: 57.7177%;\"><\/td>\n<\/tr>\n<\/tbody>\n<\/table>\n","protected":false},"excerpt":{"rendered":"<p>El Consell Escolar \u00e9s l&#8217;\u00f2rgan de participaci\u00f3 dels diferents sectors de la comunitat educativa en el govern dels centres. Composici\u00f3:\u00a0El formen els representants de tota la comunitat educativa, \u00e9s a dir, direcci\u00f3, mestres, alumnes, fam\u00edlies, personal d&#8217;administraci\u00f3 i serveis, representant de l&#8217;administraci\u00f3 local i altres persones que el mateix consell consideri necess\u00e0ries. Funcions:\u00a0La funci\u00f3 principal [&hellip;]<\/p>\n","protected":false},"author":1,"featured_media":0,"parent":22,"menu_order":30,"comment_status":"closed","ping_status":"closed","template":"","meta":{"_bbp_topic_count":0,"_bbp_reply_count":0,"_bbp_total_topic_count":0,"_bbp_total_reply_count":0,"_bbp_voice_count":0,"_bbp_anonymous_reply_count":0,"_bbp_topic_count_hidden":0,"_bbp_reply_count_hidden":0,"_bbp_forum_subforum_count":0,"site-sidebar-layout":"default","site-content-layout":"","ast-site-content-layout":"default","site-content-style":"default","site-sidebar-style":"default","ast-global-header-display":"","ast-banner-title-visibility":"","ast-main-header-display":"","ast-hfb-above-header-display":"","ast-hfb-below-header-display":"","ast-hfb-mobile-header-display":"","site-post-title":"","ast-breadcrumbs-content":"","ast-featured-img":"","footer-sml-layout":"","theme-transparent-header-meta":"default","adv-header-id-meta":"","stick-header-meta":"","header-above-stick-meta":"","header-main-stick-meta":"","header-below-stick-meta":"","astra-migrate-meta-layouts":"set","ast-page-background-enabled":"default","ast-page-background-meta":{"desktop":{"background-color":"var(--ast-global-color-4)","background-image":"","background-repeat":"repeat","background-position":"center center","background-size":"auto","background-attachment":"scroll","background-type":"","background-media":"","overlay-type":"","overlay-color":"","overlay-opacity":"","overlay-gradient":""},"tablet":{"background-color":"","background-image":"","background-repeat":"repeat","background-position":"center center","background-size":"auto","background-attachment":"scroll","background-type":"","background-media":"","overlay-type":"","overlay-color":"","overlay-opacity":"","overlay-gradient":""},"mobile":{"background-color":"","background-image":"","background-repeat":"repeat","background-position":"center center","background-size":"auto","background-attachment":"scroll","background-type":"","background-media":"","overlay-type":"","overlay-color":"","overlay-opacity":"","overlay-gradient":""}},"ast-content-background-meta":{"desktop":{"background-color":"var(--ast-global-color-5)","background-image":"","background-repeat":"repeat","background-position":"center center","background-size":"auto","background-attachment":"scroll","background-type":"","background-media":"","overlay-type":"","overlay-color":"","overlay-opacity":"","overlay-gradient":""},"tablet":{"background-color":"var(--ast-global-color-5)","background-image":"","background-repeat":"repeat","background-position":"center center","background-size":"auto","background-attachment":"scroll","background-type":"","background-media":"","overlay-type":"","overlay-color":"","overlay-opacity":"","overlay-gradient":""},"mobile":{"background-color":"var(--ast-global-color-5)","background-image":"","background-repeat":"repeat","background-position":"center center","background-size":"auto","background-attachment":"scroll","background-type":"","background-media":"","overlay-type":"","overlay-color":"","overlay-opacity":"","overlay-gradient":""}},"footnotes":""},"class_list":["post-28","page","type-page","status-publish","hentry"],"post_mailing_queue_ids":[],"_links":{"self":[{"href":"https:\/\/agora.xtec.cat\/ceipsantpere\/wp-json\/wp\/v2\/pages\/28","targetHints":{"allow":["GET"]}}],"collection":[{"href":"https:\/\/agora.xtec.cat\/ceipsantpere\/wp-json\/wp\/v2\/pages"}],"about":[{"href":"https:\/\/agora.xtec.cat\/ceipsantpere\/wp-json\/wp\/v2\/types\/page"}],"author":[{"embeddable":true,"href":"https:\/\/agora.xtec.cat\/ceipsantpere\/wp-json\/wp\/v2\/users\/1"}],"replies":[{"embeddable":true,"href":"https:\/\/agora.xtec.cat\/ceipsantpere\/wp-json\/wp\/v2\/comments?post=28"}],"version-history":[{"count":8,"href":"https:\/\/agora.xtec.cat\/ceipsantpere\/wp-json\/wp\/v2\/pages\/28\/revisions"}],"predecessor-version":[{"id":17691,"href":"https:\/\/agora.xtec.cat\/ceipsantpere\/wp-json\/wp\/v2\/pages\/28\/revisions\/17691"}],"up":[{"embeddable":true,"href":"https:\/\/agora.xtec.cat\/ceipsantpere\/wp-json\/wp\/v2\/pages\/22"}],"wp:attachment":[{"href":"https:\/\/agora.xtec.cat\/ceipsantpere\/wp-json\/wp\/v2\/media?parent=28"}],"curies":[{"name":"wp","href":"https:\/\/api.w.org\/{rel}","templated":true}]}}