{"id":26,"date":"2014-09-18T12:24:32","date_gmt":"2014-09-18T11:24:32","guid":{"rendered":"http:\/\/agora.xtec.cat\/ceipsantpere\/?page_id=26"},"modified":"2020-02-28T10:06:48","modified_gmt":"2020-02-28T09:06:48","slug":"historia","status":"publish","type":"page","link":"https:\/\/agora.xtec.cat\/ceipsantpere\/lescola\/historia\/","title":{"rendered":"Trets d&#8217;identitat"},"content":{"rendered":"<p style=\"text-align: justify;\"><strong><span style=\"color: #0000ff;\">Treball inclusiu<\/span>:\u00a0<\/strong>Oferim les mateixes oportunitats a tots els nens i nenes, sense distinci\u00f3 pel que fa\u00a0 a la capacitat, or\u00edgens culturals o qualsevol altra diferencia per aconseguir l&#8217;\u00e8xit escolar.<a href=\"https:\/\/agora.xtec.cat\/ceipsantpere\/wp-content\/uploads\/usu1286\/2020\/02\/Imagen1.png\"><img loading=\"lazy\" decoding=\"async\" class=\"alignright wp-image-7081\" src=\"https:\/\/agora.xtec.cat\/ceipsantpere\/wp-content\/uploads\/usu1286\/2020\/02\/Imagen1.png\" alt=\"\" width=\"155\" height=\"207\" srcset=\"https:\/\/agora.xtec.cat\/ceipsantpere\/wp-content\/uploads\/usu1286\/2020\/02\/Imagen1.png 456w, https:\/\/agora.xtec.cat\/ceipsantpere\/wp-content\/uploads\/usu1286\/2020\/02\/Imagen1-225x300.png 225w\" sizes=\"auto, (max-width: 155px) 100vw, 155px\" \/><\/a><\/p>\n<p>&nbsp;<\/p>\n<p style=\"text-align: justify;\"><strong><span style=\"color: #0000ff;\">Actitud activa<\/span>:\u00a0<\/strong>L&#8217;Escola t\u00e9 el com<a href=\"https:\/\/agora.xtec.cat\/ceipsantpere\/wp-content\/uploads\/usu1286\/2020\/02\/Imagen2.png\"><img loading=\"lazy\" decoding=\"async\" class=\"alignright size-full wp-image-7082\" src=\"https:\/\/agora.xtec.cat\/ceipsantpere\/wp-content\/uploads\/usu1286\/2020\/02\/Imagen2.png\" alt=\"\" width=\"363\" height=\"230\" srcset=\"https:\/\/agora.xtec.cat\/ceipsantpere\/wp-content\/uploads\/usu1286\/2020\/02\/Imagen2.png 363w, https:\/\/agora.xtec.cat\/ceipsantpere\/wp-content\/uploads\/usu1286\/2020\/02\/Imagen2-300x190.png 300w\" sizes=\"auto, (max-width: 363px) 100vw, 363px\" \/><\/a>prom\u00eds de fomentar en l&#8217;alumne\/a una actitud activa, curiosa, investigadora i cr\u00edtica que mitjan\u00e7ant la comunicaci\u00f3 i el treball, ser\u00e0 la base de la seva formaci\u00f3 i de l&#8217;adquisici\u00f3 dels seus aprenentatges i coneixements.<\/p>\n<p>&nbsp;<\/p>\n<table style=\"height: 48px; width: 716px;\" width=\"715\">\n<tbody>\n<tr style=\"height: 50px;\">\n<td style=\"width: 710px; height: 50px; text-align: right;\"><strong><span style=\"color: #339966;\"><em>La primera tasca de l&#8217;educaci\u00f3 \u00e9s agitar la vida, per\u00f2 deixar-la lliure perqu\u00e8 es desenvolupi.\u00a0 \u00a0 \u00a0 \u00a0 \u00a0 \u00a0 Maria Montessori.<\/em><\/span><\/strong><\/td>\n<\/tr>\n<\/tbody>\n<\/table>\n<p><strong>Projectes<\/strong><\/p>\n<p style=\"text-align: justify;\"><span style=\"color: #0000ff;\"><strong>Educaci\u00f3 emociona<\/strong>l<\/span>: La relaxaci\u00f3 t\u00e9 beneficis en els nivells acad\u00e8mics\/laborals, emocional i social: milloren el vincle entre les persones, amplien la percepci\u00f3 i l\u2019atenci\u00f3 conscient, ajuden a gestionar els pensaments i les emocions.<\/p>\n<p><a href=\"https:\/\/agora.xtec.cat\/ceipsantpere\/wp-content\/uploads\/usu1286\/2020\/02\/Imagen3.png\"><img loading=\"lazy\" decoding=\"async\" class=\"wp-image-7083 aligncenter\" src=\"https:\/\/agora.xtec.cat\/ceipsantpere\/wp-content\/uploads\/usu1286\/2020\/02\/Imagen3.png\" alt=\"\" width=\"312\" height=\"159\" srcset=\"https:\/\/agora.xtec.cat\/ceipsantpere\/wp-content\/uploads\/usu1286\/2020\/02\/Imagen3.png 469w, https:\/\/agora.xtec.cat\/ceipsantpere\/wp-content\/uploads\/usu1286\/2020\/02\/Imagen3-300x153.png 300w\" sizes=\"auto, (max-width: 312px) 100vw, 312px\" \/><\/a><\/p>\n<table style=\"height: 44px;\" width=\"716\">\n<tbody>\n<tr>\n<td style=\"width: 710px;\">\n<p style=\"text-align: right;\"><em><strong><span style=\"color: #008000;\">Educar la ment sense educar el cor, no \u00e9s educaci\u00f3 en absolut.\u00a0 \u00a0 \u00a0 \u00a0 \u00a0 \u00a0 \u00a0 \u00a0 \u00a0 \u00a0 \u00a0 \u00a0 \u00a0 \u00a0 \u00a0 \u00a0 \u00a0 \u00a0 \u00a0 \u00a0 \u00a0 \u00a0 \u00a0 \u00a0 \u00a0 \u00a0 \u00a0 \u00a0 Arist\u00f2til<\/span><\/strong><\/em><\/p>\n<\/td>\n<\/tr>\n<\/tbody>\n<\/table>\n<p><strong><span style=\"color: #0000ff;\">Escola Sostenible: <\/span><\/strong>Formem part de la Xarxa d \u2019Escoles Sostenibles de Catalunya. Tenim com a objectiu: conscienciar en la sostenibilitat a tota la comunitat \u00a0educativa.<\/p>\n<figure id=\"attachment_7084\" aria-describedby=\"caption-attachment-7084\" style=\"width: 307px\" class=\"wp-caption aligncenter\"><a href=\"https:\/\/agora.xtec.cat\/ceipsantpere\/wp-content\/uploads\/usu1286\/2020\/02\/Imagen4.png\"><img loading=\"lazy\" decoding=\"async\" class=\"wp-image-7084\" src=\"https:\/\/agora.xtec.cat\/ceipsantpere\/wp-content\/uploads\/usu1286\/2020\/02\/Imagen4.png\" alt=\"\" width=\"307\" height=\"226\" srcset=\"https:\/\/agora.xtec.cat\/ceipsantpere\/wp-content\/uploads\/usu1286\/2020\/02\/Imagen4.png 970w, https:\/\/agora.xtec.cat\/ceipsantpere\/wp-content\/uploads\/usu1286\/2020\/02\/Imagen4-300x221.png 300w, https:\/\/agora.xtec.cat\/ceipsantpere\/wp-content\/uploads\/usu1286\/2020\/02\/Imagen4-768x565.png 768w\" sizes=\"auto, (max-width: 307px) 100vw, 307px\" \/><\/a><figcaption id=\"caption-attachment-7084\" class=\"wp-caption-text\"><em>Activitats d&#8217;escola amb material reciclat<\/em><\/figcaption><\/figure>\n<p>&nbsp;<\/p>\n<p><strong><span style=\"color: #0000ff;\">Racons d&#8217;aprenentatge: <\/span><\/strong>El treball per racons \u00e9s una proposta metodol\u00f2gica que delimita, dins l\u2019aula, diferents espais on els nostres alumnes poden realitzar de manera simult\u00e0nia diferents activitats de tipus cognitiu, manipulatiu i simb\u00f2lic.<\/p>\n<p>Aquesta manera de treballar implica una metodologia m\u00e9s creativa i flexible, en la qual el rol de la\/el mestre\/a \u00e9s dinamitzar els aprenentatges i proporcionar oportunitats per a que els\/les alumnes puguin explorar tots els centres d\u2019aprenentatges.<\/p>\n<figure id=\"attachment_7086\" aria-describedby=\"caption-attachment-7086\" style=\"width: 373px\" class=\"wp-caption aligncenter\"><a href=\"https:\/\/agora.xtec.cat\/ceipsantpere\/wp-content\/uploads\/usu1286\/2020\/02\/Imagen6.png\"><img loading=\"lazy\" decoding=\"async\" class=\"wp-image-7086\" src=\"https:\/\/agora.xtec.cat\/ceipsantpere\/wp-content\/uploads\/usu1286\/2020\/02\/Imagen6.png\" alt=\"\" width=\"373\" height=\"210\" srcset=\"https:\/\/agora.xtec.cat\/ceipsantpere\/wp-content\/uploads\/usu1286\/2020\/02\/Imagen6.png 719w, https:\/\/agora.xtec.cat\/ceipsantpere\/wp-content\/uploads\/usu1286\/2020\/02\/Imagen6-300x169.png 300w\" sizes=\"auto, (max-width: 373px) 100vw, 373px\" \/><\/a><figcaption id=\"caption-attachment-7086\" class=\"wp-caption-text\"><em><strong>Racons de llengua<\/strong><\/em><\/figcaption><\/figure>\n<p><a href=\"https:\/\/agora.xtec.cat\/ceipsantpere\/wp-content\/uploads\/usu1286\/2020\/02\/Imagen5.png\"><img loading=\"lazy\" decoding=\"async\" class=\"aligncenter wp-image-7085\" src=\"https:\/\/agora.xtec.cat\/ceipsantpere\/wp-content\/uploads\/usu1286\/2020\/02\/Imagen5.png\" alt=\"\" width=\"374\" height=\"210\" srcset=\"https:\/\/agora.xtec.cat\/ceipsantpere\/wp-content\/uploads\/usu1286\/2020\/02\/Imagen5.png 715w, https:\/\/agora.xtec.cat\/ceipsantpere\/wp-content\/uploads\/usu1286\/2020\/02\/Imagen5-300x169.png 300w\" sizes=\"auto, (max-width: 374px) 100vw, 374px\" \/><\/a><\/p>\n<p>&nbsp;<\/p>\n<p>&nbsp;<\/p>\n<p>&nbsp;<\/p>\n","protected":false},"excerpt":{"rendered":"<p>Treball inclusiu:\u00a0Oferim les mateixes oportunitats a tots els nens i nenes, sense distinci\u00f3 pel que fa\u00a0 a la capacitat, or\u00edgens culturals o qualsevol altra diferencia per aconseguir l&#8217;\u00e8xit escolar. &nbsp; Actitud activa:\u00a0L&#8217;Escola t\u00e9 el comprom\u00eds de fomentar en l&#8217;alumne\/a una actitud activa, curiosa, investigadora i cr\u00edtica que mitjan\u00e7ant la comunicaci\u00f3 i el treball, ser\u00e0 la [&hellip;]<\/p>\n","protected":false},"author":1,"featured_media":0,"parent":22,"menu_order":20,"comment_status":"closed","ping_status":"closed","template":"page-templates\/side-menu.php","meta":{"_bbp_topic_count":0,"_bbp_reply_count":0,"_bbp_total_topic_count":0,"_bbp_total_reply_count":0,"_bbp_voice_count":0,"_bbp_anonymous_reply_count":0,"_bbp_topic_count_hidden":0,"_bbp_reply_count_hidden":0,"_bbp_forum_subforum_count":0,"site-sidebar-layout":"default","site-content-layout":"","ast-site-content-layout":"","site-content-style":"default","site-sidebar-style":"default","ast-global-header-display":"","ast-banner-title-visibility":"","ast-main-header-display":"","ast-hfb-above-header-display":"","ast-hfb-below-header-display":"","ast-hfb-mobile-header-display":"","site-post-title":"","ast-breadcrumbs-content":"","ast-featured-img":"","footer-sml-layout":"","theme-transparent-header-meta":"","adv-header-id-meta":"","stick-header-meta":"","header-above-stick-meta":"","header-main-stick-meta":"","header-below-stick-meta":"","astra-migrate-meta-layouts":"default","ast-page-background-enabled":"default","ast-page-background-meta":{"desktop":{"background-color":"var(--ast-global-color-4)","background-image":"","background-repeat":"repeat","background-position":"center center","background-size":"auto","background-attachment":"scroll","background-type":"","background-media":"","overlay-type":"","overlay-color":"","overlay-opacity":"","overlay-gradient":""},"tablet":{"background-color":"","background-image":"","background-repeat":"repeat","background-position":"center center","background-size":"auto","background-attachment":"scroll","background-type":"","background-media":"","overlay-type":"","overlay-color":"","overlay-opacity":"","overlay-gradient":""},"mobile":{"background-color":"","background-image":"","background-repeat":"repeat","background-position":"center center","background-size":"auto","background-attachment":"scroll","background-type":"","background-media":"","overlay-type":"","overlay-color":"","overlay-opacity":"","overlay-gradient":""}},"ast-content-background-meta":{"desktop":{"background-color":"var(--ast-global-color-5)","background-image":"","background-repeat":"repeat","background-position":"center center","background-size":"auto","background-attachment":"scroll","background-type":"","background-media":"","overlay-type":"","overlay-color":"","overlay-opacity":"","overlay-gradient":""},"tablet":{"background-color":"var(--ast-global-color-5)","background-image":"","background-repeat":"repeat","background-position":"center center","background-size":"auto","background-attachment":"scroll","background-type":"","background-media":"","overlay-type":"","overlay-color":"","overlay-opacity":"","overlay-gradient":""},"mobile":{"background-color":"var(--ast-global-color-5)","background-image":"","background-repeat":"repeat","background-position":"center center","background-size":"auto","background-attachment":"scroll","background-type":"","background-media":"","overlay-type":"","overlay-color":"","overlay-opacity":"","overlay-gradient":""}},"footnotes":""},"class_list":["post-26","page","type-page","status-publish","hentry"],"post_mailing_queue_ids":[],"_links":{"self":[{"href":"https:\/\/agora.xtec.cat\/ceipsantpere\/wp-json\/wp\/v2\/pages\/26","targetHints":{"allow":["GET"]}}],"collection":[{"href":"https:\/\/agora.xtec.cat\/ceipsantpere\/wp-json\/wp\/v2\/pages"}],"about":[{"href":"https:\/\/agora.xtec.cat\/ceipsantpere\/wp-json\/wp\/v2\/types\/page"}],"author":[{"embeddable":true,"href":"https:\/\/agora.xtec.cat\/ceipsantpere\/wp-json\/wp\/v2\/users\/1"}],"replies":[{"embeddable":true,"href":"https:\/\/agora.xtec.cat\/ceipsantpere\/wp-json\/wp\/v2\/comments?post=26"}],"version-history":[{"count":3,"href":"https:\/\/agora.xtec.cat\/ceipsantpere\/wp-json\/wp\/v2\/pages\/26\/revisions"}],"predecessor-version":[{"id":7090,"href":"https:\/\/agora.xtec.cat\/ceipsantpere\/wp-json\/wp\/v2\/pages\/26\/revisions\/7090"}],"up":[{"embeddable":true,"href":"https:\/\/agora.xtec.cat\/ceipsantpere\/wp-json\/wp\/v2\/pages\/22"}],"wp:attachment":[{"href":"https:\/\/agora.xtec.cat\/ceipsantpere\/wp-json\/wp\/v2\/media?parent=26"}],"curies":[{"name":"wp","href":"https:\/\/api.w.org\/{rel}","templated":true}]}}