{"id":627,"date":"2020-11-02T16:10:27","date_gmt":"2020-11-02T15:10:27","guid":{"rendered":"https:\/\/agora.xtec.cat\/ceipsantmiquel\/?page_id=627"},"modified":"2025-10-20T11:17:30","modified_gmt":"2025-10-20T09:17:30","slug":"projecte-artistes","status":"publish","type":"page","link":"https:\/\/agora.xtec.cat\/ceipsantmiquel\/projecte-educatiu\/projecte-artistes\/","title":{"rendered":"Projecte Artistes"},"content":{"rendered":"<p data-start=\"221\" data-end=\"469\"><a href=\"https:\/\/agora.xtec.cat\/ceipsantmiquel\/wp-content\/uploads\/usu2020\/2025\/10\/projecte-artistes-sense-fons.png\"><img loading=\"lazy\" decoding=\"async\" class=\"size-full wp-image-6238 alignright\" src=\"https:\/\/agora.xtec.cat\/ceipsantmiquel\/wp-content\/uploads\/usu2020\/2025\/10\/projecte-artistes-sense-fons.png\" alt=\"\" width=\"500\" height=\"500\" srcset=\"https:\/\/agora.xtec.cat\/ceipsantmiquel\/wp-content\/uploads\/usu2020\/2025\/10\/projecte-artistes-sense-fons.png 500w, https:\/\/agora.xtec.cat\/ceipsantmiquel\/wp-content\/uploads\/usu2020\/2025\/10\/projecte-artistes-sense-fons-300x300.png 300w, https:\/\/agora.xtec.cat\/ceipsantmiquel\/wp-content\/uploads\/usu2020\/2025\/10\/projecte-artistes-sense-fons-150x150.png 150w\" sizes=\"auto, (max-width: 500px) 100vw, 500px\" \/><\/a>El curs 2016-2017, el claustre de l\u2019escola va decidir impulsar el Projecte Artistes\u00a0dins l\u2019\u00e0rea d\u2019Educaci\u00f3 Visual i Pl\u00e0stica, amb l\u2019objectiu d\u2019apropar l\u2019alumnat al m\u00f3n de l\u2019art des de diferents mirades i sensibilitats.<\/p>\n<p data-start=\"471\" data-end=\"899\">Cada curs, a tots els cicles, treballem diversos artistes: alguns de propers i altres de m\u00e9s llunyans, tant en l\u2019espai com en el temps; homes i dones, cl\u00e0ssics i contemporanis, diferents corrents art\u00edstics i estils. La selecci\u00f3 es va fer tenint en compte el curr\u00edculum i amb la voluntat de garantir que, en acabar l\u2019etapa a l\u2019escola, l\u2019alumnat hagi pogut con\u00e8ixer una gran diversitat de formes d\u2019expressi\u00f3 art\u00edstica.<\/p>\n<p data-start=\"901\" data-end=\"1236\">A m\u00e9s de descobrir la biografia, les obres m\u00e9s rellevants i l\u2019estil de cada artista, els nens i les nenes creen les seves pr\u00f2pies obres inspirades en els artistes treballats. Aquest proc\u00e9s els ajuda a experimentar amb t\u00e8cniques, materials i llenguatges pl\u00e0stics variats, fomentant la creativitat i l\u2019expressi\u00f3 personal.<\/p>\n<p data-start=\"1238\" data-end=\"1500\">Moltes d\u2019aquestes creacions guarneixen els passadissos i les aules de l\u2019escola, convertint els espais en aut\u00e8ntics museus plens de color, talent i emoci\u00f3. D\u2019aquesta manera, l\u2019art es viu, s\u2019observa i es comparteix dia a dia dins la nostra comunitat educativa.<\/p>\n","protected":false},"excerpt":{"rendered":"<p>El curs 2016-2017, el claustre de l\u2019escola va decidir impulsar el Projecte Artistes\u00a0dins l\u2019\u00e0rea d\u2019Educaci\u00f3 Visual i Pl\u00e0stica, amb l\u2019objectiu d\u2019apropar l\u2019alumnat al m\u00f3n de l\u2019art des de diferents mirades i sensibilitats. Cada curs, a tots els cicles, treballem diversos artistes: alguns de propers i altres de m\u00e9s llunyans, tant en l\u2019espai com en el [&hellip;]<\/p>\n","protected":false},"author":1,"featured_media":0,"parent":64,"menu_order":3,"comment_status":"closed","ping_status":"closed","template":"","meta":{"_bbp_topic_count":0,"_bbp_reply_count":0,"_bbp_total_topic_count":0,"_bbp_total_reply_count":0,"_bbp_voice_count":0,"_bbp_anonymous_reply_count":0,"_bbp_topic_count_hidden":0,"_bbp_reply_count_hidden":0,"_bbp_forum_subforum_count":0,"site-sidebar-layout":"default","site-content-layout":"","ast-site-content-layout":"default","site-content-style":"default","site-sidebar-style":"default","ast-global-header-display":"","ast-banner-title-visibility":"","ast-main-header-display":"","ast-hfb-above-header-display":"","ast-hfb-below-header-display":"","ast-hfb-mobile-header-display":"","site-post-title":"","ast-breadcrumbs-content":"","ast-featured-img":"","footer-sml-layout":"","theme-transparent-header-meta":"default","adv-header-id-meta":"","stick-header-meta":"","header-above-stick-meta":"","header-main-stick-meta":"","header-below-stick-meta":"","astra-migrate-meta-layouts":"set","ast-page-background-enabled":"default","ast-page-background-meta":{"desktop":{"background-color":"var(--ast-global-color-4)","background-image":"","background-repeat":"repeat","background-position":"center center","background-size":"auto","background-attachment":"scroll","background-type":"","background-media":"","overlay-type":"","overlay-color":"","overlay-opacity":"","overlay-gradient":""},"tablet":{"background-color":"","background-image":"","background-repeat":"repeat","background-position":"center center","background-size":"auto","background-attachment":"scroll","background-type":"","background-media":"","overlay-type":"","overlay-color":"","overlay-opacity":"","overlay-gradient":""},"mobile":{"background-color":"","background-image":"","background-repeat":"repeat","background-position":"center center","background-size":"auto","background-attachment":"scroll","background-type":"","background-media":"","overlay-type":"","overlay-color":"","overlay-opacity":"","overlay-gradient":""}},"ast-content-background-meta":{"desktop":{"background-color":"var(--ast-global-color-5)","background-image":"","background-repeat":"repeat","background-position":"center center","background-size":"auto","background-attachment":"scroll","background-type":"","background-media":"","overlay-type":"","overlay-color":"","overlay-opacity":"","overlay-gradient":""},"tablet":{"background-color":"var(--ast-global-color-5)","background-image":"","background-repeat":"repeat","background-position":"center center","background-size":"auto","background-attachment":"scroll","background-type":"","background-media":"","overlay-type":"","overlay-color":"","overlay-opacity":"","overlay-gradient":""},"mobile":{"background-color":"var(--ast-global-color-5)","background-image":"","background-repeat":"repeat","background-position":"center center","background-size":"auto","background-attachment":"scroll","background-type":"","background-media":"","overlay-type":"","overlay-color":"","overlay-opacity":"","overlay-gradient":""}},"footnotes":""},"class_list":["post-627","page","type-page","status-publish","hentry"],"post_mailing_queue_ids":[],"_links":{"self":[{"href":"https:\/\/agora.xtec.cat\/ceipsantmiquel\/wp-json\/wp\/v2\/pages\/627","targetHints":{"allow":["GET"]}}],"collection":[{"href":"https:\/\/agora.xtec.cat\/ceipsantmiquel\/wp-json\/wp\/v2\/pages"}],"about":[{"href":"https:\/\/agora.xtec.cat\/ceipsantmiquel\/wp-json\/wp\/v2\/types\/page"}],"author":[{"embeddable":true,"href":"https:\/\/agora.xtec.cat\/ceipsantmiquel\/wp-json\/wp\/v2\/users\/1"}],"replies":[{"embeddable":true,"href":"https:\/\/agora.xtec.cat\/ceipsantmiquel\/wp-json\/wp\/v2\/comments?post=627"}],"version-history":[{"count":4,"href":"https:\/\/agora.xtec.cat\/ceipsantmiquel\/wp-json\/wp\/v2\/pages\/627\/revisions"}],"predecessor-version":[{"id":6239,"href":"https:\/\/agora.xtec.cat\/ceipsantmiquel\/wp-json\/wp\/v2\/pages\/627\/revisions\/6239"}],"up":[{"embeddable":true,"href":"https:\/\/agora.xtec.cat\/ceipsantmiquel\/wp-json\/wp\/v2\/pages\/64"}],"wp:attachment":[{"href":"https:\/\/agora.xtec.cat\/ceipsantmiquel\/wp-json\/wp\/v2\/media?parent=627"}],"curies":[{"name":"wp","href":"https:\/\/api.w.org\/{rel}","templated":true}]}}