{"id":625,"date":"2020-11-02T16:09:41","date_gmt":"2020-11-02T15:09:41","guid":{"rendered":"https:\/\/agora.xtec.cat\/ceipsantmiquel\/?page_id=625"},"modified":"2025-10-17T15:45:21","modified_gmt":"2025-10-17T13:45:21","slug":"projectes-compartits","status":"publish","type":"page","link":"https:\/\/agora.xtec.cat\/ceipsantmiquel\/projecte-educatiu\/projectes-compartits\/","title":{"rendered":"Projectes compartits"},"content":{"rendered":"<p>Aquest curs 2020-21 l\u2019escola inicia un nou projecte compartit amb el Camp d\u2019aprenentatge de Sebes (Flix) anomenat \u201cProjectes Compartits\u201d, emmarcat en els Objectius de Desenvolupament Sostenible (ODS).<\/p>\n<p>Els objectius del projecte s\u00f3n:<\/p>\n<ol>\n<li>Capacitar l\u2019alumnat per entendre, opinar i prendre decisions sobre aspectes de l\u2019entorn natural proper.<\/li>\n<li>Obrir experi\u00e8ncies que permetin a l\u2019alumnat incidir en la millora del seu entorn i fer un \u00fas sostenible.<\/li>\n<li>Proposar la descoberta d\u2019espais naturals locals on desenvolupar pr\u00e0ctiques d&#8217;aprenentatge competencial.<\/li>\n<\/ol>\n<p><strong><em><u>\u00a0<\/u><\/em><\/strong><em><u><strong>LA SALUT DE L\u2019AIGUA (2n)<\/strong>: <\/u><\/em>Projecte basat en viure els espais naturals comarcals i cultivar consci\u00e8ncia mediambiental global. L\u2019alumnat amb aquest projecte viur\u00e0, coneixer\u00e0 i sentir\u00e0 els espais fluvials vora el nostre estimat riu Ebre al pas per Asc\u00f3, despertar\u00e0 consci\u00e8ncia de conservaci\u00f3.<\/p>\n<p><em><u><strong>EL M\u00d3N DE LA FLORA (4t)<\/strong>: <\/u><\/em>Projecte basat en viure els espais naturals comarcals i cultivar consci\u00e8ncia mediambiental global. L\u2019alumnat a trav\u00e9s del plantejament de preguntes sobre el medi analitzar\u00e0 paisatges i ecosistemes valorant les actuacions que els afecten. Hauran de valorar tamb\u00e9 els problemes socials rellevants interpretant les causes i les conseq\u00fc\u00e8ncies per a poder plantejar propostes de futur.<\/p>\n","protected":false},"excerpt":{"rendered":"<p>Aquest curs 2020-21 l\u2019escola inicia un nou projecte compartit amb el Camp d\u2019aprenentatge de Sebes (Flix) anomenat \u201cProjectes Compartits\u201d, emmarcat en els Objectius de Desenvolupament Sostenible (ODS). Els objectius del projecte s\u00f3n: Capacitar l\u2019alumnat per entendre, opinar i prendre decisions sobre aspectes de l\u2019entorn natural proper. Obrir experi\u00e8ncies que permetin a l\u2019alumnat incidir en la [&hellip;]<\/p>\n","protected":false},"author":1,"featured_media":0,"parent":64,"menu_order":7,"comment_status":"closed","ping_status":"closed","template":"","meta":{"_bbp_topic_count":0,"_bbp_reply_count":0,"_bbp_total_topic_count":0,"_bbp_total_reply_count":0,"_bbp_voice_count":0,"_bbp_anonymous_reply_count":0,"_bbp_topic_count_hidden":0,"_bbp_reply_count_hidden":0,"_bbp_forum_subforum_count":0,"site-sidebar-layout":"default","site-content-layout":"","ast-site-content-layout":"default","site-content-style":"default","site-sidebar-style":"default","ast-global-header-display":"","ast-banner-title-visibility":"","ast-main-header-display":"","ast-hfb-above-header-display":"","ast-hfb-below-header-display":"","ast-hfb-mobile-header-display":"","site-post-title":"","ast-breadcrumbs-content":"","ast-featured-img":"","footer-sml-layout":"","theme-transparent-header-meta":"default","adv-header-id-meta":"","stick-header-meta":"","header-above-stick-meta":"","header-main-stick-meta":"","header-below-stick-meta":"","astra-migrate-meta-layouts":"set","ast-page-background-enabled":"default","ast-page-background-meta":{"desktop":{"background-color":"var(--ast-global-color-4)","background-image":"","background-repeat":"repeat","background-position":"center center","background-size":"auto","background-attachment":"scroll","background-type":"","background-media":"","overlay-type":"","overlay-color":"","overlay-opacity":"","overlay-gradient":""},"tablet":{"background-color":"","background-image":"","background-repeat":"repeat","background-position":"center center","background-size":"auto","background-attachment":"scroll","background-type":"","background-media":"","overlay-type":"","overlay-color":"","overlay-opacity":"","overlay-gradient":""},"mobile":{"background-color":"","background-image":"","background-repeat":"repeat","background-position":"center center","background-size":"auto","background-attachment":"scroll","background-type":"","background-media":"","overlay-type":"","overlay-color":"","overlay-opacity":"","overlay-gradient":""}},"ast-content-background-meta":{"desktop":{"background-color":"var(--ast-global-color-5)","background-image":"","background-repeat":"repeat","background-position":"center center","background-size":"auto","background-attachment":"scroll","background-type":"","background-media":"","overlay-type":"","overlay-color":"","overlay-opacity":"","overlay-gradient":""},"tablet":{"background-color":"var(--ast-global-color-5)","background-image":"","background-repeat":"repeat","background-position":"center center","background-size":"auto","background-attachment":"scroll","background-type":"","background-media":"","overlay-type":"","overlay-color":"","overlay-opacity":"","overlay-gradient":""},"mobile":{"background-color":"var(--ast-global-color-5)","background-image":"","background-repeat":"repeat","background-position":"center center","background-size":"auto","background-attachment":"scroll","background-type":"","background-media":"","overlay-type":"","overlay-color":"","overlay-opacity":"","overlay-gradient":""}},"footnotes":""},"class_list":["post-625","page","type-page","status-publish","hentry"],"post_mailing_queue_ids":[],"_links":{"self":[{"href":"https:\/\/agora.xtec.cat\/ceipsantmiquel\/wp-json\/wp\/v2\/pages\/625","targetHints":{"allow":["GET"]}}],"collection":[{"href":"https:\/\/agora.xtec.cat\/ceipsantmiquel\/wp-json\/wp\/v2\/pages"}],"about":[{"href":"https:\/\/agora.xtec.cat\/ceipsantmiquel\/wp-json\/wp\/v2\/types\/page"}],"author":[{"embeddable":true,"href":"https:\/\/agora.xtec.cat\/ceipsantmiquel\/wp-json\/wp\/v2\/users\/1"}],"replies":[{"embeddable":true,"href":"https:\/\/agora.xtec.cat\/ceipsantmiquel\/wp-json\/wp\/v2\/comments?post=625"}],"version-history":[{"count":2,"href":"https:\/\/agora.xtec.cat\/ceipsantmiquel\/wp-json\/wp\/v2\/pages\/625\/revisions"}],"predecessor-version":[{"id":631,"href":"https:\/\/agora.xtec.cat\/ceipsantmiquel\/wp-json\/wp\/v2\/pages\/625\/revisions\/631"}],"up":[{"embeddable":true,"href":"https:\/\/agora.xtec.cat\/ceipsantmiquel\/wp-json\/wp\/v2\/pages\/64"}],"wp:attachment":[{"href":"https:\/\/agora.xtec.cat\/ceipsantmiquel\/wp-json\/wp\/v2\/media?parent=625"}],"curies":[{"name":"wp","href":"https:\/\/api.w.org\/{rel}","templated":true}]}}