{"id":621,"date":"2020-11-02T16:08:25","date_gmt":"2020-11-02T15:08:25","guid":{"rendered":"https:\/\/agora.xtec.cat\/ceipsantmiquel\/?page_id=621"},"modified":"2025-10-17T15:44:59","modified_gmt":"2025-10-17T13:44:59","slug":"projecte-amics-grans","status":"publish","type":"page","link":"https:\/\/agora.xtec.cat\/ceipsantmiquel\/projecte-educatiu\/projecte-amics-grans\/","title":{"rendered":"Projecte Amics Grans"},"content":{"rendered":"<p><a href=\"https:\/\/agora.xtec.cat\/ceipsantmiquel\/wp-content\/uploads\/usu2020\/2025\/10\/logo-amics-grans-sense-fons.png\"><img loading=\"lazy\" decoding=\"async\" class=\"size-full wp-image-6214 alignright\" src=\"https:\/\/agora.xtec.cat\/ceipsantmiquel\/wp-content\/uploads\/usu2020\/2025\/10\/logo-amics-grans-sense-fons.png\" alt=\"\" width=\"500\" height=\"500\" srcset=\"https:\/\/agora.xtec.cat\/ceipsantmiquel\/wp-content\/uploads\/usu2020\/2025\/10\/logo-amics-grans-sense-fons.png 500w, https:\/\/agora.xtec.cat\/ceipsantmiquel\/wp-content\/uploads\/usu2020\/2025\/10\/logo-amics-grans-sense-fons-300x300.png 300w, https:\/\/agora.xtec.cat\/ceipsantmiquel\/wp-content\/uploads\/usu2020\/2025\/10\/logo-amics-grans-sense-fons-150x150.png 150w\" sizes=\"auto, (max-width: 500px) 100vw, 500px\" \/><\/a>El curs 2018\/19 es va engegar el projecte &#8220;Amics Grans&#8221;, en qu\u00e8 hi participa l&#8217;alumnat de Cicle Superior i una vintena d&#8217;avis de la Resid\u00e8ncia d&#8217;Asc\u00f3, a m\u00e9s d&#8217;alguns usuaris del centre de dia.<\/p>\n<p>Des de l&#8217;escola volem oferir l&#8217;oportunitat d&#8217;interactuar i aprendre de l&#8217;intercanvi entre gent gran i el nostre alumnat de Cicle Superior. L\u2019objectiu \u00e9s que l&#8217;intercanvi sigui bidireccional i actiu per ambdues parts i que promogui una s\u00e8rie de valors com l&#8217;amistat, la solidaritat, l&#8217;empatia i el saber donar i rebre. Potenciar els vincles i coneixements interrelacionals.<\/p>\n<p><strong>Objectius d&#8217;escola:<\/strong><\/p>\n<ul>\n<li>Apropar la gent gran als infants amb activitats l\u00fadiques i educatives.<\/li>\n<li>Fomentar la socialitzaci\u00f3 de les persones grans.<\/li>\n<li>Treballar els valors, sobretot el respecte i la solidaritat, davant la crisi de valors que pateix la societat actual.<\/li>\n<li>Aprendre a utilitzar les habilitats socials (adequaci\u00f3 del vocabulari, saber ser amables, pacients, respectuosos&#8230;)<\/li>\n<\/ul>\n<p>Les <strong>activitats <\/strong>engloben els <strong>\u00e0mbits cultural, art\u00edstic i f\u00edsic<\/strong>.<\/p>\n<ul>\n<li><strong>BLOC CULTURAL<\/strong>\n<ul>\n<li>Jocs intergeneracionals tradicionals catalans (jocs de taula, parx\u00eds, d\u00f2mino, guinyot&#8230;) i jocs actuals (funcionament de tauletes, tel\u00e8fons m\u00f2bils&#8230;).<\/li>\n<li>Lectura en parelles de contes i rondalles.<\/li>\n<li>Tallers de conversa entre nens i avis: parlar dels seus projectes\/interessos&#8230; Xerrades sobre els tipus d\u2019estudis d\u2019abans i d\u2019ara.<\/li>\n<li>Taller oral-escrit: contarem endevinalles, rondalles, refranys tradicionals de les nostres terres.<\/li>\n<\/ul>\n<\/li>\n<li><strong>BLOC ART\u00cdSTIC<\/strong>\n<ul>\n<li>Taller de cuina<\/li>\n<li>Manualitat decorativa d\u2019acord amb l\u2019\u00e8poca de l\u2019any o la festivitat corresponent segons calendari.<\/li>\n<li>Taller de Sant Jordi.<\/li>\n<li>Sessions de can\u00e7ons i balls de la seva vida (antics i moderns).<\/li>\n<\/ul>\n<\/li>\n<li><strong>BLOC F\u00cdSICO-MOTRIU<\/strong>\n<ul>\n<li>Olimp\u00edades\/Gimcana col\u00b7laborativa intergeneracional.<\/li>\n<li>Passejades dins i fora del centre.<\/li>\n<li>Sessi\u00f3 de <em>Mindfulness<\/em>: els infants ensenyaran als avis t\u00e8cniques de relaxaci\u00f3 molt \u00fatils.<\/li>\n<li>Sessi\u00f3 de bingo: els nens jugaran amb els avis al seu joc favorit, que \u00e9s el bingo.<\/li>\n<\/ul>\n<\/li>\n<\/ul>\n<p>Les diferents activitats s\u2019aniran planificant, quant a data i contingut, en funci\u00f3 de les activitats pr\u00f2pies de la resid\u00e8ncia i del calendari festiu i cultural.<\/p>\n<p>A final de curs es programar\u00e0, sempre que es pugui, una darrera activitat de car\u00e0cter exclusivament l\u00fadic en qu\u00e8 participaran conjuntament tots els membres que hagin col\u00b7laborat en el projecte. Es pret\u00e9n realitzar una activitat que culmini el projecte amb un espectacle a concretar, com per exemple els balls de fi de curs, i una xocolatada conjunta dels nens i nenes amb els avis i \u00e0vies de la resid\u00e8ncia.<\/p>\n","protected":false},"excerpt":{"rendered":"<p>El curs 2018\/19 es va engegar el projecte &#8220;Amics Grans&#8221;, en qu\u00e8 hi participa l&#8217;alumnat de Cicle Superior i una vintena d&#8217;avis de la Resid\u00e8ncia d&#8217;Asc\u00f3, a m\u00e9s d&#8217;alguns usuaris del centre de dia. Des de l&#8217;escola volem oferir l&#8217;oportunitat d&#8217;interactuar i aprendre de l&#8217;intercanvi entre gent gran i el nostre alumnat de Cicle Superior. [&hellip;]<\/p>\n","protected":false},"author":1,"featured_media":0,"parent":64,"menu_order":4,"comment_status":"closed","ping_status":"closed","template":"","meta":{"_bbp_topic_count":0,"_bbp_reply_count":0,"_bbp_total_topic_count":0,"_bbp_total_reply_count":0,"_bbp_voice_count":0,"_bbp_anonymous_reply_count":0,"_bbp_topic_count_hidden":0,"_bbp_reply_count_hidden":0,"_bbp_forum_subforum_count":0,"site-sidebar-layout":"default","site-content-layout":"","ast-site-content-layout":"default","site-content-style":"default","site-sidebar-style":"default","ast-global-header-display":"","ast-banner-title-visibility":"","ast-main-header-display":"","ast-hfb-above-header-display":"","ast-hfb-below-header-display":"","ast-hfb-mobile-header-display":"","site-post-title":"","ast-breadcrumbs-content":"","ast-featured-img":"","footer-sml-layout":"","theme-transparent-header-meta":"default","adv-header-id-meta":"","stick-header-meta":"","header-above-stick-meta":"","header-main-stick-meta":"","header-below-stick-meta":"","astra-migrate-meta-layouts":"set","ast-page-background-enabled":"default","ast-page-background-meta":{"desktop":{"background-color":"var(--ast-global-color-4)","background-image":"","background-repeat":"repeat","background-position":"center center","background-size":"auto","background-attachment":"scroll","background-type":"","background-media":"","overlay-type":"","overlay-color":"","overlay-opacity":"","overlay-gradient":""},"tablet":{"background-color":"","background-image":"","background-repeat":"repeat","background-position":"center center","background-size":"auto","background-attachment":"scroll","background-type":"","background-media":"","overlay-type":"","overlay-color":"","overlay-opacity":"","overlay-gradient":""},"mobile":{"background-color":"","background-image":"","background-repeat":"repeat","background-position":"center center","background-size":"auto","background-attachment":"scroll","background-type":"","background-media":"","overlay-type":"","overlay-color":"","overlay-opacity":"","overlay-gradient":""}},"ast-content-background-meta":{"desktop":{"background-color":"var(--ast-global-color-5)","background-image":"","background-repeat":"repeat","background-position":"center center","background-size":"auto","background-attachment":"scroll","background-type":"","background-media":"","overlay-type":"","overlay-color":"","overlay-opacity":"","overlay-gradient":""},"tablet":{"background-color":"var(--ast-global-color-5)","background-image":"","background-repeat":"repeat","background-position":"center center","background-size":"auto","background-attachment":"scroll","background-type":"","background-media":"","overlay-type":"","overlay-color":"","overlay-opacity":"","overlay-gradient":""},"mobile":{"background-color":"var(--ast-global-color-5)","background-image":"","background-repeat":"repeat","background-position":"center center","background-size":"auto","background-attachment":"scroll","background-type":"","background-media":"","overlay-type":"","overlay-color":"","overlay-opacity":"","overlay-gradient":""}},"footnotes":""},"class_list":["post-621","page","type-page","status-publish","hentry"],"post_mailing_queue_ids":[],"_links":{"self":[{"href":"https:\/\/agora.xtec.cat\/ceipsantmiquel\/wp-json\/wp\/v2\/pages\/621","targetHints":{"allow":["GET"]}}],"collection":[{"href":"https:\/\/agora.xtec.cat\/ceipsantmiquel\/wp-json\/wp\/v2\/pages"}],"about":[{"href":"https:\/\/agora.xtec.cat\/ceipsantmiquel\/wp-json\/wp\/v2\/types\/page"}],"author":[{"embeddable":true,"href":"https:\/\/agora.xtec.cat\/ceipsantmiquel\/wp-json\/wp\/v2\/users\/1"}],"replies":[{"embeddable":true,"href":"https:\/\/agora.xtec.cat\/ceipsantmiquel\/wp-json\/wp\/v2\/comments?post=621"}],"version-history":[{"count":6,"href":"https:\/\/agora.xtec.cat\/ceipsantmiquel\/wp-json\/wp\/v2\/pages\/621\/revisions"}],"predecessor-version":[{"id":6216,"href":"https:\/\/agora.xtec.cat\/ceipsantmiquel\/wp-json\/wp\/v2\/pages\/621\/revisions\/6216"}],"up":[{"embeddable":true,"href":"https:\/\/agora.xtec.cat\/ceipsantmiquel\/wp-json\/wp\/v2\/pages\/64"}],"wp:attachment":[{"href":"https:\/\/agora.xtec.cat\/ceipsantmiquel\/wp-json\/wp\/v2\/media?parent=621"}],"curies":[{"name":"wp","href":"https:\/\/api.w.org\/{rel}","templated":true}]}}