{"id":619,"date":"2020-11-02T16:07:44","date_gmt":"2020-11-02T15:07:44","guid":{"rendered":"https:\/\/agora.xtec.cat\/ceipsantmiquel\/?page_id=619"},"modified":"2025-10-17T16:05:27","modified_gmt":"2025-10-17T14:05:27","slug":"pla-de-consum-de-fruita-a-les-escoles","status":"publish","type":"page","link":"https:\/\/agora.xtec.cat\/ceipsantmiquel\/projecte-educatiu\/pla-de-consum-de-fruita-a-les-escoles\/","title":{"rendered":"Pla de consum de fruita a les escoles"},"content":{"rendered":"<p><a href=\"https:\/\/agora.xtec.cat\/ceipsantmiquel\/wp-content\/uploads\/usu2020\/2025\/10\/pla-de-fruita.jpg\"><img loading=\"lazy\" decoding=\"async\" class=\"wp-image-6219 alignright\" src=\"https:\/\/agora.xtec.cat\/ceipsantmiquel\/wp-content\/uploads\/usu2020\/2025\/10\/pla-de-fruita.jpg\" alt=\"\" width=\"425\" height=\"482\" srcset=\"https:\/\/agora.xtec.cat\/ceipsantmiquel\/wp-content\/uploads\/usu2020\/2025\/10\/pla-de-fruita.jpg 750w, https:\/\/agora.xtec.cat\/ceipsantmiquel\/wp-content\/uploads\/usu2020\/2025\/10\/pla-de-fruita-265x300.jpg 265w\" sizes=\"auto, (max-width: 425px) 100vw, 425px\" \/><\/a>L&#8217;objectiu \u00e9s donar a con\u00e8ixer als nens i les seves fam\u00edlies les bondats del consum de fruites i hortalisses. Menjar fruita \u00e9s sa i divertit! I els m\u00e9s petits ho descobreixen amb el Pla de consum de fruita a les escoles, una iniciativa de la Uni\u00f3 Europea que a Catalunya es va iniciar el curs escolar 2009\/2010 i que es fa efectiva mitjan\u00e7ant una acci\u00f3 coordinada dels departaments d&#8217;Agricultura, Ramaderia, Pesca, Alimentaci\u00f3 i Medi Natural, Salut i Ensenyament.<\/p>\n<p>La campanya consisteix a distribuir gratu\u00eftament fruites i hortalisses als escolars dels centres educatius de Catalunya que hagin sol\u00b7licitat la participaci\u00f3 i va acompanyada d&#8217;activitats educatives i de lleure relacionades amb l&#8217;alimentaci\u00f3..<\/p>\n<p>Una vegada al mes ens arriben fruites i\/o hortalisses seleccionades en funci\u00f3 de l&#8217;estaci\u00f3 de l&#8217;any, la proximitat i la qualitat.<\/p>\n<p>La fruita es repartir\u00e0 entre els nens i les nenes dins del recinte de l&#8217;escola perqu\u00e8 la consumeixin durant l&#8217;esmorzar. La setmana de la fruita s\u2019avisar\u00e0 als pares per tal de no portar esmorzar, penjarem un cartell anunciador a la porta, ho anunciarem a la web del centre i tamb\u00e9 al nostre canal de l&#8217;eAgora.<\/p>\n<p>Hi participen els alumnes de Prim\u00e0ria.<\/p>\n<p>L&#8217;alumnat d&#8217;Educaci\u00f3 Infantil segueix amb la seva activitat dels esmorzars saludables.<\/p>\n","protected":false},"excerpt":{"rendered":"<p>L&#8217;objectiu \u00e9s donar a con\u00e8ixer als nens i les seves fam\u00edlies les bondats del consum de fruites i hortalisses. Menjar fruita \u00e9s sa i divertit! I els m\u00e9s petits ho descobreixen amb el Pla de consum de fruita a les escoles, una iniciativa de la Uni\u00f3 Europea que a Catalunya es va iniciar el curs [&hellip;]<\/p>\n","protected":false},"author":1,"featured_media":0,"parent":64,"menu_order":6,"comment_status":"closed","ping_status":"closed","template":"","meta":{"_bbp_topic_count":0,"_bbp_reply_count":0,"_bbp_total_topic_count":0,"_bbp_total_reply_count":0,"_bbp_voice_count":0,"_bbp_anonymous_reply_count":0,"_bbp_topic_count_hidden":0,"_bbp_reply_count_hidden":0,"_bbp_forum_subforum_count":0,"site-sidebar-layout":"default","site-content-layout":"","ast-site-content-layout":"default","site-content-style":"default","site-sidebar-style":"default","ast-global-header-display":"","ast-banner-title-visibility":"","ast-main-header-display":"","ast-hfb-above-header-display":"","ast-hfb-below-header-display":"","ast-hfb-mobile-header-display":"","site-post-title":"","ast-breadcrumbs-content":"","ast-featured-img":"","footer-sml-layout":"","theme-transparent-header-meta":"default","adv-header-id-meta":"","stick-header-meta":"","header-above-stick-meta":"","header-main-stick-meta":"","header-below-stick-meta":"","astra-migrate-meta-layouts":"set","ast-page-background-enabled":"default","ast-page-background-meta":{"desktop":{"background-color":"var(--ast-global-color-4)","background-image":"","background-repeat":"repeat","background-position":"center center","background-size":"auto","background-attachment":"scroll","background-type":"","background-media":"","overlay-type":"","overlay-color":"","overlay-opacity":"","overlay-gradient":""},"tablet":{"background-color":"","background-image":"","background-repeat":"repeat","background-position":"center center","background-size":"auto","background-attachment":"scroll","background-type":"","background-media":"","overlay-type":"","overlay-color":"","overlay-opacity":"","overlay-gradient":""},"mobile":{"background-color":"","background-image":"","background-repeat":"repeat","background-position":"center center","background-size":"auto","background-attachment":"scroll","background-type":"","background-media":"","overlay-type":"","overlay-color":"","overlay-opacity":"","overlay-gradient":""}},"ast-content-background-meta":{"desktop":{"background-color":"var(--ast-global-color-5)","background-image":"","background-repeat":"repeat","background-position":"center center","background-size":"auto","background-attachment":"scroll","background-type":"","background-media":"","overlay-type":"","overlay-color":"","overlay-opacity":"","overlay-gradient":""},"tablet":{"background-color":"var(--ast-global-color-5)","background-image":"","background-repeat":"repeat","background-position":"center center","background-size":"auto","background-attachment":"scroll","background-type":"","background-media":"","overlay-type":"","overlay-color":"","overlay-opacity":"","overlay-gradient":""},"mobile":{"background-color":"var(--ast-global-color-5)","background-image":"","background-repeat":"repeat","background-position":"center center","background-size":"auto","background-attachment":"scroll","background-type":"","background-media":"","overlay-type":"","overlay-color":"","overlay-opacity":"","overlay-gradient":""}},"footnotes":""},"class_list":["post-619","page","type-page","status-publish","hentry"],"post_mailing_queue_ids":[],"_links":{"self":[{"href":"https:\/\/agora.xtec.cat\/ceipsantmiquel\/wp-json\/wp\/v2\/pages\/619","targetHints":{"allow":["GET"]}}],"collection":[{"href":"https:\/\/agora.xtec.cat\/ceipsantmiquel\/wp-json\/wp\/v2\/pages"}],"about":[{"href":"https:\/\/agora.xtec.cat\/ceipsantmiquel\/wp-json\/wp\/v2\/types\/page"}],"author":[{"embeddable":true,"href":"https:\/\/agora.xtec.cat\/ceipsantmiquel\/wp-json\/wp\/v2\/users\/1"}],"replies":[{"embeddable":true,"href":"https:\/\/agora.xtec.cat\/ceipsantmiquel\/wp-json\/wp\/v2\/comments?post=619"}],"version-history":[{"count":6,"href":"https:\/\/agora.xtec.cat\/ceipsantmiquel\/wp-json\/wp\/v2\/pages\/619\/revisions"}],"predecessor-version":[{"id":6221,"href":"https:\/\/agora.xtec.cat\/ceipsantmiquel\/wp-json\/wp\/v2\/pages\/619\/revisions\/6221"}],"up":[{"embeddable":true,"href":"https:\/\/agora.xtec.cat\/ceipsantmiquel\/wp-json\/wp\/v2\/pages\/64"}],"wp:attachment":[{"href":"https:\/\/agora.xtec.cat\/ceipsantmiquel\/wp-json\/wp\/v2\/media?parent=619"}],"curies":[{"name":"wp","href":"https:\/\/api.w.org\/{rel}","templated":true}]}}