{"id":615,"date":"2020-11-02T16:06:27","date_gmt":"2020-11-02T15:06:27","guid":{"rendered":"https:\/\/agora.xtec.cat\/ceipsantmiquel\/?page_id=615"},"modified":"2025-10-17T15:24:22","modified_gmt":"2025-10-17T13:24:22","slug":"la-motxilla-den-miquelet","status":"publish","type":"page","link":"https:\/\/agora.xtec.cat\/ceipsantmiquel\/projecte-educatiu\/la-motxilla-den-miquelet\/","title":{"rendered":"La Motxilla del Miquelet"},"content":{"rendered":"<p><a href=\"https:\/\/agora.xtec.cat\/ceipsantmiquel\/wp-content\/uploads\/usu2020\/2025\/10\/motxilla-no-fons.png\"><img loading=\"lazy\" decoding=\"async\" class=\"size-full wp-image-6204 alignright\" src=\"https:\/\/agora.xtec.cat\/ceipsantmiquel\/wp-content\/uploads\/usu2020\/2025\/10\/motxilla-no-fons.png\" alt=\"\" width=\"419\" height=\"397\" srcset=\"https:\/\/agora.xtec.cat\/ceipsantmiquel\/wp-content\/uploads\/usu2020\/2025\/10\/motxilla-no-fons.png 419w, https:\/\/agora.xtec.cat\/ceipsantmiquel\/wp-content\/uploads\/usu2020\/2025\/10\/motxilla-no-fons-300x284.png 300w\" sizes=\"auto, (max-width: 419px) 100vw, 419px\" \/><\/a>L\u2019escola va engegar el curs 2014\/15 una activitat amb col\u00b7laboraci\u00f3 amb V\u00eddeo Asc\u00f3 Televisi\u00f3 (VAT) per aprofitar aquest mitj\u00e0 per tal de fer activitats m\u00e9s enriquides per l&#8217;alumnat i de les quals en gaudeix l\u2019entorn.<\/p>\n<p>Consisteix en elaborar un programa trimestral aprofitant el treball d&#8217;expressi\u00f3 escrita que es realitza en cada tipologia textual: not\u00edcies, entrevistes, reportatges, presentacions&#8230; Aix\u00f2 suposa un treball previ de redacci\u00f3 al qual seguiran les tasques d&#8217;expressi\u00f3 oral i finalment l&#8217;enregistrament, que es fa tant als estudis de VAT com a l&#8217;exterior.<\/p>\n<p>El curs 2022\/23 es va optar per elaborar un programa m\u00e9s vivencial per l&#8217;alumnat i amb una diversitat de seccions que els permeti con\u00e8ixer millor el mitj\u00e0 televisiu:<\/p>\n<ol>\n<li>PRESENTACI\u00d3 &#8211; BENVINGUDA. 1 o 2 alumnes que donin la benvinguda.<\/li>\n<li>En locuci\u00f3 s&#8217;expliquen les diferents seccions que hi haur\u00e0 als programa.<\/li>\n<li>NOT\u00cdCIES A L&#8217;ESCOLA. Secci\u00f3 de les not\u00edcies m\u00e9s destacades. No nom\u00e9s es locuta, sin\u00f3 que durant la gravaci\u00f3 els nens i nenes toquen la c\u00e0mera i estan a realitzaci\u00f3.<\/li>\n<li>SOM REPORTERS I REPORTERES. Descobrim i investiguem sobre un tema: pagesia, costums d&#8217;Asc\u00f3&#8230; Aqu\u00ed hi haur\u00e0 una explicaci\u00f3 pr\u00e8via sobre qu\u00e8 han d&#8217;investigar, entrevistes\u2026 la cobertura. Es poden plantejar diversos temes i se&#8217;n tria un.<\/li>\n<li>L&#8217;ENTREVISTA. S&#8217;entrevista un autor riberenc, un\/a atleta, un iaio (o l&#8217;avi\/a local), la metgessa\u2026<\/li>\n<li>DESCOBRIM ELS COMER\u00c7OS. A cada edici\u00f3 descobrim 3 comer\u00e7os del municipi. 2\/3 nens\/es aniran a un comer\u00e7 i descobriran qu\u00e8 s&#8217;hi fa, com s&#8217;hi treballa i perspectives de futur.<\/li>\n<li>COMIAT. 1 o 2 alumnes acomiaden el programa per\u00f2 animen, per exemple, a fer un recull entre les fam\u00edlies d&#8217;alguna cosa per al proper programa: imatges de les festes de Nadal, imatges de com viu l&#8217;alumnat les festes de Sant Antoni, etc.<\/li>\n<\/ol>\n<p>Seran els grups de <strong>4t, 2n i I5<\/strong> els encarregats de fer el programa de televisi\u00f3, per\u00f2 si algun altre grup-classe ha preparat una activitat que vol que aparegui al programa, sempre s&#8217;hi pot afegir o fer un programa especial.<\/p>\n","protected":false},"excerpt":{"rendered":"<p>L\u2019escola va engegar el curs 2014\/15 una activitat amb col\u00b7laboraci\u00f3 amb V\u00eddeo Asc\u00f3 Televisi\u00f3 (VAT) per aprofitar aquest mitj\u00e0 per tal de fer activitats m\u00e9s enriquides per l&#8217;alumnat i de les quals en gaudeix l\u2019entorn. Consisteix en elaborar un programa trimestral aprofitant el treball d&#8217;expressi\u00f3 escrita que es realitza en cada tipologia textual: not\u00edcies, entrevistes, [&hellip;]<\/p>\n","protected":false},"author":1,"featured_media":0,"parent":64,"menu_order":2,"comment_status":"closed","ping_status":"closed","template":"","meta":{"_bbp_topic_count":0,"_bbp_reply_count":0,"_bbp_total_topic_count":0,"_bbp_total_reply_count":0,"_bbp_voice_count":0,"_bbp_anonymous_reply_count":0,"_bbp_topic_count_hidden":0,"_bbp_reply_count_hidden":0,"_bbp_forum_subforum_count":0,"site-sidebar-layout":"default","site-content-layout":"","ast-site-content-layout":"default","site-content-style":"default","site-sidebar-style":"default","ast-global-header-display":"","ast-banner-title-visibility":"","ast-main-header-display":"","ast-hfb-above-header-display":"","ast-hfb-below-header-display":"","ast-hfb-mobile-header-display":"","site-post-title":"","ast-breadcrumbs-content":"","ast-featured-img":"","footer-sml-layout":"","theme-transparent-header-meta":"default","adv-header-id-meta":"","stick-header-meta":"","header-above-stick-meta":"","header-main-stick-meta":"","header-below-stick-meta":"","astra-migrate-meta-layouts":"set","ast-page-background-enabled":"default","ast-page-background-meta":{"desktop":{"background-color":"var(--ast-global-color-4)","background-image":"","background-repeat":"repeat","background-position":"center center","background-size":"auto","background-attachment":"scroll","background-type":"","background-media":"","overlay-type":"","overlay-color":"","overlay-opacity":"","overlay-gradient":""},"tablet":{"background-color":"","background-image":"","background-repeat":"repeat","background-position":"center center","background-size":"auto","background-attachment":"scroll","background-type":"","background-media":"","overlay-type":"","overlay-color":"","overlay-opacity":"","overlay-gradient":""},"mobile":{"background-color":"","background-image":"","background-repeat":"repeat","background-position":"center center","background-size":"auto","background-attachment":"scroll","background-type":"","background-media":"","overlay-type":"","overlay-color":"","overlay-opacity":"","overlay-gradient":""}},"ast-content-background-meta":{"desktop":{"background-color":"var(--ast-global-color-5)","background-image":"","background-repeat":"repeat","background-position":"center center","background-size":"auto","background-attachment":"scroll","background-type":"","background-media":"","overlay-type":"","overlay-color":"","overlay-opacity":"","overlay-gradient":""},"tablet":{"background-color":"var(--ast-global-color-5)","background-image":"","background-repeat":"repeat","background-position":"center center","background-size":"auto","background-attachment":"scroll","background-type":"","background-media":"","overlay-type":"","overlay-color":"","overlay-opacity":"","overlay-gradient":""},"mobile":{"background-color":"var(--ast-global-color-5)","background-image":"","background-repeat":"repeat","background-position":"center center","background-size":"auto","background-attachment":"scroll","background-type":"","background-media":"","overlay-type":"","overlay-color":"","overlay-opacity":"","overlay-gradient":""}},"footnotes":""},"class_list":["post-615","page","type-page","status-publish","hentry"],"post_mailing_queue_ids":[],"_links":{"self":[{"href":"https:\/\/agora.xtec.cat\/ceipsantmiquel\/wp-json\/wp\/v2\/pages\/615","targetHints":{"allow":["GET"]}}],"collection":[{"href":"https:\/\/agora.xtec.cat\/ceipsantmiquel\/wp-json\/wp\/v2\/pages"}],"about":[{"href":"https:\/\/agora.xtec.cat\/ceipsantmiquel\/wp-json\/wp\/v2\/types\/page"}],"author":[{"embeddable":true,"href":"https:\/\/agora.xtec.cat\/ceipsantmiquel\/wp-json\/wp\/v2\/users\/1"}],"replies":[{"embeddable":true,"href":"https:\/\/agora.xtec.cat\/ceipsantmiquel\/wp-json\/wp\/v2\/comments?post=615"}],"version-history":[{"count":6,"href":"https:\/\/agora.xtec.cat\/ceipsantmiquel\/wp-json\/wp\/v2\/pages\/615\/revisions"}],"predecessor-version":[{"id":6205,"href":"https:\/\/agora.xtec.cat\/ceipsantmiquel\/wp-json\/wp\/v2\/pages\/615\/revisions\/6205"}],"up":[{"embeddable":true,"href":"https:\/\/agora.xtec.cat\/ceipsantmiquel\/wp-json\/wp\/v2\/pages\/64"}],"wp:attachment":[{"href":"https:\/\/agora.xtec.cat\/ceipsantmiquel\/wp-json\/wp\/v2\/media?parent=615"}],"curies":[{"name":"wp","href":"https:\/\/api.w.org\/{rel}","templated":true}]}}