{"id":540,"date":"2020-08-28T18:51:38","date_gmt":"2020-08-28T16:51:38","guid":{"rendered":"https:\/\/agora.xtec.cat\/ceipsantmiquel\/?page_id=540"},"modified":"2025-10-23T14:50:41","modified_gmt":"2025-10-23T12:50:41","slug":"documents-preceptius","status":"publish","type":"page","link":"https:\/\/agora.xtec.cat\/ceipsantmiquel\/lescola\/documents-preceptius\/","title":{"rendered":"Documents del centre"},"content":{"rendered":"<p><a href=\"https:\/\/drive.google.com\/file\/d\/1y51fBlKDzVOrxBkf5gs7TMVkHaBCNQJX\/view?usp=sharing\"><strong><span style=\"color: #33cccc;\">PROJECTE EDUCATIU DE CENTRE <\/span><\/strong><\/a>(PEC actualitzat el setembre del 2020)<\/p>\n<p><a href=\"https:\/\/drive.google.com\/file\/d\/1Z93yHjlbn37nw4i4B1cQdRMx2tYmq_Oy\/view?usp=sharing\"><span style=\"color: #33cccc;\"><strong>PROGRAMACI\u00d3 GENERAL ANUAL<\/strong><\/span><\/a> (curs 2025-26)<\/p>\n<p><strong><a href=\"https:\/\/drive.google.com\/file\/d\/1Ik0goVM534yMdJKxuSJw4hXTRTI1ECVq\/view?usp=sharing\"><span style=\"color: #33cccc;\">PROJECTE LING\u00dc\u00cdSTIC<\/span><\/a>\u00a0<\/strong>(actualitzat el curs 2022-23)<\/p>\n<p><a href=\"https:\/\/drive.google.com\/file\/d\/1tLSd4rblGOkQAqq1HKLijb2Kr7yh0M3S\/view?usp=sharing\"><strong><span style=\"color: #33cccc;\">NORMES D&#8217;ORGANITZACI\u00d3 I FUNCIONAMENT DE CENTRE<\/span><\/strong><\/a> (NOFC actualitzades el juny del 2024)<\/p>\n<p><span style=\"color: #33cccc;\"><a style=\"color: #33cccc;\" href=\"https:\/\/drive.google.com\/file\/d\/1Ab9i561TLQcRjbBc5-DYRgb80Ys_cI3C\/view?usp=sharing\"><strong>PLA DE COMUNICACI\u00d3<\/strong><\/a> <\/span>(curs 2023-24)<\/p>\n<p>&nbsp;<\/p>\n","protected":false},"excerpt":{"rendered":"<p>PROJECTE EDUCATIU DE CENTRE (PEC actualitzat el setembre del 2020) PROGRAMACI\u00d3 GENERAL ANUAL (curs 2025-26) PROJECTE LING\u00dc\u00cdSTIC\u00a0(actualitzat el curs 2022-23) NORMES D&#8217;ORGANITZACI\u00d3 I FUNCIONAMENT DE CENTRE (NOFC actualitzades el juny del 2024) PLA DE COMUNICACI\u00d3 (curs 2023-24) &nbsp;<\/p>\n","protected":false},"author":1,"featured_media":0,"parent":22,"menu_order":95,"comment_status":"closed","ping_status":"closed","template":"","meta":{"_bbp_topic_count":0,"_bbp_reply_count":0,"_bbp_total_topic_count":0,"_bbp_total_reply_count":0,"_bbp_voice_count":0,"_bbp_anonymous_reply_count":0,"_bbp_topic_count_hidden":0,"_bbp_reply_count_hidden":0,"_bbp_forum_subforum_count":0,"site-sidebar-layout":"default","site-content-layout":"","ast-site-content-layout":"default","site-content-style":"default","site-sidebar-style":"default","ast-global-header-display":"","ast-banner-title-visibility":"","ast-main-header-display":"","ast-hfb-above-header-display":"","ast-hfb-below-header-display":"","ast-hfb-mobile-header-display":"","site-post-title":"","ast-breadcrumbs-content":"","ast-featured-img":"","footer-sml-layout":"","theme-transparent-header-meta":"default","adv-header-id-meta":"","stick-header-meta":"","header-above-stick-meta":"","header-main-stick-meta":"","header-below-stick-meta":"","astra-migrate-meta-layouts":"set","ast-page-background-enabled":"default","ast-page-background-meta":{"desktop":{"background-color":"var(--ast-global-color-4)","background-image":"","background-repeat":"repeat","background-position":"center center","background-size":"auto","background-attachment":"scroll","background-type":"","background-media":"","overlay-type":"","overlay-color":"","overlay-opacity":"","overlay-gradient":""},"tablet":{"background-color":"","background-image":"","background-repeat":"repeat","background-position":"center center","background-size":"auto","background-attachment":"scroll","background-type":"","background-media":"","overlay-type":"","overlay-color":"","overlay-opacity":"","overlay-gradient":""},"mobile":{"background-color":"","background-image":"","background-repeat":"repeat","background-position":"center center","background-size":"auto","background-attachment":"scroll","background-type":"","background-media":"","overlay-type":"","overlay-color":"","overlay-opacity":"","overlay-gradient":""}},"ast-content-background-meta":{"desktop":{"background-color":"var(--ast-global-color-5)","background-image":"","background-repeat":"repeat","background-position":"center center","background-size":"auto","background-attachment":"scroll","background-type":"","background-media":"","overlay-type":"","overlay-color":"","overlay-opacity":"","overlay-gradient":""},"tablet":{"background-color":"var(--ast-global-color-5)","background-image":"","background-repeat":"repeat","background-position":"center center","background-size":"auto","background-attachment":"scroll","background-type":"","background-media":"","overlay-type":"","overlay-color":"","overlay-opacity":"","overlay-gradient":""},"mobile":{"background-color":"var(--ast-global-color-5)","background-image":"","background-repeat":"repeat","background-position":"center center","background-size":"auto","background-attachment":"scroll","background-type":"","background-media":"","overlay-type":"","overlay-color":"","overlay-opacity":"","overlay-gradient":""}},"footnotes":""},"class_list":["post-540","page","type-page","status-publish","hentry"],"post_mailing_queue_ids":[],"_links":{"self":[{"href":"https:\/\/agora.xtec.cat\/ceipsantmiquel\/wp-json\/wp\/v2\/pages\/540","targetHints":{"allow":["GET"]}}],"collection":[{"href":"https:\/\/agora.xtec.cat\/ceipsantmiquel\/wp-json\/wp\/v2\/pages"}],"about":[{"href":"https:\/\/agora.xtec.cat\/ceipsantmiquel\/wp-json\/wp\/v2\/types\/page"}],"author":[{"embeddable":true,"href":"https:\/\/agora.xtec.cat\/ceipsantmiquel\/wp-json\/wp\/v2\/users\/1"}],"replies":[{"embeddable":true,"href":"https:\/\/agora.xtec.cat\/ceipsantmiquel\/wp-json\/wp\/v2\/comments?post=540"}],"version-history":[{"count":7,"href":"https:\/\/agora.xtec.cat\/ceipsantmiquel\/wp-json\/wp\/v2\/pages\/540\/revisions"}],"predecessor-version":[{"id":6242,"href":"https:\/\/agora.xtec.cat\/ceipsantmiquel\/wp-json\/wp\/v2\/pages\/540\/revisions\/6242"}],"up":[{"embeddable":true,"href":"https:\/\/agora.xtec.cat\/ceipsantmiquel\/wp-json\/wp\/v2\/pages\/22"}],"wp:attachment":[{"href":"https:\/\/agora.xtec.cat\/ceipsantmiquel\/wp-json\/wp\/v2\/media?parent=540"}],"curies":[{"name":"wp","href":"https:\/\/api.w.org\/{rel}","templated":true}]}}