{"id":535,"date":"2020-08-28T18:35:17","date_gmt":"2020-08-28T16:35:17","guid":{"rendered":"https:\/\/agora.xtec.cat\/ceipsantmiquel\/?page_id=535"},"modified":"2024-06-28T10:59:15","modified_gmt":"2024-06-28T08:59:15","slug":"documents","status":"publish","type":"page","link":"https:\/\/agora.xtec.cat\/ceipsantmiquel\/lescola\/documents\/","title":{"rendered":"Autoritzacions i altres documents"},"content":{"rendered":"<table style=\"width: 51.3393%; border-collapse: collapse; border-color: #000000; height: 416px;\">\n<tbody>\n<tr style=\"height: 32px;\">\n<td style=\"width: 7.50544%; height: 32px; border-style: solid; border-color: #000000; text-align: center;\"><strong>1<\/strong><\/td>\n<td style=\"width: 49.7274%; height: 32px; border-style: solid; border-color: #000000;\"><a href=\"https:\/\/drive.google.com\/file\/d\/1OpiXJZeAyf_r6kdk8mY6BoIgQV7F0uIr\/view?usp=sharing\"><span style=\"color: #00ccff;\"><strong>AUTORITZACI\u00d3 TRASLLAT EN VEHICLE PROPI<\/strong><\/span><\/a><\/td>\n<\/tr>\n<tr style=\"height: 32px;\">\n<td style=\"width: 7.50544%; height: 32px; border-style: solid; border-color: #000000; text-align: center;\"><strong>2<\/strong><\/td>\n<td style=\"width: 49.7274%; height: 32px; border-style: solid; border-color: #000000;\"><a href=\"https:\/\/drive.google.com\/file\/d\/10LIRqowMc9ZHIV8s-YVZNvEP5OSAGfKy\/view?usp=sharing\"><span style=\"color: #00ccff;\"><strong>CARTA DE COMPROM\u00cdS<\/strong><\/span><\/a><\/td>\n<\/tr>\n<tr style=\"height: 32px;\">\n<td style=\"width: 7.50544%; height: 32px; border-style: solid; border-color: #000000; text-align: center;\"><strong>3<\/strong><\/td>\n<td style=\"width: 49.7274%; height: 32px; border-style: solid; border-color: #000000;\"><a href=\"https:\/\/drive.google.com\/file\/d\/1lv6IZcwZfqgZumSzD0dMrkjE6UfXOWzB\/view?usp=sharing\"><strong><span style=\"color: #00ccff;\">ACORDS MATERIALS I TECNIQUES DE TREBALL<\/span><\/strong><\/a><\/td>\n<\/tr>\n<tr style=\"height: 32px;\">\n<td style=\"width: 7.50544%; height: 32px; border-style: solid; border-color: #000000; text-align: center;\"><strong>4<\/strong><\/td>\n<td style=\"width: 49.7274%; height: 32px; border-style: solid; border-color: #000000;\"><a href=\"https:\/\/drive.google.com\/file\/d\/1jN01pK1JNcCL4lUbz3RrG7pD-o9AjtdB\/view?usp=sharing\"><strong><span style=\"color: #00ccff;\">ADMINISTRACI\u00d3 IODUR POT\u00c0SSIC I TRASLLAT<\/span><\/strong><\/a><\/td>\n<\/tr>\n<tr style=\"height: 32px;\">\n<td style=\"width: 7.50544%; height: 32px; border-style: solid; border-color: #000000; text-align: center;\"><strong>5<\/strong><\/td>\n<td style=\"width: 49.7274%; height: 32px; border-style: solid; border-color: #000000;\"><a href=\"https:\/\/drive.google.com\/file\/d\/1HEeN2sTOkzA6x3fZ03YRF9T72SI4UUeL\/view?usp=sharing\"><strong><span style=\"color: #00ccff;\">AUTORITZACI\u00d3 IMATGES MENORS DE 14 ANYS<\/span><\/strong><\/a><\/td>\n<\/tr>\n<tr style=\"height: 32px;\">\n<td style=\"width: 7.50544%; height: 32px; border-style: solid; border-color: #000000; text-align: center;\"><strong>6<\/strong><\/td>\n<td style=\"width: 49.7274%; height: 32px; border-style: solid; border-color: #000000;\"><a href=\"https:\/\/drive.google.com\/file\/d\/1HEeN2sTOkzA6x3fZ03YRF9T72SI4UUeL\/view?usp=sharing\"><span style=\"color: #00ccff;\"><strong>AUTORITZACI\u00d3 \u00daS INTERNET<\/strong><\/span><\/a><\/td>\n<\/tr>\n<tr style=\"height: 32px;\">\n<td style=\"width: 7.50544%; height: 32px; border-style: solid; border-color: #000000; text-align: center;\"><strong>7<\/strong><\/td>\n<td style=\"width: 49.7274%; height: 32px; border-style: solid; border-color: #000000;\"><a href=\"https:\/\/drive.google.com\/file\/d\/18lMKclhC2-S72JbMZw2983nI6QySRHxr\/view?usp=sharing\"><strong><span style=\"color: #00ccff;\">NORMES REUTILITZACI\u00d3 LLIBRES DE TEXT<\/span><\/strong><\/a><\/td>\n<\/tr>\n<tr style=\"height: 32px;\">\n<td style=\"width: 7.50544%; height: 32px; border-style: solid; border-color: #000000; text-align: center;\"><strong>8<\/strong><\/td>\n<td style=\"width: 49.7274%; height: 32px; border-style: solid; border-color: #000000;\"><a href=\"https:\/\/drive.google.com\/file\/d\/1SXV-3Ehrywwe7uu5aJuAR_sY40rV5GRV\/view?usp=sharing\"><strong><span style=\"color: #00ccff;\">AUTORITZACI\u00d3 SORTIDES PEL POBLE<\/span><\/strong><\/a><\/td>\n<\/tr>\n<tr style=\"height: 32px;\">\n<td style=\"width: 7.50544%; height: 32px; border-style: solid; border-color: #000000; text-align: center;\"><strong>9<\/strong><\/td>\n<td style=\"width: 49.7274%; height: 32px; border-style: solid; border-color: #000000;\"><a href=\"https:\/\/drive.google.com\/file\/d\/1Da2gb5RcotMgieSUHHqb_rM9aCeHtUCh\/view?usp=sharing\"><strong><span style=\"color: #00ccff;\">CARTA A LES FAM\u00cdLIES \u00daS DOMINI GOOGLE WORKSPACE I3 A 2n<\/span><\/strong><\/a><\/td>\n<\/tr>\n<tr style=\"height: 32px;\">\n<td style=\"width: 7.50544%; border-style: solid; border-color: #000000; text-align: center; height: 32px;\"><strong>10<\/strong><\/td>\n<td style=\"width: 49.7274%; border-style: solid; border-color: #000000; height: 32px;\"><a style=\"color: #2795b6;\" href=\"https:\/\/drive.google.com\/file\/d\/19raNvka6A3BYOZn9UseEgqyGAtsmNkLk\/view?usp=sharing\"><strong><span style=\"color: #00ccff;\">CARTA INFORMATIVA I COMPROM\u00cdS \u00daS DOMINI GOOGLE WORKSPACE 3r a 6\u00e8<\/span><\/strong><\/a><\/td>\n<\/tr>\n<tr style=\"height: 32px;\">\n<td style=\"width: 7.50544%; border-style: solid; border-color: #000000; text-align: center; height: 32px;\"><strong>11<\/strong><\/td>\n<td style=\"width: 49.7274%; border-style: solid; border-color: #000000; height: 32px;\"><a style=\"color: #2795b6;\" href=\"https:\/\/drive.google.com\/file\/d\/11ywH7a-TymkOpqGAgHMk5UNyRBN7vlFE\/view?usp=sharing\"><strong><span style=\"color: #00ccff;\">SOL\u00b7LICITUD PR\u00c9STEC PORT\u00c0TILS<\/span><\/strong><\/a><\/td>\n<\/tr>\n<tr style=\"height: 32px;\">\n<td style=\"width: 7.50544%; height: 32px; border-style: solid; border-color: #000000; text-align: center;\"><strong>12<\/strong><\/td>\n<td style=\"width: 49.7274%; height: 32px; border-style: solid; border-color: #000000;\"><a style=\"color: #2795b6;\" href=\"https:\/\/drive.google.com\/file\/d\/1rfP2QYJWwob6HpgSaf_7houw5SgGCuxc\/view?usp=sharing\"><strong><span style=\"color: #00ccff;\">SOL\u00b7LICITUD OPCI\u00d3 RELIGI\u00d3<\/span><\/strong><\/a><\/td>\n<\/tr>\n<tr style=\"height: 32px;\">\n<td style=\"width: 7.50544%; height: 32px; border-style: solid; border-color: #000000; text-align: center;\"><strong>13<\/strong><\/td>\n<td style=\"width: 49.7274%; height: 32px; border-style: solid; border-color: #000000;\"><\/td>\n<\/tr>\n<\/tbody>\n<\/table>\n<p>&nbsp;<\/p>\n","protected":false},"excerpt":{"rendered":"<p>1 AUTORITZACI\u00d3 TRASLLAT EN VEHICLE PROPI 2 CARTA DE COMPROM\u00cdS 3 ACORDS MATERIALS I TECNIQUES DE TREBALL 4 ADMINISTRACI\u00d3 IODUR POT\u00c0SSIC I TRASLLAT 5 AUTORITZACI\u00d3 IMATGES MENORS DE 14 ANYS 6 AUTORITZACI\u00d3 \u00daS INTERNET 7 NORMES REUTILITZACI\u00d3 LLIBRES DE TEXT 8 AUTORITZACI\u00d3 SORTIDES PEL POBLE 9 CARTA A LES FAM\u00cdLIES \u00daS DOMINI GOOGLE WORKSPACE I3 [&hellip;]<\/p>\n","protected":false},"author":1,"featured_media":0,"parent":22,"menu_order":85,"comment_status":"closed","ping_status":"closed","template":"page-templates\/side-menu.php","meta":{"_bbp_topic_count":0,"_bbp_reply_count":0,"_bbp_total_topic_count":0,"_bbp_total_reply_count":0,"_bbp_voice_count":0,"_bbp_anonymous_reply_count":0,"_bbp_topic_count_hidden":0,"_bbp_reply_count_hidden":0,"_bbp_forum_subforum_count":0,"site-sidebar-layout":"default","site-content-layout":"","ast-site-content-layout":"","site-content-style":"default","site-sidebar-style":"default","ast-global-header-display":"","ast-banner-title-visibility":"","ast-main-header-display":"","ast-hfb-above-header-display":"","ast-hfb-below-header-display":"","ast-hfb-mobile-header-display":"","site-post-title":"","ast-breadcrumbs-content":"","ast-featured-img":"","footer-sml-layout":"","theme-transparent-header-meta":"","adv-header-id-meta":"","stick-header-meta":"","header-above-stick-meta":"","header-main-stick-meta":"","header-below-stick-meta":"","astra-migrate-meta-layouts":"default","ast-page-background-enabled":"default","ast-page-background-meta":{"desktop":{"background-color":"var(--ast-global-color-4)","background-image":"","background-repeat":"repeat","background-position":"center center","background-size":"auto","background-attachment":"scroll","background-type":"","background-media":"","overlay-type":"","overlay-color":"","overlay-opacity":"","overlay-gradient":""},"tablet":{"background-color":"","background-image":"","background-repeat":"repeat","background-position":"center center","background-size":"auto","background-attachment":"scroll","background-type":"","background-media":"","overlay-type":"","overlay-color":"","overlay-opacity":"","overlay-gradient":""},"mobile":{"background-color":"","background-image":"","background-repeat":"repeat","background-position":"center center","background-size":"auto","background-attachment":"scroll","background-type":"","background-media":"","overlay-type":"","overlay-color":"","overlay-opacity":"","overlay-gradient":""}},"ast-content-background-meta":{"desktop":{"background-color":"var(--ast-global-color-5)","background-image":"","background-repeat":"repeat","background-position":"center center","background-size":"auto","background-attachment":"scroll","background-type":"","background-media":"","overlay-type":"","overlay-color":"","overlay-opacity":"","overlay-gradient":""},"tablet":{"background-color":"var(--ast-global-color-5)","background-image":"","background-repeat":"repeat","background-position":"center center","background-size":"auto","background-attachment":"scroll","background-type":"","background-media":"","overlay-type":"","overlay-color":"","overlay-opacity":"","overlay-gradient":""},"mobile":{"background-color":"var(--ast-global-color-5)","background-image":"","background-repeat":"repeat","background-position":"center center","background-size":"auto","background-attachment":"scroll","background-type":"","background-media":"","overlay-type":"","overlay-color":"","overlay-opacity":"","overlay-gradient":""}},"footnotes":""},"class_list":["post-535","page","type-page","status-publish","hentry"],"post_mailing_queue_ids":[],"_links":{"self":[{"href":"https:\/\/agora.xtec.cat\/ceipsantmiquel\/wp-json\/wp\/v2\/pages\/535","targetHints":{"allow":["GET"]}}],"collection":[{"href":"https:\/\/agora.xtec.cat\/ceipsantmiquel\/wp-json\/wp\/v2\/pages"}],"about":[{"href":"https:\/\/agora.xtec.cat\/ceipsantmiquel\/wp-json\/wp\/v2\/types\/page"}],"author":[{"embeddable":true,"href":"https:\/\/agora.xtec.cat\/ceipsantmiquel\/wp-json\/wp\/v2\/users\/1"}],"replies":[{"embeddable":true,"href":"https:\/\/agora.xtec.cat\/ceipsantmiquel\/wp-json\/wp\/v2\/comments?post=535"}],"version-history":[{"count":5,"href":"https:\/\/agora.xtec.cat\/ceipsantmiquel\/wp-json\/wp\/v2\/pages\/535\/revisions"}],"predecessor-version":[{"id":5424,"href":"https:\/\/agora.xtec.cat\/ceipsantmiquel\/wp-json\/wp\/v2\/pages\/535\/revisions\/5424"}],"up":[{"embeddable":true,"href":"https:\/\/agora.xtec.cat\/ceipsantmiquel\/wp-json\/wp\/v2\/pages\/22"}],"wp:attachment":[{"href":"https:\/\/agora.xtec.cat\/ceipsantmiquel\/wp-json\/wp\/v2\/media?parent=535"}],"curies":[{"name":"wp","href":"https:\/\/api.w.org\/{rel}","templated":true}]}}