{"id":4110,"date":"2022-11-05T20:04:19","date_gmt":"2022-11-05T19:04:19","guid":{"rendered":"https:\/\/agora.xtec.cat\/ceipsantmiquel\/?page_id=4110"},"modified":"2026-03-26T10:54:59","modified_gmt":"2026-03-26T09:54:59","slug":"acords-consell-escolar","status":"publish","type":"page","link":"https:\/\/agora.xtec.cat\/ceipsantmiquel\/lescola\/consell-escolar\/acords-consell-escolar\/","title":{"rendered":"Acords Consell Escolar"},"content":{"rendered":"<p><strong>CURS 2025-26<\/strong><\/p>\n<p><a href=\"https:\/\/drive.google.com\/file\/d\/1WQVbI5AWCCsdE_Pd7Kv3MOtq7HmuH_ng\/view?usp=sharing\">Reuni\u00f3 Consell Escolar 2025-10-21<\/a><br \/>\n<a href=\"https:\/\/drive.google.com\/file\/d\/14SDYuZDBPXyN0QUgUbaW480Hfm-yooS6\/view?usp=sharing\">Reuni\u00f3 Consell Escolar 2025-12-03<\/a><br \/>\n<a href=\"https:\/\/drive.google.com\/file\/d\/1A4mHtKXYpmydB-7pbFKzt6cNOCz4w7Rc\/view?usp=drive_link\">Reuni\u00f3 Consell Escolar 2026-01-28<\/a><br \/>\n<a href=\"https:\/\/drive.google.com\/file\/d\/1OkOZsE0kd05m05G0ol492HUvefF1Rkh0\/view?usp=sharing\">Reuni\u00f3 Consell Escolar 2026-03-25<\/a><\/p>\n<p><strong>CURS 2024-25<\/strong><\/p>\n<p><a href=\"https:\/\/drive.google.com\/file\/d\/1443SXndnwv46BiI1NhShZEtZ7bcjez1z\/view?usp=sharing\">Reuni\u00f3 Consell Escolar 2024-10-14<\/a><br \/>\n<a href=\"https:\/\/drive.google.com\/file\/d\/1WMXoP-WsQjK1hjIbJv3j-aOdfqa2blfp\/view?usp=sharing\">Reuni\u00f3 Consell Escolar 2025-02-03<\/a><br \/>\n<a href=\"https:\/\/drive.google.com\/file\/d\/1E-l0Wr6-zPbhe8mb_F0zFflMXtiQuszR\/view?usp=sharing\">Reuni\u00f3 Consell Escolar 2025-06-16<\/a><br \/>\n<a href=\"https:\/\/drive.google.com\/file\/d\/1WkdzASDZc_IhEoEicylycdP5d4gMrV9C\/view?usp=sharing\">Reuni\u00f3 Consell Escolar 2025-06-25<\/a><\/p>\n<p><strong>CURS 2023-24<\/strong><\/p>\n<p><a href=\"https:\/\/drive.google.com\/file\/d\/1ufFgbQCYDT5EPUvjRSEBBXxn-AYE3Pqm\/view?usp=sharing\">Reuni\u00f3 Consell Escolar 2023-10-16<\/a><br \/>\n<a href=\"https:\/\/drive.google.com\/file\/d\/1exDU_2us_lAdJezQjI2jDZlhjH_NfBd3\/view?usp=sharing\">Reuni\u00f3 Consell Escolar 2023-12-12<\/a><br \/>\n<a href=\"https:\/\/drive.google.com\/file\/d\/1i7ZtxqeaKYgG5r8mbIhkwI_77LcU9XHI\/view?usp=drive_link\">Reuni\u00f3 Consell Escolar 2024-01-30<\/a><br \/>\n<a href=\"https:\/\/drive.google.com\/file\/d\/1DR08TepvJu72N-nJUhhLQI3C9ERO7dqK\/view?usp=sharing\">Reuni\u00f3 Consell Escolar 2024-06-27<\/a><\/p>\n<p><strong>CURS 2022-23<\/strong><\/p>\n<p><a href=\"https:\/\/drive.google.com\/file\/d\/1odNZKP0ErGUMf1CABPYOxq2IOWytmvTD\/view?usp=sharing\">Reuni\u00f3 Consell Escolar 2022-10-25<\/a><br \/>\n<a href=\"https:\/\/drive.google.com\/file\/d\/1cQTkmvnF7ynx_T4IaDxwq1_vzAqvAIIK\/view?usp=sharing\">Reuni\u00f3 Consell Escolar 2023-01-31<\/a><br \/>\n<a href=\"https:\/\/drive.google.com\/file\/d\/19meGgAHYLWdI4Z0hc7LpUqqB6K9kpE8U\/view?usp=sharing\">Reuni\u00f3 Consell Escolar 2023-06-28<\/a><\/p>\n<p style=\"text-align: justify;\"><strong>CURS 2021-22<br \/>\n<\/strong><br \/>\n<a href=\"https:\/\/drive.google.com\/file\/d\/1jyaOqcfMAeec2r8C8RpcEt7Yj8lDHcev\/view?usp=sharing\" target=\"_blank\" rel=\"noopener\">Reuni\u00f3 Consell Escolar 2022-06-27<\/a><br \/>\n<a href=\"https:\/\/drive.google.com\/file\/d\/1_3AZnB2EgwsxfxASKUJfdT9uIG25Gjtj\/view?usp=sharing\" target=\"_blank\" rel=\"noopener\">Reuni\u00f3 Consell Escolar 2022-01-27<\/a><br \/>\n<a href=\"https:\/\/drive.google.com\/file\/d\/1GeVusZ6_Dxc7M4fkClVJ3NkjFqtdnN_f\/view?usp=sharing\" target=\"_blank\" rel=\"noopener\">Reuni\u00f3 Consell Escolar 2021-12-16(2)<\/a><br \/>\n<a href=\"https:\/\/drive.google.com\/file\/d\/1qYsG-FpPdVmju5IcXQ53thZ9xEe_3DQo\/view?usp=sharing\" target=\"_blank\" rel=\"noopener\">Reuni\u00f3 Consell Escolar 2021-12-16(1)<\/a><br \/>\n<a href=\"https:\/\/drive.google.com\/file\/d\/1QNak4bwiw1gKF3vDF-AFdkiskSuTXmnM\/view?usp=sharing\">Reuni\u00f3 Consell Escolar 2021-10-14<\/a><br \/>\n<a href=\"https:\/\/drive.google.com\/file\/d\/1QuZTqKH9gKYRJ8aTku10Efu0XPe0J084\/view?usp=sharing\">Reuni\u00f3 Consell Escolar 2021-09-08<\/a><\/p>\n<p style=\"text-align: justify;\"><strong>CURS 2020-21<\/strong><\/p>\n<p style=\"text-align: justify;\"><a href=\"https:\/\/drive.google.com\/file\/d\/1KauckI9XL5NZBCgnmzPyaIwa6PR7lGjC\/view?usp=sharing\" target=\"_blank\" rel=\"noopener noreferrer\">Reuni\u00f3 consell escolar 2020-09-07<\/a><br \/>\n<a href=\"https:\/\/drive.google.com\/file\/d\/1MfV9_HHum_6cCH54LWbqi5z5fU421j2D\/view?usp=sharing\" target=\"_blank\" rel=\"noopener noreferrer\">Reuni\u00f3 consell escolar 2020-10-15<\/a><br \/>\n<a href=\"https:\/\/drive.google.com\/file\/d\/1MEMlxwtkgPibiqeWmMGewErK3AI3h9NC\/view?usp=sharing\" target=\"_blank\" rel=\"noopener noreferrer\">Reuni\u00f3 consell escolar 2020-12-17<\/a><br \/>\n<a href=\"https:\/\/drive.google.com\/file\/d\/1rvG8oDzzD25IUPC3bd30ie2BU_xHVUQ9\/view?usp=sharing\" target=\"_blank\" rel=\"noopener noreferrer\">Reuni\u00f3 consell escolar 2021-01-28<\/a><br \/>\n<a href=\"https:\/\/drive.google.com\/file\/d\/1HINHPyF7lmKwBxHbFVRjq1QPV7nzQg65\/view?usp=sharing\" target=\"_blank\" rel=\"noopener noreferrer\">Reuni\u00f3 consell escolar 2021-05-06<\/a><br \/>\n<a href=\"https:\/\/drive.google.com\/file\/d\/1vgc0OY1osBXtdI5amrOeHGGAwfg8oSZB\/view?usp=sharing\">Reuni\u00f3 consell escolar 2021-06-28<\/a><\/p>\n","protected":false},"excerpt":{"rendered":"<p>CURS 2025-26 Reuni\u00f3 Consell Escolar 2025-10-21 Reuni\u00f3 Consell Escolar 2025-12-03 Reuni\u00f3 Consell Escolar 2026-01-28 Reuni\u00f3 Consell Escolar 2026-03-25 CURS 2024-25 Reuni\u00f3 Consell Escolar 2024-10-14 Reuni\u00f3 Consell Escolar 2025-02-03 Reuni\u00f3 Consell Escolar 2025-06-16 Reuni\u00f3 Consell Escolar 2025-06-25 CURS 2023-24 Reuni\u00f3 Consell Escolar 2023-10-16 Reuni\u00f3 Consell Escolar 2023-12-12 Reuni\u00f3 Consell Escolar 2024-01-30 Reuni\u00f3 Consell Escolar 2024-06-27 CURS [&hellip;]<\/p>\n","protected":false},"author":1,"featured_media":0,"parent":28,"menu_order":0,"comment_status":"closed","ping_status":"closed","template":"","meta":{"_bbp_topic_count":0,"_bbp_reply_count":0,"_bbp_total_topic_count":0,"_bbp_total_reply_count":0,"_bbp_voice_count":0,"_bbp_anonymous_reply_count":0,"_bbp_topic_count_hidden":0,"_bbp_reply_count_hidden":0,"_bbp_forum_subforum_count":0,"site-sidebar-layout":"default","site-content-layout":"","ast-site-content-layout":"default","site-content-style":"default","site-sidebar-style":"default","ast-global-header-display":"","ast-banner-title-visibility":"","ast-main-header-display":"","ast-hfb-above-header-display":"","ast-hfb-below-header-display":"","ast-hfb-mobile-header-display":"","site-post-title":"","ast-breadcrumbs-content":"","ast-featured-img":"","footer-sml-layout":"","theme-transparent-header-meta":"default","adv-header-id-meta":"","stick-header-meta":"","header-above-stick-meta":"","header-main-stick-meta":"","header-below-stick-meta":"","astra-migrate-meta-layouts":"set","ast-page-background-enabled":"default","ast-page-background-meta":{"desktop":{"background-color":"var(--ast-global-color-4)","background-image":"","background-repeat":"repeat","background-position":"center center","background-size":"auto","background-attachment":"scroll","background-type":"","background-media":"","overlay-type":"","overlay-color":"","overlay-opacity":"","overlay-gradient":""},"tablet":{"background-color":"","background-image":"","background-repeat":"repeat","background-position":"center center","background-size":"auto","background-attachment":"scroll","background-type":"","background-media":"","overlay-type":"","overlay-color":"","overlay-opacity":"","overlay-gradient":""},"mobile":{"background-color":"","background-image":"","background-repeat":"repeat","background-position":"center center","background-size":"auto","background-attachment":"scroll","background-type":"","background-media":"","overlay-type":"","overlay-color":"","overlay-opacity":"","overlay-gradient":""}},"ast-content-background-meta":{"desktop":{"background-color":"var(--ast-global-color-5)","background-image":"","background-repeat":"repeat","background-position":"center center","background-size":"auto","background-attachment":"scroll","background-type":"","background-media":"","overlay-type":"","overlay-color":"","overlay-opacity":"","overlay-gradient":""},"tablet":{"background-color":"var(--ast-global-color-5)","background-image":"","background-repeat":"repeat","background-position":"center center","background-size":"auto","background-attachment":"scroll","background-type":"","background-media":"","overlay-type":"","overlay-color":"","overlay-opacity":"","overlay-gradient":""},"mobile":{"background-color":"var(--ast-global-color-5)","background-image":"","background-repeat":"repeat","background-position":"center center","background-size":"auto","background-attachment":"scroll","background-type":"","background-media":"","overlay-type":"","overlay-color":"","overlay-opacity":"","overlay-gradient":""}},"footnotes":""},"class_list":["post-4110","page","type-page","status-publish","hentry"],"post_mailing_queue_ids":[],"_links":{"self":[{"href":"https:\/\/agora.xtec.cat\/ceipsantmiquel\/wp-json\/wp\/v2\/pages\/4110","targetHints":{"allow":["GET"]}}],"collection":[{"href":"https:\/\/agora.xtec.cat\/ceipsantmiquel\/wp-json\/wp\/v2\/pages"}],"about":[{"href":"https:\/\/agora.xtec.cat\/ceipsantmiquel\/wp-json\/wp\/v2\/types\/page"}],"author":[{"embeddable":true,"href":"https:\/\/agora.xtec.cat\/ceipsantmiquel\/wp-json\/wp\/v2\/users\/1"}],"replies":[{"embeddable":true,"href":"https:\/\/agora.xtec.cat\/ceipsantmiquel\/wp-json\/wp\/v2\/comments?post=4110"}],"version-history":[{"count":7,"href":"https:\/\/agora.xtec.cat\/ceipsantmiquel\/wp-json\/wp\/v2\/pages\/4110\/revisions"}],"predecessor-version":[{"id":6555,"href":"https:\/\/agora.xtec.cat\/ceipsantmiquel\/wp-json\/wp\/v2\/pages\/4110\/revisions\/6555"}],"up":[{"embeddable":true,"href":"https:\/\/agora.xtec.cat\/ceipsantmiquel\/wp-json\/wp\/v2\/pages\/28"}],"wp:attachment":[{"href":"https:\/\/agora.xtec.cat\/ceipsantmiquel\/wp-json\/wp\/v2\/media?parent=4110"}],"curies":[{"name":"wp","href":"https:\/\/api.w.org\/{rel}","templated":true}]}}