{"id":30,"date":"2014-09-18T12:30:23","date_gmt":"2014-09-18T11:30:23","guid":{"rendered":"http:\/\/agora.xtec.cat\/ceipsantmiquel\/?page_id=30"},"modified":"2024-12-14T13:54:16","modified_gmt":"2024-12-14T12:54:16","slug":"instal%c2%b7lacions","status":"publish","type":"page","link":"https:\/\/agora.xtec.cat\/ceipsantmiquel\/lescola\/instal%c2%b7lacions\/","title":{"rendered":"Instal\u00b7lacions"},"content":{"rendered":"<p><b><i>L\u2019escola disposa de les seg\u00fcents instal\u00b7lacions:<\/i><\/b><\/p>\n<ul>\n<li style=\"font-weight: 400;\"><span style=\"font-weight: 400;\">9 aules ordin\u00e0ries (3 d&#8217;Ed. Infantil i 6 d&#8217;Ed. Prim\u00e0ria): totes equipades amb aire condicionat, panells t\u00e0ctils i ordinadors d&#8217;aula. A m\u00e9s, <em>Chromebooks<\/em> per a \u00fas individual per a tot l&#8217;alumnat de Prim\u00e0ria.<\/span><\/li>\n<li><span style=\"font-weight: 400;\">aula d\u2019angl\u00e8s: amb ordinador d&#8217;aula i PDI<\/span><\/li>\n<li>aula multiusos (rob\u00f2tica, religi\u00f3&#8230;): <span style=\"font-weight: 400;\">amb ordinador d&#8217;aula i PDI<\/span><\/li>\n<li><span style=\"font-weight: 400;\">aula de m\u00fasica: amb ordinador d&#8217;aula i PDI<\/span><\/li>\n<li><span style=\"font-weight: 400;\">aula d&#8217;educaci\u00f3 especial: amb ordinador d&#8217;aula i PDI<\/span><\/li>\n<li><span style=\"font-weight: 400;\">aula d\u2019inform\u00e0tica amb 19 ordinadors de sobretaula i projector i pantalla<\/span><\/li>\n<li style=\"font-weight: 400;\"><span style=\"font-weight: 400;\">g<\/span><span>imn\u00e0s:\u00a0amb ordinador d&#8217;aula i PDI<\/span><\/li>\n<li style=\"font-weight: 400;\"><span style=\"font-weight: 400;\">biblioteca<\/span><\/li>\n<li style=\"font-weight: 400;\"><span style=\"font-weight: 400;\">taller de pl\u00e0stica<\/span><\/li>\n<li style=\"font-weight: 400;\"><span style=\"font-weight: 400;\">laboratori<\/span><\/li>\n<li style=\"font-weight: 400;\"><span style=\"font-weight: 400;\">sala d\u2019actes<\/span><\/li>\n<li style=\"font-weight: 400;\"><span style=\"font-weight: 400;\">menjador escolar<\/span><\/li>\n<li style=\"font-weight: 400;\"><span style=\"font-weight: 400;\">sala de mestres<\/span><\/li>\n<li style=\"font-weight: 400;\"><span style=\"font-weight: 400;\">sala de reunions\/tutories: amb ordinador d&#8217;aula i PDI<\/span><\/li>\n<li style=\"font-weight: 400;\"><span style=\"font-weight: 400;\">despatx i secretaria<\/span><\/li>\n<li><span>quatre zones d\u2019esbarjo<\/span><\/li>\n<li style=\"font-weight: 400;\"><span style=\"font-weight: 400;\">menjador escolar amb aula polivalent i despatx per a l\u2019AFA<\/span><\/li>\n<\/ul>\n","protected":false},"excerpt":{"rendered":"<p>L\u2019escola disposa de les seg\u00fcents instal\u00b7lacions: 9 aules ordin\u00e0ries (3 d&#8217;Ed. Infantil i 6 d&#8217;Ed. Prim\u00e0ria): totes equipades amb aire condicionat, panells t\u00e0ctils i ordinadors d&#8217;aula. A m\u00e9s, Chromebooks per a \u00fas individual per a tot l&#8217;alumnat de Prim\u00e0ria. aula d\u2019angl\u00e8s: amb ordinador d&#8217;aula i PDI aula multiusos (rob\u00f2tica, religi\u00f3&#8230;): amb ordinador d&#8217;aula i PDI [&hellip;]<\/p>\n","protected":false},"author":1,"featured_media":0,"parent":22,"menu_order":40,"comment_status":"closed","ping_status":"closed","template":"page-templates\/side-menu.php","meta":{"_bbp_topic_count":0,"_bbp_reply_count":0,"_bbp_total_topic_count":0,"_bbp_total_reply_count":0,"_bbp_voice_count":0,"_bbp_anonymous_reply_count":0,"_bbp_topic_count_hidden":0,"_bbp_reply_count_hidden":0,"_bbp_forum_subforum_count":0,"site-sidebar-layout":"default","site-content-layout":"","ast-site-content-layout":"","site-content-style":"default","site-sidebar-style":"default","ast-global-header-display":"","ast-banner-title-visibility":"","ast-main-header-display":"","ast-hfb-above-header-display":"","ast-hfb-below-header-display":"","ast-hfb-mobile-header-display":"","site-post-title":"","ast-breadcrumbs-content":"","ast-featured-img":"","footer-sml-layout":"","theme-transparent-header-meta":"","adv-header-id-meta":"","stick-header-meta":"","header-above-stick-meta":"","header-main-stick-meta":"","header-below-stick-meta":"","astra-migrate-meta-layouts":"default","ast-page-background-enabled":"default","ast-page-background-meta":{"desktop":{"background-color":"var(--ast-global-color-4)","background-image":"","background-repeat":"repeat","background-position":"center center","background-size":"auto","background-attachment":"scroll","background-type":"","background-media":"","overlay-type":"","overlay-color":"","overlay-opacity":"","overlay-gradient":""},"tablet":{"background-color":"","background-image":"","background-repeat":"repeat","background-position":"center center","background-size":"auto","background-attachment":"scroll","background-type":"","background-media":"","overlay-type":"","overlay-color":"","overlay-opacity":"","overlay-gradient":""},"mobile":{"background-color":"","background-image":"","background-repeat":"repeat","background-position":"center center","background-size":"auto","background-attachment":"scroll","background-type":"","background-media":"","overlay-type":"","overlay-color":"","overlay-opacity":"","overlay-gradient":""}},"ast-content-background-meta":{"desktop":{"background-color":"var(--ast-global-color-5)","background-image":"","background-repeat":"repeat","background-position":"center center","background-size":"auto","background-attachment":"scroll","background-type":"","background-media":"","overlay-type":"","overlay-color":"","overlay-opacity":"","overlay-gradient":""},"tablet":{"background-color":"var(--ast-global-color-5)","background-image":"","background-repeat":"repeat","background-position":"center center","background-size":"auto","background-attachment":"scroll","background-type":"","background-media":"","overlay-type":"","overlay-color":"","overlay-opacity":"","overlay-gradient":""},"mobile":{"background-color":"var(--ast-global-color-5)","background-image":"","background-repeat":"repeat","background-position":"center center","background-size":"auto","background-attachment":"scroll","background-type":"","background-media":"","overlay-type":"","overlay-color":"","overlay-opacity":"","overlay-gradient":""}},"footnotes":""},"class_list":["post-30","page","type-page","status-publish","hentry"],"post_mailing_queue_ids":[],"_links":{"self":[{"href":"https:\/\/agora.xtec.cat\/ceipsantmiquel\/wp-json\/wp\/v2\/pages\/30","targetHints":{"allow":["GET"]}}],"collection":[{"href":"https:\/\/agora.xtec.cat\/ceipsantmiquel\/wp-json\/wp\/v2\/pages"}],"about":[{"href":"https:\/\/agora.xtec.cat\/ceipsantmiquel\/wp-json\/wp\/v2\/types\/page"}],"author":[{"embeddable":true,"href":"https:\/\/agora.xtec.cat\/ceipsantmiquel\/wp-json\/wp\/v2\/users\/1"}],"replies":[{"embeddable":true,"href":"https:\/\/agora.xtec.cat\/ceipsantmiquel\/wp-json\/wp\/v2\/comments?post=30"}],"version-history":[{"count":5,"href":"https:\/\/agora.xtec.cat\/ceipsantmiquel\/wp-json\/wp\/v2\/pages\/30\/revisions"}],"predecessor-version":[{"id":5712,"href":"https:\/\/agora.xtec.cat\/ceipsantmiquel\/wp-json\/wp\/v2\/pages\/30\/revisions\/5712"}],"up":[{"embeddable":true,"href":"https:\/\/agora.xtec.cat\/ceipsantmiquel\/wp-json\/wp\/v2\/pages\/22"}],"wp:attachment":[{"href":"https:\/\/agora.xtec.cat\/ceipsantmiquel\/wp-json\/wp\/v2\/media?parent=30"}],"curies":[{"name":"wp","href":"https:\/\/api.w.org\/{rel}","templated":true}]}}