{"id":26,"date":"2014-09-18T12:24:32","date_gmt":"2014-09-18T11:24:32","guid":{"rendered":"http:\/\/agora.xtec.cat\/ceipsantmiquel\/?page_id=26"},"modified":"2022-11-13T20:20:00","modified_gmt":"2022-11-13T19:20:00","slug":"historia","status":"publish","type":"page","link":"https:\/\/agora.xtec.cat\/ceipsantmiquel\/lescola\/historia\/","title":{"rendered":"Hist\u00f2ria"},"content":{"rendered":"<p><span style=\"font-weight: 400;\">L\u2019escola Sant Miquel es troba al poble d&#8217;Asc\u00f3, situat al nord de la comarca de la Ribera d\u2019Ebre, petita poblaci\u00f3 al voltant d\u2019uns 1.700 habitants.\u00a0<\/span><\/p>\n<p><span style=\"font-weight: 400;\">La poblaci\u00f3 compta amb una Llar d&#8217;Infants Municipal, l\u2019Escola Municipal de M\u00fasica i amb un centre educatiu d\u2019Educaci\u00f3 Infantil i Prim\u00e0ria.\u00a0<\/span><\/p>\n<p><span style=\"font-weight: 400;\">La majoria dels alumnes que acull l\u2019escola s\u00f3n d&#8217;Asc\u00f3, tot i que cada cop tenim m\u00e9s alumnes provinents dels pobles ve\u00efns de Vinebre,\u00a0 La Torre de l\u2019Espanyol i Riba-roja d\u2019Ebre.<\/span><\/p>\n<p><span style=\"font-weight: 400;\">A grans trets podem dir que aquest nucli de poblament, fins a comen\u00e7ament dels anys 70, es dedicava pr\u00e0cticament i exclusiva a les activitats pr\u00f2pies del sector primari, sobretot a l\u2019agricultura &#8211; vinya, olivera, ametller&#8230;- A partir d\u2019aquesta data per\u00f2, i coincidint amb l\u2019arribada del projecte de la construcci\u00f3 de la Central Nuclear, es produ\u00ed un important i radical canvi en l\u2019activitat dels seus pobladors esdevenint en l\u2019actualitat un poble en qu\u00e8 predomina un treball propi del sector secundari &#8211; ind\u00fastria &#8211; passant a un segon terme les feines del sector primari. El sector serveis no est\u00e0 gaire desenvolupat i \u00e9s resultat del que es deriva de les activitats pr\u00f2pies de l\u2019ajuntament.<\/span><\/p>\n<p><span style=\"font-weight: 400;\">Cal afegir que, evidentment, la construcci\u00f3 de la Central Nuclear supos\u00e0 l\u2019arribada massiva de treballadors i un augmentant de l\u2019\u00edndex demogr\u00e0fic, repercutint l\u00f2gicament en l\u2019increment de la matr\u00edcula d\u2019alumnes a l\u2019escola\u00a0 sobretot fins al curs 89-90 en qu\u00e8, i de forma progressiva, aquest nombre de matr\u00edcula ha anat minvant tant per la implantaci\u00f3 de l&#8217;E.S.O.(els alumnes que cursaven set\u00e8 i vuit\u00e8 d&#8217;E.G.B. es desplacen a Flix) com per la davallada de la poblaci\u00f3.<\/span><\/p>\n<p><span style=\"font-weight: 400;\">El curs 2005-2006 va ser el primer en el que es van incorporar al nostre centre alumnes d\u2019altres nacionalitats. Actualment en tenim al voltant <\/span><span style=\"font-weight: 400;\">d\u2019un 25% provinent d\u2019altres pa\u00efsos, principalment del Marroc.<\/span><\/p>\n<p><span style=\"font-weight: 400;\">L\u2019escola Sant Miquel \u00e9s una escola d\u2019una l\u00ednia, ofereix el segon cicle d\u2019educaci\u00f3 infantil (3\/6) i l\u2019educaci\u00f3 prim\u00e0ria (6\/12).<\/span><\/p>\n<p><span style=\"font-weight: 400;\">El centre actual compta amb dos edificis (l&#8217;edifici vell i l&#8217;edifici nou)<\/span><span style=\"font-weight: 400;\">. <\/span><\/p>\n<p><span style=\"font-weight: 400;\">El m\u00e9s antic remunta la seva construcci\u00f3 a la segona rep\u00fablica, essent de fet emprat com escola a partir de l\u2019any 1941. Inicialment era una construcci\u00f3 de dues plantes amb sis grans aules, serveis i petites habitacions que feien les funcions de despatx, material&#8230; A mitjans dels setanta es va pujar una ala adossada a aquest edifici en la part oest, tamb\u00e9 de dues plantes i amb espai per a dues aules. A inicis dels vuitanta es va construir una nova ala a la part oposada, cap a l\u2019est, amb les mateixes caracter\u00edstiques que l\u2019anterior.<\/span><\/p>\n<p><span style=\"font-weight: 400;\">L\u2019any 1990 s\u2019inaugurava un nou edifici en front l\u2019anterior, de similars proporcions. Sota d\u2019aquest edifici es van conservar dues antigues aules que actualment ocupa l&#8217;alumnat d\u2019educaci\u00f3 infantil.<\/span><\/p>\n<p><span style=\"font-weight: 400;\">L\u2019any <\/span><span style=\"font-weight: 400;\">2011<\/span><span style=\"font-weight: 400;\"> es va inaugurar un edifici annex a l&#8217;edifici nou, que acull el menjador escolar i la cuina, aix\u00ed com una aula polivalent i el despatx de l&#8217;AMPA.<br \/>\n<\/span><\/p>\n","protected":false},"excerpt":{"rendered":"<p>L\u2019escola Sant Miquel es troba al poble d&#8217;Asc\u00f3, situat al nord de la comarca de la Ribera d\u2019Ebre, petita poblaci\u00f3 al voltant d\u2019uns 1.700 habitants.\u00a0 La poblaci\u00f3 compta amb una Llar d&#8217;Infants Municipal, l\u2019Escola Municipal de M\u00fasica i amb un centre educatiu d\u2019Educaci\u00f3 Infantil i Prim\u00e0ria.\u00a0 La majoria dels alumnes que acull l\u2019escola s\u00f3n d&#8217;Asc\u00f3, [&hellip;]<\/p>\n","protected":false},"author":1,"featured_media":0,"parent":22,"menu_order":20,"comment_status":"closed","ping_status":"closed","template":"page-templates\/side-menu.php","meta":{"_bbp_topic_count":0,"_bbp_reply_count":0,"_bbp_total_topic_count":0,"_bbp_total_reply_count":0,"_bbp_voice_count":0,"_bbp_anonymous_reply_count":0,"_bbp_topic_count_hidden":0,"_bbp_reply_count_hidden":0,"_bbp_forum_subforum_count":0,"site-sidebar-layout":"default","site-content-layout":"","ast-site-content-layout":"","site-content-style":"default","site-sidebar-style":"default","ast-global-header-display":"","ast-banner-title-visibility":"","ast-main-header-display":"","ast-hfb-above-header-display":"","ast-hfb-below-header-display":"","ast-hfb-mobile-header-display":"","site-post-title":"","ast-breadcrumbs-content":"","ast-featured-img":"","footer-sml-layout":"","theme-transparent-header-meta":"","adv-header-id-meta":"","stick-header-meta":"","header-above-stick-meta":"","header-main-stick-meta":"","header-below-stick-meta":"","astra-migrate-meta-layouts":"default","ast-page-background-enabled":"default","ast-page-background-meta":{"desktop":{"background-color":"var(--ast-global-color-4)","background-image":"","background-repeat":"repeat","background-position":"center center","background-size":"auto","background-attachment":"scroll","background-type":"","background-media":"","overlay-type":"","overlay-color":"","overlay-opacity":"","overlay-gradient":""},"tablet":{"background-color":"","background-image":"","background-repeat":"repeat","background-position":"center center","background-size":"auto","background-attachment":"scroll","background-type":"","background-media":"","overlay-type":"","overlay-color":"","overlay-opacity":"","overlay-gradient":""},"mobile":{"background-color":"","background-image":"","background-repeat":"repeat","background-position":"center center","background-size":"auto","background-attachment":"scroll","background-type":"","background-media":"","overlay-type":"","overlay-color":"","overlay-opacity":"","overlay-gradient":""}},"ast-content-background-meta":{"desktop":{"background-color":"var(--ast-global-color-5)","background-image":"","background-repeat":"repeat","background-position":"center center","background-size":"auto","background-attachment":"scroll","background-type":"","background-media":"","overlay-type":"","overlay-color":"","overlay-opacity":"","overlay-gradient":""},"tablet":{"background-color":"var(--ast-global-color-5)","background-image":"","background-repeat":"repeat","background-position":"center center","background-size":"auto","background-attachment":"scroll","background-type":"","background-media":"","overlay-type":"","overlay-color":"","overlay-opacity":"","overlay-gradient":""},"mobile":{"background-color":"var(--ast-global-color-5)","background-image":"","background-repeat":"repeat","background-position":"center center","background-size":"auto","background-attachment":"scroll","background-type":"","background-media":"","overlay-type":"","overlay-color":"","overlay-opacity":"","overlay-gradient":""}},"footnotes":""},"class_list":["post-26","page","type-page","status-publish","hentry"],"post_mailing_queue_ids":[],"_links":{"self":[{"href":"https:\/\/agora.xtec.cat\/ceipsantmiquel\/wp-json\/wp\/v2\/pages\/26","targetHints":{"allow":["GET"]}}],"collection":[{"href":"https:\/\/agora.xtec.cat\/ceipsantmiquel\/wp-json\/wp\/v2\/pages"}],"about":[{"href":"https:\/\/agora.xtec.cat\/ceipsantmiquel\/wp-json\/wp\/v2\/types\/page"}],"author":[{"embeddable":true,"href":"https:\/\/agora.xtec.cat\/ceipsantmiquel\/wp-json\/wp\/v2\/users\/1"}],"replies":[{"embeddable":true,"href":"https:\/\/agora.xtec.cat\/ceipsantmiquel\/wp-json\/wp\/v2\/comments?post=26"}],"version-history":[{"count":4,"href":"https:\/\/agora.xtec.cat\/ceipsantmiquel\/wp-json\/wp\/v2\/pages\/26\/revisions"}],"predecessor-version":[{"id":4136,"href":"https:\/\/agora.xtec.cat\/ceipsantmiquel\/wp-json\/wp\/v2\/pages\/26\/revisions\/4136"}],"up":[{"embeddable":true,"href":"https:\/\/agora.xtec.cat\/ceipsantmiquel\/wp-json\/wp\/v2\/pages\/22"}],"wp:attachment":[{"href":"https:\/\/agora.xtec.cat\/ceipsantmiquel\/wp-json\/wp\/v2\/media?parent=26"}],"curies":[{"name":"wp","href":"https:\/\/api.w.org\/{rel}","templated":true}]}}