{"id":5867,"date":"2022-01-28T19:06:04","date_gmt":"2022-01-28T18:06:04","guid":{"rendered":"https:\/\/agora.xtec.cat\/ceipsantmarti-cerdanyola\/?page_id=5867"},"modified":"2023-02-28T12:57:23","modified_gmt":"2023-02-28T11:57:23","slug":"activitats-extraescolars","status":"publish","type":"page","link":"https:\/\/agora.xtec.cat\/ceipsantmarti-cerdanyola\/activitats-extraescolars\/","title":{"rendered":"Activitats extraescolars"},"content":{"rendered":"<p>L\u2019associaci\u00f3 de fam\u00edlies d\u2019alumnes del centre, AFA, organitza diverses activitats extraescolars:<\/p>\n<ul>\n<li>Poliesportiu.<\/li>\n<li>Piscina.<\/li>\n<li>F\u00fatbol.<\/li>\n<li>Psicomotricitat.<\/li>\n<li>Ball.<img loading=\"lazy\" decoding=\"async\" class=\"size-full wp-image-6688 aligncenter\" src=\"https:\/\/agora.xtec.cat\/ceipsantmarti-cerdanyola\/wp-content\/uploads\/usu938\/2023\/02\/Extraescolars-.doc.jpg\" alt=\"\" width=\"1159\" height=\"706\" srcset=\"https:\/\/agora.xtec.cat\/ceipsantmarti-cerdanyola\/wp-content\/uploads\/usu938\/2023\/02\/Extraescolars-.doc.jpg 1159w, https:\/\/agora.xtec.cat\/ceipsantmarti-cerdanyola\/wp-content\/uploads\/usu938\/2023\/02\/Extraescolars-.doc-300x183.jpg 300w, https:\/\/agora.xtec.cat\/ceipsantmarti-cerdanyola\/wp-content\/uploads\/usu938\/2023\/02\/Extraescolars-.doc-1024x624.jpg 1024w, https:\/\/agora.xtec.cat\/ceipsantmarti-cerdanyola\/wp-content\/uploads\/usu938\/2023\/02\/Extraescolars-.doc-768x468.jpg 768w\" sizes=\"auto, (max-width: 1159px) 100vw, 1159px\" \/><span style=\"font-family: inherit; font-size: 1em;\">L\u2019horari d\u2019atenci\u00f3 a les fam\u00edlies \u00e9s:<\/span><\/li>\n<\/ul>\n<ul>\n<li>De dilluns a Divendres a les 15\u201900<\/li>\n<li>Dimarts i Dijous a les 9\u201900<\/li>\n<li>Dilluns, Dimarts i Dimecres a les 16\u201945<\/li>\n<\/ul>\n<p>El tel\u00e8fon \u00e9s: 645 94 72 87<\/p>\n","protected":false},"excerpt":{"rendered":"<p>L\u2019associaci\u00f3 de fam\u00edlies d\u2019alumnes del centre, AFA, organitza diverses activitats extraescolars:<\/p>\n<ul>\n<li>Poliesportiu.<\/li>\n<li>Piscina.<\/li>\n<li>F\u00fatbol.<\/li>\n<li>Psicomotricitat.<\/li>\n<li>Ball.L\u2019horari d\u2019atenci\u00f3 a les fam\u00edlies \u00e9s:<\/li>\n<\/ul>\n<ul>\n<li>De dilluns a Divendres a les 15\u201900<\/li>\n<li>Dimarts i Dijous a les 9\u201900<\/li>\n<li>Dilluns, Dimarts i Dimecres a les 16\u201945<\/li>\n<\/ul>\n<p>El tel\u00e8fon \u00e9s: 645 94 72 87<\/p>\n","protected":false},"author":1,"featured_media":0,"parent":0,"menu_order":0,"comment_status":"closed","ping_status":"closed","template":"","meta":{"_bbp_topic_count":0,"_bbp_reply_count":0,"_bbp_total_topic_count":0,"_bbp_total_reply_count":0,"_bbp_voice_count":0,"_bbp_anonymous_reply_count":0,"_bbp_topic_count_hidden":0,"_bbp_reply_count_hidden":0,"_bbp_forum_subforum_count":0,"footnotes":""},"class_list":["post-5867","page","type-page","status-publish","hentry"],"post_mailing_queue_ids":[],"_links":{"self":[{"href":"https:\/\/agora.xtec.cat\/ceipsantmarti-cerdanyola\/wp-json\/wp\/v2\/pages\/5867","targetHints":{"allow":["GET"]}}],"collection":[{"href":"https:\/\/agora.xtec.cat\/ceipsantmarti-cerdanyola\/wp-json\/wp\/v2\/pages"}],"about":[{"href":"https:\/\/agora.xtec.cat\/ceipsantmarti-cerdanyola\/wp-json\/wp\/v2\/types\/page"}],"author":[{"embeddable":true,"href":"https:\/\/agora.xtec.cat\/ceipsantmarti-cerdanyola\/wp-json\/wp\/v2\/users\/1"}],"replies":[{"embeddable":true,"href":"https:\/\/agora.xtec.cat\/ceipsantmarti-cerdanyola\/wp-json\/wp\/v2\/comments?post=5867"}],"version-history":[{"count":3,"href":"https:\/\/agora.xtec.cat\/ceipsantmarti-cerdanyola\/wp-json\/wp\/v2\/pages\/5867\/revisions"}],"predecessor-version":[{"id":6690,"href":"https:\/\/agora.xtec.cat\/ceipsantmarti-cerdanyola\/wp-json\/wp\/v2\/pages\/5867\/revisions\/6690"}],"wp:attachment":[{"href":"https:\/\/agora.xtec.cat\/ceipsantmarti-cerdanyola\/wp-json\/wp\/v2\/media?parent=5867"}],"curies":[{"name":"wp","href":"https:\/\/api.w.org\/{rel}","templated":true}]}}