{"id":5865,"date":"2022-01-28T19:05:48","date_gmt":"2022-01-28T18:05:48","guid":{"rendered":"https:\/\/agora.xtec.cat\/ceipsantmarti-cerdanyola\/?page_id=5865"},"modified":"2026-01-12T09:53:25","modified_gmt":"2026-01-12T08:53:25","slug":"menjador","status":"publish","type":"page","link":"https:\/\/agora.xtec.cat\/ceipsantmarti-cerdanyola\/menjador\/","title":{"rendered":"Menjador"},"content":{"rendered":"<p><a href=\"https:\/\/agora.xtec.cat\/ceipsantmarti-cerdanyola\/serveis\/menjador-escolar\/attachment\/whatsapp-image-2026-01-12-at-09-20-28\/\" rel=\"attachment wp-att-7667\"><img loading=\"lazy\" decoding=\"async\" class=\"aligncenter size-large wp-image-7667\" src=\"https:\/\/agora.xtec.cat\/ceipsantmarti-cerdanyola\/wp-content\/uploads\/usu938\/2026\/01\/WhatsApp-Image-2026-01-12-at-09.20.28-1024x737.jpeg\" alt=\"\" width=\"1024\" height=\"737\" srcset=\"https:\/\/agora.xtec.cat\/ceipsantmarti-cerdanyola\/wp-content\/uploads\/usu938\/2026\/01\/WhatsApp-Image-2026-01-12-at-09.20.28-1024x737.jpeg 1024w, https:\/\/agora.xtec.cat\/ceipsantmarti-cerdanyola\/wp-content\/uploads\/usu938\/2026\/01\/WhatsApp-Image-2026-01-12-at-09.20.28-300x216.jpeg 300w, https:\/\/agora.xtec.cat\/ceipsantmarti-cerdanyola\/wp-content\/uploads\/usu938\/2026\/01\/WhatsApp-Image-2026-01-12-at-09.20.28-768x553.jpeg 768w, https:\/\/agora.xtec.cat\/ceipsantmarti-cerdanyola\/wp-content\/uploads\/usu938\/2026\/01\/WhatsApp-Image-2026-01-12-at-09.20.28.jpeg 1136w\" sizes=\"auto, (max-width: 1024px) 100vw, 1024px\" \/><\/a><\/p>\n<p>L\u2019empresa que gestiona el menjador de l\u2019escola \u00e9s LA VOSTRA CUINA.<\/p>\n<p>Atenci\u00f3 a les fam\u00edlies:<\/p>\n<p>\u2022 El tel\u00e8fon d\u2019atenci\u00f3 a les fam\u00edlies \u00e9s el seg\u00fcent: 680258724<br \/>\n\u2022 Correu electr\u00f2nic: info@vostracuina.com<br \/>\n\u2022 La coordinadora de menjador del centre, To\u00f1i, us podr\u00e0 atendre de dilluns a divendres de 9 h a 10 h a l\u2019escola.<br \/>\n\u2022 Si heu de comunicar una abs\u00e8ncia o una dieta heu de trucar abans de les 10 h a la coordinadora del centre,\u00a0 al tel\u00e8fon: 680258724<\/p>\n<p>El preu del men\u00fa de l\u2019\/de la usuari\/\u00e0ria fix\/a: 7,25 euros.<\/p>\n<p>El preu del men\u00fa de l\u2019\/de la usuari\/\u00e0ria espor\u00e0dic\/a: 7.98 euros.<\/p>\n<p><a href=\"https:\/\/cateringlavostracuina.com\/men%C3%BAs\">https:\/\/cateringlavostracuina.com\/men%C3%BAs<\/a><\/p>\n<p><a href=\"https:\/\/agora.xtec.cat\/ceipsantmarti-cerdanyola\/menjador\/attachment\/normativa-del-menjador-escola-sant-marti-1\/\" rel=\"attachment wp-att-7314\">NORMATIVA DEL MENJADOR ESCOLA SANT MART\u00cd (1)<\/a><\/p>\n","protected":false},"excerpt":{"rendered":"<p><a href=\"https:\/\/agora.xtec.cat\/ceipsantmarti-cerdanyola\/serveis\/menjador-escolar\/attachment\/whatsapp-image-2026-01-12-at-09-20-28\/\" rel=\"attachment wp-att-7667\"><\/a><br \/>\nL\u2019empresa que gestiona el menjador de l\u2019escola \u00e9s LA VOSTRA CUINA.<br \/>\nAtenci\u00f3 a les fam\u00edlies:<br \/>\n\u2022 El tel\u00e8fon d\u2019atenci\u00f3 a les fam\u00edlies \u00e9s el seg\u00fcent: 680258724<br \/>\n\u2022 Correu electr\u00f2nic: info@vostracuina.com<br \/>\n\u2022 La coordinadora de menjador del centre, To\u00f1i, us podr\u00e0 atendre de dilluns a divendres de&hellip;  <a href=\"https:\/\/agora.xtec.cat\/ceipsantmarti-cerdanyola\/menjador\/\" title=\"Read Menjador\">Llegeix m\u00e9s\u00bb<\/a><\/p>\n","protected":false},"author":1,"featured_media":0,"parent":0,"menu_order":0,"comment_status":"closed","ping_status":"closed","template":"","meta":{"_bbp_topic_count":0,"_bbp_reply_count":0,"_bbp_total_topic_count":0,"_bbp_total_reply_count":0,"_bbp_voice_count":0,"_bbp_anonymous_reply_count":0,"_bbp_topic_count_hidden":0,"_bbp_reply_count_hidden":0,"_bbp_forum_subforum_count":0,"footnotes":""},"class_list":["post-5865","page","type-page","status-publish","hentry"],"post_mailing_queue_ids":[],"_links":{"self":[{"href":"https:\/\/agora.xtec.cat\/ceipsantmarti-cerdanyola\/wp-json\/wp\/v2\/pages\/5865","targetHints":{"allow":["GET"]}}],"collection":[{"href":"https:\/\/agora.xtec.cat\/ceipsantmarti-cerdanyola\/wp-json\/wp\/v2\/pages"}],"about":[{"href":"https:\/\/agora.xtec.cat\/ceipsantmarti-cerdanyola\/wp-json\/wp\/v2\/types\/page"}],"author":[{"embeddable":true,"href":"https:\/\/agora.xtec.cat\/ceipsantmarti-cerdanyola\/wp-json\/wp\/v2\/users\/1"}],"replies":[{"embeddable":true,"href":"https:\/\/agora.xtec.cat\/ceipsantmarti-cerdanyola\/wp-json\/wp\/v2\/comments?post=5865"}],"version-history":[{"count":6,"href":"https:\/\/agora.xtec.cat\/ceipsantmarti-cerdanyola\/wp-json\/wp\/v2\/pages\/5865\/revisions"}],"predecessor-version":[{"id":7669,"href":"https:\/\/agora.xtec.cat\/ceipsantmarti-cerdanyola\/wp-json\/wp\/v2\/pages\/5865\/revisions\/7669"}],"wp:attachment":[{"href":"https:\/\/agora.xtec.cat\/ceipsantmarti-cerdanyola\/wp-json\/wp\/v2\/media?parent=5865"}],"curies":[{"name":"wp","href":"https:\/\/api.w.org\/{rel}","templated":true}]}}