{"id":5830,"date":"2022-01-28T18:57:06","date_gmt":"2022-01-28T17:57:06","guid":{"rendered":"https:\/\/agora.xtec.cat\/ceipsantmarti-cerdanyola\/?page_id=5830"},"modified":"2023-02-07T16:02:13","modified_gmt":"2023-02-07T15:02:13","slug":"preinscripcio-i-matricula","status":"publish","type":"page","link":"https:\/\/agora.xtec.cat\/ceipsantmarti-cerdanyola\/preinscripcio-i-matricula\/","title":{"rendered":"Preinscripci\u00f3 i matr\u00edcula"},"content":{"rendered":"<p>Us compartim les dates importants pel que fa al proc\u00e9s de preinscripci\u00f3 i matr\u00edcula:<\/p>\n<p>&#8211; <strong>Per\u00edode de presentaci\u00f3 de sol\u00b7licituds<\/strong>: del 6 de mar\u00e7 al 20 de mar\u00e7 de 2023, ambd\u00f3s inclosos.<\/p>\n<p>&#8211; <strong>Per\u00edode de matr\u00edcula per als alumnes<\/strong>: del 20 al 28 de juny de 2023<\/p>\n<p>&nbsp;<\/p>\n<p>&nbsp;<\/p>\n<p>&nbsp;<\/p>\n<p>&nbsp;<\/p>\n<p>&nbsp;<\/p>\n","protected":false},"excerpt":{"rendered":"<p>Us compartim les dates importants pel que fa al proc\u00e9s de preinscripci\u00f3 i matr\u00edcula:<br \/>\n&#8211; Per\u00edode de presentaci\u00f3 de sol\u00b7licituds: del 6 de mar\u00e7 al 20 de mar\u00e7 de 2023, ambd\u00f3s inclosos.<br \/>\n&#8211; Per\u00edode de matr\u00edcula per als alumnes: del 20 al 28 de juny de 2023<br \/>\n&nbsp;<br \/>\n&nbsp;<br \/>\n&nbsp;<br \/>\n&nbsp;<br \/>\n&nbsp;<\/p>\n","protected":false},"author":1,"featured_media":0,"parent":0,"menu_order":0,"comment_status":"closed","ping_status":"closed","template":"","meta":{"_bbp_topic_count":0,"_bbp_reply_count":0,"_bbp_total_topic_count":0,"_bbp_total_reply_count":0,"_bbp_voice_count":0,"_bbp_anonymous_reply_count":0,"_bbp_topic_count_hidden":0,"_bbp_reply_count_hidden":0,"_bbp_forum_subforum_count":0,"footnotes":""},"class_list":["post-5830","page","type-page","status-publish","hentry"],"post_mailing_queue_ids":[],"_links":{"self":[{"href":"https:\/\/agora.xtec.cat\/ceipsantmarti-cerdanyola\/wp-json\/wp\/v2\/pages\/5830","targetHints":{"allow":["GET"]}}],"collection":[{"href":"https:\/\/agora.xtec.cat\/ceipsantmarti-cerdanyola\/wp-json\/wp\/v2\/pages"}],"about":[{"href":"https:\/\/agora.xtec.cat\/ceipsantmarti-cerdanyola\/wp-json\/wp\/v2\/types\/page"}],"author":[{"embeddable":true,"href":"https:\/\/agora.xtec.cat\/ceipsantmarti-cerdanyola\/wp-json\/wp\/v2\/users\/1"}],"replies":[{"embeddable":true,"href":"https:\/\/agora.xtec.cat\/ceipsantmarti-cerdanyola\/wp-json\/wp\/v2\/comments?post=5830"}],"version-history":[{"count":3,"href":"https:\/\/agora.xtec.cat\/ceipsantmarti-cerdanyola\/wp-json\/wp\/v2\/pages\/5830\/revisions"}],"predecessor-version":[{"id":6538,"href":"https:\/\/agora.xtec.cat\/ceipsantmarti-cerdanyola\/wp-json\/wp\/v2\/pages\/5830\/revisions\/6538"}],"wp:attachment":[{"href":"https:\/\/agora.xtec.cat\/ceipsantmarti-cerdanyola\/wp-json\/wp\/v2\/media?parent=5830"}],"curies":[{"name":"wp","href":"https:\/\/api.w.org\/{rel}","templated":true}]}}