{"id":565,"date":"2016-09-17T09:40:52","date_gmt":"2016-09-17T08:40:52","guid":{"rendered":"http:\/\/agora.xtec.cat\/ceipsantmarti-cerdanyola\/?page_id=565"},"modified":"2019-11-02T18:53:31","modified_gmt":"2019-11-02T17:53:31","slug":"angles-2","status":"publish","type":"page","link":"https:\/\/agora.xtec.cat\/ceipsantmarti-cerdanyola\/ampa\/extraescolars\/angles-2\/","title":{"rendered":"Angl\u00e8s"},"content":{"rendered":"<h5><strong>Horari\/<em>Horario<\/em><\/strong><\/h5>\n<p>Dilluns\/Lunes: 16.40-17.40 h (3\u00ba-4\u00ba)<\/p>\n<p>Dimarts\/Martes: 16.40-17.40 h (5\u00ba-6\u00ba)<\/p>\n<p>Dimecres\/Mi\u00e9rcoles: 16.40-17.40 h (1\u00ba-2\u00ba)<\/p>\n<p>Dijous\/Jueves: 16.45-17.45 h (P3-P5)<\/p>\n<h5><strong>Preu\/<em>Precio<\/em><\/strong><\/h5>\n<p><span style=\"font-weight: 400;\">10 \u20ac\/mes<\/span><\/p>\n<p>Els nens i nenes de l&#8217;escola milloren el seu angl\u00e8s gr\u00e0cies a les classes de la Jessica.<\/p>\n<p><em>Los ni\u00f1os y ni\u00f1as de la escuela mejoran su ingl\u00e9s gracias a las clases de Jessica.<\/em><\/p>\n<p style=\"text-align: center;\"><iframe loading=\"lazy\" src=\"\/\/www.youtube.com\/embed\/ctBIZmyLunM\" width=\"784\" height=\"441\" frameborder=\"0\" allowfullscreen=\"allowfullscreen\"><\/iframe><\/p>\n<div id='gallery-1' class='gallery galleryid-565 gallery-columns-1 gallery-size-medium'><figure class='gallery-item'>\n\t\t\t<div class='gallery-icon landscape'>\n\t\t\t\t<a href='https:\/\/agora.xtec.cat\/ceipsantmarti-cerdanyola\/ampa\/extraescolars\/angles-2\/attachment\/img-20191102-wa0023\/'><img loading=\"lazy\" decoding=\"async\" width=\"300\" height=\"300\" src=\"https:\/\/agora.xtec.cat\/ceipsantmarti-cerdanyola\/wp-content\/uploads\/usu938\/2019\/11\/IMG-20191102-WA0023-300x300.jpg\" class=\"attachment-medium size-medium\" alt=\"\" srcset=\"https:\/\/agora.xtec.cat\/ceipsantmarti-cerdanyola\/wp-content\/uploads\/usu938\/2019\/11\/IMG-20191102-WA0023-300x300.jpg 300w, https:\/\/agora.xtec.cat\/ceipsantmarti-cerdanyola\/wp-content\/uploads\/usu938\/2019\/11\/IMG-20191102-WA0023-150x150.jpg 150w, https:\/\/agora.xtec.cat\/ceipsantmarti-cerdanyola\/wp-content\/uploads\/usu938\/2019\/11\/IMG-20191102-WA0023-768x768.jpg 768w, https:\/\/agora.xtec.cat\/ceipsantmarti-cerdanyola\/wp-content\/uploads\/usu938\/2019\/11\/IMG-20191102-WA0023-1024x1024.jpg 1024w, https:\/\/agora.xtec.cat\/ceipsantmarti-cerdanyola\/wp-content\/uploads\/usu938\/2019\/11\/IMG-20191102-WA0023.jpg 1512w\" sizes=\"auto, (max-width: 300px) 100vw, 300px\" \/><\/a>\n\t\t\t<\/div><\/figure>\n\t\t<\/div>\n\n","protected":false},"excerpt":{"rendered":"<p>Horari\/Horario Dilluns\/Lunes: 16.40-17.40 h (3\u00ba-4\u00ba) Dimarts\/Martes: 16.40-17.40 h (5\u00ba-6\u00ba) Dimecres\/Mi\u00e9rcoles: 16.40-17.40 h (1\u00ba-2\u00ba) Dijous\/Jueves: 16.45-17.45 h (P3-P5) Preu\/Precio 10 \u20ac\/mes Els nens i nenes de l&#8217;escola milloren el seu angl\u00e8s gr\u00e0cies a les classes de la Jessica. Los ni\u00f1os y ni\u00f1as de la escuela mejoran su ingl\u00e9s gracias a las clases de Jessica.<\/p>\n","protected":false},"author":1,"featured_media":0,"parent":3182,"menu_order":0,"comment_status":"closed","ping_status":"closed","template":"","meta":{"_bbp_topic_count":0,"_bbp_reply_count":0,"_bbp_total_topic_count":0,"_bbp_total_reply_count":0,"_bbp_voice_count":0,"_bbp_anonymous_reply_count":0,"_bbp_topic_count_hidden":0,"_bbp_reply_count_hidden":0,"_bbp_forum_subforum_count":0,"site-sidebar-layout":"default","site-content-layout":"","ast-site-content-layout":"","site-content-style":"default","site-sidebar-style":"default","ast-global-header-display":"","ast-banner-title-visibility":"","ast-main-header-display":"","ast-hfb-above-header-display":"","ast-hfb-below-header-display":"","ast-hfb-mobile-header-display":"","site-post-title":"","ast-breadcrumbs-content":"","ast-featured-img":"","footer-sml-layout":"","theme-transparent-header-meta":"","adv-header-id-meta":"","stick-header-meta":"","header-above-stick-meta":"","header-main-stick-meta":"","header-below-stick-meta":"","astra-migrate-meta-layouts":"default","ast-page-background-enabled":"default","ast-page-background-meta":{"desktop":{"background-color":"var(--ast-global-color-4)","background-image":"","background-repeat":"repeat","background-position":"center center","background-size":"auto","background-attachment":"scroll","background-type":"","background-media":"","overlay-type":"","overlay-color":"","overlay-opacity":"","overlay-gradient":""},"tablet":{"background-color":"","background-image":"","background-repeat":"repeat","background-position":"center center","background-size":"auto","background-attachment":"scroll","background-type":"","background-media":"","overlay-type":"","overlay-color":"","overlay-opacity":"","overlay-gradient":""},"mobile":{"background-color":"","background-image":"","background-repeat":"repeat","background-position":"center center","background-size":"auto","background-attachment":"scroll","background-type":"","background-media":"","overlay-type":"","overlay-color":"","overlay-opacity":"","overlay-gradient":""}},"ast-content-background-meta":{"desktop":{"background-color":"var(--ast-global-color-5)","background-image":"","background-repeat":"repeat","background-position":"center center","background-size":"auto","background-attachment":"scroll","background-type":"","background-media":"","overlay-type":"","overlay-color":"","overlay-opacity":"","overlay-gradient":""},"tablet":{"background-color":"var(--ast-global-color-5)","background-image":"","background-repeat":"repeat","background-position":"center center","background-size":"auto","background-attachment":"scroll","background-type":"","background-media":"","overlay-type":"","overlay-color":"","overlay-opacity":"","overlay-gradient":""},"mobile":{"background-color":"var(--ast-global-color-5)","background-image":"","background-repeat":"repeat","background-position":"center center","background-size":"auto","background-attachment":"scroll","background-type":"","background-media":"","overlay-type":"","overlay-color":"","overlay-opacity":"","overlay-gradient":""}},"footnotes":""},"class_list":["post-565","page","type-page","status-publish","hentry"],"post_mailing_queue_ids":[],"_links":{"self":[{"href":"https:\/\/agora.xtec.cat\/ceipsantmarti-cerdanyola\/wp-json\/wp\/v2\/pages\/565","targetHints":{"allow":["GET"]}}],"collection":[{"href":"https:\/\/agora.xtec.cat\/ceipsantmarti-cerdanyola\/wp-json\/wp\/v2\/pages"}],"about":[{"href":"https:\/\/agora.xtec.cat\/ceipsantmarti-cerdanyola\/wp-json\/wp\/v2\/types\/page"}],"author":[{"embeddable":true,"href":"https:\/\/agora.xtec.cat\/ceipsantmarti-cerdanyola\/wp-json\/wp\/v2\/users\/1"}],"replies":[{"embeddable":true,"href":"https:\/\/agora.xtec.cat\/ceipsantmarti-cerdanyola\/wp-json\/wp\/v2\/comments?post=565"}],"version-history":[{"count":4,"href":"https:\/\/agora.xtec.cat\/ceipsantmarti-cerdanyola\/wp-json\/wp\/v2\/pages\/565\/revisions"}],"predecessor-version":[{"id":3372,"href":"https:\/\/agora.xtec.cat\/ceipsantmarti-cerdanyola\/wp-json\/wp\/v2\/pages\/565\/revisions\/3372"}],"up":[{"embeddable":true,"href":"https:\/\/agora.xtec.cat\/ceipsantmarti-cerdanyola\/wp-json\/wp\/v2\/pages\/3182"}],"wp:attachment":[{"href":"https:\/\/agora.xtec.cat\/ceipsantmarti-cerdanyola\/wp-json\/wp\/v2\/media?parent=565"}],"curies":[{"name":"wp","href":"https:\/\/api.w.org\/{rel}","templated":true}]}}