{"id":5409,"date":"2021-03-08T15:02:34","date_gmt":"2021-03-08T14:02:34","guid":{"rendered":"http:\/\/agora.xtec.cat\/ceipsantmarti-cerdanyola\/?page_id=5409"},"modified":"2023-02-10T16:10:12","modified_gmt":"2023-02-10T15:10:12","slug":"el-nostre-projecte-educatiu-a-les-portes-obertes","status":"publish","type":"page","link":"https:\/\/agora.xtec.cat\/ceipsantmarti-cerdanyola\/el-nostre-projecte-educatiu-a-les-portes-obertes\/","title":{"rendered":"El nostre Projecte Educatiu a les Portes obertes."},"content":{"rendered":"<p>Hola a tothom.<\/p>\n<p>Per a les persones que tingueu inter\u00e8s en con\u00e8ixer el nostre <strong>projecte educatiu<\/strong> aqu\u00ed us el compartim.<\/p>\n<p><iframe loading=\"lazy\" src=\"https:\/\/docs.google.com\/presentation\/d\/e\/2PACX-1vQ5WTvFz6pTEF18HW9ETCFwjhpuuy9Oze3UCywxhtCNXPP0T9ERg_UAqAdKa795sA\/embed?start=true&amp;loop=true&amp;delayms=10000\" width=\"960\" height=\"569\" frameborder=\"0\"><\/iframe><\/p>\n","protected":false},"excerpt":{"rendered":"<p>Hola a tothom.<br \/>\nPer a les persones que tingueu inter\u00e8s en con\u00e8ixer el nostre projecte educatiu aqu\u00ed us el compartim.<\/p>\n","protected":false},"author":1,"featured_media":0,"parent":0,"menu_order":0,"comment_status":"closed","ping_status":"closed","template":"","meta":{"_bbp_topic_count":0,"_bbp_reply_count":0,"_bbp_total_topic_count":0,"_bbp_total_reply_count":0,"_bbp_voice_count":0,"_bbp_anonymous_reply_count":0,"_bbp_topic_count_hidden":0,"_bbp_reply_count_hidden":0,"_bbp_forum_subforum_count":0,"footnotes":""},"class_list":["post-5409","page","type-page","status-publish","hentry"],"post_mailing_queue_ids":[],"_links":{"self":[{"href":"https:\/\/agora.xtec.cat\/ceipsantmarti-cerdanyola\/wp-json\/wp\/v2\/pages\/5409","targetHints":{"allow":["GET"]}}],"collection":[{"href":"https:\/\/agora.xtec.cat\/ceipsantmarti-cerdanyola\/wp-json\/wp\/v2\/pages"}],"about":[{"href":"https:\/\/agora.xtec.cat\/ceipsantmarti-cerdanyola\/wp-json\/wp\/v2\/types\/page"}],"author":[{"embeddable":true,"href":"https:\/\/agora.xtec.cat\/ceipsantmarti-cerdanyola\/wp-json\/wp\/v2\/users\/1"}],"replies":[{"embeddable":true,"href":"https:\/\/agora.xtec.cat\/ceipsantmarti-cerdanyola\/wp-json\/wp\/v2\/comments?post=5409"}],"version-history":[{"count":3,"href":"https:\/\/agora.xtec.cat\/ceipsantmarti-cerdanyola\/wp-json\/wp\/v2\/pages\/5409\/revisions"}],"predecessor-version":[{"id":6560,"href":"https:\/\/agora.xtec.cat\/ceipsantmarti-cerdanyola\/wp-json\/wp\/v2\/pages\/5409\/revisions\/6560"}],"wp:attachment":[{"href":"https:\/\/agora.xtec.cat\/ceipsantmarti-cerdanyola\/wp-json\/wp\/v2\/media?parent=5409"}],"curies":[{"name":"wp","href":"https:\/\/api.w.org\/{rel}","templated":true}]}}