{"id":38,"date":"2014-09-18T12:34:08","date_gmt":"2014-09-18T11:34:08","guid":{"rendered":"http:\/\/agora.xtec.cat\/ceipsantmarti-cerdanyola\/?page_id=38"},"modified":"2016-03-01T18:19:08","modified_gmt":"2016-03-01T17:19:08","slug":"salut","status":"publish","type":"page","link":"https:\/\/agora.xtec.cat\/ceipsantmarti-cerdanyola\/lescola\/salut\/","title":{"rendered":"Salut"},"content":{"rendered":"<p>Segons estableix el Departament de Sanitat i el Departament d&#8217;Educaci\u00f3 de la Generalitat de Catalunya, us volem informar del protocol que seguir\u00e0 l&#8217;Escola pel que fa a l&#8217;Administraci\u00f3 de medicaments i primeres cures:<\/p>\n<p>Administraci\u00f3 de medicaments<\/p>\n<p>    Cal que el pare, mare o tutor legal porti una recepta o informe del metge en qu\u00e8 hi consti la pauta i el nom del medicament que ha de prendre.<br \/>\n    El pare, mare o tutor legal, ha de portar un escrit en qu\u00e8 demani i autoritzi que el personal del centre docent administri al fill\/a la medicaci\u00f3 prescrita.<br \/>\n    L&#8217;administraci\u00f3 de medicaments es far\u00e0 a casa sempre que sigui possible, fins i tot en el cas d&#8217;antibi\u00f2tics.<\/p>\n<p>Polls<\/p>\n<p>Cal que els pares vigilin la possible aparici\u00f3 d&#8217;ous.<\/p>\n<p>Prevenci\u00f3 (per a no contaminar els altres):<\/p>\n<p>    S&#8217;haur\u00e0 de comunicar a l&#8217;escola quan en tinguin i a m\u00e9s a m\u00e9s seguir unes mesures higi\u00e8niques a casa:<br \/>\n    Revisar el cap, sobretot darrere de les orelles, el clatell i el serrell.<br \/>\n    Rentar-se amb freq\u00fc\u00e8ncia els cabells: dues o tres vegades per setmana.<br \/>\n    Pentinar-se di\u00e0riament els cabells.<br \/>\n    Netejar les pintes i els raspalls sovint.<br \/>\n    No deixar els estris de neteja als germans o companys de classe.<br \/>\n    Quan es tenen polls, cal consultar el metge o farmac\u00e8utic i cal seguir el tractament indicat.<\/p>\n<p>Tractament (per eliminar-los): Es fan servir insecticides de contacte que produeixen la mort del poll per par\u00e0lisi. El Departament de Sanitat recomana que quan un alumne estigui parasitat no assisteixi a l&#8217;escola fins que no segueixi el tractament.<\/p>\n<p>Conjuntivitis<\/p>\n<p>El Departament de Sanitat recomana no assistir a l&#8217;escola fins tenir una valoraci\u00f3 m\u00e8dica i\/o haver iniciat el tractament si escau. En el cas de la conjuntivitis purulenta el Departament de Sanitat recomana no assistir a l&#8217;escola fins 24 hores despr\u00e9s d&#8217;iniciar el tractament.<\/p>\n<p>Diarrea<\/p>\n<p>Es d\u00f3na dieta astringent, quan la fam\u00edlia ho sol\u00b7licita per escrit.<\/p>\n<p>Si la dieta ha de ser d&#8217;un per\u00edode llarg es necessita la indicaci\u00f3 m\u00e8dica. Si hi ha sospita de diarrea produ\u00efda per Giardia Lamblia, rotavirus, adenovirus, Campylobacter, el Departament de Sanitat recomana la no assist\u00e8ncia a l&#8217;escola fins que les deposicions es normalitzin. En cas de Salmonella, Shigella, E. Coli, el Departament de Sanitat recomana la no assist\u00e8ncia a l&#8217;escola fins 48 hores despr\u00e9s que les deposicions es normalitzin.<\/p>\n<p>Aftes<\/p>\n<p>En el cas d&#8217;aftes per herpes simple el Departament de Sanitat recomana no assistir a l&#8217;escola fins que les lesions estiguin seques i amb crosta.<\/p>\n<p>Actuaci\u00f3 a l&#8217;escola davant d&#8217;una ferida lleu<\/p>\n<p>    La persona que realitza la cura s&#8217;ha de rentar les mans amb aigua abans de comen\u00e7ar la cura i utilitzar els guants d&#8217;un sol \u00fas.<br \/>\n    Netejar abundantment amb aigua i sab\u00f3 la ferida de dins cap a fora.<br \/>\n    Treure els cossos estranys visibles: estelles, sorra&#8230;<br \/>\n    Si hi ha hemorr\u00e0gia es prem sobre la ferida amb una gasa durant tres minuts.<br \/>\n    Aplicaci\u00f3 d&#8217;antis\u00e8ptic iodat.<br \/>\n    Es protegir\u00e0 la ferida amb una tireta, una bena o esparadrap.<\/p>\n<p>S&#8217;avisar\u00e0 la fam\u00edlia perqu\u00e8 vingui a buscar el seu fill o filla de l&#8217;escola i decideixi el pare, mare o tutor si el porta al centre assistencial.<\/p>\n<p>Cops i caigudes<\/p>\n<p>Es comprimir\u00e0 la zona amb alguna cosa freda, com ara gel embolicat. Si la lesi\u00f3 \u00e9s en una extremitat, cal evitar el moviment.<\/p>\n<p>S&#8217;avisar\u00e0 la fam\u00edlia perqu\u00e8 vingui a buscar el seu fill o filla a l&#8217;escola i decideixi el pare, mare o tutor si el porta al centre assistencial.<\/p>\n<p>En cas que la caiguda o el cop sigui important i faci sospitar de gravetat, s&#8217;avisar\u00e0 el servei m\u00e8dic o b\u00e9 es traslladar\u00e0 el nen a un centre m\u00e8dic, avisant simult\u00e0niament la fam\u00edlia.<\/p>\n<p>Picades<\/p>\n<p>    Netejar amb aigua i sab\u00f3.<br \/>\n    Aplicar d&#8217;antis\u00e8ptic iodat.<br \/>\n    Posar una tireta.<\/p>\n<p>Avisar la fam\u00edlia.<\/p>\n<p>Febre<\/p>\n<p>Si la febre \u00e9s moderada, eliminar roba. Oferir aigua sense insistir. Vigilar que la temperatura no superi els 38,5 \u00baC. Si la febre \u00e9s intensa (>38,5\u00ba) eliminar tamb\u00e9 roba. Aplicar tovalloles amb aigua t\u00e8bia. Oferir aigua sense insistir.<\/p>\n<p>S&#8217;avisar\u00e0 la fam\u00edlia perqu\u00e8 vinguin a buscar el seu fill o filla.<\/p>\n<p>Mal de cap<\/p>\n<p>Comprovar si hi ha febre. Posar un drap mullat al front. Ajeure&#8217;l\/la en un lloc tranquil sense soroll i poca llum.<\/p>\n<p>S&#8217;avisar\u00e0 la fam\u00edlia i s&#8217;intentar\u00e0 tranquil\u00b7litzar-lo\/la.<\/p>\n<p>Hemorr\u00e0gia<\/p>\n<p>Es comprimir\u00e0 el costat del nas que sagna i es far\u00e0 inclinar el cap endavant. Al cap d&#8217;una estona es comprovar\u00e0 que hagi deixat de sagnar. Si no ha parat de sagnar, s&#8217;avisar\u00e0 la fam\u00edlia per anar a un servei d&#8217;urg\u00e8ncies mantenint la compressi\u00f3.<\/p>\n<p>V\u00f2mits<\/p>\n<p>S&#8217;ajuda l&#8217;alumne a relaxar-se. Es subjecta el cap. Si est\u00e0 endormiscat\/a, cal ajeure&#8217;l\/la sobre el costat esquerre. Si t\u00e9 set, se li d\u00f3na aigua amb sucre a petites cullerades i sovint. Es comunica a la fam\u00edlia.<\/p>\n<p>Actuaci\u00f3 a Col\u00f2nies<\/p>\n<p>Se seguiran les mateixes indicacions i protocol que es fan a l&#8217;escola. S&#8217;avisar\u00e0 la fam\u00edlia. En cas d&#8217;urg\u00e8ncia es portar\u00e0 l&#8217;alumne\/a al servei m\u00e8dic de la zona.<\/p>\n<p>Per a les fam\u00edlies que segueixen homeopatia<\/p>\n<p>Se seguir\u00e0 el mateix protocol que s&#8217;ha explicat anteriorment pel que fa a Adminitraci\u00f3 de medicaments homeop\u00e0tics:<\/p>\n<p>    Cal que el pare, mare o tutor legal porti una recepta o informe del metge en qu\u00e8 hi consti la pauta i el nom del medicament que ha de prendre.<br \/>\n    El pare, mare o tutor legal, ha de portar un escrit en qu\u00e8 demani i autoritzi que el personal del centre docent administri al fill\/a la medicaci\u00f3 prescrita.<br \/>\n    L&#8217;administraci\u00f3 de medicaments es far\u00e0 a casa sempre que sigui possible.<\/p>\n<p>Actuaci\u00f3 a l&#8217;escola<\/p>\n<p>S&#8217;aplicar\u00e0 el mateix protocol que hem indicat anteriorment en aquest apartat, menys l&#8217;aplicaci\u00f3 d&#8217;antis\u00e8ptic iodat, que no se&#8217;n posar\u00e0.<\/p>\n<p>La fam\u00edlia que segueix homeopatia cal que ho notifiqui per escrit per tal de poder tenir en compte el protocol establert.<\/p>\n<p>Actuaci\u00f3 a col\u00f2nies<\/p>\n<p>Se seguiran les mateixes indicacions i protocol que es fan a l&#8217;escola. S&#8217;avisar\u00e0 la fam\u00edlia. En cas d&#8217;urg\u00e8ncia es portar\u00e0 al servei m\u00e8dic de la zona i es comunicar\u00e0 que l&#8217;alumne segueix homeopatia.<\/p>\n","protected":false},"excerpt":{"rendered":"<p>Segons estableix el Departament de Sanitat i el Departament d&#8217;Educaci\u00f3 de la Generalitat de Catalunya, us volem informar del protocol que seguir\u00e0 l&#8217;Escola pel que fa a l&#8217;Administraci\u00f3 de medicaments i primeres cures:<br \/>\nAdministraci\u00f3 de medicaments<br \/>\n    Cal que el pare, mare o tutor&hellip;  <a href=\"https:\/\/agora.xtec.cat\/ceipsantmarti-cerdanyola\/lescola\/salut\/\" title=\"Read Salut\">Llegeix m\u00e9s\u00bb<\/a><\/p>\n","protected":false},"author":1,"featured_media":0,"parent":22,"menu_order":80,"comment_status":"closed","ping_status":"closed","template":"page-templates\/side-menu.php","meta":{"_bbp_topic_count":0,"_bbp_reply_count":0,"_bbp_total_topic_count":0,"_bbp_total_reply_count":0,"_bbp_voice_count":0,"_bbp_anonymous_reply_count":0,"_bbp_topic_count_hidden":0,"_bbp_reply_count_hidden":0,"_bbp_forum_subforum_count":0,"footnotes":""},"class_list":["post-38","page","type-page","status-publish","hentry"],"post_mailing_queue_ids":[],"_links":{"self":[{"href":"https:\/\/agora.xtec.cat\/ceipsantmarti-cerdanyola\/wp-json\/wp\/v2\/pages\/38","targetHints":{"allow":["GET"]}}],"collection":[{"href":"https:\/\/agora.xtec.cat\/ceipsantmarti-cerdanyola\/wp-json\/wp\/v2\/pages"}],"about":[{"href":"https:\/\/agora.xtec.cat\/ceipsantmarti-cerdanyola\/wp-json\/wp\/v2\/types\/page"}],"author":[{"embeddable":true,"href":"https:\/\/agora.xtec.cat\/ceipsantmarti-cerdanyola\/wp-json\/wp\/v2\/users\/1"}],"replies":[{"embeddable":true,"href":"https:\/\/agora.xtec.cat\/ceipsantmarti-cerdanyola\/wp-json\/wp\/v2\/comments?post=38"}],"version-history":[{"count":3,"href":"https:\/\/agora.xtec.cat\/ceipsantmarti-cerdanyola\/wp-json\/wp\/v2\/pages\/38\/revisions"}],"predecessor-version":[{"id":230,"href":"https:\/\/agora.xtec.cat\/ceipsantmarti-cerdanyola\/wp-json\/wp\/v2\/pages\/38\/revisions\/230"}],"up":[{"embeddable":true,"href":"https:\/\/agora.xtec.cat\/ceipsantmarti-cerdanyola\/wp-json\/wp\/v2\/pages\/22"}],"wp:attachment":[{"href":"https:\/\/agora.xtec.cat\/ceipsantmarti-cerdanyola\/wp-json\/wp\/v2\/media?parent=38"}],"curies":[{"name":"wp","href":"https:\/\/api.w.org\/{rel}","templated":true}]}}