{"id":34,"date":"2014-09-18T12:32:18","date_gmt":"2014-09-18T11:32:18","guid":{"rendered":"http:\/\/agora.xtec.cat\/ceipsantmarti-cerdanyola\/?page_id=34"},"modified":"2016-03-01T18:31:33","modified_gmt":"2016-03-01T17:31:33","slug":"oferta-educativa","status":"publish","type":"page","link":"https:\/\/agora.xtec.cat\/ceipsantmarti-cerdanyola\/lescola\/oferta-educativa\/","title":{"rendered":"Oferta educativa"},"content":{"rendered":"<p>L&#8217;escola Sant Mart\u00ed \u00e9s un centre de titularitat p\u00fablica depenent del Departament d&#8217;Ensenyament de la Generalitat de Catalunya.<\/p>\n<p>La nostra escola \u00e9s d&#8217;una l\u00ednia, \u00e9s a dir, una classe per cada nivell des de P3 d&#8217;Educaci\u00f3 Infantil fins a 6\u00e8 d&#8217;Educaci\u00f3 Prim\u00e0ria.<\/p>\n<p>Horaris<\/p>\n<p>Educaci\u00f3 Infantil: de 9:00h a 12:30 i de 15:00h a 16:30h.<\/p>\n<p>Educaci\u00f3 Prim\u00e0ria: de 9:00h a 12:30 i de 15:00h a 16:30h.<\/p>\n","protected":false},"excerpt":{"rendered":"<p>L&#8217;escola Sant Mart\u00ed \u00e9s un centre de titularitat p\u00fablica depenent del Departament d&#8217;Ensenyament de la Generalitat de Catalunya.<br \/>\nLa nostra escola \u00e9s d&#8217;una l\u00ednia, \u00e9s a dir, una classe per cada nivell des de P3 d&#8217;Educaci\u00f3 Infantil fins a 6\u00e8 d&#8217;Educaci\u00f3 Prim\u00e0ria.<br \/>\nHoraris<br \/>\nEducaci\u00f3 Infantil: de 9:00h a&hellip;  <a href=\"https:\/\/agora.xtec.cat\/ceipsantmarti-cerdanyola\/lescola\/oferta-educativa\/\" title=\"Read Oferta educativa\">Llegeix m\u00e9s\u00bb<\/a><\/p>\n","protected":false},"author":1,"featured_media":0,"parent":22,"menu_order":60,"comment_status":"closed","ping_status":"closed","template":"page-templates\/side-menu.php","meta":{"_bbp_topic_count":0,"_bbp_reply_count":0,"_bbp_total_topic_count":0,"_bbp_total_reply_count":0,"_bbp_voice_count":0,"_bbp_anonymous_reply_count":0,"_bbp_topic_count_hidden":0,"_bbp_reply_count_hidden":0,"_bbp_forum_subforum_count":0,"footnotes":""},"class_list":["post-34","page","type-page","status-publish","hentry"],"post_mailing_queue_ids":[],"_links":{"self":[{"href":"https:\/\/agora.xtec.cat\/ceipsantmarti-cerdanyola\/wp-json\/wp\/v2\/pages\/34","targetHints":{"allow":["GET"]}}],"collection":[{"href":"https:\/\/agora.xtec.cat\/ceipsantmarti-cerdanyola\/wp-json\/wp\/v2\/pages"}],"about":[{"href":"https:\/\/agora.xtec.cat\/ceipsantmarti-cerdanyola\/wp-json\/wp\/v2\/types\/page"}],"author":[{"embeddable":true,"href":"https:\/\/agora.xtec.cat\/ceipsantmarti-cerdanyola\/wp-json\/wp\/v2\/users\/1"}],"replies":[{"embeddable":true,"href":"https:\/\/agora.xtec.cat\/ceipsantmarti-cerdanyola\/wp-json\/wp\/v2\/comments?post=34"}],"version-history":[{"count":3,"href":"https:\/\/agora.xtec.cat\/ceipsantmarti-cerdanyola\/wp-json\/wp\/v2\/pages\/34\/revisions"}],"predecessor-version":[{"id":235,"href":"https:\/\/agora.xtec.cat\/ceipsantmarti-cerdanyola\/wp-json\/wp\/v2\/pages\/34\/revisions\/235"}],"up":[{"embeddable":true,"href":"https:\/\/agora.xtec.cat\/ceipsantmarti-cerdanyola\/wp-json\/wp\/v2\/pages\/22"}],"wp:attachment":[{"href":"https:\/\/agora.xtec.cat\/ceipsantmarti-cerdanyola\/wp-json\/wp\/v2\/media?parent=34"}],"curies":[{"name":"wp","href":"https:\/\/api.w.org\/{rel}","templated":true}]}}