{"id":3353,"date":"2019-11-02T18:39:16","date_gmt":"2019-11-02T17:39:16","guid":{"rendered":"http:\/\/agora.xtec.cat\/ceipsantmarti-cerdanyola\/?page_id=3353"},"modified":"2019-11-26T10:01:10","modified_gmt":"2019-11-26T09:01:10","slug":"futbol","status":"publish","type":"page","link":"https:\/\/agora.xtec.cat\/ceipsantmarti-cerdanyola\/ampa\/extraescolars\/futbol\/","title":{"rendered":"Futbol"},"content":{"rendered":"<h5><strong>Horari\/<em>Horario<\/em><\/strong><\/h5>\n<p><span style=\"font-weight: 400;\">Dimarts de 17.45 a18.45 h i dijous<\/span><span style=\"font-weight: 400;\"> de 16.45 a 17.45 h.<\/span><\/p>\n<p><em><span style=\"font-weight: 400;\">Martes de 17.45 a18.45 h y j<\/span><span style=\"font-weight: 400;\">ueves de 16.45 a 17.45 h.<\/span><\/em><\/p>\n<h5><strong>Preu\/<em>Precio<\/em><\/strong><\/h5>\n<p><span style=\"font-weight: 400;\">15 \u20ac\/mes<\/span><\/p>\n<h5><strong>Equipament\/<em>Equipamiento<\/em><\/strong><\/h5>\n<p><span style=\"font-weight: 400;\"><strong>Per als partits<\/strong>: samarreta de l&#8217;equip (8 \u20ac a l&#8217;AFA) i pantal\u00f3 negre.<\/span><\/p>\n<p><em><span style=\"font-weight: 400;\"><strong>Para los partidos<\/strong>: camiseta del equipo <\/span><span style=\"font-weight: 400;\">(8 \u20ac a l&#8217;AFA) y pantal\u00f3n negro.<\/span><\/em><\/p>\n<p>Kevin, el m\u00edster, ensenya els nens del Sant Mart\u00ed els secrets de la pilota.<\/p>\n<p><em>Kevin, el m\u00edster, ense\u00f1a a los ni\u00f1os del Sant Mart\u00edn los secretos del bal\u00f3n.<\/em><\/p>\n<p style=\"text-align: center;\"><a href=\"https:\/\/agora.xtec.cat\/ceipsantmarti-cerdanyola\/wp-content\/uploads\/usu938\/2019\/11\/IMG-20191103-WA0003.jpg\"><img loading=\"lazy\" decoding=\"async\" class=\"alignnone size-medium wp-image-4043\" src=\"https:\/\/agora.xtec.cat\/ceipsantmarti-cerdanyola\/wp-content\/uploads\/usu938\/2019\/11\/IMG-20191103-WA0003-300x300.jpg\" alt=\"\" width=\"300\" height=\"300\" srcset=\"https:\/\/agora.xtec.cat\/ceipsantmarti-cerdanyola\/wp-content\/uploads\/usu938\/2019\/11\/IMG-20191103-WA0003-300x300.jpg 300w, https:\/\/agora.xtec.cat\/ceipsantmarti-cerdanyola\/wp-content\/uploads\/usu938\/2019\/11\/IMG-20191103-WA0003-150x150.jpg 150w, https:\/\/agora.xtec.cat\/ceipsantmarti-cerdanyola\/wp-content\/uploads\/usu938\/2019\/11\/IMG-20191103-WA0003-768x768.jpg 768w, https:\/\/agora.xtec.cat\/ceipsantmarti-cerdanyola\/wp-content\/uploads\/usu938\/2019\/11\/IMG-20191103-WA0003-1024x1024.jpg 1024w, https:\/\/agora.xtec.cat\/ceipsantmarti-cerdanyola\/wp-content\/uploads\/usu938\/2019\/11\/IMG-20191103-WA0003.jpg 2048w\" sizes=\"auto, (max-width: 300px) 100vw, 300px\" \/><\/a><\/p>\n<p style=\"padding-left: 160px;\"><iframe loading=\"lazy\" src=\"https:\/\/www.youtube.com\/embed\/4BwX-DYVecU\" width=\"560\" height=\"315\" frameborder=\"0\" allowfullscreen=\"allowfullscreen\"><\/iframe><\/p>\n<p>&nbsp;<\/p>\n","protected":false},"excerpt":{"rendered":"<p>Horari\/Horario Dimarts de 17.45 a18.45 h i dijous de 16.45 a 17.45 h. Martes de 17.45 a18.45 h y jueves de 16.45 a 17.45 h. Preu\/Precio 15 \u20ac\/mes Equipament\/Equipamiento Per als partits: samarreta de l&#8217;equip (8 \u20ac a l&#8217;AFA) i pantal\u00f3 negre. Para los partidos: camiseta del equipo (8 \u20ac a l&#8217;AFA) y pantal\u00f3n negro. [&hellip;]<\/p>\n","protected":false},"author":1,"featured_media":0,"parent":3182,"menu_order":0,"comment_status":"closed","ping_status":"closed","template":"","meta":{"_bbp_topic_count":0,"_bbp_reply_count":0,"_bbp_total_topic_count":0,"_bbp_total_reply_count":0,"_bbp_voice_count":0,"_bbp_anonymous_reply_count":0,"_bbp_topic_count_hidden":0,"_bbp_reply_count_hidden":0,"_bbp_forum_subforum_count":0,"site-sidebar-layout":"default","site-content-layout":"","ast-site-content-layout":"","site-content-style":"default","site-sidebar-style":"default","ast-global-header-display":"","ast-banner-title-visibility":"","ast-main-header-display":"","ast-hfb-above-header-display":"","ast-hfb-below-header-display":"","ast-hfb-mobile-header-display":"","site-post-title":"","ast-breadcrumbs-content":"","ast-featured-img":"","footer-sml-layout":"","theme-transparent-header-meta":"","adv-header-id-meta":"","stick-header-meta":"","header-above-stick-meta":"","header-main-stick-meta":"","header-below-stick-meta":"","astra-migrate-meta-layouts":"default","ast-page-background-enabled":"default","ast-page-background-meta":{"desktop":{"background-color":"var(--ast-global-color-4)","background-image":"","background-repeat":"repeat","background-position":"center center","background-size":"auto","background-attachment":"scroll","background-type":"","background-media":"","overlay-type":"","overlay-color":"","overlay-opacity":"","overlay-gradient":""},"tablet":{"background-color":"","background-image":"","background-repeat":"repeat","background-position":"center center","background-size":"auto","background-attachment":"scroll","background-type":"","background-media":"","overlay-type":"","overlay-color":"","overlay-opacity":"","overlay-gradient":""},"mobile":{"background-color":"","background-image":"","background-repeat":"repeat","background-position":"center center","background-size":"auto","background-attachment":"scroll","background-type":"","background-media":"","overlay-type":"","overlay-color":"","overlay-opacity":"","overlay-gradient":""}},"ast-content-background-meta":{"desktop":{"background-color":"var(--ast-global-color-5)","background-image":"","background-repeat":"repeat","background-position":"center center","background-size":"auto","background-attachment":"scroll","background-type":"","background-media":"","overlay-type":"","overlay-color":"","overlay-opacity":"","overlay-gradient":""},"tablet":{"background-color":"var(--ast-global-color-5)","background-image":"","background-repeat":"repeat","background-position":"center center","background-size":"auto","background-attachment":"scroll","background-type":"","background-media":"","overlay-type":"","overlay-color":"","overlay-opacity":"","overlay-gradient":""},"mobile":{"background-color":"var(--ast-global-color-5)","background-image":"","background-repeat":"repeat","background-position":"center center","background-size":"auto","background-attachment":"scroll","background-type":"","background-media":"","overlay-type":"","overlay-color":"","overlay-opacity":"","overlay-gradient":""}},"footnotes":""},"class_list":["post-3353","page","type-page","status-publish","hentry"],"post_mailing_queue_ids":[],"_links":{"self":[{"href":"https:\/\/agora.xtec.cat\/ceipsantmarti-cerdanyola\/wp-json\/wp\/v2\/pages\/3353","targetHints":{"allow":["GET"]}}],"collection":[{"href":"https:\/\/agora.xtec.cat\/ceipsantmarti-cerdanyola\/wp-json\/wp\/v2\/pages"}],"about":[{"href":"https:\/\/agora.xtec.cat\/ceipsantmarti-cerdanyola\/wp-json\/wp\/v2\/types\/page"}],"author":[{"embeddable":true,"href":"https:\/\/agora.xtec.cat\/ceipsantmarti-cerdanyola\/wp-json\/wp\/v2\/users\/1"}],"replies":[{"embeddable":true,"href":"https:\/\/agora.xtec.cat\/ceipsantmarti-cerdanyola\/wp-json\/wp\/v2\/comments?post=3353"}],"version-history":[{"count":4,"href":"https:\/\/agora.xtec.cat\/ceipsantmarti-cerdanyola\/wp-json\/wp\/v2\/pages\/3353\/revisions"}],"predecessor-version":[{"id":4046,"href":"https:\/\/agora.xtec.cat\/ceipsantmarti-cerdanyola\/wp-json\/wp\/v2\/pages\/3353\/revisions\/4046"}],"up":[{"embeddable":true,"href":"https:\/\/agora.xtec.cat\/ceipsantmarti-cerdanyola\/wp-json\/wp\/v2\/pages\/3182"}],"wp:attachment":[{"href":"https:\/\/agora.xtec.cat\/ceipsantmarti-cerdanyola\/wp-json\/wp\/v2\/media?parent=3353"}],"curies":[{"name":"wp","href":"https:\/\/api.w.org\/{rel}","templated":true}]}}