{"id":3177,"date":"2019-10-04T22:59:30","date_gmt":"2019-10-04T20:59:30","guid":{"rendered":"http:\/\/agora.xtec.cat\/ceipsantmarti-cerdanyola\/?page_id=3177"},"modified":"2020-03-05T22:52:27","modified_gmt":"2020-03-05T21:52:27","slug":"material-i-equipament-escolar","status":"publish","type":"page","link":"https:\/\/agora.xtec.cat\/ceipsantmarti-cerdanyola\/ampa\/material-i-equipament-escolar\/","title":{"rendered":"Material i equipament escolar"},"content":{"rendered":"<p>L\u2019AFA Sant Mart\u00ed ven al seu local el seg\u00fcent material i equipament escolar:<\/p>\n<ul>\n<li><strong>Bates <\/strong>per als alumnes de P3, P4 i P5. Es recomana comprar-les folgades per que els nens i nenes puguin aprofitar-les durant tota l\u2019etapa d\u2019Educaci\u00f3 Infantil. El disseny canvia amb cada nova promoci\u00f3. L\u2019han de portar tots els nens i nenes.\n<ul>\n<li>Preu de la bata sense nom: 18 \u20ac.<\/li>\n<li>Preu de la bata amb nom: 20 \u20ac.<\/li>\n<\/ul>\n<\/li>\n<li><strong>Samarretes<\/strong> de m\u00e0niga curta CEIP Sant Mart\u00ed.\n<ul>\n<li>Preu: 8 \u20ac.<\/li>\n<\/ul>\n<\/li>\n<li><b>Dessuadores<\/b>\u00a0de m\u00e0niga llarga CEIP Sant Mart\u00ed.\n<ul>\n<li>Preu: 15 \u20ac; a partir de la talla S 17 \u20ac.<\/li>\n<\/ul>\n<\/li>\n<\/ul>\n<p style=\"text-align: center;\"><a href=\"https:\/\/agora.xtec.cat\/ceipsantmarti-cerdanyola\/wp-content\/uploads\/usu938\/2020\/03\/IMG-20200305-WA0015-e1583445133970.jpg\"><img loading=\"lazy\" decoding=\"async\" class=\"alignnone size-medium wp-image-4491\" src=\"https:\/\/agora.xtec.cat\/ceipsantmarti-cerdanyola\/wp-content\/uploads\/usu938\/2020\/03\/IMG-20200305-WA0015-169x300.jpg\" alt=\"\" width=\"169\" height=\"300\" \/><\/a><\/p>\n<p>Aquells que NO siguin socis de l&#8217;AFA hauran de pagar <strong>4 \u20ac m\u00e9s<\/strong> per cada pe\u00e7a.<\/p>\n<p>Durant les excursions, els nens i nenes han de vestir la samarreta o dessuadora de l&#8217;escola.<\/p>\n<p style=\"text-align: center;\">&#8230;<\/p>\n<p><em>La AFA Sant Mart\u00ed vende en su local el siguiente material y equipamiento escolar:<\/em><\/p>\n<ul>\n<li><em><strong>Batas <\/strong>para los alumnos de P3, P4 y P5. Se recomienda comprarlas holgadas para que los ni\u00f1os y ni\u00f1as puedan aprovecharlas durante toda la etapa de Educaci\u00f3n Infantil. El dise\u00f1o cambia con cada nueva promoci\u00f3n. Deben llevarlas todos los ni\u00f1os y ni\u00f1as.<\/em>\n<ul>\n<li><em>Precio de bata sin nombre: 18 \u20ac.<\/em><\/li>\n<li><em>Precio de la bata con nombre: 20 \u20ac.<\/em><\/li>\n<\/ul>\n<\/li>\n<li><em><strong>Camisetas<\/strong> de manga corta CEIP Sant Mart\u00ed.<\/em>\n<ul>\n<li><em>Precio: 8 \u20ac.<\/em><\/li>\n<\/ul>\n<\/li>\n<li><em><strong>Sudaderas<\/strong> de manga larga CEIP Sant Mart\u00ed.<\/em>\n<ul>\n<li><em>Precio: 15 \u20ac; a partir de la talla S 17 \u20ac.<\/em><\/li>\n<\/ul>\n<\/li>\n<\/ul>\n<p><em>Aquellos que NO sean socios del AFA deber\u00e1n pagar <strong>4 \u20ac m\u00e1s<\/strong> por cada prenda.<\/em><\/p>\n<p><em>Durante las excursiones, los ni\u00f1os y ni\u00f1as tienen que vestir las camisetas o sudaderas de la escuela.<\/em><\/p>\n","protected":false},"excerpt":{"rendered":"<p>L\u2019AFA Sant Mart\u00ed ven al seu local el seg\u00fcent material i equipament escolar: Bates per als alumnes de P3, P4 i P5. Es recomana comprar-les folgades per que els nens i nenes puguin aprofitar-les durant tota l\u2019etapa d\u2019Educaci\u00f3 Infantil. El disseny canvia amb cada nova promoci\u00f3. L\u2019han de portar tots els nens i nenes. Preu [&hellip;]<\/p>\n","protected":false},"author":1,"featured_media":0,"parent":530,"menu_order":0,"comment_status":"closed","ping_status":"closed","template":"page-templates\/side-menu.php","meta":{"_bbp_topic_count":0,"_bbp_reply_count":0,"_bbp_total_topic_count":0,"_bbp_total_reply_count":0,"_bbp_voice_count":0,"_bbp_anonymous_reply_count":0,"_bbp_topic_count_hidden":0,"_bbp_reply_count_hidden":0,"_bbp_forum_subforum_count":0,"site-sidebar-layout":"default","site-content-layout":"","ast-site-content-layout":"","site-content-style":"default","site-sidebar-style":"default","ast-global-header-display":"","ast-banner-title-visibility":"","ast-main-header-display":"","ast-hfb-above-header-display":"","ast-hfb-below-header-display":"","ast-hfb-mobile-header-display":"","site-post-title":"","ast-breadcrumbs-content":"","ast-featured-img":"","footer-sml-layout":"","theme-transparent-header-meta":"","adv-header-id-meta":"","stick-header-meta":"","header-above-stick-meta":"","header-main-stick-meta":"","header-below-stick-meta":"","astra-migrate-meta-layouts":"default","ast-page-background-enabled":"default","ast-page-background-meta":{"desktop":{"background-color":"var(--ast-global-color-4)","background-image":"","background-repeat":"repeat","background-position":"center center","background-size":"auto","background-attachment":"scroll","background-type":"","background-media":"","overlay-type":"","overlay-color":"","overlay-opacity":"","overlay-gradient":""},"tablet":{"background-color":"","background-image":"","background-repeat":"repeat","background-position":"center center","background-size":"auto","background-attachment":"scroll","background-type":"","background-media":"","overlay-type":"","overlay-color":"","overlay-opacity":"","overlay-gradient":""},"mobile":{"background-color":"","background-image":"","background-repeat":"repeat","background-position":"center center","background-size":"auto","background-attachment":"scroll","background-type":"","background-media":"","overlay-type":"","overlay-color":"","overlay-opacity":"","overlay-gradient":""}},"ast-content-background-meta":{"desktop":{"background-color":"var(--ast-global-color-5)","background-image":"","background-repeat":"repeat","background-position":"center center","background-size":"auto","background-attachment":"scroll","background-type":"","background-media":"","overlay-type":"","overlay-color":"","overlay-opacity":"","overlay-gradient":""},"tablet":{"background-color":"var(--ast-global-color-5)","background-image":"","background-repeat":"repeat","background-position":"center center","background-size":"auto","background-attachment":"scroll","background-type":"","background-media":"","overlay-type":"","overlay-color":"","overlay-opacity":"","overlay-gradient":""},"mobile":{"background-color":"var(--ast-global-color-5)","background-image":"","background-repeat":"repeat","background-position":"center center","background-size":"auto","background-attachment":"scroll","background-type":"","background-media":"","overlay-type":"","overlay-color":"","overlay-opacity":"","overlay-gradient":""}},"footnotes":""},"class_list":["post-3177","page","type-page","status-publish","hentry"],"post_mailing_queue_ids":[],"_links":{"self":[{"href":"https:\/\/agora.xtec.cat\/ceipsantmarti-cerdanyola\/wp-json\/wp\/v2\/pages\/3177","targetHints":{"allow":["GET"]}}],"collection":[{"href":"https:\/\/agora.xtec.cat\/ceipsantmarti-cerdanyola\/wp-json\/wp\/v2\/pages"}],"about":[{"href":"https:\/\/agora.xtec.cat\/ceipsantmarti-cerdanyola\/wp-json\/wp\/v2\/types\/page"}],"author":[{"embeddable":true,"href":"https:\/\/agora.xtec.cat\/ceipsantmarti-cerdanyola\/wp-json\/wp\/v2\/users\/1"}],"replies":[{"embeddable":true,"href":"https:\/\/agora.xtec.cat\/ceipsantmarti-cerdanyola\/wp-json\/wp\/v2\/comments?post=3177"}],"version-history":[{"count":3,"href":"https:\/\/agora.xtec.cat\/ceipsantmarti-cerdanyola\/wp-json\/wp\/v2\/pages\/3177\/revisions"}],"predecessor-version":[{"id":3215,"href":"https:\/\/agora.xtec.cat\/ceipsantmarti-cerdanyola\/wp-json\/wp\/v2\/pages\/3177\/revisions\/3215"}],"up":[{"embeddable":true,"href":"https:\/\/agora.xtec.cat\/ceipsantmarti-cerdanyola\/wp-json\/wp\/v2\/pages\/530"}],"wp:attachment":[{"href":"https:\/\/agora.xtec.cat\/ceipsantmarti-cerdanyola\/wp-json\/wp\/v2\/media?parent=3177"}],"curies":[{"name":"wp","href":"https:\/\/api.w.org\/{rel}","templated":true}]}}