{"id":30,"date":"2014-09-18T12:30:23","date_gmt":"2014-09-18T11:30:23","guid":{"rendered":"http:\/\/agora.xtec.cat\/ceipsantmarti-cerdanyola\/?page_id=30"},"modified":"2016-03-01T18:14:08","modified_gmt":"2016-03-01T17:14:08","slug":"instal%c2%b7lacions","status":"publish","type":"page","link":"https:\/\/agora.xtec.cat\/ceipsantmarti-cerdanyola\/lescola\/instal%c2%b7lacions\/","title":{"rendered":"Instal\u00b7lacions"},"content":{"rendered":"<p>A m\u00e9s a m\u00e9s de les aules pr\u00f2piament dites, el centre disposa de les seg\u00fcents instal\u00b7lacions:<\/p>\n<p>    Aula d&#8217;educaci\u00f3 especial.<\/p>\n<p>    Aula d&#8217;idiomes, dotada de material audiovisual per a poder practicar els aspectes orals de les lleng\u00fces que es fan a l&#8217;escola.<\/p>\n<p>    Aula d&#8217;inform\u00e0tica.<\/p>\n<p>    Aula de logop\u00e8dia.<\/p>\n<p>    Aula de pl\u00e0stica.<\/p>\n<p>    Aula de psicomotricitat i m\u00fasica.<\/p>\n<p>    Aula de refor\u00e7.<\/p>\n<p>    Biblioteca.<\/p>\n<p>    Gimn\u00e0s cobert i pista poliesportiva exterior.<\/p>\n<p>    Menjador.<\/p>\n<p>    Racons de joc simb\u00f2lic per a educaci\u00f3 infantil.<\/p>\n<p>    Sales de tutoria per a entrevistes.<\/p>\n","protected":false},"excerpt":{"rendered":"<p>A m\u00e9s a m\u00e9s de les aules pr\u00f2piament dites, el centre disposa de les seg\u00fcents instal\u00b7lacions:<br \/>\n    Aula d&#8217;educaci\u00f3 especial.<br \/>\n    Aula d&#8217;idiomes, dotada de material audiovisual per a poder practicar els aspectes orals de les lleng\u00fces que es fan a&hellip;  <a href=\"https:\/\/agora.xtec.cat\/ceipsantmarti-cerdanyola\/lescola\/instal%c2%b7lacions\/\" title=\"Read Instal\u00b7lacions\">Llegeix m\u00e9s\u00bb<\/a><\/p>\n","protected":false},"author":1,"featured_media":0,"parent":22,"menu_order":40,"comment_status":"closed","ping_status":"closed","template":"page-templates\/side-menu.php","meta":{"_bbp_topic_count":0,"_bbp_reply_count":0,"_bbp_total_topic_count":0,"_bbp_total_reply_count":0,"_bbp_voice_count":0,"_bbp_anonymous_reply_count":0,"_bbp_topic_count_hidden":0,"_bbp_reply_count_hidden":0,"_bbp_forum_subforum_count":0,"footnotes":""},"class_list":["post-30","page","type-page","status-publish","hentry"],"post_mailing_queue_ids":[],"_links":{"self":[{"href":"https:\/\/agora.xtec.cat\/ceipsantmarti-cerdanyola\/wp-json\/wp\/v2\/pages\/30","targetHints":{"allow":["GET"]}}],"collection":[{"href":"https:\/\/agora.xtec.cat\/ceipsantmarti-cerdanyola\/wp-json\/wp\/v2\/pages"}],"about":[{"href":"https:\/\/agora.xtec.cat\/ceipsantmarti-cerdanyola\/wp-json\/wp\/v2\/types\/page"}],"author":[{"embeddable":true,"href":"https:\/\/agora.xtec.cat\/ceipsantmarti-cerdanyola\/wp-json\/wp\/v2\/users\/1"}],"replies":[{"embeddable":true,"href":"https:\/\/agora.xtec.cat\/ceipsantmarti-cerdanyola\/wp-json\/wp\/v2\/comments?post=30"}],"version-history":[{"count":3,"href":"https:\/\/agora.xtec.cat\/ceipsantmarti-cerdanyola\/wp-json\/wp\/v2\/pages\/30\/revisions"}],"predecessor-version":[{"id":224,"href":"https:\/\/agora.xtec.cat\/ceipsantmarti-cerdanyola\/wp-json\/wp\/v2\/pages\/30\/revisions\/224"}],"up":[{"embeddable":true,"href":"https:\/\/agora.xtec.cat\/ceipsantmarti-cerdanyola\/wp-json\/wp\/v2\/pages\/22"}],"wp:attachment":[{"href":"https:\/\/agora.xtec.cat\/ceipsantmarti-cerdanyola\/wp-json\/wp\/v2\/media?parent=30"}],"curies":[{"name":"wp","href":"https:\/\/api.w.org\/{rel}","templated":true}]}}